{"id":2654,"date":"2015-10-02T19:05:17","date_gmt":"2015-10-02T17:05:17","guid":{"rendered":"http:\/\/www.auto-coaching.fr\/?page_id=2654"},"modified":"2015-10-16T09:38:12","modified_gmt":"2015-10-16T07:38:12","slug":"comment-gerer-les-personnes-negatives-1-2","status":"publish","type":"page","link":"https:\/\/auto-coaching.fr\/index.php\/comment-gerer-les-personnes-negatives-1-2\/","title":{"rendered":"Comment g&eacute;rer les personnes n&eacute;gatives (1\/2)"},"content":{"rendered":"<p>Il y a quelques mois, j\u2019ai discut\u00e9 avec une personne qui n\u2019aimait pas le D\u00e9veloppement Personnel et qui ne supportait pas les auteurs, les formateurs et les conf\u00e9renciers qui travaillaient \u00abdans cette branche\u00bb. Mon interlocuteur savait quel m\u00e9tier j&#8217;exer\u00e7ais, et c&#8217;est justement la raison pour laquelle il critiquait en s&#8217;en donnant \u00e0 c\u0153ur-joie. Il \u00e9tait heureux de trouver une oreille attentive, car en g\u00e9n\u00e9ral, on l&#8217;\u00e9vite et on le fuit ! Vous savez s\u00fbrement pourquoi, c&#8217;est la r\u00e8gle num\u00e9ro 1 : fuyez les n\u00e9gatifs ! Laissez-les entre-eux, et entourez-vous uniquement de personnes positives.<\/p>\n<p>Quitte \u00e0 faire r\u00e9agir les coaches de France et d&#8217;Outre-Atlantique, je ne suis pas toujours de cet avis. Je vais donc vous proposer une alternative.<\/p>\n<h2>Une dure r\u00e9alit\u00e9<\/h2>\n<p>Dans son livre \u00abConfiance illimit\u00e9e\u00bb, Franck NICOLAS (coach, conf\u00e9rencier, auteur, formateur, beau-gosse&#8230;) nous informe que nous avons 62% de chances de ne pas changer d\u2019habitude si notre entourage s\u2019y oppose.<\/p>\n<p>La statistique est int\u00e9ressante, ce qui m&#8217;a donn\u00e9 envie d&#8217;en savoir plus :<\/p>\n<ul>\n<li>Comment ce nombre a-t-il \u00e9t\u00e9 calcul\u00e9 ?\n<li>Est-ce le m\u00eame taux pour les europ\u00e9ens et les nord-am\u00e9ricains, les hommes et les femmes, les entrepreneurs et les employ\u00e9s, les juniors et les s\u00e9niors ?\n<li>J&#8217;ai remarqu\u00e9 que&nbsp; les personnes souffrant de douleurs chroniques sont plus sensibles \u00e0 l&#8217;\u00e9nergie positive\/n\u00e9gative. Dans cette&nbsp; partie de la population (qui m\u2019int\u00e9resse) le taux d\u2019\u00e9chec est-il toujours de 62% ?\n<li>Les personnes sond\u00e9es savaient-elles utiliser des techniques et des outils pour faire face \u00e0 ce ph\u00e9nom\u00e8ne ?\n<li>Ont-elles \u00e9t\u00e9 interrog\u00e9es suite \u00e0 un succ\u00e8s ou suite \u00e0 un \u00e9chec ? <\/li>\n<\/ul>\n<p>J&#8217;ai failli poser ces questions pour approfondir l\u2019\u00e9tude, puis je me suis ravis\u00e9 par peur d&#8217;\u00eatre tax\u00e9 de \u00abn\u00e9gatif\u00bb. Il suffirait que mon interlocuteur interpr\u00e8te mes interrogations comme une remise en question du travail de l&#8217;auteur, et je serai banni de la sph\u00e8re d&#8217;un \u00e9minent confr\u00e8re ! Personnellement, j&#8217;aime les questions, mais j&#8217;ai d\u00e9j\u00e0 vu des gens tr\u00e8s propres sur eux, appuyer sur le bouton \u00abEJECT\u00bb d\u00e8s qu&#8217;on les interrogeait sur leur m\u00e9thodologie ou leur conclusion. On leur dit \u00abj&#8217;ai envie d&#8217;y croire !\u00bb et ils entendent \u00abJe n&#8217;y crois pas !\u00bb.<\/p>\n<p>Je n&#8217;ai donc pas pris le risque de poser mes questions&#8230; Pour la suite de cet article, nous partirons du principe que cette statistique est vraie \u00e0 110%.<\/p>\n<h2>Une lueur d\u2019espoir&#8230;<\/h2>\n<p>Je suis d&#8217;un naturel positif : je regarde le c\u00f4t\u00e9 qui sourit. Cette statistique nous donne un deuxi\u00e8me chiffre par compl\u00e9mentarit\u00e9 : vous avez 38% de chances de changer d\u2019habitude, progresser, atteindre vos objectifs, r\u00e9aliser vos r\u00eaves&#8230; m\u00eame si votre entourage r\u00e9siste au changement.<\/p>\n<p>C&#8217;est plut\u00f4t une bonne nouvelle ! Un chiffre officiel qui annonce 38% de chance de r\u00e9ussir, c&#8217;est assez rare de nos jours. Et quelle r\u00e9ussite ! Comme vous le savez, certaines habitudes vous font perdre des millions d\u2019euros \u00e0 l\u2019\u00e9chelle d\u2019une vie. Le simple fait de changer ces habitudes peut vous rendre millionnaire. C\u2019est comme si vous gagniez au LOTO ! Je ne parle pas que d\u2019argent, mais de tous les avantages d\u2019une vie pleine et heureuse lorsque vous poss\u00e9dez la combinaison gagnante.<\/p>\n<p>La raison d\u2019exister du D\u00e9veloppement Personnel est d\u2019enrichir votre vie avec de bonnes pratiques en l\u00e2chant-prise sur les mauvaises. C\u2019est la raison pour laquelle vous avez d\u00e9cid\u00e9 de vous inscrire \u00e0 cette newsletter, et c\u2019est la raison pour laquelle vous la lisez toujours.&nbsp; On ne change pas d\u2019habitude pour quelques centimes, ni pour la promesse de vivre quelques secondes de b\u00e9atitude avant de tr\u00e9passer.<\/p>\n<h2>Gagnez au LOTO ! <\/h2>\n<p>J\u2019ai une question \u00e0 vous poser : si vous aviez 38% de chances de gagner au LOTO, joueriez-vous ? Moi oui ! Je tenterai ma chance \u00e0 chaque tirage ! J\u2019ai d\u00e9j\u00e0 tent\u00e9 ma chance \u00e0 la loterie alors que je savais que j\u2019avais une chance sur 20 millions de gagner le gros lot (pour les puristes : 1 chance sur 19.068.840).<\/p>\n<p>Si j\u2019en parle avec une certaine ironie, c\u2019est parce que je ne suis pas d\u2019accord avec les gens qui mettent sur la touche les personnes n\u00e9gatives, <strong>en particulier lorsqu\u2019il s\u2019agit de leurs proches<\/strong>. Les deux raisons principales sont donn\u00e9es en filigrane dans cet article, et je les reformule :<\/p>\n<ul>\n<li>Votre perception tient une place importante dans le jugement n\u00e9gatif\/positif, et une simple question peut vous appara\u00eetre comme un signe de n\u00e9gativit\u00e9.\n<li>38% de chances de r\u00e9ussite, c\u2019est un sacr\u00e9 bon score compte-tenu des enjeux.<\/li>\n<\/ul>\n<p>Ainsi donc, vous voil\u00e0 au parfum : avec un entourage n\u00e9gatif, la t\u00e2che sera plus rude, mais c\u2019est loin d\u2019\u00eatre impossible et surtout, \u00e7a en vaut la peine !<\/p>\n<h2>Tout ce qu&#8217;on ne sait pas&#8230;<\/h2>\n<p>Permettez-moi encore quelques remarques : finalement on sait tr\u00e8s peu de choses sur les personnes qui n\u2019ont pas r\u00e9ussi : savaient-elles que leur entourage avait une telle influence sur leur capacit\u00e9 d\u2019agir ? Lorsqu&#8217;on conna\u00eet un pi\u00e8ge, c&#8217;est plus facile de se prot\u00e9ger. Une meilleure connaissance de cette \u00abemprise\u00bb pourrait r\u00e9duire les \u00e9checs d&#8217;au moins 10%. Nous voici \u00e0 52% d&#8217;\u00e9checs, et donc 48% de chances de r\u00e9ussir&#8230; Encore 3 points et j\u2019inverse la tendance !<\/p>\n<p>O\u00f9 trouver ces 3 points ? Dans la r\u00e9silience par exemple : une fois terrass\u00e9 par une vague n\u00e9gative, je peux retrouver mon \u00e9quilibre et surfer all\u00e8grement sur la vague suivante ! N\u2019est-ce pas le sens d\u2019un auto-coaching ? Se servir de ses exp\u00e9riences pour devenir plus performant&#8230;<\/p>\n<p>Un surfer ne se demande pas si une vague est positive ou n\u00e9gative. Il sait qu\u2019il peut surfer dessus ! Je peux trouver que c\u2019est insens\u00e9, et il trouvera que c\u2019est un jeu d\u2019enfant. Pour peu qu\u2019il ait envie de partager, il m\u2019expliquera POURQUOI et COMMENT il fait. Si je veux mieux surfer, j\u2019ai tout int\u00e9r\u00eat \u00e0 m\u2019inspirer de ses QUOI et \u00e0 exp\u00e9rimenter ses COMMENT pour me les approprier, c\u2019est-\u00e0-dire, les adapter \u00e0 ma fa\u00e7on de surfer.<\/p>\n<h2>A suivre&#8230;<\/h2>\n<p>Francis, l\u2019interlocuteur qui n\u2019aimait pas \u00abla branche\u00bb dans laquelle j\u2019exerce, m\u2019a expos\u00e9 beaucoup de griefs contre le D\u00e9veloppement Personnel. J\u2019ai \u00e9cout\u00e9 ses complaintes et ses dol\u00e9ances avec empathie. Nous \u00e9tions dans le train et nous avions le temps de discuter. J\u2019aurais pu changer de place, j\u2019aurais pu lui demander de se taire, j\u2019aurais pu changer de sujet&#8230; mais je lui ai pr\u00eat\u00e9 toute mon attention. J\u2019ai trouv\u00e9 que tout ce qu\u2019il disait \u00e9tait intelligent, bien exprim\u00e9, et le plus important, plein de valeurs humaines. Je le f\u00e9licitais pour \u00e7a !<\/p>\n<p>Pourquoi me suis-je laiss\u00e9 entra\u00eener ? C\u2019est une technique ! Je vous l\u2019exposerai dans la deuxi\u00e8me partie de cet article. En attendant, vous pouvez commenter cette premi\u00e8re partie, poser vos questions, ou deviner le SENS de ma d\u00e9marche, qui a port\u00e9 ses fruits au del\u00e0 de mes esp\u00e9rances.<\/p>\n<p>A++<\/p>\n<p><strong>St\u00e9phane SOLOMON<\/strong><\/p>\n<!--themify_builder_content-->\n<div id=\"themify_builder_content-2654\" data-postid=\"2654\" class=\"themify_builder_content themify_builder_content-2654 themify_builder tf_clear\">\n    <\/div>\n<!--\/themify_builder_content-->\n","protected":false},"excerpt":{"rendered":"<p>Il y a quelques mois, j\u2019ai discut\u00e9 avec une personne qui n\u2019aimait pas le D\u00e9veloppement Personnel et qui ne supportait pas les auteurs, les formateurs et les conf\u00e9renciers qui travaillaient \u00abdans cette branche\u00bb. Mon interlocuteur savait quel m\u00e9tier j&#8217;exer\u00e7ais, et c&#8217;est justement la raison pour laquelle il critiquait en s&#8217;en donnant \u00e0 c\u0153ur-joie. Il \u00e9tait [&hellip;]<\/p>\n","protected":false},"author":1,"featured_media":0,"parent":0,"menu_order":0,"comment_status":"open","ping_status":"open","template":"","meta":[],"builder_content":"","_links":{"self":[{"href":"https:\/\/auto-coaching.fr\/index.php\/wp-json\/wp\/v2\/pages\/2654"}],"collection":[{"href":"https:\/\/auto-coaching.fr\/index.php\/wp-json\/wp\/v2\/pages"}],"about":[{"href":"https:\/\/auto-coaching.fr\/index.php\/wp-json\/wp\/v2\/types\/page"}],"author":[{"embeddable":true,"href":"https:\/\/auto-coaching.fr\/index.php\/wp-json\/wp\/v2\/users\/1"}],"replies":[{"embeddable":true,"href":"https:\/\/auto-coaching.fr\/index.php\/wp-json\/wp\/v2\/comments?post=2654"}],"version-history":[{"count":13,"href":"https:\/\/auto-coaching.fr\/index.php\/wp-json\/wp\/v2\/pages\/2654\/revisions"}],"predecessor-version":[{"id":2675,"href":"https:\/\/auto-coaching.fr\/index.php\/wp-json\/wp\/v2\/pages\/2654\/revisions\/2675"}],"wp:attachment":[{"href":"https:\/\/auto-coaching.fr\/index.php\/wp-json\/wp\/v2\/media?parent=2654"}],"curies":[{"name":"wp","href":"https:\/\/api.w.org\/{rel}","templated":true}]}}