{"id":2671,"date":"2015-10-15T08:58:41","date_gmt":"2015-10-15T06:58:41","guid":{"rendered":"http:\/\/www.auto-coaching.fr\/?page_id=2671"},"modified":"2015-10-22T21:45:15","modified_gmt":"2015-10-22T19:45:15","slug":"comment-gerer-les-personnes-negatives-2-2","status":"publish","type":"page","link":"https:\/\/auto-coaching.fr\/index.php\/comment-gerer-les-personnes-negatives-2-2\/","title":{"rendered":"Comment g&eacute;rer les personnes n&eacute;gatives (2\/2)"},"content":{"rendered":"<p><a href=\"http:\/\/www.auto-coaching.fr\/index.php\/comment-gerer-les-personnes-negatives-1-2\/\">Dans mon pr\u00e9c\u00e9dent article<\/a>, je vous expliquais que je me d\u00e9solidarisais des coaches qui vous proposent de chasser les personnes n\u00e9gatives de votre sph\u00e8re (et parfois de fuir). Je trouve \u00e7a radical, et rarement justifi\u00e9. J\u2019ai commenc\u00e9 par argumenter en rappelant que c\u2019est vous qui construisez le jugement n\u00e9gatif\/positif, et qu\u2019il est possible qu\u2019une simple question puisse appara\u00eetre comme une critique. Gr\u00e2ce aux interventions des lecteurs (notamment celle d\u2019Evelyne), j\u2019ai approfondi le concept en \u00e9voquant le \u00abseuil de vuln\u00e9rabilit\u00e9\u00bb. Ce point z\u00e9ro en dessous duquel le n\u00e9gatif appara\u00eet est propre \u00e0 chaque personne. Sa position d\u00e9pend aussi des circonstances dans lesquelles se produit le jugement. Ce \u00abseuil de vuln\u00e9rabilit\u00e9\u00bb est donc d\u00e9pla\u00e7able. Un auto-coach devrait pouvoir en jouer. Chose que je recommande avant d\u2019appuyer sur la touche EJECT de votre logiciel int\u00e9rieur.<\/p>\n<p>J\u2019ai \u00e9galement livr\u00e9 un chiffre \u00abofficiel\u00bb : 62% d\u2019\u00e9checs d\u00fbs \u00e0 un entourage n\u00e9gatif. Ce qui nous ram\u00e8ne \u00e0 38% de r\u00e9ussites (soyons positifs !). Comme nous ne savons pas comment ce chiffre a \u00e9t\u00e9 obtenu, j\u2019imagine qu\u2019avec de bons boucliers et quelques outils de transformations, ce taux devrait grimper de fa\u00e7on insolente. Voyons comment transformer du n\u00e9gatif en positif :<\/p>\n<h2>Premi\u00e8re technique : \u00e9change de bons proc\u00e9d\u00e9s<\/h2>\n<p>Francis, mon interlocuteur n\u00e9gatif que la SNCF a cru bon de placer \u00e0 mes c\u00f4t\u00e9s, a pu b\u00e9n\u00e9ficier d\u2019un coaching gratuit pendant 3 heures ! Etape par \u00e9tape, argument apr\u00e8s argument, j\u2019ai \u00e9cout\u00e9 tous les griefs qu\u2019il avait contre le D\u00e9veloppement Personnel et les personnes qui \u00abtravaillent dans cette branche\u00bb. Tandis qu\u2019il critiquait, je comprenais de plus en plus pourquoi le D\u00e9veloppement Personnel a tant de mal \u00e0 percer en France. <\/p>\n<p>Pour un p\u00e9dagogue, c\u2019est une chance de comprendre ce qui coince&#8230; Dans sa chanson \u00abBlessures d\u2019enfance\u00bb, Yvez DUTEIL termine son plaidoyer par : <\/p>\n<blockquote>\n<p>Mais quand un enfant pleure ou qu\u2019il a du chagrin<br \/>Je crois savoir un peu ce dont il a besoin.<\/p>\n<\/blockquote>\n<p>Les souffrances que l\u2019auteur a v\u00e9cues \u00e9tant petit, lui permettent de mieux comprendre la souffrance des autres. Ayant r\u00e9ussi \u00e0 s\u2019en extirper, il sait d\u00e9sormais consoler les enfants avec empathie. J\u2019ai personnellement v\u00e9cu des \u00abblessures\u00bb \u00e0 cause de certaines pratiques (et des pratiquants) de D\u00e9veloppement Personnel. Je connais donc quelques pi\u00e8ges \u00e0 \u00e9viter et je peux en parler en formation. Mais \u00e0 c\u00f4t\u00e9 de Francis j\u2019\u00e9tais un d\u00e9butant. Il a apparemment gliss\u00e9 sur toutes les peaux de bananes li\u00e9es \u00e0 ce parcours ! En l\u2019\u00e9coutant, je collectais de la mati\u00e8re pour mes cours, mes articles, mes conf\u00e9rences&#8230; Pour un formateur, c\u2019est tr\u00e8s formateur. <\/p>\n<p>Ecouter les dol\u00e9ances des autres est une technique ! Elle vous donne acc\u00e8s \u00e0 un enseignement d\u2019une grande valeur. A condition de les \u00e9couter sous cet angle, \u00e9videmment. Parce que si vous le prenez personnellement, \u00e7a passe beaucoup moins bien&#8230; Francis a \u00e9galement appr\u00e9ci\u00e9 l\u2019id\u00e9e de ramasser ses peaux de bananes a post\u00e9riori, avec un compagnon de route \u00abau service\u00bb. <\/p>\n<h2>Deuxi\u00e8me technique : Transformation<\/h2>\n<p>Certains arts-martiaux, en particulier l\u2019A\u00efkido, nous enseignent qu\u2019il est possible de se servir de la force de l\u2019adversaire pour gagner des points. Ce qui signifie qu\u2019aussi fragile que vous soyez, une certaine agilit\u00e9 peut mettre la force de l\u2019adversaire \u00e0 votre service. En affrontant Hercule, vous profitez d\u2019une force hercul\u00e9enne ! <\/p>\n<p>J\u2018ai propos\u00e9 \u00e0 Francis des solutions alternatives, correspondant \u00e0 son parcours, sa situation familiale, et surtout son intellect et ses sentiments. Visiblement il a exp\u00e9riment\u00e9 mes ficelles parce qu\u2019il m\u2019a contact\u00e9 dans les semaines qui ont suivies pour me remercier. Il m\u2019a recommand\u00e9 deux de ses amis, le premier a sign\u00e9 pour 12 s\u00e9ances de coaching. Le deuxi\u00e8me h\u00e9site encore, mais nous gardons contact (notamment \u00e0 travers cette Newsletter). <\/p>\n<p>Mais ce n\u2019est pas tout : vous vous souvenez que je vous ai parl\u00e9 de ma salle de formation aux Buttes-Chaumont ? C\u2019est en majeure partie gr\u00e2ce \u00e0 Francis que je pourrai bient\u00f4t vous y accueillir (il reste quelques travaux \u00e0 finir). La raison est simple : lorsqu\u2019une personne agit contre vous (ou contre vos projets), si vous parvenez \u00e0 la convaincre que votre action a du SENS, elle se joint \u00e0 vos efforts au lieu de les contrarier. C\u2019est un double b\u00e9n\u00e9fice : non seulement il n\u2019y a plus de force oppos\u00e9e, mais vous b\u00e9n\u00e9ficiez de son Energie. Au moment du changement, elle mettra les bouch\u00e9es doubles pour \u00abse rattraper\u00bb. <\/p>\n<h2>J\u2019ai une proposition \u00e0 vous faire<\/h2>\n<p>Les personnes qui se constituent un entourage strictement positif ont le sentiment que leur vie s\u2019am\u00e9liore, mais mais au bout de quelque semaines, le soufflet retombe. La raison est simple : en se cr\u00e9ant une zone de confort tr\u00e8s restreinte, elles voient du danger dans tout ce qui se trouve au-del\u00e0. De ce fait, elles restent dans leur prison dor\u00e9e car il leur para\u00eet difficile d\u2019en sortir pour affronter toutes les nuances de la vraie vie. <\/p>\n<p>En \u00e9jectant des gens parce qu\u2019ils se sont abandonn\u00e9s \u00e0 un r\u00e9flexe mental du type \u00abtu n\u2019es pas fait pour \u00e7a !\u00bb, \u00abtu vas te planter !\u00bb, \u00abce n\u2019est pas bien !\u00bb ou le pire de tous \u00abje te l\u2019avais bien dit !\u00bb&#8230; vous optez pour une solution de niveau 1.&nbsp; Ce que je vous propose est au dessus de \u00e7a. Je ne chasse pas les n\u00e9gatifs, car pour moi, les personnes visc\u00e9ralement et d\u00e9finitivement n\u00e9gatives n\u2019existent quasiment pas (il y en a tr\u00e8s peu). <\/p>\n<p>Une personne de votre entourage peut avoir un comportement n\u00e9gatif, des sentiments n\u00e9gatifs, des pens\u00e9es n\u00e9gatives&#8230; Et alors ? C\u2019est l\u00e0 que l\u2019auto-coach est sollicit\u00e9. C\u2019est l\u00e0 que vous pouvez interrompre momentan\u00e9ment le cours de vos actions, transformer l\u2019Energie ambiante, et repartir deux fois plus vite ! <\/p>\n<p>Cette transformation s\u2019apprend. Je le fais en salle lors de mes formations, et j\u2019utilise ces techniques lors de mes coachings. Je vous propose de d\u00e9couvrir 5 techniques de transformation lors d\u2019une formation en ligne sp\u00e9cialement d\u00e9di\u00e9e \u00e0 la gestion des personnalit\u00e9s dites \u00abn\u00e9gatives\u00bb. Chacune de ces techniques est amen\u00e9e par une question simple. La m\u00e9thode globale consiste donc \u00e0 se poser int\u00e9rieurement entre 1 et 5 questions&#8230; <\/p>\n<p>Evidemment, beaucoup de gens r\u00e9pliqueront qu\u2019il est beaucoup plus facile d\u2019appliquer la technique des autres coaches : celle qui consiste \u00e0 \u00e9jecter de sa sph\u00e8re toute personne contrariante. C\u2019est vrai que l\u00e0, il n\u2019y a qu\u2019une seule question \u00e0 se poser. La voici : <\/p>\n<p>&#8211; Est-ce que cette personne va me manquer ? <\/p>\n<p>Si vous r\u00e9pondez par la positive. Il est temps de passer au niveau sup\u00e9rieur : 5 questions de plus&#8230; Certaines personnes m\u00e9ritent cette attention. <\/p>\n<p>D\u00e8s demain, vous pourrez vous inscrire \u00e0 cette formation qui sera anim\u00e9e en direct <strong>le jeudi 5 novembre 2015 entre 20h30 et 22h00<\/strong>. En attendant, si vous avez des remarques, des questions, ou m\u00eame si vous avez envie de r\u00e2ler un bon coup, la zone de commentaires est faite pour \u00e7a. <\/p>\n<p>Je vous garderai quand-m\u00eame ! <\/p>\n<p>A++ <\/p>\n<p><strong>St\u00e9phane SOLOMON<\/strong><\/p>\n<!--themify_builder_content-->\n<div id=\"themify_builder_content-2671\" data-postid=\"2671\" class=\"themify_builder_content themify_builder_content-2671 themify_builder tf_clear\">\n    <\/div>\n<!--\/themify_builder_content-->\n","protected":false},"excerpt":{"rendered":"<p>Dans mon pr\u00e9c\u00e9dent article, je vous expliquais que je me d\u00e9solidarisais des coaches qui vous proposent de chasser les personnes n\u00e9gatives de votre sph\u00e8re (et parfois de fuir). Je trouve \u00e7a radical, et rarement justifi\u00e9. J\u2019ai commenc\u00e9 par argumenter en rappelant que c\u2019est vous qui construisez le jugement n\u00e9gatif\/positif, et qu\u2019il est possible qu\u2019une simple [&hellip;]<\/p>\n","protected":false},"author":1,"featured_media":0,"parent":0,"menu_order":0,"comment_status":"open","ping_status":"open","template":"","meta":[],"builder_content":"","_links":{"self":[{"href":"https:\/\/auto-coaching.fr\/index.php\/wp-json\/wp\/v2\/pages\/2671"}],"collection":[{"href":"https:\/\/auto-coaching.fr\/index.php\/wp-json\/wp\/v2\/pages"}],"about":[{"href":"https:\/\/auto-coaching.fr\/index.php\/wp-json\/wp\/v2\/types\/page"}],"author":[{"embeddable":true,"href":"https:\/\/auto-coaching.fr\/index.php\/wp-json\/wp\/v2\/users\/1"}],"replies":[{"embeddable":true,"href":"https:\/\/auto-coaching.fr\/index.php\/wp-json\/wp\/v2\/comments?post=2671"}],"version-history":[{"count":6,"href":"https:\/\/auto-coaching.fr\/index.php\/wp-json\/wp\/v2\/pages\/2671\/revisions"}],"predecessor-version":[{"id":2692,"href":"https:\/\/auto-coaching.fr\/index.php\/wp-json\/wp\/v2\/pages\/2671\/revisions\/2692"}],"wp:attachment":[{"href":"https:\/\/auto-coaching.fr\/index.php\/wp-json\/wp\/v2\/media?parent=2671"}],"curies":[{"name":"wp","href":"https:\/\/api.w.org\/{rel}","templated":true}]}}