{"id":2677,"date":"2015-10-18T22:05:11","date_gmt":"2015-10-18T20:05:11","guid":{"rendered":"http:\/\/www.auto-coaching.fr\/?p=2677"},"modified":"2015-10-18T22:23:51","modified_gmt":"2015-10-18T20:23:51","slug":"resultat-du-petit-jeu-facebook","status":"publish","type":"page","link":"https:\/\/auto-coaching.fr\/index.php\/resultat-du-petit-jeu-facebook\/","title":{"rendered":"R\u00e9sultat du petit jeu Facebook"},"content":{"rendered":"<p>Bien&#8230; Nous voici \u00e0 l&#8217;heure des r\u00e9v\u00e9lations.\u00a0Avant d&#8217;analyser les r\u00e9ponses, je voudrais juste rappeler la petite histoire qui pr\u00e9c\u00e8de les 4 affirmations. Si vous vous en souvenez bien, vous pouvez sauter le prochain\u00a0paragraphe :<\/p>\n<p><i>\u00abHier, j\u2019avais rendez-vous \u00e0 Paris pour un coaching individuel de Communication, avec un homme d\u2019affaires \u00e2g\u00e9 de 45 ans, dont je tairai le nom par souci de confidentialit\u00e9. Avant de commencer l&#8217;entretien, il me demanda si je voulais un caf\u00e9. J\u2019ai acquiesc\u00e9, il appuya sur un bouton de son t\u00e9l\u00e9phone et fit sa demande. 2 minutes plus tard, une jeune personne habill\u00e9e de fa\u00e7on printani\u00e8re vint nous servir. Mon client la regarda de haut en bas, puis lui dit : \u00abQuelle \u00e9l\u00e9gance aujourd\u2019hui ! Et quelle pr\u00e9cision dans le geste&#8230; Vous faites-\u00e7a mieux que ma femme !\u00bb. J\u2019ai trouv\u00e9 que la remarque \u00e9tait d\u00e9plac\u00e9e et irr\u00e9v\u00e9rencieuse. Aussi, ai-je entrepris d\u2019\u00e9voquer ce comportement au cours de la s\u00e9ance de coaching.\u00bb<\/i><\/p>\n<p>Suite \u00e0 ce texte, j&#8217;ai soumis 4 AFFIRMATIONS. Le but du jeu \u00e9tait de dire si l&#8217;affirmation \u00e9tait vraie ou fausse. J&#8217;ai volontairement exclu \u00abpeut-\u00eatre\u00bb ou \u00abje ne sais pas\u00bb, car \u00e7a ne faisait pas partie du jeu. Et pour tout vous dire, si vous affirmez que vous ne savez pas, c&#8217;est une dr\u00f4le d&#8217;affirmation&#8230;<\/p>\n<h2>Les r\u00e9sultats<\/h2>\n<p>Vous pouvez visualiser les statistiques ci-dessous (ce jeu est publi\u00e9 depuis 2013. Il y a donc eu beaucoup de joueurs) :<\/p>\n<p><a href=\"https:\/\/docs.google.com\/forms\/d\/1fAF5PdN9VNuSFXIwwk6HDBHAFvfzy3X1sNwaKHZOCRA\/viewanalytics\">Statistiques des r\u00e9ponses<\/a><\/p>\n<h2>A pr\u00e9sent, parlons-en<\/h2>\n<p><b>1 : Le rendez-vous se d\u00e9roule en r\u00e9gion parisienne<br \/>\n<\/b>Vrai : 80% &#8211; Faux : 20%<\/p>\n<p>Apparemment 80% des participants consid\u00e8rent que Paris se situe en r\u00e9gion parisienne. C&#8217;est effectivement VRAI selon un principe math\u00e9matique d&#8217;inclusion. Si j&#8217;avais parl\u00e9 de banlieue parisienne, la r\u00e9ponse aurait \u00e9t\u00e9 \u00abFAUX\u00bb. Ceci dit, nous avons un tas d&#8217;expressions comme \u00abmon secteur est Paris et la r\u00e9gion parisienne\u00bb ou encore \u00abje travaille \u00e0 Paris intra-muros\u00bb, qui pourraient laisser entendre que Paris se distingue de sa r\u00e9gion.<\/p>\n<p>Je suis bien emb\u00eat\u00e9, alors on va faire comme \u00e0 l&#8217;\u00e9cole des fans : tout le monde a gagn\u00e9 !<\/p>\n<p>Ce qui nous ram\u00e8ne \u00e0 une premi\u00e8re r\u00e9flexion : une affirmation ne peut \u00eatre \u00e0 la fois vraie et fausse dans le m\u00eame type de raisonnement. Ceux qui ont r\u00e9pondu VRAI se sont appuy\u00e9s sur un raisonnement <b>math\u00e9matico-logique<\/b>. Ceux qui ont r\u00e9pondu FAUX se sont appuy\u00e9s sur un raisonnement <b>verbo-linguistique<\/b>. Si le juge du test n&#8217;accepte qu&#8217;un seul type d&#8217;intelligence (en g\u00e9n\u00e9ral la sienne), il n&#8217;y aura qu&#8217;un seul groupe gagnant.<\/p>\n<p>Convaincu par <a href=\"http:\/\/fr.wikipedia.org\/wiki\/Th%C3%A9orie_des_intelligences_multiples\" target=\"_blank\">la th\u00e9orie des intelligences multiples<\/a>, je suis ouvert aux deux approches. Mais ce n&#8217;est pas tout. Si j&#8217;avais un objectif r\u00e9pressif, je pourrais d\u00e9cider que tout le monde a perdu ! Car d&#8217;un point de vue math\u00e9matico-logique 20% des participants se sont tromp\u00e9s, et d&#8217;un point de vue verbo-linguistique 80% des participants se sont tromp\u00e9s. Je suis un chic-type : je pr\u00e9f\u00e8re la solution o\u00f9 tout le monde gagne&#8230; Bravo \u00e0 tous !<\/p>\n<p><b>2 : L\u2019homme d\u2019affaires qui commande le caf\u00e9 a plus de 40 ans<br \/>\n<\/b>Vrai : 97% &#8211; Faux : 3%<\/p>\n<p>J&#8217;aimerais bien conna\u00eetre l&#8217;opinion de ceux qui ont r\u00e9pondu FAUX, car le texte pr\u00e9cise que cet homme est \u00e2g\u00e9 de 45 ans. Donc, soit il y a l\u00e0 une logique que je ne saisis pas&#8230; Soit vous avez soup\u00e7onn\u00e9 un pi\u00e8ge, et vous avez r\u00e9pondu l&#8217;inverse de ce que vous pensiez, pour \u00e9chapper au pi\u00e8ge ! C&#8217;est ce qu&#8217;on appelle de la \u00ablogique floue\u00bb. Allez ! Disons que si vous avez r\u00e9pondu \u00abfaux\u00bb, vous vous \u00eates tromp\u00e9 de bouton&#8230;<\/p>\n<p><b>3 : La jeune-femme qui sert le caf\u00e9 a un chemisier \u00e0 fleurs<br \/>\n<\/b>Vrai : 12% &#8211; Faux : 88%<\/p>\n<p>La majorit\u00e9 a bien jou\u00e9 sur ce coup-l\u00e0 ! Il est possible qu&#8217;une tenue printani\u00e8re soit un chemiser \u00e0 fleur, mais de l\u00e0 \u00e0 l&#8217;affirmer, comme vous y allez ! Si le chemisier \u00e0 fleurs est votre seule vision de la tenue printani\u00e8re, un relooking serait certainement\u00a0une exp\u00e9rience int\u00e9ressante.<\/p>\n<p>66 personnes se sont tromp\u00e9es. J&#8217;aimerais bien savoir ce qui vous est pass\u00e9 par la t\u00eate&#8230;\u00a0Vous pouvez commenter (dans Facebook), si vous le souhaitez. Rassurez-vous, seules les personnes qui ont jou\u00e9 verront votre intervention (vous faites partie d&#8217;un groupe privil\u00e9gi\u00e9).<\/p>\n<p><b>4 : Le temps de r\u00e9activit\u00e9 de la jeune femme pour servir le caf\u00e9, est inf\u00e9rieur \u00e0 3 minutes<br \/>\n<\/b>Vrai : 88% &#8211; Faux : 12%<\/p>\n<p>Mais pourquoi tant de gens pensent que c&#8217;est vrai ? C&#8217;est tr\u00e8s \u00e9tonnant ! Il est vrai que le caf\u00e9 a \u00e9t\u00e9 servi en moins de 3 minutes (le texte pr\u00e9cise en 2 minutes, donc c&#8217;est incontestable). Mais rien ne laisse penser qu&#8217;il s&#8217;agit d&#8217;une jeune-femme. Cette AFFIRMATION\u00a0est aussi fausse que de dire que l&#8217;homme d&#8217;affaires a les cheveux grisonnants ! D&#8217;ailleurs, puisque nous en sommes aux r\u00e9v\u00e9lations, je pr\u00e9cise que la jeune personne qui a servi ce caf\u00e9 est un jeune-homme ! Vous ne pouviez pas le savoir, mais vous ne pouviez pas non plus AFFIRMER\u00a0que c&#8217;\u00e9tait une femme. L&#8217;AFFIRMATION est donc fausse.<\/p>\n<p>Qu&#8217;est-ce qui explique que tant de personnes aient d\u00e9cid\u00e9 de placer une femme dans cette fonction ? Un ph\u00e9nom\u00e8ne de soci\u00e9t\u00e9 ? Il y a un peu de \u00e7a&#8230; Mais puisque je suis coach et que l&#8217;un de mes principaux outils est la psychologie cognitive, observons cette affirmation sous l&#8217;oeil du coach&#8230;<\/p>\n<h2>Le biais de disponibilit\u00e9<\/h2>\n<p>En psychologie cognitive, cette d\u00e9duction porte un nom : <em>le biais de disponibilit\u00e9<\/em>. Il s&#8217;agit d&#8217;un sch\u00e9ma de pens\u00e9e qui se sert d&#8217;informations directement disponibles et qui les consid\u00e8re comme vraies : le cerveau humain dispose d&#8217;une multitude d&#8217;informations issues de son exp\u00e9rience, et bien qu&#8217;il soit capable de raisonnement et d&#8217;analyses tr\u00e8s approfondies, bien qu&#8217;il soit cr\u00e9atif et imaginatif \u00e0 volont\u00e9, dans la plupart des cas il va se servir dans ses \u00abfichiers fr\u00e9quemment utilis\u00e9s\u00bb pour aller plus vite&#8230; L&#8217;image d&#8217;une femme qui sert un caf\u00e9 \u00e0 deux hommes est si r\u00e9pandue dans notre soci\u00e9t\u00e9, que c&#8217;est la premi\u00e8re qui est extraite de \u00abl&#8217;album photo\u00bb mental.<\/p>\n<p>Vous pourriez me dire que c&#8217;\u00e9tait un pi\u00e8ge ! C&#8217;est s\u00fbr&#8230; Sinon cet petit jeu n&#8217;aurait aucun int\u00e9r\u00eat. Surtout lorsqu&#8217;il est propos\u00e9 par un coach ou un psy ou un sociologue ou encore un formateur sur la parit\u00e9 en entreprise&#8230; Mais peut-\u00eatre ne saviez-vous pas que j&#8217;\u00e9tais coach et formateur&#8230; Peut-\u00eatre que pour vous, je suis juste un ami Facebook qui voulait vous poser des questions faciles pour vous annoncer que vous avez un Q.I de 180 !\u00a0Puisque nous en sommes aux r\u00e9v\u00e9lations, sachez que je suis beaucoup plus vicieux que \u00e7a&#8230;<\/p>\n<p>Mais revenons \u00e0 cette petite exp\u00e9rience : l&#8217;\u00e9veil que je vous propose \u00e0 travers cette histoire, est de prendre conscience que dans la vie de tous les jours, ce genre de \u00abpi\u00e8ge\u00bb peut survenir. Certes, j&#8217;ai volontairement arrang\u00e9 l&#8217;histoire et orient\u00e9 le questionnaire. Mais vous n&#8217;avez pas id\u00e9e du nombre de fois o\u00f9 ce genre de choses peut arriver innocemment. Juste par \u00abmaladresses de communication\u00bb&#8230; On omet \u00a0quelques informations et vous compl\u00e9tez les vides en vous servant dans le stock disponible. Un simple \u00abbiais de disponibilit\u00e9\u00bb peut vous amener \u00e0 juger de travers&#8230;<\/p>\n<p>J&#8217;aimerais \u00e9galement porter votre attention sur ce que nous appelons des FAITS. Pour beaucoup de gens qui entendent cette histoire, c&#8217;est une jeune-femme qui sert le caf\u00e9 : c&#8217;est un FAIT\u00a0irr\u00e9vocable. Ils sont bien surpris en apprenant la v\u00e9rit\u00e9.<\/p>\n<p>Il me reste des petites choses \u00e0 vous dire. Mais avant tout, j&#8217;aimerais m&#8217;assurer que vous avez bien compris. Voici une derni\u00e8re question :<\/p>\n<p><iframe loading=\"lazy\" src=\"https:\/\/docs.google.com\/forms\/d\/1NJQTXNR3yM1ka7QQBOm6vaF6SmlZLZhykXC9Vj-sAps\/viewform?embedded=true\" width=\"600\" height=\"500\" frameborder=\"0\" marginwidth=\"0\" marginheight=\"0\">Loading&#8230;<\/iframe><\/p>\n<p>A++<\/p>\n<p><b>St\u00e9phane SOLOMON<\/b><\/p>\n<!--themify_builder_content-->\n<div id=\"themify_builder_content-2677\" data-postid=\"2677\" class=\"themify_builder_content themify_builder_content-2677 themify_builder tf_clear\">\n    <\/div>\n<!--\/themify_builder_content-->\n","protected":false},"excerpt":{"rendered":"<p>Bien&#8230; Nous voici \u00e0 l&#8217;heure des r\u00e9v\u00e9lations.\u00a0Avant d&#8217;analyser les r\u00e9ponses, je voudrais juste rappeler la petite histoire qui pr\u00e9c\u00e8de les 4 affirmations. Si vous vous en souvenez bien, vous pouvez sauter le prochain\u00a0paragraphe : \u00abHier, j\u2019avais rendez-vous \u00e0 Paris pour un coaching individuel de Communication, avec un homme d\u2019affaires \u00e2g\u00e9 de 45 ans, dont je [&hellip;]<\/p>\n","protected":false},"author":1,"featured_media":0,"parent":0,"menu_order":0,"comment_status":"closed","ping_status":"closed","template":"","meta":[],"builder_content":"","_links":{"self":[{"href":"https:\/\/auto-coaching.fr\/index.php\/wp-json\/wp\/v2\/pages\/2677"}],"collection":[{"href":"https:\/\/auto-coaching.fr\/index.php\/wp-json\/wp\/v2\/pages"}],"about":[{"href":"https:\/\/auto-coaching.fr\/index.php\/wp-json\/wp\/v2\/types\/page"}],"author":[{"embeddable":true,"href":"https:\/\/auto-coaching.fr\/index.php\/wp-json\/wp\/v2\/users\/1"}],"replies":[{"embeddable":true,"href":"https:\/\/auto-coaching.fr\/index.php\/wp-json\/wp\/v2\/comments?post=2677"}],"version-history":[{"count":1,"href":"https:\/\/auto-coaching.fr\/index.php\/wp-json\/wp\/v2\/pages\/2677\/revisions"}],"predecessor-version":[{"id":2678,"href":"https:\/\/auto-coaching.fr\/index.php\/wp-json\/wp\/v2\/pages\/2677\/revisions\/2678"}],"wp:attachment":[{"href":"https:\/\/auto-coaching.fr\/index.php\/wp-json\/wp\/v2\/media?parent=2677"}],"curies":[{"name":"wp","href":"https:\/\/api.w.org\/{rel}","templated":true}]}}