{"id":2683,"date":"2015-10-21T21:32:49","date_gmt":"2015-10-21T19:32:49","guid":{"rendered":"http:\/\/www.auto-coaching.fr\/?page_id=2683"},"modified":"2015-10-21T22:14:26","modified_gmt":"2015-10-21T20:14:26","slug":"le-fin-mot-de-l-histoire","status":"publish","type":"page","link":"https:\/\/auto-coaching.fr\/index.php\/le-fin-mot-de-l-histoire\/","title":{"rendered":"Le fin mot de l&#8217;Histoire"},"content":{"rendered":"<p>Merci encore \u00e0 tous ceux qui ont jou\u00e9 le jeu suite au pr\u00e9c\u00e9dent article, qui r\u00e9v\u00e9lait une partie de l&#8217;histoire. Voici a pr\u00e9sent l&#8217;histoire dans son int\u00e9gralit\u00e9. Ce n&#8217;est pas la mienne. Je laisse la personne qui l&#8217;a v\u00e9cue vous la raconter, depuis le d\u00e9but :<\/p>\n<p>&#8212;&#8212;&#8212;&#8212;&#8212;&#8212;&#8211;<\/p>\n<p>Hier, j\u2019avais rendez-vous \u00e0 Paris pour un coaching individuel de Communication, avec un homme d\u2019affaires \u00e2g\u00e9 de 45 ans, dont je tairai le nom par souci confidentialit\u00e9. Avant de commencer l&#8217;entretien, il me demanda si je voulais un caf\u00e9. J\u2019ai acquiesc\u00e9, il appuya sur un bouton de son t\u00e9l\u00e9phone et fit sa demande. 2 minutes plus tard, une jeune personne habill\u00e9e de fa\u00e7on printani\u00e8re vint nous servir. Mon client la regarda de haut en bas, puis lui dit : \u00abQuelle \u00e9l\u00e9gance aujourd\u2019hui ! Et quelle pr\u00e9cision dans le geste&#8230; Vous faites-\u00e7a mieux que ma femme !\u00bb. J\u2019ai trouv\u00e9 que la remarque \u00e9tait d\u00e9plac\u00e9e et irr\u00e9v\u00e9rencieuse. Aussi, ai-je entrepris d\u2019\u00e9voquer ce comportement au cours de la s\u00e9ance de coaching<\/p>\n<p>Pendant que nous buvions notre caf\u00e9, Monsieur LAURENS, l&#8217;homme d&#8217;affaires, entra dans la s\u00e9ance :<\/p>\n<p>&#8211; Alors je vous explique pourquoi j&#8217;ai fait appel \u00e0 vous : je ne sais pas dire NON ! Ca peut vous para\u00eetre \u00e9trange, mais j&#8217;ai d&#8217;\u00e9normes difficult\u00e9s \u00e0 refuser les demandes qu&#8217;on me fait.<\/p>\n<p>&#8211; Vous avez l&#8217;air d&#8217;avoir bien r\u00e9ussi, en quoi est-ce p\u00e9nalisant ?<\/p>\n<p>&#8211; Je sais dire NON au dernier moment, comme quelqu&#8217;un qui procrastine, puis qui fait tout \u00e0 la derni\u00e8re minute. C&#8217;et \u00e9trange&#8230; J&#8217;ai r\u00e9ussi \u00e0 chasser la procrastination de toutes mes actions, y compris les plus p\u00e9nibles. Mais dire NON au moment o\u00f9 je pense NON est insurmontable.<\/p>\n<p>&#8211; Avez-vous ce probl\u00e8me uniquement en face \u00e0 face ou est-ce la m\u00eame chose par e-mail ou par t\u00e9l\u00e9phone ?<\/p>\n<p>&#8211; Par e-mail, il me suffit de ne pas r\u00e9pondre aux propositions. C&#8217;est un NON par omission. Par t\u00e9l\u00e9phone, je fais filtrer un maximum d&#8217;appels par Camille, qui vient de vous servir un caf\u00e9. Mais lorsqu&#8217;on s&#8217;adresse \u00e0 moi en direct, j&#8217;ai trop peur de vexer les gens, alors je leur dit OUI, ils esp\u00e8rent un temps, et patatras, tout s&#8217;\u00e9croule pour eux au dernier moment.<\/p>\n<p>&#8211; Si je reformule ce que je viens d&#8217;entendre, vous n&#8217;\u00eates pas p\u00e9nalis\u00e9 par la situation, mais vous sentez que d&#8217;autres le sont. Vous vous sentez responsable de leur perte de temps, de leur d\u00e9sillusion, de la chute de motivation qui pourrait en d\u00e9couler&#8230;<\/p>\n<p>&#8211; C&#8217;est \u00e7a : pour moi, \u00e7a va&#8230; Mais je n&#8217;aimerais pas \u00eatre \u00e0 la place de ceux qui croient que j&#8217;ai dit OUI&#8230; Je n&#8217;aime pas vexer, blesser, d\u00e9valoriser&#8230;<\/p>\n<p>&#8211; Justement je voulais vous en parler, car si ce que vous dites est vrai, vos actes sont incongrus.<\/p>\n<p>&#8211; A quel niveau ?<\/p>\n<p>&#8211; Je me r\u00e9f\u00e8re aux dommages que peuvent causer vos boutades avec Camille&#8230;<\/p>\n<p>A ce moment, Monsieur LAURENS eut un sursaut, comme si un frisson remontait sa colonne vert\u00e9brale, et se lib\u00e9rait brusquement en arrivant \u00e0 la nuque.<\/p>\n<p>&#8211; J&#8217;ai fait du mal \u00e0 Camille ?<\/p>\n<p>&#8211; Vous venez de vous moquer de lui, en lui disant \u00abvous faites \u00e7a mieux que ma femme\u00bb. Ca m&#8217;a donn\u00e9 l&#8217;impression que vous vouliez le rabaisser en lui disant qu&#8217;il occupait un poste habituellement tenu par une femme.<\/p>\n<p>&#8211; Alors l\u00e0 vous n&#8217;y \u00eates pas du tout Madame CYRIL. Il n&#8217;y a aucun sexisme chez moi. Je pense m\u00eame que c&#8217;est l&#8217;une des raisons de ma r\u00e9ussite.<\/p>\n<p>Je fus tr\u00e8s \u00e9tonn\u00e9e par cette r\u00e9ponse quasi-imm\u00e9diate. S&#8217;il\u00a0arrive souvent que les business-men que je fr\u00e9quente renient leur sexisme, il est tr\u00e8s rare qu&#8217;ils affichent la Parit\u00e9 comme une valeur fondatrice de leur succ\u00e8s.<\/p>\n<p>&#8211; Alors qu&#8217;est-ce qui explique cette phrase ?<\/p>\n<p>&#8211; C&#8217;\u00e9tait un clin-d&#8217;\u0153il qui se r\u00e9f\u00e8re \u00e0 notre histoire&#8230; Par contre, \u00e0 bien y r\u00e9fl\u00e9chir, puisqu&#8217;on parle de Camille, je me rends compte que je n&#8217;ai pas su lui dire NON le jour o\u00f9 il est venu postuler&#8230; Ce qui nous ram\u00e8ne \u00e0 notre sujet.<\/p>\n<p>&#8211; Racontez-moi !<\/p>\n<p>&#8211; Avez-vous vu le film \u00abIntouchables\u00bb, lorsqu&#8217;Omar SY vient demander un tampon pour le p\u00f4le-emploi \u00e0 Fran\u00e7ois CLUZET ?<\/p>\n<p>&#8211; Oui<\/p>\n<p>&#8211; Camille m&#8217;a demand\u00e9 la m\u00eame chose : un coup de tampon pour le p\u00f4le emploi, et il a pr\u00e9cis\u00e9 \u00abcomme dans le film INTOUCHABLES\u00bb.<\/p>\n<p>&#8211; Qu&#8217;est-ce qui vous a pouss\u00e9 \u00e0 embaucher un gar\u00e7on qui fait une telle demande ?<\/p>\n<p>&#8211; Je l&#8217;ai pris \u00e0 son propre jeu : j&#8217;ai fait comme dans le film !<\/p>\n<p>&#8211; Waouw ! Vous avez compris l&#8217;en-de\u00e7\u00e0 de la demande&#8230; Je pense qu&#8217;elle m&#8217;aurait \u00e9chapp\u00e9. C&#8217;est vous qui devriez me coacher !<\/p>\n<p>&#8211; \u00c7a pourrait se faire. Mais je me demande maintenant si cette embauche \u00e9tait vraiment g\u00e9n\u00e9reuse ou si c&#8217;\u00e9tait parce que je ne pouvais pas dire NON \u00e0 une demande aussi subtile.<\/p>\n<p>&#8211; Vous regrettez cette embauche ?<\/p>\n<p>&#8211; Absolument pas, au contraire. Camille est tr\u00e8s efficace, et s&#8217;est montr\u00e9 particuli\u00e8rement motiv\u00e9 d\u00e8s les premiers jours. C&#8217;est un gar\u00e7on r\u00e9serv\u00e9 qui manque de confiance en soi. Il avait 12 ans lorsque son p\u00e8re a \u00e9t\u00e9 tu\u00e9 sous ses yeux. Une histoire glauque. Il para\u00eet qu&#8217;il n&#8217;a pas parl\u00e9 pendant 3 ans. Il ne faisait que lire des livres, et lorsqu&#8217;on s&#8217;adressait \u00e0 lui, il hochait la t\u00eate, juste pour dire OUI ou pour dire NON&#8230;<\/p>\n<p>&#8211; Comment savez-vous tout \u00e7a ?<\/p>\n<p>&#8211; Lorsque je l&#8217;ai embauch\u00e9, il a d&#8217;abord refus\u00e9 parce que selon lui, il n&#8217;avait aucune comp\u00e9tence. Alors j&#8217;ai d\u00e9cid\u00e9 de le prendre en mains plus s\u00e9rieusement et j&#8217;ai demand\u00e9 \u00e0 ma femme de le former. Elle \u00e9tait h\u00f4tesse d&#8217;accueil chez un client quand je l&#8217;ai rencontr\u00e9e. Parfois je retournais voir ce client juste pour la revoir&#8230; Elle a form\u00e9 Camille de A \u00e0 Z. Une belle complicit\u00e9 s&#8217;est install\u00e9e\u00a0entre nous en quelques semaines.<\/p>\n<p>&#8211; Et il s&#8217;est confi\u00e9 \u00e0 vous ?<\/p>\n<p>&#8211; Non, il n&#8217;en parle jamais. J&#8217;ai appris la terrible histoire par sa m\u00e8re&#8230; Lorsqu&#8217;il a termin\u00e9 sa p\u00e9riode d&#8217;essai, je lui ai confirm\u00e9 que je voulais le garder, mais il a refus\u00e9 ! Je lui ai demand\u00e9 pourquoi, et il a fondu en larmes en avouant qu&#8217;il souhaitait poursuivre de tout son c\u0153ur, mais que sa m\u00e8re se m\u00e9fiait de tout ce qu&#8217;on faisait pour lui. Elle ne trouvait pas normal que \u00abdes riches\u00bb s&#8217;int\u00e9ressent \u00e0 un un gamin des quartiers&#8230;<\/p>\n<p>&#8211; Qu&#8217;avez-vous ressenti ?<\/p>\n<p>&#8211; De l&#8217;injustice ! Pas pour moi, mais pour Camille\u00a0qui vivait dans une \u00abnormalit\u00e9 basse\u00bb. J&#8217;ai d&#8217;abord pris mon t\u00e9l\u00e9phone pour tenter d&#8217;appeler sa m\u00e8re, puis j&#8217;ai d\u00e9cid\u00e9 d&#8217;aller la voir. J&#8217;ai assez d&#8217;exp\u00e9rience pour savoir que dans ce genre de cas, c&#8217;est l&#8217;int\u00e9gralit\u00e9 de la personne qui doit s&#8217;exprimer. Pas seulement la voix.<\/p>\n<p>&#8211; Et elle vous a racont\u00e9 son histoire&#8230;<\/p>\n<p>&#8211; Oui, avec la force d&#8217;une veuve qui n&#8217;a plus que son fils pour raison de vivre\u2026<\/p>\n<p>&#8211; Votre d\u00e9marche lui a fait changer d&#8217;avis ?<\/p>\n<p>&#8211; En partie&#8230; Je lui ai expliqu\u00e9 que Camille m\u00e9ritait bien mieux que ce poste et que j&#8217;y veillerai lorsqu&#8217;il sera pr\u00eat : il apprend vite, il a une excellente orthographe, il sait trouver des informations tr\u00e8s fines sur Internet \u00e0 la vitesse de l&#8217;\u00e9clair. Elle n&#8217;\u00e9tait pas surprise&#8230; Mais ce qui lui a permis de me faire confiance, c&#8217;est que je n&#8217;ai pas recul\u00e9 au moment o\u00f9 elle m&#8217;a dit \u00absi vous faites du mal \u00e0 mon fils, je vous tuerai de mes propres mains !\u00bb.<\/p>\n<p>&#8211; Ce qui explique le frisson qui vous a travers\u00e9 lorsque je vous ai dit que vous l&#8217;aviez bless\u00e9. Vous \u00eates trop jeune pour mourir !<\/p>\n<p>&#8211; Il y a un peu de \u00e7a. Mais je pense que j&#8217;ai assimil\u00e9 l&#8217;importance du message, pas la menace associ\u00e9e. C&#8217;est le sentiment d&#8217;avoir failli \u00e0 mon Devoir qui m&#8217;a troubl\u00e9, pas la peine de mort !<\/p>\n<p>&#8211; Vous vous rendez-compte que dans votre d\u00e9marche, nous sommes tr\u00e8s au dessus du simple OUI ou du simple NON. C&#8217;est du domaine de la \u00abmission sur terre\u00bb&#8230;<\/p>\n<p>&#8211; Me trouveriez-vous pr\u00e9tentieux, si je vous disais que tout est de cet ordre dans ma vie ?&#8230;<\/p>\n<p>&#8211; Puisque le sujet vous est familier, je vous propose de travailler autour des valeurs qui vous ont men\u00e9es vers cette attitude. L&#8217;id\u00e9e sera de valoriser ce sentiment et de faire en sorte que vous puissiez l&#8217;affirmer, sans pr\u00e9tention, m\u00eame en dehors d&#8217;un coaching. Ensuite vous pourrez dire NON sans vexer, et m\u00eame en valorisant votre interlocuteur. Nous avons tous un temps limit\u00e9. Dire NON \u00e0 une proposition, c&#8217;est dire OUI \u00e0 une autre. Vous avez tant de OUI \u00e0 dire&#8230; Pour utiliser comme m\u00e9taphore ce que vous venez d&#8217;\u00e9voquer, rappelez-vous que lorsque vous avez dit OUI \u00e0 Camille, vous avez dit NON \u00e0 beaucoup d&#8217;autres. Vous avez dit OUI \u00e0 ce qui est en vibration avec votre mission&#8230; C&#8217;est votre clef ! Vous avez les moyens de le faire.<\/p>\n<p>Monsieur LAURENS s&#8217;arr\u00eata net apr\u00e8s cette phrase. Son regard se figea. Puis il mit son doigt devant sa bouche, comme si un b\u00e9b\u00e9 dormait dans la pi\u00e8ce, pour que je ne dise plus un mot&#8230; Il prit son t\u00e9l\u00e9phone et sortit de son bureau.<\/p>\n<p>J&#8217;en ai profit\u00e9 pour faire le point : \u00abvous faites \u00e7a mieux que ma femme\u00bb \u00e9tait donc une fa\u00e7on de congratuler l&#8217;\u00e9l\u00e8ve d&#8217;avoir d\u00e9pass\u00e9 le ma\u00eetre&#8230; Comment ai-je pu me faire prendre \u00e0 ce jeu et porter un jugement si dur ?<\/p>\n<p>La r\u00e9ponse \u00e9tait \u00e0 port\u00e9e de neurones : j&#8217;ai pass\u00e9 une partie de ma vie \u00e0 lutter pour me faire une place dans un monde masculin. Je jubilais \u00e0 la vue de ce jeune h\u00f4te d&#8217;accueil en train de me servir un caf\u00e9. J&#8217;avais le sentiment que la partie \u00e9tait enfin gagn\u00e9e. Mais mon plaisir fut g\u00e2ch\u00e9 par cette remarque \u00abvous faites \u00e7a mieux que ma femme\u00bb, qui semblait r\u00e9attribuer la t\u00e2che \u00e0 la gente f\u00e9minine. J&#8217;y ai vu du sexisme parce que je guette ce comportement partout o\u00f9 je vais. N&#8217;ayant pas tous les \u00e9l\u00e9ments, je me suis servie d&#8217;un biais \u00abdisponible\u00bb pour porter un jugement. Mais c&#8217;\u00e9tait faux ! St\u00e9phane me l&#8217;a pourtant dit lorsqu&#8217;il m&#8217;a form\u00e9e : \u00abRappelle-toi que chaque client que tu rencontreras sera un cas particulier ! Il sera toujours au-dessus des probabilit\u00e9s. S&#8217;il voulait faire partie des statistiques, il ne s&#8217;int\u00e9resserait pas au\u00a0coaching !\u00bb.<\/p>\n<p>Monsieur LAURENS revint avec le sourire aux l\u00e8vres. Il semblait content de l&#8217;issue de sa conversation t\u00e9l\u00e9phonique. Je repris l&#8217;entretien plus sereinement avec celui que je consid\u00e9rais d\u00e9sormais comme un homme d&#8217;exception.<\/p>\n<p>Encore un jugement h\u00e2tif, certes, mais je le pr\u00e9f\u00e9rais au premier&#8230;<\/p>\n<p><strong>Ana\u00eblle CYRIL<\/strong><\/p>\n<p>&#8212;&#8212;&#8212;&#8212;&#8212;&#8212;&#8211;<\/p>\n<p>Voil\u00e0&#8230; Le petit jeu est termin\u00e9, et je reprends la main pour vous\u00a0faire une proposition. Elle est \u00e0 prendre ou \u00e0 laisser, comme les autres. Ce n&#8217;est ni une obligation, ni un exercice, ni m\u00eame un conseil. Juste une id\u00e9e qui flotte dans l&#8217;air :<\/p>\n<p>Pensez \u00e0 un proche ou \u00e0 un ami avec lequel vous \u00eates en froid. Retracez \u00ables faits\u00bb qui vous ont \u00e9loign\u00e9s, et \u00e0 la lumi\u00e8re de cette histoire, envisagez un autre sc\u00e9nario, diff\u00e9rent de celui qui vous para\u00eet si \u00e9vident, et qui para\u00eetrait \u00e9vident \u00e0 90% des gens que vous interrogerez&#8230; Vous \u00eates au-dessus des statistiques ! Ce jeu a \u00e9t\u00e9 propos\u00e9 \u00e0 des dizaines de milliers de personnes. Quelques centaines ont accept\u00e9 de jouer et quelques dizaines sont all\u00e9es jusqu&#8217;au bout, consid\u00e9rant suite \u00e0 la premi\u00e8re partie que \u00ab\u00e7a suffisait comme \u00e7a&#8230;\u00bb.<\/p>\n<p>Vous lisez ces lignes ? Vous faites exception !<\/p>\n<p>L&#8217;exp\u00e9rience que je vous sugg\u00e8re \u00e0 pr\u00e9sent n&#8217;est pas de donner raison \u00e0 l&#8217;autre et de vous donner tort. L&#8217;id\u00e9e n&#8217;est pas de vous flageller pour le mal caus\u00e9 par votre jugement ou pour le temps perdu. L&#8217;id\u00e9e est de reprendre dans vos bras un fr\u00e8re, un ami, un parent, ici et maintenant&#8230; L&#8217;id\u00e9e est de faire en sorte qu&#8217;il puisse voir vos enfants ou que vous puissiez voir les siens&#8230;<\/p>\n<p>On dit souvent que pardonner, c&#8217;est oublier. On dit aussi que pardonner, c&#8217;est donner une seconde chance. Et naturellement on pense que ce pardon est accord\u00e9 \u00e0 l&#8217;autre de tout le mal qu&#8217;il nous a fait&#8230; Ce que je vous propose, c&#8217;est un recadrage en compl\u00e9ment :<\/p>\n<p>Pardonner, c&#8217;est oublier votre perception accusatrice. C&#8217;est mettre en sommeil vos biais, le temps de poser un nouveau regard. C&#8217;est donner une seconde chance \u00e0 votre vision de la vie&#8230;<\/p>\n<p>Pardonner, c&#8217;est autoriser la personne que vous auriez pu \u00eatre avant votre jugement, \u00e0 reprendre sa place, puis \u00e0 Devenir&#8230;<\/p>\n<p>A++<\/p>\n<p><strong>St\u00e9phane SOLOMON<\/strong><\/p>\n<!--themify_builder_content-->\n<div id=\"themify_builder_content-2683\" data-postid=\"2683\" class=\"themify_builder_content themify_builder_content-2683 themify_builder tf_clear\">\n    <\/div>\n<!--\/themify_builder_content-->\n","protected":false},"excerpt":{"rendered":"<p>Merci encore \u00e0 tous ceux qui ont jou\u00e9 le jeu suite au pr\u00e9c\u00e9dent article, qui r\u00e9v\u00e9lait une partie de l&#8217;histoire. Voici a pr\u00e9sent l&#8217;histoire dans son int\u00e9gralit\u00e9. Ce n&#8217;est pas la mienne. Je laisse la personne qui l&#8217;a v\u00e9cue vous la raconter, depuis le d\u00e9but : &#8212;&#8212;&#8212;&#8212;&#8212;&#8212;&#8211; Hier, j\u2019avais rendez-vous \u00e0 Paris pour un coaching [&hellip;]<\/p>\n","protected":false},"author":1,"featured_media":2687,"parent":0,"menu_order":0,"comment_status":"closed","ping_status":"closed","template":"","meta":[],"builder_content":"","_links":{"self":[{"href":"https:\/\/auto-coaching.fr\/index.php\/wp-json\/wp\/v2\/pages\/2683"}],"collection":[{"href":"https:\/\/auto-coaching.fr\/index.php\/wp-json\/wp\/v2\/pages"}],"about":[{"href":"https:\/\/auto-coaching.fr\/index.php\/wp-json\/wp\/v2\/types\/page"}],"author":[{"embeddable":true,"href":"https:\/\/auto-coaching.fr\/index.php\/wp-json\/wp\/v2\/users\/1"}],"replies":[{"embeddable":true,"href":"https:\/\/auto-coaching.fr\/index.php\/wp-json\/wp\/v2\/comments?post=2683"}],"version-history":[{"count":3,"href":"https:\/\/auto-coaching.fr\/index.php\/wp-json\/wp\/v2\/pages\/2683\/revisions"}],"predecessor-version":[{"id":2686,"href":"https:\/\/auto-coaching.fr\/index.php\/wp-json\/wp\/v2\/pages\/2683\/revisions\/2686"}],"wp:featuredmedia":[{"embeddable":true,"href":"https:\/\/auto-coaching.fr\/index.php\/wp-json\/wp\/v2\/media\/2687"}],"wp:attachment":[{"href":"https:\/\/auto-coaching.fr\/index.php\/wp-json\/wp\/v2\/media?parent=2683"}],"curies":[{"name":"wp","href":"https:\/\/api.w.org\/{rel}","templated":true}]}}