{"id":2722,"date":"2015-11-05T00:10:44","date_gmt":"2015-11-04T22:10:44","guid":{"rendered":"http:\/\/www.auto-coaching.fr\/?page_id=2722"},"modified":"2015-11-05T14:29:31","modified_gmt":"2015-11-05T12:29:31","slug":"vous-avez-dit-congruence","status":"publish","type":"page","link":"https:\/\/auto-coaching.fr\/index.php\/vous-avez-dit-congruence\/","title":{"rendered":"Vous avez dit Congruence ?"},"content":{"rendered":"<p>Bonjour ,<\/p>\n<p>Vous le savez peut-\u00eatre, j\u2019all\u00e8ge p\u00e9riodiquement mon fichier en supprimant les adresses des \u00ablecteurs\u00bb\u00a0qui ne me lisent plus. Juste avant de cesser mes envois, les lecteurs en instance re\u00e7oivent un courrier qui les invite \u00e0 cliquer sur un lien s\u2019ils souhaitent continuer \u00e0 me suivre. Ainsi, ce dernier courrier peut servir de lettre d\u2019adieu ou de lettre d&#8217;\u00e9veil.<\/p>\n<p>Eric, un lecteur qui a re\u00e7u l\u2019ultime courrier, trouve que cette \u00abd\u00e9marche d\u2019exclusion\u00bb est proche de celle qui consiste \u00e0 chasser (ou \u00e0 fuir) les personnes n\u00e9gatives. Et comme ma rengaine du moment\u00a0vous sugg\u00e8re plut\u00f4t de\u00a0reconsid\u00e9rer les \u00abn\u00e9gatifs\u00bb sous un angle\u00a0bienveillant, il m\u2019interroge sur ma Congruence. Ne devrais-je pas laisser tout le monde me lire en toute libert\u00e9, sans fliquer les bons et les mauvais lecteurs ?<\/p>\n<h2><strong>Congruence<\/strong><\/h2>\n<p>Pour rappel, vous \u00eates congruent ou congruente, lorsque votre monde ext\u00e9rieur est align\u00e9 sur votre monde int\u00e9rieur. Par exemple, si vous avez la conviction intime qu\u2019il est toujours possible d\u2019expliquer les choses aux enfants sans crier, mais qu\u2019en pratique vous ne pouvez pas vous emp\u00eacher de leur hurler dessus, c\u2019est un manque de Congruence. J\u2019aimerais vous rassurer\u00a0: nous souffrons tous de ce type de d\u00e9calage. Mais le simple fait de conna\u00eetre le mot\u00a0<strong>Congruence<\/strong>\u00a0peut parfois am\u00e9liorer la situation.<\/p>\n<p>Pour en revenir \u00e0 la remarque d\u2019Eric, effectivement, j\u2019ai mis en place un syst\u00e8me qui met fin \u00e0 la relation auteur-lecteur au bout de 3 mois d\u2019inactivit\u00e9, et il est possible de le voir comme une d\u00e9marche d&#8217;exclusion. Toutefois, je ne consid\u00e8re pas qu&#8217;une personne qui ne me lit plus est \u00abn\u00e9gative\u00bb. Je constate juste que ce que j&#8217;\u00e9cris ne l&#8217;int\u00e9resse plus puisqu&#8217;elle n&#8217;ouvre pas mon courrier. Alors je m&#8217;aligne sur ses actions. C&#8217;est de la Congruence.<\/p>\n<p>Enfin, et je pense que c\u2019est le plus important, avant de cesser la correspondance, j\u2019envoie aux adh\u00e9rents inactifs un courrier qui leur rappelle que la porte restera toujours ouverte\u00a0:\u00a0<strong>il suffit d\u2019un clic<\/strong>\u00a0pour revenir dans le flux. Ils ne sont donc pas exclus.<\/p>\n<p>&#8212;<\/p>\n<p>J\u2019ai failli arr\u00eater mon article sur ce petit recadrage, mais la remarque d\u2019Eric m\u2019invite \u00e0 \u00e9voquer une autre proc\u00e9dure d&#8217;effacement, cette fois sans pr\u00e9avis et sans\u00a0proposition de retour. Certains lecteurs m\u00eame tr\u00e8s assidus pourraient \u00eatre s\u00e9lectionn\u00e9s par mon crit\u00e8re. M\u00eame des lecteurs qui commentent mes articles de fa\u00e7on tr\u00e8s positive pourraient se retrouver exclus. Je m&#8217;en \u00e9loigne sans leur dire adieu, et comme vous allez le d\u00e9couvrir, je trouve cela Congruent.<\/p>\n<p>J\u2019ai mis longtemps \u00e0 prendre cette d\u00e9cision, mais apr\u00e8s de nombreuses aventures (et m\u00e9saventures), cette Congruence-l\u00e0 m\u2019a\u00a0saut\u00e9\u00a0aux yeux&#8230; Vous voulez savoir si \u00e7a vous guette ?\u00a0Vous voulez d\u00e9couvrir la raison pour laquelle je pourrais cesser de vous \u00e9crire sans crier gare ?<\/p>\n<h2>Alignement<\/h2>\n<p>Vous recevez des articles gratuits r\u00e9guli\u00e8rement et vous les lisez. Ce qui est s\u00fbr, c&#8217;est que vous lisez au moins celui-ci. Dans mes courriers,\u00a0utiliser une certain nombre de techniques pour am\u00e9liorer Si pendant 24 mois vous n\u2019adh\u00e9rez \u00e0 aucun des produits que je propose dans mes articles, je l\u00e2che prise&#8230; La correspondance s\u2019arr\u00eate net sans ultimatum. Ceci est valable m\u00eame si vous me lisez assid\u00fbment\u00a0et m\u00eame si vous commentez mes articles r\u00e9guli\u00e8rement. J&#8217;insiste : je n\u2019envoie aucun courrier qui vous pr\u00e9vient de la fin imminente des publications. Il n&#8217;y a donc pas de rattrapage de derni\u00e8re minute.<\/p>\n<p>Si je pr\u00e9f\u00e8re rester silencieux, c\u2019est pour une raison simple\u00a0: quoi que je dise, m\u00eame si je trouve des mots gentils pour faire mes adieux, l&#8217;action r\u00e9sonne n\u00e9gativement. C&#8217;est curieux car il y a eu tout de m\u00eame 2 ann\u00e9es d&#8217;articles gratuits. Mais ce qui appara\u00eet, c&#8217;est la sanction finale, et elle est tr\u00e8s mal per\u00e7ue. C&#8217;est comme si je vous disais :<\/p>\n<p>&#8211; Vous voulez continuer \u00e0 recevoir ma Newsletter gratuitement, alors passez \u00e0 la caisse\u00a0!<\/p>\n<p>C&#8217;est pire de de l&#8217;incongruence. Je trouve \u00e7a cruel, voire pervers. \u00c7a provoque un sentiment de redevabilit\u00e9, voire de culpabilit\u00e9. Pour peu que je tombe dans un mauvais moment financier, \u00e7a entrainerait un sentiment d\u2019impuissance. Pour peu que je tombe dans un moment de rush, \u00e7a rajouterait une pression\u2026 Bref\u00a0: \u00e7a provoque tout ce que je d\u00e9teste\u00a0! Je pr\u00e9f\u00e8re dispara\u00eetre discr\u00e8tement. Quitte \u00e0 ce que vous croyiez que j\u2019ai cess\u00e9 d&#8217;\u00e9crire et que je me suis reconverti dans le sauvetage alpin.<\/p>\n<p>Mais St\u00e9phane, allez-vous me dire, c\u2019est \u00e0 tout \u00e0 votre honneur d\u2019\u00e9pargner \u00e0 vos lecteurs une lettre d\u00e9sagr\u00e9able, mais si vous vous abstenez parce que vous pensez qu\u2019il est possible qu&#8217;ils traversent une mauvaise passe, ne serait-il pas plus congruent de leur proposer votre aide \u00e0 travers des techniques qui solutionneront leurs probl\u00e8mes ?<\/p>\n<p>C\u2019est une bonne question, merci de l\u2019avoir pos\u00e9e, \u00e7a me permet de revenir vers la sacro-sainte Congruence\u00a0:<\/p>\n<p>Mes articles, y compris celui que vous \u00eates en train de lire, contiennent des techniques qui solutionnent des probl\u00e8mes&#8230; Si vous me lisez pendant 2 ans et vous avez toujours le nez dans le guidon,il est pr\u00e9f\u00e9rable de changer de m\u00e9thode. Je vous l&#8217;ai toujours dit et \u00e7a s&#8217;applique \u00e0 moi : apr\u00e8s une p\u00e9riode d&#8217;\u00e9valuation, gardez ce qui vous r\u00e9ussit et jetez ce qui ne vous r\u00e9ussit pas. \u00c7a s&#8217;applique \u00e0 ma Newsletter.<\/p>\n<p>Sur 2 ann\u00e9es glissantes, vous recevez au moins une centaine de courriers. Ils sont cens\u00e9s vous aider \u00e0 progresser, et surtout \u00e0 r\u00e9investir en vous lorsque vous obtenez des r\u00e9sultat. C&#8217;est ma vocation : je veux vous amener \u00e0 consommiez du D\u00e9veloppement Personnel r\u00e9guli\u00e8rement. Je voudrais qu&#8217;au moment o\u00f9 une proposition d&#8217;augmenter votre performance appara\u00eet, vous l&#8217;\u00e9valuiez comme on \u00e9value une boite de chocolats en p\u00e9riode de No\u00ebl. Mes courriers sont des \u00e9chantillons qui devraient vous convaincre. Si pendant 2 ans, ces \u00e9chantillons n&#8217;ont rien donn\u00e9, il ne faut pas insister, et trouver une autre solution.<\/p>\n<p>Vous pourriez me r\u00e9pondre\u00a0que vous n\u2019avez pas le temps, que je tombe mal. Je le con\u00e7ois, \u00e7a peut arriver. Mais si je tombe mal pendant 2 ans, c&#8217;est trop long !<\/p>\n<p>Vous pourriez me dire que vous manquez d\u2019argent, que m\u00eame si je trouve que 20\u20ac c&#8217;est accessible, pour vous c&#8217;est un sacr\u00e9 investissement, je vous r\u00e9pondrai que si vous ne parvenez pas \u00e0 mettre de c\u00f4t\u00e9 1\u00a0euro par mois pour votre D\u00e9veloppement Personnel, alors il est vraiment temps que vous changiez de cr\u00e8merie.<\/p>\n<p>Vous pourriez me dire que justement, ce qui fait la beaut\u00e9 de mon syst\u00e8me, c\u2019est cette gratuit\u00e9, ce don de soi, ce partage continu, cette motivation ind\u00e9fectible&#8230; et je vous r\u00e9pondrai que si en me voyant me d\u00e9carcasser,\u00a0vous concluez que les choses tombent du ciel sans efforts, je suis sacr\u00e9ment mauvais !<\/p>\n<h2>La morale de l&#8217;histoire<\/h2>\n<p>Forc\u00e9ment, vous me voyez venir&#8230; Vous vous dites s\u00fbrement que je suis en train de vous mettre la pression pour adh\u00e9rer \u00e0 ma formation de ce soir&#8230;\u00a0Que je vous menace de vous exclure si vous ne le faites pas, surtout si vous n&#8217;avez rien consomm\u00e9 depuis 2 ans. C&#8217;est une vision possible. Et dans ce cas, je pense que vous devriez quitter le m\u00e9chant manipulateur que je suis, sans pr\u00e9avis. Je sais qu&#8217;il est beaucoup plus facile de se faire quitter que de quitter quelqu&#8217;un mais courage !<\/p>\n<p>L&#8217;autre vision, plus positive, est la suivante :<\/p>\n<p>Je ne supprimerai aucune adresse avant le Printemps prochain, et vous avez encore de beaux jours de partage devant vous. Si la pr\u00e9sente formation ne suscite aucun int\u00e9r\u00eat pour vous, d&#8217;autres occasions se pr\u00e9senteront, et j&#8217;esp\u00e8re que je saurai vous convaincre. Cependant, si la formation de ce soir vous tente,\u00a0vous avez l\u00e0 une excellente occasion de faire d&#8217;une pierre deux coups : am\u00e9liorer vos performances ET remettre les compteurs \u00e0 z\u00e9ro.<\/p>\n<p>A++<\/p>\n<p><strong>St\u00e9phane SOLOMON<\/strong><\/p>\n<!--themify_builder_content-->\n<div id=\"themify_builder_content-2722\" data-postid=\"2722\" class=\"themify_builder_content themify_builder_content-2722 themify_builder tf_clear\">\n    <\/div>\n<!--\/themify_builder_content-->\n","protected":false},"excerpt":{"rendered":"<p>Bonjour , Vous le savez peut-\u00eatre, j\u2019all\u00e8ge p\u00e9riodiquement mon fichier en supprimant les adresses des \u00ablecteurs\u00bb\u00a0qui ne me lisent plus. Juste avant de cesser mes envois, les lecteurs en instance re\u00e7oivent un courrier qui les invite \u00e0 cliquer sur un lien s\u2019ils souhaitent continuer \u00e0 me suivre. Ainsi, ce dernier courrier peut servir de lettre [&hellip;]<\/p>\n","protected":false},"author":1,"featured_media":0,"parent":0,"menu_order":0,"comment_status":"open","ping_status":"open","template":"","meta":[],"builder_content":"","_links":{"self":[{"href":"https:\/\/auto-coaching.fr\/index.php\/wp-json\/wp\/v2\/pages\/2722"}],"collection":[{"href":"https:\/\/auto-coaching.fr\/index.php\/wp-json\/wp\/v2\/pages"}],"about":[{"href":"https:\/\/auto-coaching.fr\/index.php\/wp-json\/wp\/v2\/types\/page"}],"author":[{"embeddable":true,"href":"https:\/\/auto-coaching.fr\/index.php\/wp-json\/wp\/v2\/users\/1"}],"replies":[{"embeddable":true,"href":"https:\/\/auto-coaching.fr\/index.php\/wp-json\/wp\/v2\/comments?post=2722"}],"version-history":[{"count":7,"href":"https:\/\/auto-coaching.fr\/index.php\/wp-json\/wp\/v2\/pages\/2722\/revisions"}],"predecessor-version":[{"id":2736,"href":"https:\/\/auto-coaching.fr\/index.php\/wp-json\/wp\/v2\/pages\/2722\/revisions\/2736"}],"wp:attachment":[{"href":"https:\/\/auto-coaching.fr\/index.php\/wp-json\/wp\/v2\/media?parent=2722"}],"curies":[{"name":"wp","href":"https:\/\/api.w.org\/{rel}","templated":true}]}}