{"id":2725,"date":"2015-11-05T01:27:09","date_gmt":"2015-11-04T23:27:09","guid":{"rendered":"http:\/\/www.auto-coaching.fr\/?page_id=2725"},"modified":"2015-11-05T12:44:25","modified_gmt":"2015-11-05T10:44:25","slug":"grandeur-d-ame","status":"publish","type":"page","link":"https:\/\/auto-coaching.fr\/index.php\/grandeur-d-ame\/","title":{"rendered":"Grandeur d&#8217;\u00e2me"},"content":{"rendered":"<p>Lorsque mon grand-p\u00e8re \u00e9tait petit, sa maman lui donnait toujours une pomme pour sa collation de 10h. A l&#8217;heure de la r\u00e9cr\u00e9ation, il l&#8217;\u00e9pluchait au dessus de la corbeille de l&#8217;instituteur. Le ca\u00efd de la classe se moquait toujours de lui en le regardant sortir sa pomme de son cartable&#8230;<\/p>\n<div class=\"text_exposed_show\">\n<p>&#8211; Bouh&#8230; Le petit b\u00e9b\u00e9 \u00e0 sa maman va manger sa pomme !!!<\/p>\n<p>Tr\u00e8s affect\u00e9, mon grand-p\u00e8re n&#8217;osa plus manger\u00a0sa collation pendant plusieurs jours. Mais chaque matin, sa maman mettait dans son cartable la pomme de 10h.\u00a0Face \u00e0 cette pers\u00e9v\u00e9rance inspirante,\u00a0il reprit son rituel matinal,\u00a0et le m\u00eame sc\u00e9nario se produisit pendant l&#8217;\u00e9pluchage :<\/p>\n<p>&#8211; Bouh&#8230; Le petit b\u00e9b\u00e9 \u00e0 sa maman va manger sa pomme !!!<\/p>\n<p>Un jour, alors qu&#8217;il se dirigeait vers la cour en mangeant sa pomme, mon grand-p\u00e8re se rendit compte qu&#8217;il avait oubli\u00e9 de ranger quelques\u00a0affaires. Il revint dans la salle de cours, et \u00e0 sa grande surprise, il vit le gar\u00e7on-moqueur, seul, pench\u00e9 au-dessus de la corbeille, en train de manger les \u00e9pluchures de la pomme. Ils se regard\u00e8rent tous les deux, m\u00e9dus\u00e9s !<\/p>\n<p>Ce soir-l\u00e0, \u00e0 table, mon grand-p\u00e8re raconta l&#8217;\u00e9pisode. Son p\u00e8re en profita pour expliquer \u00e0 toute la famille (12 enfants), que certains parents \u00e9taient trop pauvres pour acheter des fruits\u00a0\u00e0 leurs enfants, et que parfois, ce manque se manifestait par la jalousie. Ce gar\u00e7on, qui avait tr\u00e8s envie de manger une pomme n&#8217;a pas trouv\u00e9 d&#8217;autres moyens de s&#8217;exprimer qu&#8217;en se moquant.<\/p>\n<p>Il conclut en regardant son fils dans les yeux, et en lui posant une question :<\/p>\n<p>&#8211; Que vas-tu faire de cette histoire ?<\/p>\n<p>Mon grand-p\u00e8re r\u00e9fl\u00e9chit&#8230; Il \u00e9tait habitu\u00e9 \u00e0 ce genre de questions existentielles, car son p\u00e8re ne passait jamais \u00e0 c\u00f4t\u00e9 d&#8217;une occasion de \u00able\u00e7on de vie\u00bb&#8230; Apr\u00e8s quelques secondes, il r\u00e9pondit :<\/p>\n<p>&#8211; Si on se moque encore de moi, je saurai que c&#8217;est s\u00fbrement parce qu&#8217;on est jaloux&#8230;<\/p>\n<p>&#8211; Bien ! Lui dit son p\u00e8re&#8230;<\/p>\n<p>Sa m\u00e8re le regarda fi\u00e8rement. On sentait qu&#8217;elle avait envie d&#8217;ajouter quelque chose, mais le paternel reprit l&#8217;espace qu&#8217;il avait laiss\u00e9, et dit :<\/p>\n<p>&#8211; A ton \u00e2ge c&#8217;est suffisant !<\/p>\n<p style=\"text-align: center;\">***<\/p>\n<p>Le lendemain mon grand-p\u00e8re emmena sa pomme et l&#8217;\u00e9plucha fi\u00e8rement au dessus de la corbeille. Le ca\u00efd qui \u00e9tait si prompt \u00e0 se moquer habituellement ne dit rien&#8230; Il sortit, la t\u00eate basse et les \u00e9paules rentr\u00e9es&#8230;<\/p>\n<p>C&#8217;est alors que mon grand-p\u00e8re se souvint du regard de sa maman la veille au soir. Il y avait quelque chose de PLUS \u00e0 faire de cette histoire, et il venait de le d\u00e9couvrir. Il rattrapa son contempteur, coupa sa pomme en deux, et lui proposa la plus grosse moiti\u00e9. Apr\u00e8s une l\u00e9g\u00e8re h\u00e9sitation, son nouvel ami accepta de bon c\u0153ur, et surtout de bon app\u00e9tit.<\/p>\n<p>Ils devinrent ins\u00e9parables. Avec le\u00a0ca\u00efd \u00e0 ses c\u00f4t\u00e9s, plus\u00a0personne n&#8217;osa se moquer de mon grand-p\u00e8re.<\/p>\n<p>Le soir, \u00e0 table, mon grand-p\u00e8re raconta \u00e0 nouveau son histoire du jour. Son p\u00e8re adopta une posture fi\u00e8re et tendre \u00e0 la fois, et lui dit :<\/p>\n<p>&#8211; Tu as bien grandi depuis hier !<\/p>\n<p>Sa m\u00e8re laissa une p\u00e9pite de joie glisser sur sa joue. Elle venait de confirmer que c&#8217;est bien ce qu&#8217;elle attendait de son fils. Le fait qu&#8217;elle n&#8217;ait pas eu besoin de le dire d\u00e9cupla son sentiment de confiance et de pl\u00e9nitude.<\/p>\n<p style=\"text-align: center;\">***<\/p>\n<p>J&#8217;avais environ 11 ans lorsque mon grand-p\u00e8re me raconta cette histoire. C&#8217;\u00e9tait il y a 37 ans, et si je m&#8217;en souviens toujours, c&#8217;est parce que j&#8217;en avais bien besoin&#8230; D&#8217;ailleurs, j&#8217;en ai eu besoin toute ma vie, et je pense qu&#8217;elle me sauvera encore la mise bien des fois.<\/p>\n<p>Avec mon regard de coach, et aussi mon exp\u00e9rience d&#8217;Homme, je confirme que lorsque les autres nous raillent, nous critiquent, nous d\u00e9couragent, nous mettent des b\u00e2tons dans les roues&#8230; en r\u00e9alit\u00e9 ils appellent \u00e0 l&#8217;aide ! A nous d&#8217;aller de l&#8217;avant et de leur tendre la main une fois renforc\u00e9s.<\/p>\n<p>Pour vous renforcer, pour grandir, autorisez-vous \u00e0 passer \u00e0 l&#8217;action malgr\u00e9 les jugements n\u00e9gatifs, malgr\u00e9 les moqueries, malgr\u00e9 les contraintes&#8230; Mon grand-p\u00e8re a eu la chance de d\u00e9couvrir le \u00absecret de l&#8217;action\u00bb tr\u00e8s jeune, lorsqu&#8217;il reprit son rituel \u00e0 l&#8217;heure de la collation. S&#8217;il avait abandonn\u00e9 (et il \u00e9tait sur le point de le faire), il n&#8217;aurait jamais vu ce grand dadet accroupi au dessus de la corbeille&#8230; L&#8217;explication de son p\u00e8re, associ\u00e9e \u00e0 la question \u00abque vas-tu faire de cette histoire ?\u00bb donna du sens \u00e0 un \u00e9v\u00e9nement incompr\u00e9hensible pour un enfant de cet \u00e2ge. L&#8217;accompagnement d&#8217;un Adulte bienveillant permet de mettre de l&#8217;ordre dans ses pens\u00e9es&#8230;<\/p>\n<p>Le silence sacrificiel de sa m\u00e8re, cette expression non-verbale qui tenait en un regard, fut une proposition\u00a0d&#8217;accueillir ce que j&#8217;appelle le \u00abPLUS PLUS\u00bb apr\u00e8s l&#8217;action&#8230;\u00a0Mon grand-p\u00e8re, d&#8217;abord fier d\u2019\u00eatre jalous\u00e9, fut saisi d&#8217;une profonde empathie\u00a0en voyant son ennemi \u00e0 terre. Il comprit le message cach\u00e9 de la veille, et il fit un acte transcendant. Je sais que ce genre d&#8217;action d\u00e9passe beaucoup de gens. Si \u00e7a peut vous rassurer, il d\u00e9passait aussi mon grand-p\u00e8re. C&#8217;est comme \u00e7a&#8230; D\u00e8s fois on se d\u00e9passe !<\/p>\n<p>N&#8217;ayant ni la chance de Newton ni celle de mon grand-p\u00e8re, aucune pomme ne vint \u00e0 mon secours le jour o\u00f9 j&#8217;avais besoin de me d\u00e9passer. Mais j&#8217;avais un grand-p\u00e8re \u00e0 l&#8217;\u00e9coute, qui aimait raconter des histoires : celles de sa vie et beaucoup d&#8217;autres. Vous allez rire mais pendants des ann\u00e9es, j&#8217;ai cru que c&#8217;\u00e9tait lui qui avait \u00e9crit \u00abLes trois mousquetaires\u00bb&#8230;<\/p>\n<p>En me racontant son histoire, on pourrait dire que mon grand-p\u00e8re a gard\u00e9 sur lui une troisi\u00e8me part de pomme. En la partageant avec moi, il a encore grandi. On grandit \u00e0 tout \u00e2ge&#8230;<\/p>\n<p>La comm\u00e9moration r\u00e9cente de son d\u00e9c\u00e8s (17 ans d\u00e9j\u00e0) associ\u00e9e \u00e0 mon actualit\u00e9 du moment m&#8217;a encourag\u00e9 \u00e0 partager son\u00a0bout de pomme avec vous ce matin.\u00a0Que vous participiez \u00e0 ma formation de ce soir ou pas, que vous d\u00e9cidiez d&#8217;en acqu\u00e9rir la vid\u00e9o ou pas, j&#8217;esp\u00e8re que vous saurez appr\u00e9cier la saveur de ce fruit, et que vous accepterez parfois de d\u00e9passer le premier niveau (ignorer la jalousie et rejeter les jaloux), qui est le seul r\u00e9v\u00e9l\u00e9 dans la plupart des livres (lorsqu&#8217;il est r\u00e9v\u00e9l\u00e9). Ce soir, je vous propose du PLUS PLUS.<\/p>\n<p>En passant \u00e0 l&#8217;action malgr\u00e9 la critique, et en acceptant d&#8217;aider ceux qui ne savent pas exprimer leur souffrance autrement que par la critique, vous grandirez ! Et par la m\u00eame occasion, vous ferez grandir l&#8217;\u00e2me de mon grand-p\u00e8re.<\/p>\n<p>A++<\/p>\n<p><strong>St\u00e9phane SOLOMON<\/strong><\/p>\n<\/div>\n<!--themify_builder_content-->\n<div id=\"themify_builder_content-2725\" data-postid=\"2725\" class=\"themify_builder_content themify_builder_content-2725 themify_builder tf_clear\">\n    <\/div>\n<!--\/themify_builder_content-->\n","protected":false},"excerpt":{"rendered":"<p>Lorsque mon grand-p\u00e8re \u00e9tait petit, sa maman lui donnait toujours une pomme pour sa collation de 10h. A l&#8217;heure de la r\u00e9cr\u00e9ation, il l&#8217;\u00e9pluchait au dessus de la corbeille de l&#8217;instituteur. Le ca\u00efd de la classe se moquait toujours de lui en le regardant sortir sa pomme de son cartable&#8230; &#8211; Bouh&#8230; Le petit b\u00e9b\u00e9 [&hellip;]<\/p>\n","protected":false},"author":1,"featured_media":0,"parent":0,"menu_order":0,"comment_status":"open","ping_status":"open","template":"","meta":[],"builder_content":"","_links":{"self":[{"href":"https:\/\/auto-coaching.fr\/index.php\/wp-json\/wp\/v2\/pages\/2725"}],"collection":[{"href":"https:\/\/auto-coaching.fr\/index.php\/wp-json\/wp\/v2\/pages"}],"about":[{"href":"https:\/\/auto-coaching.fr\/index.php\/wp-json\/wp\/v2\/types\/page"}],"author":[{"embeddable":true,"href":"https:\/\/auto-coaching.fr\/index.php\/wp-json\/wp\/v2\/users\/1"}],"replies":[{"embeddable":true,"href":"https:\/\/auto-coaching.fr\/index.php\/wp-json\/wp\/v2\/comments?post=2725"}],"version-history":[{"count":5,"href":"https:\/\/auto-coaching.fr\/index.php\/wp-json\/wp\/v2\/pages\/2725\/revisions"}],"predecessor-version":[{"id":2735,"href":"https:\/\/auto-coaching.fr\/index.php\/wp-json\/wp\/v2\/pages\/2725\/revisions\/2735"}],"wp:attachment":[{"href":"https:\/\/auto-coaching.fr\/index.php\/wp-json\/wp\/v2\/media?parent=2725"}],"curies":[{"name":"wp","href":"https:\/\/api.w.org\/{rel}","templated":true}]}}