{"id":2748,"date":"2015-11-25T15:08:15","date_gmt":"2015-11-25T13:08:15","guid":{"rendered":"http:\/\/www.auto-coaching.fr\/?page_id=2748"},"modified":"2015-11-25T17:00:08","modified_gmt":"2015-11-25T15:00:08","slug":"situation-critique","status":"publish","type":"page","link":"https:\/\/auto-coaching.fr\/index.php\/situation-critique\/","title":{"rendered":"Situation critique"},"content":{"rendered":"<p>Si vous ne deviez commenter qu\u2019un seul article, j\u2019aimerais que ce soit celui-ci. C\u2019est vital ! Je ne vous demande pas d\u2019argent, je vous demande un simple petit commentaire. Si vous ne parvenez pas \u00e0 le faire par gentillesse ou par g\u00e9n\u00e9rosit\u00e9, dites-vous que c\u2019est du donnant-donnant : si \u00e0 un moment ou un autre de notre relation je vous ai \u00e9t\u00e9 utile, pourriez-vous consacrer 2 \u00e0 5 minutes pour m\u2019offrir un commentaire en \u00e9change ? <\/p>\n<p>Apr\u00e8s cet effort, promis : je ne vous demanderai plus ce genre de choses jusqu\u2019en 2020 ! <\/p>\n<h2>De quoi s\u2019agit-il ?<\/h2>\n<p>Comme vous le savez, depuis quelques semaines je vous propose de suivre une formation en ligne intitul\u00e9e \u00abPositivez le n\u00e9gatif\u00bb. Depuis le d\u00e9but de ce lancement, j\u2019ai \u00e9crit une dizaine d\u2019articles accompagn\u00e9s du bouton \u00abInscrivez-vous !\u00bb, et j\u2019ai une bonne nouvelle : Environ 300 personnes ont cliqu\u00e9 sur ce bouton. <\/p>\n<p>Je reformule : environ <b>300 personnes diff\u00e9rentes<\/b> ont cliqu\u00e9 sur \u00abInscrivez-vous\u00bb depuis le d\u00e9but de ma campagne ! <\/p>\n<p>Me voici donc face \u00e0 300 lecteurs motiv\u00e9s par le sujet. Normal ! Il ne s\u2019agit pas de n\u2019importe qui : il s\u2019agit de lecteurs de longue date. Pour certains, bient\u00f4t 7 ans ! <\/p>\n<p>A pr\u00e9sent, un autre chiffre : <b>le nombre total d\u2019inscriptions est de 32 !<\/b><br \/>(Il s\u2019agit du total des deux sessions). <\/p>\n<h2>Vous avez dit Bizarre ?<\/h2>\n<p>C\u2019est \u00e9trange n\u2019est-ce pas ? 9 personnes sur 10 ont cliqu\u00e9 sur \u00abInscrivez-vous !\u00bb et ont abandonn\u00e9 le projet dans la minute qui a suivie. Qu\u2019est-ce qui a bien pu se passer pendant cette minute ? Vous vous rendez-compte de tout ce que je pourrais faire si je poss\u00e9dais ce secret ? <\/p>\n<p>Je crois avoir \u00e9t\u00e9 toujours honn\u00eate avec vous. Derri\u00e8re le bouton \u00abLire la suite\u00bb, j\u2019ai toujours propos\u00e9 la suite d\u2019un article qui venait de commencer. Derri\u00e8re le bouton \u00abr\u00e9pondre au sondage\u00bb, j\u2019ai toujours propos\u00e9 un questionnaire, et derri\u00e8re le bouton \u00abDonnez vos disponibilit\u00e9s\u00bb, j\u2019ai r\u00e9cemment donn\u00e9 acc\u00e8s \u00e0 Doodle pour que vous puissiez s\u00e9lectionner vos dates. <\/p>\n<p>Donc j\u2019ai une question qui me taraude, en particulier si vous faites partie des lecteurs qui ont cliqu\u00e9 et qui n\u2019ont pas valid\u00e9 leur inscription : \u00e0 quoi vous attendiez-vous ? Qu\u2019est-ce que j\u2019aurais bien pu mettre derri\u00e8re le bouton \u00abInscrivez-vous !\u00bb \u00e0 part un formulaire d\u2019inscription ??? <\/p>\n<p>Autrement dit, <b>quelle \u00e9tait votre attente<\/b> au moment du clic, et en quoi ce formulaire d\u2019inscription a-t-il d\u00e9\u00e7u cette attente ? <\/p>\n<p>Si le nombre \u00e9tait anecdotique, je n\u2019en parlerai m\u00eame pas. Mais il ne s\u2019agit pas d\u2019une anecdote : 9 tentatives de commandes avort\u00e9es, c\u2019est tr\u00e8s grave ! Et pour une fois, je n\u2019ai aucune explication. Pas m\u00eame un soup\u00e7on, ni le d\u00e9but d\u2019une supposition. Rien ! C\u2019est pour \u00e7a que j\u2019ai besoin de votre aide. Quitte \u00e0 collecter 300 raisons diff\u00e9rentes, il faut que je sache ! Si je ne peux pas le savoir, autant fermer boutique. <\/p>\n<p>\u00c7a changerait quoi que je le sache ? Je vais vous le dire : <\/p>\n<ul>\n<li>Supposons que vous me r\u00e9pondiez qu\u2019en cliquant, vous pensiez trouver mon Curriculum Vitae, car sans CV du formateur, vous ne validez pas une commande. Solution : j\u2019attacherai mon CV au formulaire d\u2019inscription pour que vous puissiez compl\u00e9ter votre collection.<\/li>\n<li>Supposons que vous me disiez que vous vous attendiez \u00e0 voir un plan de cours. Parce que \u00abpas de plan, pas de formation\u00bb. Pas de probl\u00e8me : je vous fais un plan d\u00e9taill\u00e9 et minut\u00e9 !<\/li>\n<li>Supposons que vous me disiez que vous vous attendiez \u00e0 une vid\u00e9o synth\u00e9tique, avec moi en bermuda sur la plage, en train de sugg\u00e9rer que gr\u00e2ce au contenu de ma formation, vous allez pouvoir me rejoindre sur cette plage la semaine prochaine&#8230; C\u2019est d\u2019accord : je peux vous faire plein de promesses !<\/li>\n<li>Supposons que vous me disiez qu\u2019il n\u2019y a pas assez de mots comme \u00abExtraordinaire !\u00bb, \u00abFantastique !\u00bb, \u00abUnique en France !\u00bb, \u00ab110% !\u00bb, \u00abNe laissez pas passer votre chance !\u00bb&#8230; OK ! J\u2019ai un glossaire des mots qui vendent dans ma biblioth\u00e8que. Je pensais juste que ce n\u2019\u00e9tait pas n\u00e9cessaire entre nous, mais je peux le d\u00e9poussi\u00e9rer&#8230; Je le ferai pour vous !<\/li>\n<li>Supposons que vous me disiez que vous ne pouvez pas acheter une voiture, si on ne vous affiche pas une jeune-femme en bikini en train de la laver dans une position improbable&#8230; Qu\u2019\u00e0 cela ne tienne ! Je peux faire un petit montage, avec une jolie femme aux l\u00e8vres humides et au regard sexy qui vous annonce \u00abMmmm\u2026 La nouvelle formation de St\u00e9phane est arriv\u00e9e. Vite ! Rejoins-moi !\u00bb. Parit\u00e9 oblige : 2 jours plus tard, j\u2019enverrai la m\u00eame chose avec un pompier v\u00eatu d\u2019un simple casque.<\/li>\n<\/ul>\n<p>Allez, j\u2019ai assez fait de propositions. Et \u00e7a commence \u00e0 d\u00e9lirer dans ma t\u00eate ! C\u2019est \u00e0 vous maintenant. Et bien que j\u2019aie pr\u00e9sent\u00e9 la chose avec humour (oui, c\u2019\u00e9tait de l\u2019humour&#8230;), la question est tr\u00e8s sensible. J\u2019ai vraiment besoin de votre aide pour franchir un cap d\u00e9cisif. Sans votre aide, la suite de cette newsletter est compromise. Vous avez la cl\u00e9 de cette suite, comme pour beaucoup de choses, elle s\u2019appelle \u00abCommunication\u00bb. <\/p>\n<p>Encore un mot. Il est possible que ce genre d\u2019article vous agace, car en vous inscrivant vous vouliez du contenu pour nourrir votre D\u00e9veloppement Personnel, et vous ne recevez que des pubs ou des j\u00e9r\u00e9miades d\u2019un marketeur en mal de ventes&#8230; Dans ce cas, je vais \u00eatre oblig\u00e9 de recadrer votre sentiment, en vous r\u00e9v\u00e9lant les techniques de D\u00e9veloppement Personnel qui se trouvent dans cet article : <\/p>\n<h2>Technique 1<\/h2>\n<p>Je ne pense pas que le comportement que vous avez face \u00e0 mes propositions soit fondamentalement diff\u00e9rent de votre comportement face aux propositions de la vie en g\u00e9n\u00e9ral. L\u2019attitude que vous avez adopt\u00e9e vis-\u00e0-vis de ce programme est \u00e0 de nombreux \u00e9gards, le reflet de votre fa\u00e7on de vous informer, de vous former, de consommer, de communiquer, d\u2019\u00e9changer, de prendre une d\u00e9cision&#8230; Vous avez un \u00e9lan, et Plouf ! Apr\u00e8s un clic ou un d\u00e9clic, \u00e7a tombe \u00e0 l\u2019eau&#8230; <\/p>\n<p>Vous voulez changer \u00e7a ? <b>Exprimez-vous !<\/b> Il ne suffit pas de le penser. Formulez-le de fa\u00e7on intelligible, compr\u00e9hensible par d\u2019autres. Dites-vous que m\u00eame un enfant de 6 ans devrait comprendre le cheminement de votre action. Dites-le avec des mots simples, et vous en apprendrez beaucoup sur vous-m\u00eame ! <\/p>\n<p>&#8211; Ah bein oui St\u00e9phane, mais je n\u2019y arrive pas&#8230; Je suis incapable d\u2019\u00e9crire pour moi-m\u00eame ! Je pense beaucoup dans ma t\u00eate, mais je n\u2019\u00e9cris pas&#8230; M\u00eame quand on me demande d\u2019\u00e9crire mes objectifs, mon stylo reste suspendu au dessus de la feuille. <\/p>\n<p>D\u2019o\u00f9 la deuxi\u00e8me technique cach\u00e9e dans cet article : <\/p>\n<h2>Technique 2<\/h2>\n<p>Quand vous ne parvenez pas \u00e0 \u00e9crire pour vous, \u00e9crivez pour quelqu\u2019un d\u2019autre ! En l\u2019occurrence, puisque cette Newsletter nous sert de support, \u00e9crivez-le pour moi ! <\/p>\n<p>Altruiste que vous \u00eates\u2026 <\/p>\n<p>Allez ! Faite-le maintenant ! <\/p>\n<p>(afin que les raisons des uns n\u2019influencent pas les raisons des autres, les commentaires ne seront visibles qu\u2019\u00e0 partir de ce soir). <\/p>\n<p>A++ <\/p>\n<p><b>St\u00e9phane SOLOMON<\/b><\/p>\n<!--themify_builder_content-->\n<div id=\"themify_builder_content-2748\" data-postid=\"2748\" class=\"themify_builder_content themify_builder_content-2748 themify_builder tf_clear\">\n    <\/div>\n<!--\/themify_builder_content-->\n","protected":false},"excerpt":{"rendered":"<p>Si vous ne deviez commenter qu\u2019un seul article, j\u2019aimerais que ce soit celui-ci. C\u2019est vital ! Je ne vous demande pas d\u2019argent, je vous demande un simple petit commentaire. Si vous ne parvenez pas \u00e0 le faire par gentillesse ou par g\u00e9n\u00e9rosit\u00e9, dites-vous que c\u2019est du donnant-donnant : si \u00e0 un moment ou un autre [&hellip;]<\/p>\n","protected":false},"author":1,"featured_media":0,"parent":0,"menu_order":0,"comment_status":"open","ping_status":"open","template":"","meta":[],"builder_content":"","_links":{"self":[{"href":"https:\/\/auto-coaching.fr\/index.php\/wp-json\/wp\/v2\/pages\/2748"}],"collection":[{"href":"https:\/\/auto-coaching.fr\/index.php\/wp-json\/wp\/v2\/pages"}],"about":[{"href":"https:\/\/auto-coaching.fr\/index.php\/wp-json\/wp\/v2\/types\/page"}],"author":[{"embeddable":true,"href":"https:\/\/auto-coaching.fr\/index.php\/wp-json\/wp\/v2\/users\/1"}],"replies":[{"embeddable":true,"href":"https:\/\/auto-coaching.fr\/index.php\/wp-json\/wp\/v2\/comments?post=2748"}],"version-history":[{"count":6,"href":"https:\/\/auto-coaching.fr\/index.php\/wp-json\/wp\/v2\/pages\/2748\/revisions"}],"predecessor-version":[{"id":2754,"href":"https:\/\/auto-coaching.fr\/index.php\/wp-json\/wp\/v2\/pages\/2748\/revisions\/2754"}],"wp:attachment":[{"href":"https:\/\/auto-coaching.fr\/index.php\/wp-json\/wp\/v2\/media?parent=2748"}],"curies":[{"name":"wp","href":"https:\/\/api.w.org\/{rel}","templated":true}]}}