{"id":2769,"date":"2015-12-11T11:56:38","date_gmt":"2015-12-11T09:56:38","guid":{"rendered":"http:\/\/www.auto-coaching.fr\/?page_id=2769"},"modified":"2015-12-13T10:38:44","modified_gmt":"2015-12-13T08:38:44","slug":"avez-vous-un-gremlin-dans-la-caboche","status":"publish","type":"page","link":"https:\/\/auto-coaching.fr\/index.php\/avez-vous-un-gremlin-dans-la-caboche\/","title":{"rendered":"Avez-vous un gremlin dans la caboche ?"},"content":{"rendered":"<p>Voici un commentaire que j&#8217;ai re\u00e7u\u00a0de Jacqueline vendredi\u00a0matin. Vraiment, elle exag\u00e8re ! Je lui ai r\u00e9serv\u00e9 une r\u00e9ponse \u00e0 la hauteur de son intellect ! Si vous n&#8217;aimez pas les recadrages violents, ne lisez surtout pas la suite.<\/p>\n<p>&#8212;&#8212;&#8212;&#8212;&#8212;&#8212;&#8212;&#8212;&#8212;&#8212;&#8212;&#8212;<\/p>\n<p>Bonsoir\u00a0St\u00e9phane,<\/p>\n<p>Oui, j\u2019aime beaucoup l\u2019alternance \u00e9crit-vid\u00e9o. J\u2019ai m\u00eame failli m\u2019inscrire et payer les 40\u20ac\u2026<\/p>\n<p>et puis j\u2019ai eu un doute : je crois bien que je me suis tout de m\u00eame inscrite pour le webinair, m\u00eame si je me suis embrouill\u00e9e \u00e0 la fois pour le paiement et pour la pr\u00e9sence au second webinair (je me suis tromp\u00e9e de message et je tombais toujours sur le replay de la premi\u00e8re s\u00e9ance).\u00a0Alors je me permets de vous demander confirmation de mon inscription (je ne voudrais pas rater \u00e7a !).<\/p>\n<p>En relisant mon commentaire, je m\u2019aper\u00e7ois que j\u2019ai vraiment l\u2019air d\u2019une cruche en informatique\u2026 le plus bizarre dans mon histoire est que je suis au contraire tr\u00e8s \u00e0 l\u2019aise en g\u00e9n\u00e9ral avec tout le num\u00e9rique et je me demande quel est le gremlin qui veut m\u2019emp\u00eacher de voir ce programme.<br \/>\nMerci St\u00e9phane et (je l\u2019esp\u00e8re) \u00e0 bientot.<\/p>\n<p>Jacqueline<\/p>\n<p>&#8212;&#8212;&#8212;&#8212;&#8212;&#8212;&#8212;&#8212;&#8212;&#8212;&#8212;&#8212;<\/p>\n<h2>Ma r\u00e9ponse \u00e0 Jacqueline (et \u00e0 tous ceux qui ont un Gremlin dans la t\u00eate)<\/h2>\n<p>J\u2019adore !!!!<\/p>\n<p>Vous ne pouvez pas savoir \u00e0 quel point vous me remontez le moral ! J\u2019ai parfois l\u2019impression d&#8217;\u00e9crire pour rien ni personne\u00a0! Mais lorsque vous terminez votre prose par :<\/p>\n<p><em>\u00abje suis tr\u00e8s \u00e0 l\u2019aise en g\u00e9n\u00e9ral avec tout le num\u00e9rique et je me demande quel est le gremlin qui veut m\u2019emp\u00eacher de voir ce programme\u00bb<\/em><\/p>\n<p>nous sommes en plein dedans ! Dans le D\u00e9veloppement Personnel \u00e0 fond les manettes ! Vous avez tout compris : bien s\u00fbr qu\u2019il y a un gremlin l\u00e0-dessous ! Et il vous attaque sur votre point fort, pas sur vos points faibles : il veut vous faire passer pour une cruche dans un domaine qui vous est familier.<\/p>\n<p>Lorsque je me suis lanc\u00e9 dans les webinaires, il m\u2019est arriv\u00e9 exactement la m\u00eame chose : j\u2019ai \u00e9t\u00e9 incapable de r\u00e9gler un probl\u00e8me technique, en plein direct !\u00a0Bien-s\u00fbr il y avait le trac, mais \u00e7a n&#8217;explique pas tout&#8230; d&#8217;autant plus qu&#8217;avant de me lancer dans le coaching, je travaillais dans l&#8217;informatique.\u00a0J&#8217;avais parfois la charge de gros parcs h\u00e9t\u00e9rog\u00e8nes (Mac, PC, AS400&#8230;) \u00e0 mettre en r\u00e9seau. Je peux vous dire que les ordinateurs, je ma\u00eetrise !<\/p>\n<p>Pourtant, m\u00eame lorsque mon ordinateur a red\u00e9marr\u00e9, j\u2019ai fait 14 minutes de webinaire seul, croyant que j\u2019\u00e9tais en ligne. J\u2019ai juste oubli\u00e9 d\u2019appuyer sur le bouton de diffusion\u00a0avant de parler\u2026 Je voyais le compteur des participants baisser, et je me disais que c\u2019\u00e9tait bizarre ! Parce que ce que je disais \u00e9tait passionnant (je me passionnais moi-m\u00eame) :\u00a0il \u00e9tait impossible qu\u2019ils s\u2019en aillent \u00e0 cause de ce que je disais. Au bout d\u2019un moment, j\u2019ai compris qu\u2019ils partaient parce qu\u2019ils ne me voyaient pas. Ils voyaient une mire qui disait que j\u2019allais revenir&#8230;<\/p>\n<p><strong>Alors ? Elle n\u2019est pas cruche mon histoire ?!!!<\/strong><\/p>\n<p>Aujourd&#8217;hui encore,il y a des lecteurs qui ne parviennent toujours pas \u00e0 me pardonner \u00e7a ! Ils ont une allergie du webinaire. Comble de l&#8217;ironie, c&#8217;est ce soir-l\u00e0 que j&#8217;ai r\u00e9uni plus de 120 sectateurs (mon record)&#8230; Quel pub ! Ce jour-l\u00e0, j&#8217;ai massacr\u00e9 le produit&#8230; Et si je paye les pots cass\u00e9s, ce n&#8217;est pas \u00e0 cause de la gravit\u00e9 de l\u2019\u00e9v\u00e9nement (je pense que tout le monde a v\u00e9cu pire dans sa vie), mais parce que \u00able droit \u00e0 l&#8217;erreur\u00bb n&#8217;est pas accord\u00e9 par beaucoup de gens. J&#8217;ai beau \u00e9crire sur le sujet et recueillir de tr\u00e8s beaux t\u00e9moignages, lorsqu&#8217;il s&#8217;agit de le mettre ne pratique (surtout avec moi), c&#8217;est beaucoup plus difficile. Un peu comme ces th\u00e9or\u00e8mes math\u00e9matiques que nos enfants apprennent par-c\u0153ur, sans vraiment savoir \u00e0 quel moment ils leur seront utiles&#8230;<\/p>\n<p>Certaines personnes pensent que je le fais expr\u00e8s parce que \u00e7a fait mon buzz&#8230; Je suis d\u00e9sol\u00e9 de les d\u00e9cevoir mais non ! C&#8217;est la vie ! Je fais autant d&#8217;erreur que vous. La seule diff\u00e9rence, c&#8217;est que si quelque chose me tient \u00e0 c\u0153ur, je vais jusqu&#8217;au bout. Je ne prends pas l&#8217;erreur comme un \u00absigne\u00bb que je dois m&#8217;arr\u00eater, mais comme une r\u00e9sistance au changement : le fameux Gremlin qui nous rend ch\u00e8vre&#8230;<\/p>\n<p>Revenons \u00e0 vous : lorsque vous vous inscrivez par CB, vous recevez 2 courriers : un premier de PAYPAL qui vous fait un r\u00e9capitulatif de votre paiement, et un deuxi\u00e8me de ma part, qui vous souhaite la bienvenue et vous donne les \u00e9l\u00e9ments pour de connexion.<\/p>\n<p>Il est quasiment impossible que vous ne receviez aucun de ces deux courriers. Ils partent de deux machines diff\u00e9rentes, et chacune d\u2019entre-elles renvoie le courrier plusieurs fois dans le cas o\u00f9 il y aurait une erreur de r\u00e9ception. En plus, vous \u00eates chez Orange, donc l\u2019erreur dont je parle est quasiment impossible (comme chez tous les grands op\u00e9rateurs).<\/p>\n<p>Je comprends que les personnes qui ont du mal avec l\u2019informatique effacent ces courriers, puis m\u2019engueulent en me traitant de voleur\u00a0! Mais si vous \u00eates \u00e0 l\u2019aise en informatique, il est impossible d\u2019effacer des courriers aussi importants. Donc \u00e7a ne peut \u00eatre qu\u2019un Gremlin\u00a0!\u00a0Un saboteur qui vient tout planter&#8230;\u00a0Et comme on sait qu\u2019il s\u2019agit de petits monstres imaginaires, on revient vers la psychologie de l\u2019humain, l\u2019inconscient, la r\u00e9sistance au changement\u2026<\/p>\n<p>C\u2019est beau de reconna\u00eetre \u00e7a : <strong>\u00e7a ouvre des portes !<\/strong> Ca permet d\u2019\u00eatre plus vigilent, plus m\u00e9thodique, et surtout de s\u2019ouvrir aux autres, car vous savez que ce qui vous arrive n\u2019est pas une maladie orpheline. C\u2019est une le\u00e7on d\u2019humilit\u00e9 et de tol\u00e9rance. C\u2019est pour \u00e7a que lorsqu\u2019on critique quelqu\u2019un en ma pr\u00e9sence (en le traitant \u00abd\u2019incomp\u00e9tent\u00bb dans le sens p\u00e9joratif du terme), je r\u00e9ponds\u00a0:<\/p>\n<p>\u2013 Fais ce qu\u2019il fait, et on en parle apr\u00e8s !<\/p>\n<p>Alors je vous le confirme : vous \u00eates la cruche, la nunuche du jour\u2026 Vous n\u2019\u00eates pas la seule, mais vous \u00eates l\u2019une des rares \u00e0 reconna\u00eetre que \u00e7a cache quelque chose de plus profond que \u00abj\u2019ai pas envie\u00bb ou \u00abj\u2019ai pas b\u2019soin\u00bb ou \u00abj&#8217;ai pas d&#8217;argent\u00bb ou \u00abj&#8217;ai pas le temps\u00bb&#8230; Vous savez que derri\u00e8re ce programme\u00a0se trouve une cl\u00e9, et que vous y r\u00e9sistez, comme tout \u00eatre humain r\u00e9siste au changement. Vous vous rendez-compte du nombre de personnes que vous allez rencontrer en acceptant l&#8217;id\u00e9e qu&#8217;elles ne sont pas si n\u00e9gatives que \u00e7a ? Vous vous rendez-compte du temps que vous allez gagner si chacune d&#8217;entre-elles vous offrait\u00a020 minutes ?<\/p>\n<p>J\u2019ai remarqu\u00e9 que lorsque je parlais de ce ph\u00e9nom\u00e8ne de r\u00e9sistance\u00a0en me prenant comme exemple, \u00e7a me desservait, car les gens aiment prendre les coachs pour des Supermen ! Je devrais donc \u00eatre infaillible,\u00a0toujours au taquet, montrant l\u2019exemple au commun des\u00a0mortels. Or justement, en racontant mes d\u00e9boires, je\u00a0veux\u00a0montrer que tout \u00e7a n\u2019a\u00a0pas d\u2019importance majeure. Bien-s\u00fbr que c&#8217;est d\u00e9sagr\u00e9able, frustrant, inqui\u00e9tant, \u00e9nervant&#8230; Mais l\u2019important c&#8217;est d\u2019aller jusqu\u2019au bout !<\/p>\n<blockquote><p>Superman n\u2019est pas Super parce qu\u2019il est infaillible. Superman est Super parce qu\u2019il va jusqu\u2019au bout de sa Mission !<\/p><\/blockquote>\n<p>Je suis s\u00fbr que Thomas EDISON aurait pu r\u00e9aliser la lampe \u00e9lectrique bien avant la 10.000\u00e8me exp\u00e9rience. Mais il avait des \u00abGremlins\u00bb dans ses ateliers, et il le savait ! Il s&#8217;y est donc pris 10.000 fois. Gremlin ou pas, il est all\u00e9 jusqu&#8217;au bout !<\/p>\n<p>Jacqueline, concernant votre inscription, vous n\u2019avez plus rien \u00e0 payer. Vous vous \u00eates inscrite depuis le 25 novembre et vous avez re\u00e7u\u00a0tous les \u00e9l\u00e9ments pour entrer dans ce nouveau programme (v\u00e9rifiez vos courriers). Mais vous avez bien fait d&#8217;aller jusqu&#8217;au bout et de m&#8217;\u00e9crire. Comme vous le voyez \u00e7a m&#8217;inspire. Et comme j&#8217;aime partager mes inspirations, \u00e7a aidera beaucoup de gens \u00e0 prendre la d\u00e9cision de s&#8217;inscrire \u00e0 ce programme, ou \u00e0 d&#8217;autres.<\/p>\n<p>Malgr\u00e9 tous vos gremlins, vous \u00eates super ! Vous avez entam\u00e9 la d\u00e9marche et vous allez jusqu&#8217;au bout. Pensez \u00e0 tous ceux qui s&#8217;arr\u00eatent net \u00ab\u00e0 cause\u00bb d&#8217;un gremlin qui veut les emp\u00eacher de s&#8217;\u00e9panouir, et qui les bloque d\u00e8s la premi\u00e8re d\u00e9marche&#8230;<\/p>\n<p>J\u2019invite toutes celles et tous ceux qui savent que c\u2019est un gremlin qui les emp\u00eache d\u2019aller vers la performance, de s\u2019inscrire \u00e0 ce nouveau programme (ou \u00e0 un autre). Reconna\u00eetre que vous avez un gremlin en vous, n\u2019est pas un aveu de faiblesse, c\u2019est un super\u00a0pouvoir !<\/p>\n<p>Ne soyez pas infaillible, soyez super !<\/p>\n<p>A++<\/p>\n<p><strong>St\u00e9phane SOLOMON<\/strong><\/p>\n<!--themify_builder_content-->\n<div id=\"themify_builder_content-2769\" data-postid=\"2769\" class=\"themify_builder_content themify_builder_content-2769 themify_builder tf_clear\">\n    <\/div>\n<!--\/themify_builder_content-->\n","protected":false},"excerpt":{"rendered":"<p>Voici un commentaire que j&#8217;ai re\u00e7u\u00a0de Jacqueline vendredi\u00a0matin. Vraiment, elle exag\u00e8re ! Je lui ai r\u00e9serv\u00e9 une r\u00e9ponse \u00e0 la hauteur de son intellect ! Si vous n&#8217;aimez pas les recadrages violents, ne lisez surtout pas la suite. &#8212;&#8212;&#8212;&#8212;&#8212;&#8212;&#8212;&#8212;&#8212;&#8212;&#8212;&#8212; Bonsoir\u00a0St\u00e9phane, Oui, j\u2019aime beaucoup l\u2019alternance \u00e9crit-vid\u00e9o. J\u2019ai m\u00eame failli m\u2019inscrire et payer les 40\u20ac\u2026 et puis [&hellip;]<\/p>\n","protected":false},"author":1,"featured_media":0,"parent":0,"menu_order":0,"comment_status":"open","ping_status":"open","template":"","meta":[],"builder_content":"","_links":{"self":[{"href":"https:\/\/auto-coaching.fr\/index.php\/wp-json\/wp\/v2\/pages\/2769"}],"collection":[{"href":"https:\/\/auto-coaching.fr\/index.php\/wp-json\/wp\/v2\/pages"}],"about":[{"href":"https:\/\/auto-coaching.fr\/index.php\/wp-json\/wp\/v2\/types\/page"}],"author":[{"embeddable":true,"href":"https:\/\/auto-coaching.fr\/index.php\/wp-json\/wp\/v2\/users\/1"}],"replies":[{"embeddable":true,"href":"https:\/\/auto-coaching.fr\/index.php\/wp-json\/wp\/v2\/comments?post=2769"}],"version-history":[{"count":7,"href":"https:\/\/auto-coaching.fr\/index.php\/wp-json\/wp\/v2\/pages\/2769\/revisions"}],"predecessor-version":[{"id":2776,"href":"https:\/\/auto-coaching.fr\/index.php\/wp-json\/wp\/v2\/pages\/2769\/revisions\/2776"}],"wp:attachment":[{"href":"https:\/\/auto-coaching.fr\/index.php\/wp-json\/wp\/v2\/media?parent=2769"}],"curies":[{"name":"wp","href":"https:\/\/api.w.org\/{rel}","templated":true}]}}