{"id":279,"date":"2012-11-15T11:46:09","date_gmt":"2012-11-15T11:46:09","guid":{"rendered":"http:\/\/www.auto-coaching.fr\/?page_id=279"},"modified":"2018-10-22T12:33:43","modified_gmt":"2018-10-22T11:33:43","slug":"conclusion-peu-et-sans","status":"publish","type":"page","link":"https:\/\/auto-coaching.fr\/index.php\/conclusion-peu-et-sans\/","title":{"rendered":"Conclusion : &agrave; PEU et &agrave; SANS"},"content":{"rendered":"<p>Dans cet article, je conclue le d\u00e9bat concernant les deux pr\u00e9c\u00e9dents messages (Une soci\u00e9t\u00e9 \u00e0 PEU et \u00e0 SANS <a href=\"http:\/\/www.auto-coaching.fr\/index.php\/une-societe-peu-et-sans-1-2\/\">partie 1<\/a> et <a href=\"http:\/\/www.auto-coaching.fr\/index.php\/une-societe-peu-et-sans-2-2\/\">partie 2<\/a>). Vous pouvez continuer \u00e0 commenter les messages pr\u00e9c\u00e9dents.<\/p>\n<h2>D\u00e9composons le probl\u00e8me :<\/h2>\n<ul>\n<li>Mon \u00e9thique personnelle m\u2019emp\u00eache de vous \u00e9crire un message qui contient, entre autres choses affreuses, le paradigme \u00ab demain il sera trop tard ! \u00bb ou encore \u00ab si vous ne saisissez pas cette chance, vous serez maudit \u00bb .<\/li>\n<li>Mes concurrents utilisent cette contrainte avec force et conviction, tout en pensant qu\u2019ils font du bien. Selon eux, cette manipulation est gagnant\/gagnant : des adh\u00e9rents rapides par anxi\u00e9t\u00e9, et heureux \u00e0 terme. Le tout doubl\u00e9 par une rentabilit\u00e9 imm\u00e9diate&#8230; Que du bonheur pour les deux partis !<\/li>\n<\/ul>\n<p>Dans ces circonstances, je ne peux pas m\u2019opposer \u00e0 leur marketing, car mon \u00e9thique devient une croyance limitante. Il me suffirait de penser comme eux et d\u2019agir comme eux pour rentabiliser TIME-COACH. J\u2019en ai les moyens&#8230; Je sais faire ! Je ne pourrai certainement pas appliquer un marketing de ce type avec vous (ce serait trop gros comme \u00abficelle\u00bb apr\u00e8s ce que je viens d\u2019expliquer), mais je peux le faire avec les nouveaux arrivants, qui en sont encore aux premiers messages.<\/p>\n<p>Votre comportement vis-\u00e0-vis de mon marketing, associ\u00e9 au succ\u00e8s de mes concurrents, risque de changer mes m\u00e9thodes. Une fois que ces m\u00e9thodes porteront leurs fruits, je n\u2019aurai plus de raisons de vous \u00e9crire, je consacrerai mon temps et mon \u00e9nergie aux nouveaux arrivants, plus anxieux, mais plus riches !<\/p>\n<p style=\"margin: 10px 0px 0px;\">N\u2019est-ce pas ainsi qu&#8217;il convient d&#8217;agir ? Quand quelque chose ne fonctionne pas, on le remplace par quelque chose qui fonctionne. C\u2019est ce que je vous encourage \u00e0 faire depuis le d\u00e9but : trouvez un mod\u00e8le qui fonctionne, et foncez. Je suis donc tent\u00e9 de faire ce que je dis&#8230; J\u2019ai un mod\u00e8le qui fonctionne 5 fois mieux : je n\u2019ai plus qu\u2019\u00e0 me baisser !<\/p>\n<h2>Mais alors, qu\u2019est-ce que j\u2019attends ?<\/h2>\n<p>Vous l\u2019avez compris, entre se baisser, et s\u2019abaisser, il n\u2019y a qu\u2019un \u00ab a \u00bb. Et ce \u00ab A \u00bb l\u00e0, je n\u2019y tiens pas ! Quoi qu\u2019en disent mes critiques pr\u00e9f\u00e9r\u00e9s (lecteurs assidus qui plus est), je n\u2019ai pas envie de m\u2019abaisser. Car s\u2019abaisser, c\u2019est r\u00e9duire une \u00e9nergie essentielle \u00e0 toute action : <strong>la motivation !<\/strong><\/p>\n<h2>Que faire pour garder ma motivation et sauver TIME-COACH ?<\/h2>\n<p>Je cherche dans mes techniques de coaching, et je trouve une pratique d\u2019excellence. Une technique de communication positive, non violente, claire, et souvent efficace&#8230; On la nomme \u00ab Assertivit\u00e9 \u00bb.<\/p>\n<p>Bien plus qu\u2019une technique, l\u2019assertivit\u00e9 est une attitude qui se d\u00e9finit comme le refus d\u2019avoir recours \u00e0 :<\/p>\n<ul>\n<li>L\u2019agression<\/li>\n<li>La soumission (de soi)<\/li>\n<li>La manipulation<\/li>\n<\/ul>\n<p>Gasp ! Rien que \u00e7a&#8230; Ajoutez-y cette cons\u00e9quence :<\/p>\n<p style=\"margin: 10px 0px 0px;\"><em>\u00ab Consid\u00e9r\u00e9e comme fondamentale pour la communication non violente, elle produirait un effet d\u2019entra\u00eenement sur le ou les interlocuteurs et permettrait d&#8217;accro\u00eetre la qualit\u00e9 de la relation et la compr\u00e9hension mutuelle, tout en enclenchant un cercle vertueux. \u00bb<\/em><\/p>\n<p style=\"margin: 0px; font-size: 8pt;\">(<a href=\"http:\/\/fr.wikipedia.org\/wiki\/Assertivit\u00e9\">source : WIKIPEDIA<\/a> )<\/p>\n<p style=\"margin: 10px 0px 0px;\">Waouw ! C\u2019est bon \u00e7a pour moi&#8230; Au boulot St\u00e9phane, <strong>sois assertif<\/strong> !<\/p>\n<div style=\"text-align: left; padding-bottom: 0px; background-color: #d6dee7; margin: 12px 0px 0px 20px; padding-left: 10px; padding-right: 10px;\">\n<p>Chers lecteurs, face au manque d\u2019enthousiasme concernant les derniers programmes payants, je me vois contraint de cesser la diffusion de TIME-COACH. Je continuerai \u00e0 vous envoyer encore 3 ou 4 messages (d\u00e9j\u00e0 \u00e9crits), puis, sauf regain d\u2019int\u00e9r\u00eat, ce sera la fin de cette aventure. Merci \u00e0 tous ceux qui ont contribu\u00e9 \u00e0 ces 3 ann\u00e9es de partage.<\/p>\n<\/div>\n<p>Pas d\u2019agression (c\u2019est doux&#8230;), pas de soumission (c\u2019est mon choix), pas de manipulation (c\u2019est vrai) ! Allez envoie !<\/p>\n<ul>\n<li>Euh&#8230; Mais que va penser Jacquot de \u00ab sauf regain d\u2019int\u00e9r\u00eat \u00bb&#8230; Ca fait manipulation, \u00e7a ! On dirait un \u00ab chantage affectif \u00bb&#8230;<\/li>\n<li>Et puis \u00ab je me vois contraint de&#8230; \u00bb, c\u2019est de la soumission. Il faut tronquer \u00e7a !<\/li>\n<\/ul>\n<div style=\"text-align: left; padding-bottom: 0px; background-color: #d6dee7; margin: 12px 0px 0px 20px; padding-left: 10px; padding-right: 10px;\">\n<p>Chers lecteurs, face au manque enthousiasme concernant les derniers programmes payants, j\u2019ai d\u00e9cid\u00e9 de cesser la diffusion de TIME-COACH. Je continuerai \u00e0 vous envoyer encore 3 ou 4 messages (d\u00e9j\u00e0 \u00e9crits), puis, ce sera la fin de cette aventure. Merci \u00e0 tous ceux qui ont contribu\u00e9 \u00e0 ces 3 ann\u00e9es de partage.<\/p>\n<\/div>\n<p>Voil\u00e0&#8230; Vas-y, envoie ! Euh&#8230; Mais l\u00e0 :<\/p>\n<ul>\n<li>Je ne me laisse pas une seconde chance (soumission)<\/li>\n<li>\u00ab face \u00e0 votre inertie, j\u2019ai d\u00e9cid\u00e9 d\u2019arr\u00eater&#8230; \u00bb, \u00e7a ressemble plus \u00e0 une punition qu\u2019\u00e0 une cons\u00e9quence. Punir c\u2019est agresser&#8230;<\/li>\n<li>Pour peu que ce message ait comme effet de multiplier les ventes et les encouragements, je n\u2019arr\u00eaterai pas, car je n\u2019ai pas envie d\u2019arr\u00eater&#8230; Mais alors, si je reviens sur ma d\u00e9cision, Jacquot me dira que j\u2019ai <strong>manipul\u00e9 mon monde<\/strong> en utilisant la technique du \u00ab faux adieu \u00bb&#8230;<\/li>\n<\/ul>\n<p>C\u2019est pas assertif du tout cette histoire !<\/p>\n<p>Essaye encore :<\/p>\n<div style=\"text-align: left; padding-bottom: 0px; background-color: #d6dee7; margin: 12px 0px 0px 20px; padding-left: 10px; padding-right: 10px;\">\n<p>Chers lecteurs, toute belle aventure a une fin. J\u2019ai \u00e9t\u00e9 ravi de vous servir pendant 3 ans, les inscriptions aux programmes payants sont d\u00e9sormais ferm\u00e9es. Les personnes qui se sont inscrites aux sessions de novembre-d\u00e9cembre seront livr\u00e9es comme pr\u00e9vu. Merci \u00e0 tous ceux qui ont contribu\u00e9 \u00e0 ces 3 ann\u00e9es de partage.<\/p>\n<\/div>\n<p>Bein voil\u00e0 ! non-violent, aucune soumission, quelques phrases types pour masquer la douleur. Ce n\u2019est pas \u00ab entier \u00bb, mais c\u2019est un pieu mensonge, un beau sacrifice&#8230; Bravo St\u00e9phane, \u00e7a va plaire \u00e0 Jacquot ! Il va certainement te f\u00e9liciter pour cet acte plein de compassion, au service de tes lecteurs\u2026<\/p>\n<p>Sauf si&#8230;<\/p>\n<p>Sauf si Jacquot a d\u00e9cid\u00e9 que j&#8217;\u00e9tais un manipulateur. Dans ce cas, quoi que je fasse, quoi que j&#8217;\u00e9crive, il sera conditionn\u00e9 par cette perception. Je ne serai jamais assertif, car l&#8217;assertivit\u00e9 est soumise \u00e0 la perception de mes lecteurs. A chacun d&#8217;en d\u00e9cider, c&#8217;est une question de CONFIANCE. Quant \u00e0 moi, m\u00eame topo : pour moi, un abandon (surtout sous forme de fuite \u00e9vasive) est une soumission. Soumission au march\u00e9, soumission \u00e0 une posture basse, soumission \u00e0 Jacquot et son arm\u00e9e\u2026<\/p>\n<p>Le dialogue int\u00e9rieur continue :<\/p>\n<p>Ca va plaire \u00e0 Jacquot, OK ! Mais as-tu pens\u00e9 \u00e0 V\u00e9ronique ? Elle qui vient de te laisser un t\u00e9moignage \u00e9mouvant sur le site. Et Nathalie qui t\u2019a \u00e9crit \u00ab comment faites-vous pour tenir face \u00e0 vos d\u00e9tracteurs, j\u2019aimerais faire comme vous&#8230; \u00bb. Et V\u00e9ronique bis, qui s\u2019est inscrite dans une \u00e9cole de coaching parce que tu l\u2019as inspir\u00e9e il y a 2 ans, et qui a obtenu sa certification haut-la-main cet \u00e9t\u00e9&#8230; Et Violette, qui t\u2019a \u00e9crit un jour \u00ab St\u00e9phane, vous \u00eates une bonne personne ! \u00bb, elle a besoin de garder le contact avec de bonnes personnes&#8230; Et Myriam, Evelyne, Suzanne, Eric, Emmanuelle, et tant d\u2019autres professionnels de l\u2019aide&#8230; qui adaptent les articles de tes programmes, et les transforment en outils pour aider leurs clients ou leurs patients ?<\/p>\n<p>Et les 107 personnes qui se sont inscrites sur TASSAG, juste parce que tu leur as dit que \u00e7a valait le coup d\u2019essayer ? Et Beno\u00eet, Mouloud, Didier, Olivier, Aline, Yannick, Guillaume&#8230; qui t\u2019ont contact\u00e9s physiquement, par t\u00e9l\u00e9phone ou par courrier, pour te remercier ou t\u2019offrir un cadeau ? Et Anna qui attend juste un petit signe pour co-\u00e9crire avec toi ? Et Thierry, et Caroline, et Jesse, et plus de 40 autres clients, qui t\u2019ont command\u00e9 des prestations en pr\u00e9sentiel, alors que pour eux, avant TIME-COACH, le coaching \u00e9tait une grande inconnue ou une fumisterie&#8230;<\/p>\n<p>Tous ceux qui te font confiance, qui croient en toi parce que TIME-COACH leur a vraiment apport\u00e9 quelque chose, doivent-ils subir l\u2019assertivit\u00e9 de Jacquot qui n\u2019a rien re\u00e7u parce qu\u2019il n\u2019est pas entr\u00e9 pour recevoir\u2026<\/p>\n<p>Et puis que vaut une assertivit\u00e9 \u00e0 PEU et \u00e0 SANS ? SANS violence, SANS soumission, SANS manipulation&#8230;<\/p>\n<p>Y aurait-il une assertivit\u00e9 <strong>AVEC<\/strong> une composition positive ? Car tous ces \u00ab SANS \u00bb sont d\u00e9j\u00e0 dans ta r\u00e9glementation en vigueur&#8230; <strong>Ton \u00e9thique<\/strong> ! Qu\u2019est-ce qui te distingue des autres \u00ab chips \u00bb ? Pourquoi es-tu croustillant ?<\/p>\n<p>J\u2019observe mes notes sur l\u2019assertivit\u00e9, et je trouve ces attitudes :<\/p>\n<ul>\n<li>L\u2019affirmation de soi<\/li>\n<li>La reconnaissance des \u00eatres diff\u00e9rents, qui ont leur place dans votre univers, et s\u2019ils ne le veulent pas, dans un autre univers.<\/li>\n<li>La recherche d\u2019autres COMMENT quand on a un bon POURQUOI<\/li>\n<li>Le sens des responsabilit\u00e9s<\/li>\n<li>La confiance en ses CHOIX, et le droit de changer de CHOIX, toujours en s\u2019affirmant dans un monde qui change.<\/li>\n<li>Le contr\u00f4le des \u00e9motions n\u00e9gatives<\/li>\n<li>L\u2019usage des encouragements, de la p\u00e9dagogie, de la m\u00e9taphore, du recadrage, de la confrontation&#8230; qui sont des manipulations mentales positives ! Indispensables pour AIDER ceux qui veulent \u00eatre aid\u00e9s.<\/li>\n<\/ul>\n<p>Ca c\u2019est bon ! Et c\u2019est ce que je fais depuis le d\u00e9but. Alors au boulot !<\/p>\n<blockquote><p>Mes deux derniers messages sont dans cette lign\u00e9e.<\/p><\/blockquote>\n<p>Quant \u00e0 \u00ab sauver 5 fois plus de vies \u00bb, ce n\u2019est pas mon aspiration. J\u2019admire les associations qui savent le faire, et je contribue volontiers \u00e0 leurs actions (financi\u00e8rement et par des encouragements). Mais il faut en avoir les \u00e9paules.<\/p>\n<p>Je fais un m\u00e9tier d\u2019AIDE, pas de SAUVETAGE, c\u2019est tr\u00e8s diff\u00e9rent. Je peux <strong>AIDER<\/strong> une personne \u00e0 apprendre \u00e0 nager, mais je n\u2019ai pas le potentiel qui permet de <strong>SAUVER<\/strong> une personne qui se noie. A ma mani\u00e8re, je sauve effectivement des vies, mais il s\u2019agit de personnes proactives, qui d\u00e9cident de s\u2019aider elles-m\u00eames, se consacrant un budget-temps et un budget-argent pour leur D\u00e9veloppement Personnel, comme pour toute autre chose importante \u00e0 leurs yeux.<\/p>\n<p>Elles ne se noient pas puisqu\u2019elles savent nager ! Et elles lib\u00e8rent le temps et les ressources des sauveteurs, qui se consacreront \u00e0 ceux qui ont vraiment besoin d\u2019\u00eatre sauv\u00e9s.<\/p>\n<p>Je suis en qu\u00eate d\u2019une client\u00e8le qui \u00e9vite la culpabilit\u00e9, en l\u2019anticipant par la responsabilit\u00e9. Des personnes qui en agissant pour elles-m\u00eames, font preuve d\u2019une grande solidarit\u00e9 envers les autres.<\/p>\n<p>Elles repr\u00e9senteraient un cinqui\u00e8me de la population, selon de nombreuses sources&#8230; Si j\u2019attire 5 fois moins d\u2019adh\u00e9rents vers mon syst\u00e8me, c\u2019est parce que mon langage s\u2019adresse \u00e0 ce cinqui\u00e8me d\u2019excellence. <strong>C\u2019est un CHOIX, que je confirme ce jour<\/strong>.<\/p>\n<p>Je refuse de dire \u00ab c\u2019est votre derni\u00e8re chance \u00bb, et je refuse de dire \u00ab si vous ne me suivez pas vous le regretterez \u00bb. Pourquoi ? Parce que <strong>plus on culpabilise les gens, moins on les responsabilise<\/strong> !<\/p>\n<p>C\u2019est plus facile et plus tentant d\u2019utiliser la culpabilit\u00e9, parce que \u00e7a touche davantage de monde. Mais la culpabilit\u00e9 est source d\u2019h\u00e9sitations et de procrastinations. Elle vous dirige vers des d\u00e9cisions que d\u2019autres ont choisi \u00e0 votre place&#8230; Ce n\u2019est pas mon \u00e9cole !<\/p>\n<p>Il y a d\u2019autres styles de vie&#8230; D\u2019autres \u00e9coles de pens\u00e9es.<\/p>\n<h2>Rempla\u00e7ons \u00ab demain il sera trop tard par \u00bb :<\/h2>\n<p>Si vous h\u00e9sitiez \u00e0 me rejoindre, aujourd\u2019hui est une nouvelle occasion. C\u2019est un jour important. Il y en aura d\u2019autres, mais vous savez par exp\u00e9rience que lorsque vous ne faite pas un choix volontaire, \u00e0 terme, vous subissez le choix des autres.<\/p>\n<h2>Rempla\u00e7ons \u00ab si vous ne saisissez pas cette chance, vous serez maudit \u00bb, par :<\/h2>\n<p>Si vous avez fait le CHOIX d\u00e9finitif de ne pas adh\u00e9rer \u00e0 mes programmes payants, d\u2019autres syst\u00e8mes vous attendent. Je vous souhaite sinc\u00e8rement de trouver celui qui vous donnera satisfaction \u00e0 tous les niveaux. Vous pouvez vous d\u00e9sinscrire, et je ne vous solliciterai plus.<\/p>\n<h2>Et responsabilisons :<\/h2>\n<p>Les choses auxquelles vous n\u2019accordez pas d\u2019importance, disparaissent subitement, ou progressivement de VOTRE univers. Elles vont rejoindre, en douceur, d\u2019autres univers qui les mettent en valeur, et dans lesquelles elles peuvent exister pleinement.<\/p>\n<p>Choisissez votre programme :<\/p>\n<table border=\"1\" cellspacing=\"1\" cellpadding=\"3\">\n<tbody>\n<tr>\n<th style=\"font-variant: small-caps; font-size: small; border-width: 1px;\">Intitul\u00e9<\/th>\n<th style=\"font-variant: small-caps; width: 354px; font-size: small; border-width: 1px;\">Description<\/th>\n<th style=\"font-variant: small-caps; width: 69px; font-size: small; border-width: 1px;\">Prix<br \/>\nTTC<\/th>\n<\/tr>\n<tr>\n<td style=\"width: 140px; font-size: 10pt; border-width: 1px;\"><a href=\"http:\/\/www.coupon-reponse.fr\/solution.aspx?code=MC6TU6I9&amp;origine=siteAC\">MEMORY-COACH<\/a><\/td>\n<td style=\"width: 354px; font-size: 10pt; border-width: 1px;\">D\u00e9couvrez les rudiments de la mn\u00e9motechnie<\/td>\n<td style=\"width: 69px; border-width: 1px;\">10 \u20ac<\/td>\n<\/tr>\n<tr>\n<td style=\"width: 140px; font-size: 10pt; border-width: 1px;\"><a href=\"http:\/\/www.inscription-minute.fr\/solution.aspx?code=CC30CR91&amp;origine=siteAC\">CONFIANCE-COACH<\/a><\/td>\n<td style=\"width: 354px; font-size: 10pt; border-width: 1px;\">Les meilleures pratiques de la confiance en soi<\/td>\n<td style=\"width: 69px; border-width: 1px;\">39 \u20ac<\/td>\n<\/tr>\n<tr>\n<td style=\"width: 140px; font-size: 10pt; border-width: 1px;\"><a href=\"http:\/\/www.inscription-minute.fr\/solution.aspx?code=PP20INS7&amp;origine=siteAC\">PENSEE++<\/a><\/td>\n<td style=\"width: 354px; font-size: 10pt; border-width: 1px;\">La pens\u00e9e positive au service de vos actions<\/td>\n<td style=\"width: 69px; border-width: 1px;\">20 \u20ac<\/td>\n<\/tr>\n<tr>\n<td style=\"width: 140px; font-size: 10pt; border-width: 1px;\"><a href=\"http:\/\/www.inscription-minute.fr\/solution.aspx?code=RA20IN07&amp;origine=siteAC\">RICHE-ATTITUDE<\/a><\/td>\n<td style=\"width: 354px; font-size: 10pt; border-width: 1px;\">Am\u00e9liorez votre rapport \u00e0 l\u2019argent<\/td>\n<td style=\"width: 69px; border-width: 1px;\">20 \u20ac<\/td>\n<\/tr>\n<tr>\n<td style=\"width: 140px; font-size: 10pt; border-width: 1px;\"><a href=\"http:\/\/www.inscription-minute.fr\/solution.aspx?code=ZC07RI91&amp;origine=siteAC\">ZEN-COACH<\/a><\/td>\n<td style=\"width: 354px; font-size: 10pt; border-width: 1px;\">L\u2019atelier antistress<\/td>\n<td style=\"width: 69px; border-width: 1px;\">29\u20ac<\/td>\n<\/tr>\n<\/tbody>\n<\/table>\n<p>A+<\/p>\n<p><strong>St\u00e9phane SOLOMON<\/strong><\/p>\n<!--themify_builder_content-->\n<div id=\"themify_builder_content-279\" data-postid=\"279\" class=\"themify_builder_content themify_builder_content-279 themify_builder tf_clear\">\n    <\/div>\n<!--\/themify_builder_content-->\n","protected":false},"excerpt":{"rendered":"<p>Dans cet article, je conclue le d\u00e9bat concernant les deux pr\u00e9c\u00e9dents messages (Une soci\u00e9t\u00e9 \u00e0 PEU et \u00e0 SANS partie 1 et partie 2). Vous pouvez continuer \u00e0 commenter les messages pr\u00e9c\u00e9dents. D\u00e9composons le probl\u00e8me : Mon \u00e9thique personnelle m\u2019emp\u00eache de vous \u00e9crire un message qui contient, entre autres choses affreuses, le paradigme \u00ab demain [&hellip;]<\/p>\n","protected":false},"author":1,"featured_media":0,"parent":0,"menu_order":0,"comment_status":"open","ping_status":"open","template":"","meta":[],"builder_content":"","_links":{"self":[{"href":"https:\/\/auto-coaching.fr\/index.php\/wp-json\/wp\/v2\/pages\/279"}],"collection":[{"href":"https:\/\/auto-coaching.fr\/index.php\/wp-json\/wp\/v2\/pages"}],"about":[{"href":"https:\/\/auto-coaching.fr\/index.php\/wp-json\/wp\/v2\/types\/page"}],"author":[{"embeddable":true,"href":"https:\/\/auto-coaching.fr\/index.php\/wp-json\/wp\/v2\/users\/1"}],"replies":[{"embeddable":true,"href":"https:\/\/auto-coaching.fr\/index.php\/wp-json\/wp\/v2\/comments?post=279"}],"version-history":[{"count":13,"href":"https:\/\/auto-coaching.fr\/index.php\/wp-json\/wp\/v2\/pages\/279\/revisions"}],"predecessor-version":[{"id":3683,"href":"https:\/\/auto-coaching.fr\/index.php\/wp-json\/wp\/v2\/pages\/279\/revisions\/3683"}],"wp:attachment":[{"href":"https:\/\/auto-coaching.fr\/index.php\/wp-json\/wp\/v2\/media?parent=279"}],"curies":[{"name":"wp","href":"https:\/\/api.w.org\/{rel}","templated":true}]}}