{"id":2793,"date":"2015-12-24T18:02:01","date_gmt":"2015-12-24T16:02:01","guid":{"rendered":"http:\/\/www.auto-coaching.fr\/?page_id=2793"},"modified":"2015-12-24T18:02:45","modified_gmt":"2015-12-24T16:02:45","slug":"que-la-lumiere-soit","status":"publish","type":"page","link":"https:\/\/auto-coaching.fr\/index.php\/que-la-lumiere-soit\/","title":{"rendered":"Que la lumi&egrave;re soit"},"content":{"rendered":"<p>En 2012, j\u2019ai envoy\u00e9 un courrier intitul\u00e9 \u00abLa Princesse Merveilleuse\u00bb. Une lectrice m\u2019a fait part de son m\u00e9contentement, consid\u00e9rant que cette histoire \u00e9tait misogyne. Quel que soit le \u00abmessage profond\u00bb qui se trouvait derri\u00e8re la m\u00e9taphore, elle ne pouvait pas le percevoir, car la seule chose qui remontait, \u00e9tait cette fa\u00e7on de traiter les femmes&#8230; <\/p>\n<p>C\u2019\u00e9tait la premi\u00e8re fois qu\u2019elle m\u2019\u00e9crivait, et je lui ai demand\u00e9 si en dehors de cette histoire misogyne, un de mes articles pr\u00e9c\u00e9dents lui a fait plaisir ou lui a \u00e9t\u00e9 utile (elle \u00e9tait abonn\u00e9e depuis 2009). Elle m\u2019a r\u00e9pondu que oui, \u00e9videmment, <b>\u00e0 plusieurs reprises<\/b> ! Je lui ai expliqu\u00e9 que ce n\u2019\u00e9tait pas si \u00e9vident pour moi, encore moins en recevant son courrier, puisqu\u2019il s\u2019agissait de son seul retour (en 3 ans). Elle aurait pu m\u2019\u00e9crire <b>\u00e0 plusieurs reprises<\/b> un message enthousiaste. M\u00eame quelque chose de simple et d\u2019\u00e9vasif comme \u00abMerci, votre message d\u2019aujourd\u2019hui tombe \u00e0 pic !\u00bb. Le seul moment o\u00f9 elle a pris le temps de m\u2019\u00e9crire, c\u2019est lorsque j\u2019\u00e9tais apparu comme un \u00absalaud\u00bb. <\/p>\n<p>Au fil de nos \u00e9changes, Maryse a chang\u00e9 de ton. Elle est devenue plus douce, plus amicale, et je me permets de l\u2019affirmer : plus authentique. Elle m\u2019a m\u00eame dress\u00e9 une liste de ses 10 articles pr\u00e9f\u00e9r\u00e9s, s\u2019excusant d\u2019en avoir s\u00fbrement rat\u00e9 quelques-uns. Curieusement, \u00abLa Princesse Merveilleuse\u00bb apparaissant dans cette liste&#8230; <\/p>\n<p>Interrog\u00e9e sur ce revirement, Maryse m\u2019a r\u00e9pondu : <\/p>\n<p>&#8211; Je le trouve toujours aussi sexiste. Mais gr\u00e2ce \u00e0 cet article, j\u2019ai compris \u00e0 quel point j\u2019\u00e9tais \u00abmauvaise\u00bb lorsque quelque chose m\u2019indignait, tout en oubliant d\u2019\u00eatre \u00abagr\u00e9able\u00bb lorsque quelque chose me plaisait ou me faisait du bien. Associ\u00e9 \u00e0 notre correspondance priv\u00e9e, ce texte est malgr\u00e9 lui l\u2019un des plus r\u00e9v\u00e9lateurs de la s\u00e9rie. <\/p>\n<p>Je ne sais pas pourquoi je pense \u00e0 cette histoire maintenant, d\u2019autant qu\u2019elle ne s\u2019est pas produite \u00e0 No\u00ebl. Peut-\u00eatre est-ce parce que la conclusion heureuse m\u2019a fait penser \u00e0 un conte de No\u00ebl&#8230; Peut-\u00eatre est-ce le sentiment de tr\u00eave qui en ressort&#8230; Ou alors parce qu\u2019en cette p\u00e9riode de f\u00eate de de transition je constate que la plupart des gens font plus facilement le choix d\u2019observer la Lumi\u00e8re. <\/p>\n<p>Belles lumi\u00e8res \u00e0 tous. <\/p>\n<p><b>St\u00e9phane SOLOMON<\/b><\/p>\n<!--themify_builder_content-->\n<div id=\"themify_builder_content-2793\" data-postid=\"2793\" class=\"themify_builder_content themify_builder_content-2793 themify_builder tf_clear\">\n    <\/div>\n<!--\/themify_builder_content-->\n","protected":false},"excerpt":{"rendered":"<p>En 2012, j\u2019ai envoy\u00e9 un courrier intitul\u00e9 \u00abLa Princesse Merveilleuse\u00bb. Une lectrice m\u2019a fait part de son m\u00e9contentement, consid\u00e9rant que cette histoire \u00e9tait misogyne. Quel que soit le \u00abmessage profond\u00bb qui se trouvait derri\u00e8re la m\u00e9taphore, elle ne pouvait pas le percevoir, car la seule chose qui remontait, \u00e9tait cette fa\u00e7on de traiter les femmes&#8230; [&hellip;]<\/p>\n","protected":false},"author":1,"featured_media":0,"parent":0,"menu_order":0,"comment_status":"open","ping_status":"open","template":"","meta":[],"builder_content":"","_links":{"self":[{"href":"https:\/\/auto-coaching.fr\/index.php\/wp-json\/wp\/v2\/pages\/2793"}],"collection":[{"href":"https:\/\/auto-coaching.fr\/index.php\/wp-json\/wp\/v2\/pages"}],"about":[{"href":"https:\/\/auto-coaching.fr\/index.php\/wp-json\/wp\/v2\/types\/page"}],"author":[{"embeddable":true,"href":"https:\/\/auto-coaching.fr\/index.php\/wp-json\/wp\/v2\/users\/1"}],"replies":[{"embeddable":true,"href":"https:\/\/auto-coaching.fr\/index.php\/wp-json\/wp\/v2\/comments?post=2793"}],"version-history":[{"count":1,"href":"https:\/\/auto-coaching.fr\/index.php\/wp-json\/wp\/v2\/pages\/2793\/revisions"}],"predecessor-version":[{"id":2794,"href":"https:\/\/auto-coaching.fr\/index.php\/wp-json\/wp\/v2\/pages\/2793\/revisions\/2794"}],"wp:attachment":[{"href":"https:\/\/auto-coaching.fr\/index.php\/wp-json\/wp\/v2\/media?parent=2793"}],"curies":[{"name":"wp","href":"https:\/\/api.w.org\/{rel}","templated":true}]}}