{"id":2800,"date":"2016-01-07T14:18:40","date_gmt":"2016-01-07T12:18:40","guid":{"rendered":"http:\/\/www.auto-coaching.fr\/?page_id=2800"},"modified":"2016-01-07T19:21:05","modified_gmt":"2016-01-07T17:21:05","slug":"quelques-techniques-de-motivation","status":"publish","type":"page","link":"https:\/\/auto-coaching.fr\/index.php\/quelques-techniques-de-motivation\/","title":{"rendered":"Quelques techniques de motivation"},"content":{"rendered":"<p>Les codes de r\u00e9duction propos\u00e9s en d\u00e9but de semaine ne sont plus actifs. Les inscriptions se poursuivent, plus timidement, mais je suis tr\u00e8s satisfait du r\u00e9sultat global. Hier, je me suis occup\u00e9 d\u2019une bonne dizaine de personnes qui m\u2019ont demand\u00e9 une extension de d\u00e9lai. C\u2019est tout \u00e0 fait compr\u00e9hensible : m\u00eame une femme tr\u00e8s motiv\u00e9e par l\u2019offre ne peut pas y adh\u00e9rer si elle est en train d\u2019accoucher&#8230; Il y a des priorit\u00e9s qui font de ma proposition quelque chose de vraiment secondaire.<\/p>\n<p>J\u2019ai donc accept\u00e9 de livrer des codes de r\u00e9duction au cas par cas, aux personnes qui m\u2019ont sollicit\u00e9. Je n\u2019ai pas demand\u00e9 le certificat de naissance de leur enfant pour m\u2019assurer qu\u2019elles disent bien la v\u00e9rit\u00e9 ; je les ai crues sur parole. D\u2019ailleurs, cette d\u00e9marche est toujours d\u2019actualit\u00e9 et la m\u00e9taphore de l\u2019accouchement est suffisante. A moins que vous ayez envie de me raconter pourquoi l\u2019offre vous a \u00e9chapp\u00e9, vous pouvez juste m\u2019\u00e9crire :<\/p>\n<p>&#8211; St\u00e9phane, j\u2019\u00e9tais en train d\u2019accoucher pendant que vous proposiez cette promotion, est-il encore possible de profiter des r\u00e9ductions ?<\/p>\n<p>Et je vous dirai OUI ! M\u00eame si vous vous appelez Jean-Fran\u00e7ois, je vous dirai OUI !<\/p>\n<p>J\u2019adore les m\u00e9taphores. Si lundi et mardi vous \u00e9tiez en train de finaliser le d\u00e9p\u00f4t d\u2019un brevet, vous \u00e9tiez en train d\u2019accoucher une invention. Alors si vous avez envie de me dire que vous \u00e9tiez en train de cr\u00e9er votre entreprise, d\u2019envoyer 100 Curriculum Vitae, de nettoyer une for\u00eat des d\u00e9chets laiss\u00e9s par des promeneurs, de rendre visite \u00e0 un malade, d\u2019aider une famille endeuill\u00e9e \u00e0 vider la maison du d\u00e9funt, etc. cela me fera plaisir de mieux vous conna\u00eetre. Mais pour moi, tout ceci (et bien d\u2019autres choses) peut \u00eatre r\u00e9sum\u00e9 \u00e0 \u00abun accouchement\u00bb. Je ne veux surtout pas qu\u2019une offre sp\u00e9ciale, aussi s\u00e9duisante soit-elle, surgisse en pleine salle de travail, et retarde l\u2019arriv\u00e9e du b\u00e9b\u00e9.<\/p>\n<p>Ce que j\u2019essaye de faire comprendre \u00e0 celles et ceux qui n\u2019ont jamais pu adh\u00e9rer \u00e0 mes programmes, c\u2019est qu\u2019un accouchement ne dure pas 7 ans. Lorsque vous laissez une proposition de D\u00e9veloppement Personnel sous le coude pendant des ann\u00e9es en vous disant qu\u2019il y a plus urgent, nous ne sommes plus dans la m\u00eame dynamique. Et si en d\u00e9couvrant mon offre, votre r\u00e9action s\u2019est limit\u00e9e \u00e0 un haussement d\u2019\u00e9paules, vous ne devriez pas me parler d\u2019un accouchement. Il est temps pour vous de prendre la mesure de ces refus successifs, par int\u00e9grit\u00e9 intellectuelle.<\/p>\n<p>J\u2019ai multipli\u00e9 les d\u00e9marches, les initiatives, les arguments, les motivations pour tenter de vous convaincre. Je me suis m\u00eame damn\u00e9 en vous mettant la pression&#8230; Si vous n\u2019y arrivez toujours pas, soit vous avez quelque chose contre le D\u00e9veloppement Personnel, soit vous avez quelque chose contre moi. Honn\u00eatement, je pr\u00e9f\u00e8rerais que ce soit le deuxi\u00e8me sc\u00e9nario (tant que vous restez non-violent), car cela laisse envisager qu\u2019une nouvelle aventure aupr\u00e8s d\u2019un autre motivateur vous permettra d\u2019avancer. C\u2019est ce que je vous souhaite pour 2016.<\/p>\n<h2>Les cas particuliers, une perte de temps ?<\/h2>\n<p>Passons \u00e0 pr\u00e9sent au traitement des cas particuliers : Jean-Fran\u00e7ois est en train d\u2019accoucher d\u2019une lettre de motivation pour d\u00e9crocher un nouvel emploi, ce qui fait de mon op\u00e9ration quelque chose de tr\u00e8s secondaire. Non seulement je le comprends mais je l\u2019approuve. Une fois le travail termin\u00e9, il lit mes courriers, et se dit \u00abmince ! J\u2019ai rat\u00e9 \u00e7a&#8230;\u00bb. Il me contacte donc pour me demander s\u2019il peut toujours adh\u00e9rer \u00e0 MEMORY-COACH pour 2,50\u20ac. Il profite de l\u2019occasion pour me raconter une tranche de vie qui me demandera 10 minutes de lecture, et comme je ne veux pas lui r\u00e9pondre comme on r\u00e9pondrait \u00e0 un num\u00e9ro de dossier, je lui fais un courrier personnalis\u00e9 en lui proposant \u00e0 la fin, un code de r\u00e9duction sp\u00e9cial qui satisfera sa demande.<\/p>\n<p>Honn\u00eatement, pourquoi je fais \u00e7a ? Ces 20 minutes de mon temps valent plus (beaucoup plus) que les 2,50\u20ac, desquels PAYPAL me retirera 32 cts, et l\u2019Etat au moins 1,10\u20ac&#8230; Je ne devrais m\u00eame pas lire son courrier ! Moi aussi j\u2019ai des priorit\u00e9s !<\/p>\n<p>La r\u00e9ponse tient en deux mots : <strong>empathie et motivation<\/strong>.<\/p>\n<p>L\u2019empathie consiste \u00e0 me rappeler que si effectivement je ne gagnerai rien dans cette transaction, Jean-Fran\u00e7ois, lui, gagnera 7,50\u20ac. Et si mon taux horaire avoisine les 100\u20ac, celui de Jean-Fran\u00e7ois est peut-\u00eatre encore \u00e0 7,50\u20ac&#8230; Mon offre, qui propose des r\u00e9ductions drastiques, part de cette empathie. Cette newsletter s\u2019adresse \u00e0 des personnes qui, dans leur grande majorit\u00e9, n\u2019ont pas les moyens de s\u2019offrir un coaching.<\/p>\n<p>Je reste donc congruent au niveau de mes pens\u00e9es et de mes sentiments : s\u2019il faut une date buttoir pour le collectif, je ne peux pas refuser les traitements de faveur lorsqu\u2019ils me sont demand\u00e9s. Le lendemain de mon offre, ma priorit\u00e9 \u00e9tait l\u2019empathie. C\u2019\u00e9tait pr\u00e9vu avant l\u2019op\u00e9ration !<\/p>\n<h2>Le sentiment d\u2019injustice<\/h2>\n<p>Mais l\u2019empathie ne se limite pas \u00e0 l\u2019argent gagn\u00e9\/perdu\/\u00e9conomis\u00e9\/d\u00e9pens\u00e9&#8230; Parlons de motivation :<\/p>\n<blockquote><p>L\u2019ennemi num\u00e9ro un de la motivation est le sentiment d\u2019injustice.<\/p><\/blockquote>\n<p>Peu importe les faits, nous en avons d\u00e9j\u00e0 parl\u00e9 :<\/p>\n<blockquote><p>Ce que vous ressentez cr\u00e9e une r\u00e9alit\u00e9 int\u00e9rieure qui d\u00e9passe la r\u00e9alit\u00e9 factuelle.<\/p><\/blockquote>\n<p>Si je refuse \u00e0 Jean-Fran\u00e7ois une petite extension de d\u00e9lai, il le ressentira comme une profonde injustice (m\u00eame si j\u2019ai le droit de le faire). Ce sentiment risque de le d\u00e9motiver vis-\u00e0-vis de notre relation, et pire encore : il risque d\u2019irradier sur d\u2019autres motivations. Jean-Fran\u00e7ois n\u2019a vraiment pas besoin de \u00e7a au moment o\u00f9 il s\u2019active pour trouver un emploi. Voil\u00e0 qui rejoint l\u2019empathie&#8230;<\/p>\n<p>Je ne dis pas que mon acceptation va le motiver. Ce qui est ressenti comme juste ne motive pas sp\u00e9cialement. C\u2019est comme un train qui part \u00e0 l\u2019heure, c\u2019est normal ! Mais ce qui est injuste nous met le moral dans les chaussettes. Je suis un auto-coach : je le sais ! Aujourd\u2019hui, vous le savez aussi. Vous voulez garder la motivation en vous et autour de vous ? Veillez \u00e0 chasser le sentiment d\u2019injustice en vous et autour de vous !<\/p>\n<p>Attention toutefois : vous n\u2019avez pas facilement le contr\u00f4le des \u00e9motions des autres, et certaines personnes ont un sens de la justice qui risque de vous d\u00e9stabiliser. Donc ne vous mettez pas en danger en vous soumettant aux moindres caprices. En ce qui me concerne, m\u2019occuper des demandes particuli\u00e8res ne r\u00e9pond pas aux caprices des lecteurs, mais \u00e0 une volont\u00e9 de ma part : \u00e7a renforce la motivation ou du moins, \u00e7a la conserve.<\/p>\n<p>Il reste une question : techniquement, j\u2019ai la possibilit\u00e9 de r\u00e9activer les codes de r\u00e9duction. Je pourrais donc le faire pour tout le monde, et gagner du temps. Pourquoi je ne le fais pas ? Pourquoi je veux traiter des demandes par e-mail au cas par cas ? Je vous explique :<\/p>\n<p>Le sentiment d\u2019Injustice est avant tout un sentiment. Comme tout sentiment, vous pouvez l\u2019amplifier, le r\u00e9duire, le surligner, le repousser, le sublimer, l\u2019inhiber&#8230; Votre outil int\u00e9rieur est la pens\u00e9e. Votre outil ext\u00e9rieur est l\u2019action. Gr\u00e2ce \u00e0 cet article, vous savez que vous pouvez me contacter pour mettre le sentiment d\u2019injustice hors d\u2019\u00e9tat de nuire. Ce qui signifie que votre motivation d\u00e9pend enti\u00e8rement de vous. Pas de moi et mes op\u00e9ration bizarres&#8230; Pas d\u2019une tol\u00e9rance collective, mais de votre action particuli\u00e8re.<\/p>\n<h2>Moralit\u00e9<\/h2>\n<p>Ce que vous venez de lire est le reflet d\u2019une r\u00e9alit\u00e9 beaucoup plus vaste que celle de cette newsletter. Souvent, les r\u00e8gles sont fix\u00e9es par d\u2019autres, mais lorsque le syst\u00e8me est tol\u00e9rant et vous propose des solutions, c\u2019est vous qui cr\u00e9ez la justice ou l\u2019injustice. Si vous pensez, malgr\u00e9 cet article, que vous avez rat\u00e9 l\u2019offre \u00e0 cause de moi, l\u2019injustice vient de vous et elle se dirige contre vous. C\u2019est une auto-injustice qui se transforme en auto-d\u00e9motivation&#8230;<\/p>\n<p>Vous avez souvent ce pouvoir !<\/p>\n<p>Vous avez peut-\u00eatre envie de r\u00e9pondre que \u00e7a ne d\u00e9pend pas de vous puisque vos parents vous ont toujours dit qu\u2019il ne fallait jamais rien demander, parce que \u00e7a vous met en position de faiblesse ! Vos parents seraient donc responsables du monde injuste dans lequel vous vivez. Dans ce cas, je vous rappelle que vous avez gard\u00e9 beaucoup de choses qui viennent de l\u2019\u00e9ducation de vos parents, mais que vous avez aussi rejet\u00e9 beaucoup d\u2019autres choses. Pourquoi avez-vous gard\u00e9 \u00e7a ?<\/p>\n<p>Vous \u00eates adulte ! C\u2019est \u00e0 vous de jouer.<\/p>\n<p>A++<\/p>\n<p><b>St\u00e9phane SOLOMON<\/b><\/p>\n<!--themify_builder_content-->\n<div id=\"themify_builder_content-2800\" data-postid=\"2800\" class=\"themify_builder_content themify_builder_content-2800 themify_builder tf_clear\">\n    <\/div>\n<!--\/themify_builder_content-->\n","protected":false},"excerpt":{"rendered":"<p>Les codes de r\u00e9duction propos\u00e9s en d\u00e9but de semaine ne sont plus actifs. Les inscriptions se poursuivent, plus timidement, mais je suis tr\u00e8s satisfait du r\u00e9sultat global. Hier, je me suis occup\u00e9 d\u2019une bonne dizaine de personnes qui m\u2019ont demand\u00e9 une extension de d\u00e9lai. C\u2019est tout \u00e0 fait compr\u00e9hensible : m\u00eame une femme tr\u00e8s motiv\u00e9e [&hellip;]<\/p>\n","protected":false},"author":1,"featured_media":0,"parent":0,"menu_order":0,"comment_status":"open","ping_status":"closed","template":"","meta":[],"builder_content":"","_links":{"self":[{"href":"https:\/\/auto-coaching.fr\/index.php\/wp-json\/wp\/v2\/pages\/2800"}],"collection":[{"href":"https:\/\/auto-coaching.fr\/index.php\/wp-json\/wp\/v2\/pages"}],"about":[{"href":"https:\/\/auto-coaching.fr\/index.php\/wp-json\/wp\/v2\/types\/page"}],"author":[{"embeddable":true,"href":"https:\/\/auto-coaching.fr\/index.php\/wp-json\/wp\/v2\/users\/1"}],"replies":[{"embeddable":true,"href":"https:\/\/auto-coaching.fr\/index.php\/wp-json\/wp\/v2\/comments?post=2800"}],"version-history":[{"count":6,"href":"https:\/\/auto-coaching.fr\/index.php\/wp-json\/wp\/v2\/pages\/2800\/revisions"}],"predecessor-version":[{"id":2806,"href":"https:\/\/auto-coaching.fr\/index.php\/wp-json\/wp\/v2\/pages\/2800\/revisions\/2806"}],"wp:attachment":[{"href":"https:\/\/auto-coaching.fr\/index.php\/wp-json\/wp\/v2\/media?parent=2800"}],"curies":[{"name":"wp","href":"https:\/\/api.w.org\/{rel}","templated":true}]}}