{"id":2835,"date":"2016-02-05T17:44:27","date_gmt":"2016-02-05T15:44:27","guid":{"rendered":"http:\/\/www.auto-coaching.fr\/?page_id=2835"},"modified":"2016-02-05T18:20:07","modified_gmt":"2016-02-05T16:20:07","slug":"parfois-il-suffit-de-demander","status":"publish","type":"page","link":"https:\/\/auto-coaching.fr\/index.php\/parfois-il-suffit-de-demander\/","title":{"rendered":"Parfois, il suffit de demander"},"content":{"rendered":"<p>Suite \u00e0 l\u2019annonce de l\u2019inauguration de mon Ecole, une bonne trentaine de lecteurs m\u2019a f\u00e9licit\u00e9, m\u2019a souhait\u00e9 plein de bonnes choses et a aussi regrett\u00e9 de ne pas pouvoir venir dimanche pour cause d\u2019indisponibilit\u00e9, faute de moyens financiers ou parce que Paris, c&#8217;est trop loin.<\/p>\n<p>Evidemment, en tant que coach, j\u2019ai envie de vous dire que dans 90% des cas, tout ceci n\u2019est que pr\u00e9texte, mais vous n\u2019allez pas appr\u00e9cier\u00a0! Ou alors, vous l\u2019admettrez suite \u00e0 une d\u00e9monstration brillante, mais vous vous placerez dans les 10% des cas exceptionnels qui ont une bonne raison. Je ne vais donc pas vous fatiguer \u00aben faisant mon coach\u00bb, je le ferai lorsque je n\u2019aurai plus rien \u00e0 vendre. \u00c7a passe toujours mieux.<\/p>\n<p>Aujourd\u2019hui je vais donc me montrer compatissant, humaniste, agr\u00e9able&#8230; Ce n\u2019est pas tr\u00e8s difficile pour moi, car je pense avoir ces qualit\u00e9s. Je pense juste que parfois, il faut en utiliser d\u2019autres, plus \u00ab\u00e0 propos\u00bb. Autrement dit, plus adapt\u00e9es aux circonstances.<\/p>\n<p>Alors je l\u2019avoue\u00a0: c\u2019est effectivement trop brutal de ma part d\u2019inaugurer mon \u00e9cole par une journ\u00e9e de formation. Car si vous avez juste envie de passer me serrer la main, me rencontrer, d\u00e9guster un caf\u00e9&#8230; \u00e7a va vous co\u00fbter 250\u20ac et vous allez y passer la journ\u00e9e\u00a0! Alors voil\u00e0&#8230; Si vous pouvez passer dimanche entre 8h30 et 9h30, nous pourrons partager un caf\u00e9 matinal. Ensuite, vous pourrez nous quitter et la formation commencera. Vous n\u2019\u00eates pas du matin\u00a0? Alors passez \u00e0 18h30 : nous terminerons la journ\u00e9e par une petite f\u00eate entre auto-coachs du soir&#8230; Personnellement j\u2019ai un don\u00a0: d\u00e8s qu\u2019il s\u2019agit de partager un beau moment, je suis du matin et du soir.<\/p>\n<p>Ceci-dit, si je puis me permettre, j\u2019ai d\u00e9j\u00e0 offert le caf\u00e9 dans mes nouveaux locaux, \u00e0 quatre lecteurs. J\u2019ai m\u00eame d\u00e9jeun\u00e9 aux Buttes-Chaumont avec deux d\u2019entre eux, et nous avons cl\u00f4tur\u00e9 par une promenade autour du lac. Comment est-ce arriv\u00e9\u00a0? Ils m\u2019ont tout simplement propos\u00e9 de passer me voir. Ils ont os\u00e9 demander quelque chose qui n\u2019\u00e9tait pas sur la carte, mais que le chef aime cuisiner.<\/p>\n<p>Je ne vous demande pas de faire la m\u00eame chose, car si je vous le demandais, ce ne serait pas la m\u00eame chose&#8230; Je vous raconte juste une histoire d\u2019inspiration. A vous de vous laisser inspirer (ou pas).<\/p>\n<h2>Le prix<\/h2>\n<p>Catherine me demande si on peut payer la formation en plusieurs fois. Ma r\u00e9ponse est OUI\u00a0! Pourquoi n\u2019ai-je pas parl\u00e9 de cette possibilit\u00e9 plus t\u00f4t\u00a0? Je n\u2019y ai pas pens\u00e9\u00a0! C\u2019est la demande de Catherine qui a \u00e9t\u00e9 particuli\u00e8rement bien formul\u00e9e, et j\u2019ai accept\u00e9\u00a0:<\/p>\n<p><em>&#8211; St\u00e9phane, j\u2019aurais vraiment ador\u00e9 suivre ta formation dimanche, mais je traverse une p\u00e9riode financi\u00e8re difficile. Serait-il possible de payer en 6 fois\u00a0?<\/em><\/p>\n<p>J&#8217;ai propos\u00e9 \u00e0 Catherine de payer en 10 fois. Vous savez pourquoi \u00e7a m\u2019a touch\u00e9\u00a0? Elle est motiv\u00e9e et elle le dit\u00a0! Les personnes motiv\u00e9es me touchent. Quel que soit leur probl\u00e8me, si elles sont v\u00e9ritablement motiv\u00e9es, je veux r\u00e9duire la distance entre eux et cette formation.<\/p>\n<p>A l&#8217;inverse, voici\u00a0un exemple de communication qui ne m\u2019aurait pas touch\u00e9 du tout\u00a0:<\/p>\n<p><em>&#8211; \u00c7a co\u00fbte une fortune votre truc\u00a0! Vous devriez proposer de payer en 3 fois, tout le monde le fait\u00a0! En plus vous pourrez augmenter le prix total\u00a0de 10%, ce qui aura un retentissement sur votre\u00a0CA annuel.<\/em><\/p>\n<p>Dans ce cas-l\u00e0 je r\u00e9ponds \u00abmerci du conseil\u00bb, tout en gardant mes distances&#8230;<\/p>\n<h2>La distance<\/h2>\n<p>En parlant de distance, \u00e7a a \u00e9t\u00e9 la premi\u00e8re cause des regrets exprim\u00e9s\u00a0: Paris c\u2019est trop loin\u00a0! Pour atteindre les 10 inscriptions, il faudrait que je passe du c\u00f4t\u00e9 de Lyon, Toulouse, Calais, Bruxelles, Perpignan&#8230; J\u2019ai tent\u00e9 d\u2019argumenter en rappelant qu\u2019Herv\u00e9 (qui co-animera avec moi) habite Aix-en-Provence et qu\u2019il va quand-m\u00eame monter sur Paris sp\u00e9cialement pour cette formation, mais j\u2019ai l\u2019impression d\u2019avoir dit une b\u00eatise&#8230; Si quelqu\u2019un peut m\u2019expliquer en quoi cet argument ne tient pas debout, ce serait sympa.<\/p>\n<p>Quoi qu\u2019il en soit, m\u00eame si je ne comprends pas, je suis \u00e0 l\u2019\u00e9coute\u00a0: Christel me sugg\u00e8re de laisser une cam\u00e9ra branch\u00e9e afin qu\u2019on puisse suivre la formation \u00e0 distance, comme lors d\u2019un webinaire&#8230; Je me m\u00e9fie beaucoup des \u00ab<strong>ON<\/strong>\u00bb et des \u00ab<strong>NOUS<\/strong>\u00bb lors d\u2019une Communication. Je pr\u00e9f\u00e8re les \u00ab<strong>JE<\/strong>\u00bb, pour une raison d\u00e9j\u00e0 \u00e9voqu\u00e9e ci-dessus\u00a0: en supposant que je fasse ce que Christel m\u2019invite \u00e0 faire, qu\u2019est-ce qui me garantit qu\u2019elle va s\u2019inscrire ? Une fois les efforts techniques d\u00e9ploy\u00e9s, elle pourrait tr\u00e8s bien me dire que c\u2019\u00e9tait juste une id\u00e9e comme \u00e7a, pour se rendre utile&#8230; Qu\u2019elle pense \u00e0 ceux qui sont loin, aux handicap\u00e9s, aux timides&#8230; J\u2019ai eu \u00e0 faire \u00e0 tellement d\u2019altruistes dans ma vie d\u2019entrepreneur, que j\u2019ai failli perdre ma chemise en suivant leurs bonnes id\u00e9es, souvent tr\u00e8s co\u00fbteuses, qu\u2019aucun \u00ab<strong>ON<\/strong>\u00bb n\u2019a suivi&#8230;<\/p>\n<blockquote><p>Mon p\u00e8re disait \u00abON c\u2019est un con\u00a0!\u00bb&#8230; J\u2019ai mis plus de 40 ans \u00e0 comprendre \u00e7a\u00a0! Si vous avez moins de 40 ans, vous avez une longueur d\u2019avance sur moi.<\/p><\/blockquote>\n<p>J\u2019ai donc demand\u00e9 \u00e0 Christel si ELLE pourrait tenir 7 heures derri\u00e8re son \u00e9cran, en regardant 2 formateurs gesticuler, sans pouvoir leur sourire, les regarder dans les yeux, lever le doigt pour poser une question spontan\u00e9e, \u00e9changer avec les autres participants\u2026 Et elle m\u2019a dit OUI. S\u2019il y a quelques pauses commodit\u00e9s et une longue pause \u00e0 midi pour se restaurer, elle pourra suivre un webinaire de 2 fois 3h30, parce que le sujet est digne d\u2019int\u00e9r\u00eat\u00a0!<\/p>\n<p>Qu\u2019en pensez-vous\u00a0? Vous pourriez faire \u00e7a\u00a0? Moi NON\u00a0! En tant qu\u2019\u00e9l\u00e8ve, je ne pourrai pas\u00a0! J\u2019ai pos\u00e9 la question autour de moi, c\u2019est aussi NON\u00a0!&#8230; De ce fait, je me pose une question existentielle\u00a0:<\/p>\n<p>&#8211; Est-ce que Christel ne se rend pas compte de l\u2019effort incroyable qu\u2019elle devra consentir, ou est-ce que c\u2019est moi qui fr\u00e9quente uniquement des gens incapables d\u2019un tel exploit\u00a0?<\/p>\n<p>La r\u00e9ponse, je ne l\u2019ai pas en moi ni dans ma sph\u00e8re directe. Je vous pose donc la question, car c\u2019est vous qu\u2019elle concerne. Si vous avez envie de suivre mes formations, pourriez-vous les suivre \u00e0 distance\u00a0? J\u2019ai besoin d\u2019une r\u00e9ponse claire de votre part. Pas un truc du genre \u00abpourquoi pas\u00a0? \u00c7a pourrait servir aux handicap\u00e9s&#8230;\u00bb parce que j\u2019ai des handicap\u00e9s dans ma sph\u00e8re, et ils se d\u00e9placent quand ils sont motiv\u00e9s\u00a0! Alors ne me parlez pas au nom des handicap\u00e9s, \u00e7a va m\u2019\u00e9nerver\u00a0! C\u2019est \u00e0 VOUS que je m\u2019adresse.<\/p>\n<p>Je viens de cr\u00e9er une Ecole, je l\u2019inaugure dans 2 jours dans ma salle \u00e0 Paris. J\u2019ai de vrais objectifs de d\u00e9veloppement. Ce n\u2019est pas une exp\u00e9rience, mais l\u2019aboutissement de plusieurs exp\u00e9riences. En lisant que j\u2019allais bient\u00f4t fermer cette Newsletter, beaucoup de lecteur ont conclu que j\u2019ai perdu la partie, alors qu\u2019en r\u00e9alit\u00e9 je passe au niveau sup\u00e9rieur, toujours en congruence avec ma mission\u00a0: <strong>aider un maximum de personnes \u00e0 int\u00e9grer le D\u00e9veloppement Personnel dans leur vie quotidienne.<\/strong> Je n\u2019ai pas abandonn\u00e9 mon QUOI, je change juste mon COMMENT.<\/p>\n<p>Si vous voulez b\u00e9n\u00e9ficier de ce travail, vous avez certainement des id\u00e9es. Je ne parle pas de n\u2019importe quelle id\u00e9e qui flotte\u00a0dans l\u2019air ou de ce que les autres font\u00a0! Je parle d\u2019une id\u00e9e qui VOUS permettra de suivre les formations de MON Ecole. C\u2019est entre vous et moi. Je ne m\u2019adresse pas de la m\u00eame fa\u00e7on \u00e0 des personnes qui ne me connaissent pas\u00a0! Avec les inconnus je suis beaucoup plus protocolaire. En m\u2019adressant \u00e0 vous, je pars du principe que nous avons fait un bon bout de chemin ensemble et que nous pouvons continuer. Si je me trompe, je vous prie de m\u2019excuser pour la g\u00eane occasionn\u00e9. Vous disposez d&#8217;un droit d&#8217;acc\u00e8s, de modification, de rectification et de suppression des donn\u00e9es vous concernant, conform\u00e9ment \u00e0 loi \u00ab Informatique et Libert\u00e9s \u00bb du 6 janvier 1978.<\/p>\n<p>Toujours l\u00e0\u00a0? Alors j\u2019attends vos r\u00e9ponses concernant la formation \u00e0 distance, et les diverses propositions qui vous permettront de vous rapprocher de mon Ecole, que ce soit pour l\u2019\u00e9v\u00e8nement de dimanche ou pour la suite des \u00e9v\u00e8nements. Vous pouvez le faire par courrier \u00e9lectronique en r\u00e9pondant \u00e0 ce courrier, ou collectivement\u00a0ci-dessous.<\/p>\n<p>Un dernier mot\u00a0: si vous voulez r\u00e9agir en collectif mais vous ne voulez pas \u00eatre le premier ou la premi\u00e8re, pensez \u00e0 ce qui se passerait si tout le monde faisait comme vous\u00a0!<\/p>\n<p>Hein\u00a0? Comment\u00a0? J\u2019ai encore fait mon coach\u00a0?!! D\u00e9cid\u00e9ment, on ne se refait pas&#8230;<\/p>\n<p>A++<\/p>\n<p><strong>St\u00e9phane SOLOMON<\/strong><\/p>\n<!--themify_builder_content-->\n<div id=\"themify_builder_content-2835\" data-postid=\"2835\" class=\"themify_builder_content themify_builder_content-2835 themify_builder tf_clear\">\n    <\/div>\n<!--\/themify_builder_content-->\n","protected":false},"excerpt":{"rendered":"<p>Suite \u00e0 l\u2019annonce de l\u2019inauguration de mon Ecole, une bonne trentaine de lecteurs m\u2019a f\u00e9licit\u00e9, m\u2019a souhait\u00e9 plein de bonnes choses et a aussi regrett\u00e9 de ne pas pouvoir venir dimanche pour cause d\u2019indisponibilit\u00e9, faute de moyens financiers ou parce que Paris, c&#8217;est trop loin. Evidemment, en tant que coach, j\u2019ai envie de vous dire [&hellip;]<\/p>\n","protected":false},"author":1,"featured_media":0,"parent":0,"menu_order":0,"comment_status":"closed","ping_status":"closed","template":"","meta":[],"builder_content":"","_links":{"self":[{"href":"https:\/\/auto-coaching.fr\/index.php\/wp-json\/wp\/v2\/pages\/2835"}],"collection":[{"href":"https:\/\/auto-coaching.fr\/index.php\/wp-json\/wp\/v2\/pages"}],"about":[{"href":"https:\/\/auto-coaching.fr\/index.php\/wp-json\/wp\/v2\/types\/page"}],"author":[{"embeddable":true,"href":"https:\/\/auto-coaching.fr\/index.php\/wp-json\/wp\/v2\/users\/1"}],"replies":[{"embeddable":true,"href":"https:\/\/auto-coaching.fr\/index.php\/wp-json\/wp\/v2\/comments?post=2835"}],"version-history":[{"count":3,"href":"https:\/\/auto-coaching.fr\/index.php\/wp-json\/wp\/v2\/pages\/2835\/revisions"}],"predecessor-version":[{"id":2838,"href":"https:\/\/auto-coaching.fr\/index.php\/wp-json\/wp\/v2\/pages\/2835\/revisions\/2838"}],"wp:attachment":[{"href":"https:\/\/auto-coaching.fr\/index.php\/wp-json\/wp\/v2\/media?parent=2835"}],"curies":[{"name":"wp","href":"https:\/\/api.w.org\/{rel}","templated":true}]}}