{"id":2854,"date":"2016-03-30T17:19:54","date_gmt":"2016-03-30T15:19:54","guid":{"rendered":"http:\/\/www.auto-coaching.fr\/?page_id=2854"},"modified":"2016-04-08T03:57:02","modified_gmt":"2016-04-08T01:57:02","slug":"tout-est-metaphore","status":"publish","type":"page","link":"https:\/\/auto-coaching.fr\/index.php\/tout-est-metaphore\/","title":{"rendered":"Tout est m\u00e9taphore !"},"content":{"rendered":"<p>Il y a quelques semaines je vous ai \u00e9crit deux articles concernant les millionnaires et l\u2019une de leurs pratiques, \u00e0 savoir, la loi du vingti\u00e8me. Je vous la rappelle bri\u00e8vement\u00a0: ils ne s\u2019ach\u00e8tent des produits hauts-de-gamme que s\u2019ils disposent de 20 fois plus de liquidit\u00e9s disponibles. Bien-s\u00fbr on exclut de cette loi tout ce qui concerne les investissements\u00a0: ils peuvent acheter une maison pour la revendre avec une plus-value, m\u00eame s\u2019ils doivent emprunter pour \u00e7a. Mais il ne leur viendrait pas \u00e0 l\u2019esprit d\u2019habiter dedans. On exclut \u00e9galement de cette loi toutes les prestations qui leur permettent de maintenir le cap. Par exemple, s\u2019ils sont sujets \u00e0 des achats compulsifs, ils n\u2019h\u00e9siteront pas \u00e0 investir dans une th\u00e9rapie comportementale. C\u2019est loin d\u2019\u00eatre un luxe si on tient compte de l&#8217;objectif vis\u00e9.<\/p>\n<p>Xavier m\u2019a \u00e9crit\u00a0:<\/p>\n<ul>\n<li>Et si je ne veux pas \u00eatre millionnaire\u00a0? D\u2019une part je ne me suis pas inscrit \u00e0 votre newsletter pour \u00e7a, mais pour mieux g\u00e9rer mon temps, et d\u2019autre part, en supposant que la question d\u2019argent m\u2019int\u00e9resse, assumer mon niveau de vie me suffirait largement. A mon niveau, j\u2019ai juste besoin de me payer un petit cin\u00e9 de temps en temps sans utiliser mon revolving\u00a0!<\/li>\n<\/ul>\n<p>Pour commencer, je r\u00e9pondrais \u00e0 Xavier que la loi du vingti\u00e8me est li\u00e9e \u00e0 la gestion du temps dans le sens o\u00f9 il s\u2019agit d\u2019un excellent outil de <strong>prise de d\u00e9cision<\/strong>\u00a0: les personnes qui appliquent cette loi ne s\u2019interrogent pas plus de 3 secondes lorsqu\u2019elles re\u00e7oivent une offre. C\u2019est OUI ou NON selon un principe clair, respect\u00e9 \u00abreligieusement\u00bb. Les tergiversations et les n\u00e9gociations \u00e0 n\u2019en plus finir sont \u00e9limin\u00e9es de leur vie.<\/p>\n<p>Je comprends tr\u00e8s bien que Xavier (et beaucoup d\u2019autres lecteurs) ne s\u2019int\u00e9ressent pas aux millions. Dans ce cas, ils peuvent se servir de la loi du vingti\u00e8me comme principe exag\u00e9r\u00e9,\u00a0et l&#8217;adapter \u00e0 leur propre ambition en appliquant la loi du quart ou de la moiti\u00e9. Cet r\u00e9forme personnelle les am\u00e8nera \u00e0 acheter un produit haut-de-gamme seulement s\u2019ils ont 2 fois ou 4 fois plus d\u2019argent disponible. Nul doute qu\u2019en appliquant cette m\u00e9thode \u00abreligieusement\u00bb, la prochaine fois que vous irez au cin\u00e9ma, ce ne sera pas avec votre revolving.<\/p>\n<p>Mais ce n\u2019est pas tout, car le \u00abmillion\u00bb n\u2019est pas qu\u2019une question d\u2019argent. Vous pouvez aspirer \u00e0 devenir millionnaire en Amour, millionnaire en Sant\u00e9, millionnaire en Relationnel, millionnaire en Vues Youtube&#8230; Et pour chacun de ces domaines, et tant d\u2019autres, il y a une \u00abloi du vingti\u00e8me\u00bb qui peut s\u2019appliquer. Vous aurez toutefois besoin de cette sacrosainte <strong>facult\u00e9 d\u2019adaptation<\/strong> que je ne cesse de mettre en valeur : Adaptez mes articles \u00e0 votre style de vie et \u00e0 vos projets !<\/p>\n<p>Par exemple, supposons que vous ayez entrepris un r\u00e9gime alimentaire. Dans ce cas, votre poids id\u00e9al repr\u00e9sente le million, et le paquet de chips repr\u00e9sente une d\u00e9pense \u00abtrop lourde\u00bb. D\u2019une part il est fort possible qu\u2019en instaurant une loi qui vous autorise cette consommation dans certaines conditions, vous parviendrez \u00e0 mieux tenir le cap, et d\u2019autre part, si comme Xavier, vous ne visez pas le million (le poids id\u00e9al), mais avez juste envie de rentrer dans vos jeans de l\u2019ann\u00e9e derni\u00e8re, vous pouvez vous fixer une loi moins haut-perch\u00e9e, ET LA RESPECTER. Enfin, il ne faudra pas h\u00e9siter \u00e0 vous d\u00e9penser pour des activit\u00e9s aidantes : des formations, des conseils, des recettes de cuisine, un club de sport, des visites chez un di\u00e9t\u00e9ticien, un endocrinologue ou un autre sp\u00e9cialiste. Il ne s&#8217;agit pas de d\u00e9penses, mais d&#8217;investissements.<\/p>\n<p>Encore\u00a0 un exemple\u00a0: supposons que votre \u00abmillion\u00bb repr\u00e9sente votre relation amoureuse. Vous avez beaucoup perdu ces derni\u00e8res ann\u00e9es et vous voulez retrouver plus d\u2019Amour\u00a0! Comme vous le savez, il existe des \u00abcomportements tue-l\u2019amour\u00bb. Ces comportements sont trop chers !\u00a0Il est hors de question, tant que vous viserez le \u00abmillion d\u2019amour\u00bb, de vous laisser-aller \u00e0 ce genre de d\u00e9pense. Les soir\u00e9es potes-bi\u00e8res, les chaussettes qui tra\u00eenent, les oublis d\u2019\u00e9v\u00e8nements majeurs, c\u2019est trop co\u00fbteux\u00a0! Et si chemin faisant vers votre \u00abmillion\u00bb, vous trouvez un prospectus qui vous invite \u00e0 vous inscrire \u00e0 un cours de r\u00e9flexologie plantaire (massage des pieds), rappelez-vous que certaines d\u00e9penses sont gagnantes\u00a0! Ne radinez pas l\u00e0-dessus&#8230;<\/p>\n<p>Vous voulez \u00eatre millionnaire en temps\u00a0? C\u2019est simple\u00a0! Faites le tour de vos d\u00e9penses de temps inutiles, et appliquez la loi du vingti\u00e8me. Pour certains, ce sera d&#8217;arr\u00eater la t\u00e9l\u00e9. Pour d&#8217;autres, ce sera Facebook, pour d&#8217;autres encore, ce sera les discussions t\u00e9l\u00e9phoniques interminables pour se plaindre de leur situation. Je ne sais pas ce qui ruine votre temps, mais vous, vous le savez ! C&#8217;est VOTRE temps.\u00a0Et\u00a0surtout, rappelez-vous de prendre le temps de vous former et de vous coacher sur le temps. C\u2019est une d\u00e9pense gagnante.<\/p>\n<blockquote><p>Je ne cesserai de le r\u00e9p\u00e9ter\u00a0: mes articles ne sont pas \u00e0 appliquer tels quels, mais \u00e0 adapter. A chaque fois que vous en lisez un, vous pouvez le personnaliser. A CHAQUE FOIS\u00a0!<\/p><\/blockquote>\n<p>Et vous savez quoi\u00a0? C\u2019est valable pour tout ce qui s\u2019invite dans votre vie. De la fleur qui s\u2019ouvre sous vos yeux \u00e0 l\u2019enfant qui sourit \u00e0 l&#8217;une de vos grimaces, il y a toujours PLUS \u00e0 prendre que ce qui vous est livr\u00e9 \u00e0 premi\u00e8re vue&#8230;<\/p>\n<p>C\u2019est pourquoi j\u2019ose encore vous inviter \u00e0 l\u2019\u00e9mission \u00abl\u2019auto-coach du mois de mars\u00bb. <strong>Le parcours de Jean-Pierre<\/strong>, cet architecte-caricaturiste <strong>n\u2019est qu\u2019une m\u00e9taphore<\/strong>. Si vous vous y autorisez, vous trouverez dans chacun des th\u00e8mes qu\u2019il vous pr\u00e9sentera, des inspirations pour vos projets en cours.<\/p>\n<p style=\"text-align: center;\"><a class=\"buttonize blue\" href=\"http:\/\/app.webinarjam.net\/register\/2214\/5447f52522\" target=\"_blank\">Inscrivez-vous !<\/a><\/p>\n<p>A++<\/p>\n<p><strong>St\u00e9phane SOLOMON<\/strong><\/p>\n<!--themify_builder_content-->\n<div id=\"themify_builder_content-2854\" data-postid=\"2854\" class=\"themify_builder_content themify_builder_content-2854 themify_builder tf_clear\">\n    <\/div>\n<!--\/themify_builder_content-->\n","protected":false},"excerpt":{"rendered":"<p>Il y a quelques semaines je vous ai \u00e9crit deux articles concernant les millionnaires et l\u2019une de leurs pratiques, \u00e0 savoir, la loi du vingti\u00e8me. Je vous la rappelle bri\u00e8vement\u00a0: ils ne s\u2019ach\u00e8tent des produits hauts-de-gamme que s\u2019ils disposent de 20 fois plus de liquidit\u00e9s disponibles. Bien-s\u00fbr on exclut de cette loi tout ce qui [&hellip;]<\/p>\n","protected":false},"author":1,"featured_media":0,"parent":0,"menu_order":0,"comment_status":"open","ping_status":"open","template":"","meta":[],"builder_content":"","_links":{"self":[{"href":"https:\/\/auto-coaching.fr\/index.php\/wp-json\/wp\/v2\/pages\/2854"}],"collection":[{"href":"https:\/\/auto-coaching.fr\/index.php\/wp-json\/wp\/v2\/pages"}],"about":[{"href":"https:\/\/auto-coaching.fr\/index.php\/wp-json\/wp\/v2\/types\/page"}],"author":[{"embeddable":true,"href":"https:\/\/auto-coaching.fr\/index.php\/wp-json\/wp\/v2\/users\/1"}],"replies":[{"embeddable":true,"href":"https:\/\/auto-coaching.fr\/index.php\/wp-json\/wp\/v2\/comments?post=2854"}],"version-history":[{"count":4,"href":"https:\/\/auto-coaching.fr\/index.php\/wp-json\/wp\/v2\/pages\/2854\/revisions"}],"predecessor-version":[{"id":2859,"href":"https:\/\/auto-coaching.fr\/index.php\/wp-json\/wp\/v2\/pages\/2854\/revisions\/2859"}],"wp:attachment":[{"href":"https:\/\/auto-coaching.fr\/index.php\/wp-json\/wp\/v2\/media?parent=2854"}],"curies":[{"name":"wp","href":"https:\/\/api.w.org\/{rel}","templated":true}]}}