{"id":2955,"date":"2016-08-05T21:02:14","date_gmt":"2016-08-05T19:02:14","guid":{"rendered":"http:\/\/www.auto-coaching.fr\/?page_id=2955"},"modified":"2016-08-11T22:01:58","modified_gmt":"2016-08-11T20:01:58","slug":"la-longue-traine","status":"publish","type":"page","link":"https:\/\/auto-coaching.fr\/index.php\/la-longue-traine\/","title":{"rendered":"La longue tra\u00eene"},"content":{"rendered":"<p>J&#8217;ai d\u00e9j\u00e0 enregistr\u00e9 9 inscriptions pour le\u00a0programme \u00abPrenez l&#8217;Avantage\u00bb. C&#8217;est un bon d\u00e9but ! D&#8217;autant plus que, je vous le rappelle, ma campagne n&#8217;a pas \u00e9t\u00e9 \u00abagressive\u00bb. J&#8217;ai juste annonc\u00e9 la date de d\u00e9but (15 ao\u00fbt), la dur\u00e9e (6 semaines) et le montant (180\u20ac). Apr\u00e8s quoi j&#8217;ai dit\u00a0\u00absuivez-moi !\u00bb, et voil\u00e0 :\u00a0j&#8217;ai d\u00e9j\u00e0 rempli plus de la moiti\u00e9 de la session !<\/p>\n<p><em>&#8211; Mais non St\u00e9phane ! Vous avez dit qu&#8217;il y avait 20 places. Avec 9 inscriptions, vous n&#8217;avez pas encore rempli la moiti\u00e9 !<\/em><\/p>\n<p>Je vais vous r\u00e9v\u00e9ler un principe savant :<\/p>\n<h2>La longue tra\u00eene<\/h2>\n<p>Vendredi soir, je n&#8217;avais que 6 inscriptions. Pourtant, dans ma t\u00eate j&#8217;en avais d\u00e9j\u00e0 12 ! Vous pensez que je me livre \u00e0 l&#8217;autosuggestion ? En fait, dans ce cas pr\u00e9cis, c&#8217;est quelque chose de tr\u00e8s pragmatique : c&#8217;est de la probabilit\u00e9 pure, <strong>dans le sens math\u00e9matiques du terme<\/strong>.<\/p>\n<p>Beaucoup d&#8217;actions\u00a0continuent \u00e0 produire des r\u00e9sultats bien apr\u00e8s l&#8217;effort initial. On observe un <strong>pic d&#8217;effets<\/strong> au moment de l&#8217;effort, puis une tra\u00eene plus ou moins longue selon le type d&#8217;action. Pour ma part, j&#8217;ai pu observer cette tra\u00eene \u00e0 chaque fois que je lan\u00e7ais un programme\u00a0:\u00a0la moiti\u00e9 des inscriptions se fait le jour de l&#8217;annonce, l&#8217;autre moiti\u00e9 dans la semaine qui suit.<\/p>\n<p>Vous croyez que je parle de moi ? De ma petite tambouille interne ? Si c&#8217;est le cas arr\u00eatez-vous un instant pour vous rappeler o\u00f9 vous avez mis les pieds : ma Newsletter ne s&#8217;intitule pas \u00abSt\u00e9phane\u00a0le magnifique\u00bb. <strong>Si je vous parle de mes probabilit\u00e9s, c&#8217;est pour vous inviter \u00e0 vous interroger \u00e0 propos des v\u00f4tres<\/strong>. M\u00eame si vous ne l&#8217;avez pas encore nomm\u00e9, le ph\u00e9nom\u00e8ne de \u00ablongue tra\u00eene\u00bb appara\u00eet \u00e0 bien des niveaux dans vos\u00a0activit\u00e9s personnelles et professionnelles.<\/p>\n<p>Ce principe m\u00e9rite d&#8217;\u00eatre d\u00e9tect\u00e9 autant que possible. La raison est \u00ab\u00e9cologique\u00bb : d\u00e8s le premier jour, vous saurez\u00a0si vous devez continuer \u00e0 d\u00e9ployer votre \u00e9nergie sur le m\u00eame objectif ou si vous pouvez l\u00e2cher prise et laisser faire les forces en place. Attention, selon le cas, la tra\u00eene pourrait \u00eatre plus ou moins longue, et son volume est variable \u00e9galement. Par exemple, vous pourriez enregistrer 30% des effets le jour de l&#8217;action, et 70% des effets dans le mois qui suit.<\/p>\n<h2>Nouveaux pics, nouvelles tra\u00eenes<\/h2>\n<p>Je disais donc que j&#8217;ai d\u00e9j\u00e0 une douzaine d&#8217;inscriptions s\u00fbres.\u00a0Comme je souhaite r\u00e9unir un groupe de 20 personnes, il me faut un nouveau pic et une nouvelle tra\u00eene.<\/p>\n<p>Comment faire ?<\/p>\n<p>Nous sommes d&#8217;accord que jusqu&#8217;\u00e0 pr\u00e9sent, mon seul argument \u00e0 \u00e9t\u00e9 \u00abje cr\u00e9e un nouveau programme, suivez-moi !\u00bb&#8230; Si je veux attirer une autre cat\u00e9gorie de clients, je dois changer de Communication. Mon argumentaire (ou plut\u00f4t l&#8217;absence d&#8217;argumentaire) n&#8217;est pas suffisant.<\/p>\n<p>Vais-je construire un argumentaire d\u00e9taill\u00e9 avec plein de mots vendeurs ?<\/p>\n<ul>\n<li>Extraordinaire !<\/li>\n<li>Nouveau !<\/li>\n<li>Vu \u00e0 la t\u00e9l\u00e9 !<\/li>\n<li>Tout le monde en parle !<\/li>\n<li>Demain il sera trop tard !<\/li>\n<li>Vous ne pouvez pas rater \u00e7a !<\/li>\n<li>Pour la premi\u00e8re fois en France !<\/li>\n<li>Si vous trouvez moins cher ailleurs je vous rembourse 2 fois la diff\u00e9rence<\/li>\n<li>&#8230;<\/li>\n<\/ul>\n<p>Comme je vous l&#8217;ai d\u00e9j\u00e0 \u00e9crit, je sais le faire, mais je n&#8217;en ai pas tr\u00e8s envie, surtout pour vendre ce coaching, dans lequel nous allons travailler autour de solutions plus authentiques et plus p\u00e9rennes.\u00a0Ma solution est plus fine : l&#8217;air de rien, je viens de vous livrer un \u00e9chantillon du programme. La longue tra\u00eene telle que vous venez de la d\u00e9couvrir sera explor\u00e9e\u00a0davantage, c&#8217;est \u00e9galement un outil de Confiance en soi et de Motivation.<\/p>\n<p>Et ce ne sera que l&#8217;un des 30 sujets que j&#8217;ai envie de vous faire d\u00e9couvrir. Je vous r\u00e9v\u00e9lerai des techniques pour apprendre plus vite, pour communiquer plus efficacement, pour ancrer de nouvelles habitudes, pour garder le cap malgr\u00e9 l&#8217;adversit\u00e9, pour faire face \u00e0 la critique, pour \u00e9tablir des partenariats gagnants-gagnants&#8230; Ce sont des techniques qui donnent des r\u00e9sultats probants tr\u00e8s rapidement. Elles vous permettront de Prendre l&#8217;Avantage d\u00e8s les premiers jours, pour une rentr\u00e9e plus active et plus \u00e9veill\u00e9e.<\/p>\n<p style=\"text-align: center;\"><a class=\"buttonize blue\" href=\"http:\/\/inscription-minute.fr\/solution.aspx?code=PR25AV16\" target=\"_blank\">Inscrivez-vous !<\/a><\/p>\n<p>A++<\/p>\n<p><strong>St\u00e9phane SOLOMON<\/strong><\/p>\n<p>&nbsp;<\/p>\n<!--themify_builder_content-->\n<div id=\"themify_builder_content-2955\" data-postid=\"2955\" class=\"themify_builder_content themify_builder_content-2955 themify_builder tf_clear\">\n    <\/div>\n<!--\/themify_builder_content-->\n","protected":false},"excerpt":{"rendered":"<p>J&#8217;ai d\u00e9j\u00e0 enregistr\u00e9 9 inscriptions pour le\u00a0programme \u00abPrenez l&#8217;Avantage\u00bb. C&#8217;est un bon d\u00e9but ! D&#8217;autant plus que, je vous le rappelle, ma campagne n&#8217;a pas \u00e9t\u00e9 \u00abagressive\u00bb. J&#8217;ai juste annonc\u00e9 la date de d\u00e9but (15 ao\u00fbt), la dur\u00e9e (6 semaines) et le montant (180\u20ac). Apr\u00e8s quoi j&#8217;ai dit\u00a0\u00absuivez-moi !\u00bb, et voil\u00e0 :\u00a0j&#8217;ai d\u00e9j\u00e0 rempli plus [&hellip;]<\/p>\n","protected":false},"author":1,"featured_media":0,"parent":0,"menu_order":0,"comment_status":"open","ping_status":"closed","template":"","meta":[],"builder_content":"","_links":{"self":[{"href":"https:\/\/auto-coaching.fr\/index.php\/wp-json\/wp\/v2\/pages\/2955"}],"collection":[{"href":"https:\/\/auto-coaching.fr\/index.php\/wp-json\/wp\/v2\/pages"}],"about":[{"href":"https:\/\/auto-coaching.fr\/index.php\/wp-json\/wp\/v2\/types\/page"}],"author":[{"embeddable":true,"href":"https:\/\/auto-coaching.fr\/index.php\/wp-json\/wp\/v2\/users\/1"}],"replies":[{"embeddable":true,"href":"https:\/\/auto-coaching.fr\/index.php\/wp-json\/wp\/v2\/comments?post=2955"}],"version-history":[{"count":20,"href":"https:\/\/auto-coaching.fr\/index.php\/wp-json\/wp\/v2\/pages\/2955\/revisions"}],"predecessor-version":[{"id":2975,"href":"https:\/\/auto-coaching.fr\/index.php\/wp-json\/wp\/v2\/pages\/2955\/revisions\/2975"}],"wp:attachment":[{"href":"https:\/\/auto-coaching.fr\/index.php\/wp-json\/wp\/v2\/media?parent=2955"}],"curies":[{"name":"wp","href":"https:\/\/api.w.org\/{rel}","templated":true}]}}