{"id":3111,"date":"2017-01-04T18:50:11","date_gmt":"2017-01-04T16:50:11","guid":{"rendered":"http:\/\/www.auto-coaching.fr\/?page_id=3111"},"modified":"2017-01-06T17:16:00","modified_gmt":"2017-01-06T15:16:00","slug":"aller-vers","status":"publish","type":"page","link":"https:\/\/auto-coaching.fr\/index.php\/aller-vers\/","title":{"rendered":"Aller Vers&#8230;"},"content":{"rendered":"<p><img decoding=\"async\" loading=\"lazy\" class=\"size-full wp-image-3118\" src=\"http:\/\/www.auto-coaching.fr\/wp-content\/uploads\/2017\/01\/bandeauAllerVers.jpg\" alt=\"Bandeau du programme \u00abAller Vers\u00bb\" width=\"784\" height=\"280\" srcset=\"https:\/\/auto-coaching.fr\/wp-content\/uploads\/2017\/01\/bandeauAllerVers.jpg 784w, https:\/\/auto-coaching.fr\/wp-content\/uploads\/2017\/01\/bandeauAllerVers-300x107.jpg 300w, https:\/\/auto-coaching.fr\/wp-content\/uploads\/2017\/01\/bandeauAllerVers-768x274.jpg 768w, https:\/\/auto-coaching.fr\/wp-content\/uploads\/2017\/01\/bandeauAllerVers-500x179.jpg 500w\" sizes=\"(max-width: 784px) 100vw, 784px\" \/><\/p>\n<h2 class=\"text-center\">D\u00e9couvrez les meilleures pratiques du Coaching et du D\u00e9veloppement Personnel<\/h2>\n<h4>Vous me suivez depuis quelques temps maintenant, vous appr\u00e9ciez mes \u00e9crits, mes vid\u00e9os, mes webinaires, et mon engagement \u00e0 r\u00e9pondre le mieux possible \u00e0 vos questions.<\/h4>\n<p>J&#8217;ai le plaisir de vous annoncer l&#8217;ouverture de mon nouveau programme d&#8217;Auto-Coaching collaboratif. Il\u00a0s\u2019intitule :<\/p>\n<h1 style=\"text-align: center; text-style: italic;\"><span style=\"color: #c72a2a;\">\u00bbALLER VERS&#8230;<\/span><\/h1>\n<p>Ce programme d&#8217;une dur\u00e9e de 7 semaines a \u00e9t\u00e9 cr\u00e9\u00e9 pour vous permettre de dynamiser vos projets, maintenir le cap jusqu&#8217;\u00e0 la r\u00e9ussite et mod\u00e9liser ces r\u00e9ussites afin de r\u00e9utiliser les m\u00eames principes gagnants r\u00e9guli\u00e8rement.<\/p>\n<p>Tout se passe <strong>devant votre ordinateur<\/strong> et \u00e0 dose hom\u00e9opathique (15 minutes par jour maximum). Chaque matin, vous d\u00e9couvrirez des pratiques d&#8217;excellence ou des attitudes \u00e0 entretenir pour accompagner vos projets. Les th\u00e8mes abord\u00e9s sont les suivants :<\/p>\n<ul>\n<ul>\n<li>la Gestion de votre Temps<\/li>\n<li>l&#8217;Ecoute de vos Emotions<\/li>\n<li>l&#8217;Am\u00e9lioration de votre Communication<\/li>\n<li>l&#8217;Assouplissement de votre Rapport \u00e0 l&#8217;Argent<\/li>\n<li>l&#8217;Acc\u00e9l\u00e9ration de votre Apprentissage<\/li>\n<li>le D\u00e9veloppement de votre Confiance Int\u00e9rieure et Ext\u00e9rieure<\/li>\n<li>la (re)d\u00e9finition de vos Objectifs -&#8230;<\/li>\n<\/ul>\n<\/ul>\n<h2 style=\"margin-top: 20px;\">La M\u00e9thode<\/h2>\n<p>Cet <strong>atelier en ligne<\/strong> s\u2019adresse en priorit\u00e9 \u00e0 des personnes actives, qui ne peuvent se lib\u00e9rer facilement pour suivre une formation ou un coaching traditionnel. Tout se passe devant votre ordinateur, y compris les r\u00e9unions en direct (gr\u00e2ce au principe du webinaire).<\/p>\n<h2>Les trois types d&#8217;ateliers :<\/h2>\n<p><strong>Atelier Classique :<\/strong>\u00a0chaque matin vous recevrez un article ou une vid\u00e9o sur un th\u00e8me d&#8217;Auto-Coaching. En fonction de ce que la th\u00e9matique du jour vous \u00e9voquera, vous pourrez commenter, poser des questions, en discuter avec les autres participants, etc. Le temps de lecture se situe entre 3 et 15 minutes. Le temps de participation d\u00e9pend de votre niveau d&#8217;int\u00e9r\u00eat. Il n\u2019y a aucune obligation, que de l\u2019enthousiasme. Cette activit\u00e9 vous permettra d&#8217;ancrer en vous les grands principes du Coaching et du D\u00e9veloppement Personnel de fa\u00e7on hom\u00e9opathique, jour apr\u00e8s jour, en fonction de vos disponibilit\u00e9s.<\/p>\n<p><strong>Atelier Gold :<\/strong> en plus de l\u2019atelier Classique, vous pourrez participer aux \u00e9missions interactives une fois par semaine\u00a0pour approfondir certains th\u00e8mes. Je vous livrerai de nombreuses ressources pour vous permettre d\u2019ancrer en vous les sujets qui n\u00e9cessitent davantage de pr\u00e9cisions et d&#8217;interactivit\u00e9 que les modules matinaux. Selon le niveau de discr\u00e9tion souhait\u00e9, vous pourrez participer en mode cam\u00e9ra, en mode micro, ou tout simplement en mode texte. Ces ateliers en direct sont souvent appel\u00e9s \u00ablives\u00bb ou encore \u00abwebinaires\u00bb. Ils seront enregistr\u00e9s pour que vous puissiez les revoir (ou les d\u00e9couvrir en diff\u00e9r\u00e9 si vous n\u2019avez pas pu \u00eatre pr\u00e9sent(e) en direct).<\/p>\n<p><strong>Atelier Platinum :<\/strong>\u00a0si vous avez un projet pr\u00e9cis \u00e0 lancer et \u00e0 mettre en place, un coaching individuel est souhaitable afin que nous puissions traiter vos sp\u00e9cificit\u00e9s. L&#8217;atelier Platinum reprend le contenu de l&#8217;atelier Gold, tout en vous permettant \u00e0 tout moment de planifier une s\u00e9ance de coaching avec moi. Cet entretien individuel peut se d\u00e9rouler soit dans mon Cabinet (Paris 19\u00e8me), soit par t\u00e9l\u00e9phone ou par Skype. D\u00e8s que vous vous sentirez pr\u00eat(e), planifiez cette s\u00e9ance. Vous pourrez profiter de ce coaching individuel \u00e0 n\u2019importe quel moment, ces 12 prochains mois.<\/p>\n<p>De nombreux bonus et des surprises optionnelles viendront se greffer \u00e0 ce programme \u00e0 mesure que nous \u00e9voluerons.<\/p>\n<h2 style=\"margin-top: 20px;\">Prix et inscriptions<\/h2>\n<p>Je vous recommande tant que possible, d&#8217;investir le maximum en vous, quitte \u00e0 payer en plusieurs fois. Cependant j&#8217;ai toujours \u00e9t\u00e9 sensible aux profils qui ne peuvent investir que quelques dizaines d\u2019euros. C&#8217;est la raison pour laquelle j&#8217;ai cr\u00e9\u00e9 l\u2019offre Classique et l\u2019offre Gold, qui s\u2019adressent aux petits budgets<\/p>\n<p>Cliquez sur l\u2019un des liens ci-dessous pour vous inscrire :<\/p>\n<table>\n<tbody>\n<tr>\n<td><a class=\"buttonize blue\" href=\"http:\/\/inscription-minute.fr\/solution.aspx?code=A5VE49LA\" target=\"_blank\">Platinum : 240\u20ac<\/a><\/td>\n<td><a class=\"buttonize blue\" href=\"http:\/\/inscription-minute.fr\/solution.aspx?code=A5VE47OL\" target=\"_blank\">Gold : 90 \u20ac<\/a><\/td>\n<td><a class=\"buttonize blue\" href=\"http:\/\/inscription-minute.fr\/solution.aspx?code=A5VE47LA\" target=\"_blank\">Classique : 47 \u20ac<\/a><\/td>\n<\/tr>\n<\/tbody>\n<\/table>\n<h1>D\u00e9but du programme et dur\u00e9e<\/h1>\n<p>Le programme \u00abAller Vers&#8230;\u00bb commencera le 23 janvier\u00a02017 et se terminera la premi\u00e8re semaine du printemps selon les modalit\u00e9s suivantes :<\/p>\n<ul>\n<li><strong>Semaine du 23 janvier : Aller vers de nouveaux Projets<\/strong><\/li>\n<li><strong>Semaine du 30\u00a0janvier : Aller vers une nouvelle Communication<\/strong><\/li>\n<li><strong>Semaine du 6 f\u00e9vrier : Aller vers davantage d&#8217;Actions<\/strong><\/li>\n<li>Semaine du 13 f\u00e9vrier : Pause du programme et co-coaching entre les participants<\/li>\n<li><strong>Semaine du 20 f\u00e9vrier : Aller vers une gestion du Temps efficiente<\/strong><\/li>\n<li><strong>Semaine du 27 f\u00e9vrier : Aller vers <strong>un Rapport \u00e0 l&#8217;Argent serein<\/strong><\/strong><\/li>\n<li><strong>Semaine du 6 mars : Aller vers des Emotions\u00a0engageantes<\/strong><\/li>\n<li>Semaine du 13 mars : Pause du programme et co-coaching entre les participants<\/li>\n<li><strong>Semaine du 20 mars : Aller Vers davantage de Confiance<\/strong><\/li>\n<\/ul>\n<hr \/>\n<p>Je vous remercie infiniment pour l&#8217;int\u00e9r\u00eat que vous portez \u00e0 mon travail.<\/p>\n<p>Si vous avez la moindre question, je suis \u00e0 votre \u00e9coute.<\/p>\n<p>Votre d\u00e9vou\u00e9,<\/p>\n<p><strong>St\u00e9phane SOLOMON<\/strong><\/p>\n<!--themify_builder_content-->\n<div id=\"themify_builder_content-3111\" data-postid=\"3111\" class=\"themify_builder_content themify_builder_content-3111 themify_builder tf_clear\">\n    <\/div>\n<!--\/themify_builder_content-->\n","protected":false},"excerpt":{"rendered":"<p>D\u00e9couvrez les meilleures pratiques du Coaching et du D\u00e9veloppement Personnel Vous me suivez depuis quelques temps maintenant, vous appr\u00e9ciez mes \u00e9crits, mes vid\u00e9os, mes webinaires, et mon engagement \u00e0 r\u00e9pondre le mieux possible \u00e0 vos questions. J&#8217;ai le plaisir de vous annoncer l&#8217;ouverture de mon nouveau programme d&#8217;Auto-Coaching collaboratif. Il\u00a0s\u2019intitule : \u00bbALLER VERS&#8230; Ce programme [&hellip;]<\/p>\n","protected":false},"author":1,"featured_media":0,"parent":0,"menu_order":0,"comment_status":"open","ping_status":"closed","template":"","meta":[],"builder_content":"","_links":{"self":[{"href":"https:\/\/auto-coaching.fr\/index.php\/wp-json\/wp\/v2\/pages\/3111"}],"collection":[{"href":"https:\/\/auto-coaching.fr\/index.php\/wp-json\/wp\/v2\/pages"}],"about":[{"href":"https:\/\/auto-coaching.fr\/index.php\/wp-json\/wp\/v2\/types\/page"}],"author":[{"embeddable":true,"href":"https:\/\/auto-coaching.fr\/index.php\/wp-json\/wp\/v2\/users\/1"}],"replies":[{"embeddable":true,"href":"https:\/\/auto-coaching.fr\/index.php\/wp-json\/wp\/v2\/comments?post=3111"}],"version-history":[{"count":9,"href":"https:\/\/auto-coaching.fr\/index.php\/wp-json\/wp\/v2\/pages\/3111\/revisions"}],"predecessor-version":[{"id":3116,"href":"https:\/\/auto-coaching.fr\/index.php\/wp-json\/wp\/v2\/pages\/3111\/revisions\/3116"}],"wp:attachment":[{"href":"https:\/\/auto-coaching.fr\/index.php\/wp-json\/wp\/v2\/media?parent=3111"}],"curies":[{"name":"wp","href":"https:\/\/api.w.org\/{rel}","templated":true}]}}