{"id":3138,"date":"2017-01-17T19:16:00","date_gmt":"2017-01-17T17:16:00","guid":{"rendered":"http:\/\/www.auto-coaching.fr\/?page_id=3138"},"modified":"2017-01-18T18:31:43","modified_gmt":"2017-01-18T16:31:43","slug":"15-minutes-pour-aller-vers","status":"publish","type":"page","link":"https:\/\/auto-coaching.fr\/index.php\/15-minutes-pour-aller-vers\/","title":{"rendered":"15 minutes pour Aller Vers&#8230;"},"content":{"rendered":"<p>Afin de r\u00e9pondre aux nombreuses questions qui sont pos\u00e9es sur cet atelier d&#8217;Auto-Coaching qui d\u00e9bute le 23 janvier, je vous propose de retrouver ici les Replays (rediffusions) des \u00e9missions enregistr\u00e9es la semaine du 16 janvier :<\/p>\n<h2>Lundi : \u00abAller Vers&#8230;\u00bb &#8211; Pourquoi faire ?<\/h2>\n<div class=\"post-video\"><iframe loading=\"lazy\" title=\"Aller Vers - Le sens du programme d&#039;Auto-Coaching\" width=\"1165\" height=\"655\" src=\"https:\/\/www.youtube.com\/embed\/qln8yaEgsBc?feature=oembed\" frameborder=\"0\" allow=\"accelerometer; autoplay; clipboard-write; encrypted-media; gyroscope; picture-in-picture\" allowfullscreen><\/iframe><\/div>\n<h2>Mardi :\u00a0Avez-vous un Destin ?<\/h2>\n<div class=\"post-video\"><iframe loading=\"lazy\" title=\"15 minutes pour Aller Vers : Avez-vous un Destin ?\" width=\"1165\" height=\"655\" src=\"https:\/\/www.youtube.com\/embed\/Y2K2gKfKAnM?feature=oembed\" frameborder=\"0\" allow=\"accelerometer; autoplay; clipboard-write; encrypted-media; gyroscope; picture-in-picture\" allowfullscreen><\/iframe><\/div>\n<h2>Mercredi\u00a0:\u00a0Avez-vous un Destin ?<\/h2>\n<p><a class=\"buttonize green\" href=\"https:\/\/app.webinarjam.net\/register\/2214\/3f32f5ef87\" target=\"_blank\">Inscrivez-vous<\/a><\/p>\n<!--themify_builder_content-->\n<div id=\"themify_builder_content-3138\" data-postid=\"3138\" class=\"themify_builder_content themify_builder_content-3138 themify_builder tf_clear\">\n    <\/div>\n<!--\/themify_builder_content-->\n","protected":false},"excerpt":{"rendered":"<p>Afin de r\u00e9pondre aux nombreuses questions qui sont pos\u00e9es sur cet atelier d&#8217;Auto-Coaching qui d\u00e9bute le 23 janvier, je vous propose de retrouver ici les Replays (rediffusions) des \u00e9missions enregistr\u00e9es la semaine du 16 janvier : Lundi : \u00abAller Vers&#8230;\u00bb &#8211; Pourquoi faire ? Mardi :\u00a0Avez-vous un Destin ? Mercredi\u00a0:\u00a0Avez-vous un Destin ? Inscrivez-vous<\/p>\n","protected":false},"author":1,"featured_media":0,"parent":0,"menu_order":0,"comment_status":"open","ping_status":"closed","template":"","meta":[],"builder_content":"","_links":{"self":[{"href":"https:\/\/auto-coaching.fr\/index.php\/wp-json\/wp\/v2\/pages\/3138"}],"collection":[{"href":"https:\/\/auto-coaching.fr\/index.php\/wp-json\/wp\/v2\/pages"}],"about":[{"href":"https:\/\/auto-coaching.fr\/index.php\/wp-json\/wp\/v2\/types\/page"}],"author":[{"embeddable":true,"href":"https:\/\/auto-coaching.fr\/index.php\/wp-json\/wp\/v2\/users\/1"}],"replies":[{"embeddable":true,"href":"https:\/\/auto-coaching.fr\/index.php\/wp-json\/wp\/v2\/comments?post=3138"}],"version-history":[{"count":4,"href":"https:\/\/auto-coaching.fr\/index.php\/wp-json\/wp\/v2\/pages\/3138\/revisions"}],"predecessor-version":[{"id":3142,"href":"https:\/\/auto-coaching.fr\/index.php\/wp-json\/wp\/v2\/pages\/3138\/revisions\/3142"}],"wp:attachment":[{"href":"https:\/\/auto-coaching.fr\/index.php\/wp-json\/wp\/v2\/media?parent=3138"}],"curies":[{"name":"wp","href":"https:\/\/api.w.org\/{rel}","templated":true}]}}