{"id":3192,"date":"2017-03-21T09:30:51","date_gmt":"2017-03-21T07:30:51","guid":{"rendered":"http:\/\/www.auto-coaching.fr\/?page_id=3192"},"modified":"2017-03-21T09:34:18","modified_gmt":"2017-03-21T07:34:18","slug":"la-botte-secrete","status":"publish","type":"page","link":"https:\/\/auto-coaching.fr\/index.php\/la-botte-secrete\/","title":{"rendered":"La botte secr\u00e8te"},"content":{"rendered":"<p>Aujourd\u2019hui, je vais partager avec vous une botte secr\u00e8te que j\u2019ai d\u00e9couverte il y a environ 5 ans et que j\u2019ai partag\u00e9 avec des milliers de personnes depuis, entre coachings, formations et conf\u00e9rences. Ce n\u2019est donc plus un secret me direz-vous&#8230; Ce \u00e0 quoi je r\u00e9pond :<\/p>\n<p>Vu le nombre de personnes qui s\u2019int\u00e9ressent r\u00e9ellement au D\u00e9veloppement Personnel, \u00e7a reste un secret. Peu de gens l\u2019utilisent et c\u2019est probablement la saison pour laquelle ils r\u00e9ussissent ce qu\u2019ils entreprennent. :<\/p>\n<h2 style=\"text-align: center;\">LES DEUX<\/h2>\n<p>Nous avons souvent tendance \u00e0 opposer les choses, en particulier dans nos dictons populaires :<\/p>\n<ul>\n<li>L\u2019argent ne fait pas le bonheur<\/li>\n<li>Mieux vaut un tiens que deux tu l\u2019auras<\/li>\n<li>Tu ne peux pas avoir le beurre et l\u2019argent du beurre<\/li>\n<li>Sois belle et tais-toi !<\/li>\n<li>&#8230;<\/li>\n<\/ul>\n<p>Ces dictons, \u00e0 force d\u2019\u00eatre r\u00e9p\u00e9t\u00e9s r\u00e9duisent notre potentiel. Pourquoi ne pourrions-nous pas avoir de l\u2019argent ET du Bonheur ? Pourquoi une femme ne pourrait-elle pas \u00eatre \u00e0 la fois belle ET intelligente ? Ces oppositions sont, pour beaucoup de gens, des \u00abprincipes d\u2019\u00e9vidence\u00bb. Et pourtant, s\u2019ils savaient&#8230;<\/p>\n<h2>Composer au lieu d\u2019opposer<\/h2>\n<p>Le principe que je vous propose d\u2019adopter aujourd\u2019hui est tr\u00e8s diff\u00e9rent de la pens\u00e9e commune. Il s\u2019agit de remplacer dans son esprit le \u00abOU\u00bb par le \u00abET\u00bb afin d\u2019envisager de nouveaux possibles. Ce principe, j\u2019ai eu l\u2019occasion de l\u2019utiliser hier, recevant en fin de journ\u00e9e un floril\u00e8ge de f\u00e9licitations.<\/p>\n<h2>L\u2019histoire<\/h2>\n<p>Le jour du Printemps est un symbole fort pour moi. J\u2019ai toujours veill\u00e9 \u00e0 marquer ce jour par une action qui m\u00e9rite une croix sur le calendrier. Le fait que le 20 mars tombe un lundi m\u2019invitait \u00e0 d\u00e9buter un programme d\u2019Auto-Coaching ce jour-l\u00e0, et comme le programme \u00abAller Vers\u00bb a obtenu un franc succ\u00e8s, j\u2019ai d\u00e9cid\u00e9 de proposer une nouvelle saison en m\u00eame temps que la Nature.<\/p>\n<p>Or il m\u2019arrive parfois d\u2019oublier que mon public est principalement constitu\u00e9 de procrastinateurs, c\u2019est-\u00e0-dire de personnes qui s\u2019y prennent au dernier moment. Je ne dis pas \u00e7a pour critiquer mes lecteurs. C\u2019est une r\u00e9alit\u00e9 \u00e9vidente : la plupart des gens qui adh\u00e8rent \u00e0 un programme sur la gestion du temps ont des probl\u00e8mes avec le temps.<\/p>\n<p>Hier matin, alors que le programme devait commencer, je me suis retrouv\u00e9 avec une dizaine d\u2019h\u00e9sitants qui avaient une multitude de questions concernant ce programme. Ce qui s\u2019exprimait principalement, c\u2019est LA PEUR de se tromper. A qui allais-je consacrer mon Energie ? A ceux qui s\u2019y sont pris \u00e0 temps et envers lesquels j\u2019ai des engagements ou \u00e0 ceux qui \u00e9taient sur le point de s\u2019inscrire, mais qui avaient peur ? <strong>Laquelle de mes valeurs doit remporter la victoire ?<\/strong> La Ponctualit\u00e9 ou la Bienveillance ?<\/p>\n<p>Voyant que j\u2019opposais LES DEUX, je me suis offert une s\u00e9ance de r\u00e9flexion sur la possibilit\u00e9 de <strong>composer au lieu d\u2019opposer<\/strong>&#8230; J\u2019en ai tir\u00e9 une belle m\u00e9taphore que j\u2019ai envoy\u00e9 aux participants, dont voici un extrait :<\/p>\n<p>Imaginez-vous adulte, face \u00e0 un groupe d&#8217;enfants dans une colonie de vacances. Vous leur dites au r\u00e9veil :<\/p>\n<p>&#8211; Pr\u00e9parez-vous les enfants, je vous emm\u00e8ne faire du cheval !<\/p>\n<p>Vous allez vous pr\u00e9parer, et en l&#8217;espace de 30 minutes vous \u00eates sur le d\u00e9part avec la moiti\u00e9 du groupe. L&#8217;autre moiti\u00e9 traine un peu&#8230; Certains enfants ont du mal \u00e0 trouver leurs v\u00eatements&#8230; Ils cherchent aussi leurs bouteilles d&#8217;eau et leurs collations&#8230; Sans oublier les deux petits qui ont peur du cheval, parce que jusque-l\u00e0, ils n&#8217;en ont vu qu&#8217;en dessin-anim\u00e9&#8230; Dans leur t\u00eate, c&#8217;est la panique !<\/p>\n<p>Allez-vous partir sans la moiti\u00e9 des effectifs ? Je ne le pense pas ! D\u2019autant plus que cette s\u00e9ance d\u00e9couverte a \u00e9t\u00e9 faite pour les h\u00e9sitants. Il est donc normal de rassurer les retardataires. Ils ne sont pas aussi vifs que les amis des chevaux, et c\u2019est normal\u00a0: c&#8217;est la premi\u00e8re fois qu&#8217;ils s\u2019appr\u00eatent \u00e0 vivre une telle exp\u00e9rience, et vous \u00eates l\u00e0 pour les aider \u00e0 Aller Vers&#8230;<\/p>\n<p>Alors voici ce que j\u2019ai d\u00e9cid\u00e9 de faire\u00a0: le programme \u00abAller vers\u00bb va r\u00e9ellement commencer la semaine prochaine (le 27 mars) avec le maximum de personnes que j&#8217;aurai r\u00e9ussi \u00e0 aider. Mais puisque vous \u00eates pr\u00eats \u00e0 commencer de suite, je ne vais pas vous faire attendre une semaine de plus\u00a0: je vous propose de\u00a0<strong>suivre un sous-programme<\/strong> pendant une semaine : une s\u00e9lection de mes meilleurs articles et de mes meilleures vid\u00e9os que nous allons approfondir.<\/p>\n<h2>R\u00e9sultat de l\u2019op\u00e9ration<\/h2>\n<p>Je dois vous avouer que je n\u2019\u00e9tais pas tr\u00e8s s\u00fbr du r\u00e9sultat et que je m\u2019attendais \u00e0 quelques remarques d\u00e9sobligeantes, voire \u00e0 des demandes de remboursement. Or non seulement tout le monde est d\u2019accord avec ma d\u00e9cision (la m\u00e9taphore du cheval est une aide pr\u00e9cieuse), mais en plus, j\u2019ai re\u00e7u des courriers de f\u00e9licitations. Voici mon pr\u00e9f\u00e9r\u00e9\u00a0:<\/p>\n<p>\u00abSi j&#8217;ai bien compris, le programme commencera la semaine prochaine et l\u00e0 je vais profiter d&#8217;une semaine de bonus gr\u00e2ce aux procrastinateurs\u00a0?\u00bb<\/p>\n<p>C\u2019est exactement \u00e7a\u00a0! Je repousse d\u2019une semaine pour les retardataires, mais ceux qui s\u2019y sont pris \u00e0 temps ne seront pas en reste\u00a0: ils b\u00e9n\u00e9ficieront d\u2019un Bonus d\u2019une semaine. C\u2019est mon Bonus du Printemps\u00a0!<\/p>\n<h2>Conclusion<\/h2>\n<p>Pour beaucoup de gens, le D\u00e9veloppement Personnel est un luxe\u00a0! C\u2019est secondaire, c\u2019est \u00e0 faire quand on n\u2019a rien d\u2019autre sur le feu, \u00e7a ne r\u00e9pond pas aux besoins imm\u00e9diats&#8230; Bref, c\u2019est procrastinable\u00a0! Cette procrastination est p\u00e9nalisante comme toutes les procrastinations.<\/p>\n<p>Mais s\u2019il est normal, dans un cadre de coaching, de souligner le fait que <strong>les personnes qui passent \u00e0 l\u2019action obtiennent davantage de r\u00e9sultats que ceux qui procrastinent<\/strong>, je m\u2019autorise \u00e0 r\u00e9affirmer que ma vocation premi\u00e8re consiste \u00e0 aider un maximum de personnes \u00e0 Aller Vers le D\u00e9veloppement Personnel. En tant que coach et initiateur du projet, il est donc normal que je d\u00e9ploie mon \u00e9nergie \u00e0 servir LES DEUX publics.<\/p>\n<p>Pour mettre en application le principe intitul\u00e9 \u00abLES DEUX\u00bb comme beaucoup d\u2019autres techniques de D\u00e9veloppement Personnel, il convient d\u2019apporter quelques r\u00e9am\u00e9nagements sp\u00e9cifiques, dus au fait que vous priorisez une Valeur sur une autre (dans mon cas, la Bienveillance passe devant la Ponctualit\u00e9). Mon exemple peut vous servir d\u2019exemple\u00a0:<\/p>\n<ol>\n<li>Commencez par remplacer \u00abOU\u00bb par \u00abET\u00bb<\/li>\n<li><strong>Ecoutez votre c\u0153ur<\/strong> pour prioriser votre mission de vie<\/li>\n<li><strong>Ecoutez votre t\u00eate<\/strong> pour que la Valeur qui passe au second plan ne soit pas d\u00e9laiss\u00e9e, mais au contraire sublim\u00e9e par des actions qui lui redonnent une belle place. Pour cela vous avez un outil\u00a0: la cr\u00e9ativit\u00e9 (dans mon cas elle a cr\u00e9\u00e9 un Bonus).<\/li>\n<\/ol>\n<p>A ce stade de votre lecture vous vous demandez s\u00fbrement si cet article a \u00e9t\u00e9 \u00e9crit pour vous aider \u00e0 apprivoiser une technique ou si mon but est de vous convaincre de vous inscrire au programme \u00abAller Vers&#8230;\u00bb\u00a0?<\/p>\n<p>Ma r\u00e9ponse vous l\u2019avez depuis le d\u00e9but\u00a0: <strong>LES DEUX\u00a0!<\/strong><\/p>\n<p>C\u2019est ainsi que fonctionne mes programmes gratuits et payants\u00a0: au-del\u00e0 des techniques propos\u00e9es de fa\u00e7on g\u00e9n\u00e9rique, il y a un \u00eatre-vivant derri\u00e8re tout \u00e7a, et en vous racontant son histoire, je vous aide \u00e0 appliquer ces techniques dans votre propre vie.<\/p>\n<p>Vous disposez encore de quelques jours pour vous inscrire ou poser des questions. Et comme je sais qu\u2019une belle journ\u00e9e de printemps vous attend et que mon appel \u00e0 l\u2019action risque d\u2019\u00eatre oubli\u00e9 dans l\u2019heure, je vous rappelle que le meilleur moment pour agir, c\u2019est\u00a0:<\/p>\n<p style=\"text-align: center; font-size: 16pt;\"><strong>M A I N T E N A N T<\/strong><\/p>\n<table>\n<tbody>\n<tr>\n<td><a class=\"buttonize blue\" href=\"http:\/\/inscription-minute.fr\/solution.aspx?code=A5VE49LA\">Platinum : 240\u20ac<\/a><\/td>\n<td><a class=\"buttonize blue\" href=\"http:\/\/inscription-minute.fr\/solution.aspx?code=A5VE47OL\">Gold : 90 \u20ac<\/a><\/td>\n<td><a class=\"buttonize blue\" href=\"http:\/\/inscription-minute.fr\/solution.aspx?code=A5VE47LA\">Classique : 47 \u20ac<\/a><\/td>\n<\/tr>\n<\/tbody>\n<\/table>\n<p style=\"text-align: center;\"><a href=\"http:\/\/www.auto-coaching.fr\/index.php\/aller-vers-printemps-2017\" target=\"_blank\">Contenu complet du programme<\/a><\/p>\n<p>A++<\/p>\n<p><strong>St\u00e9phane SOLOMON<\/strong><\/p>\n<p>&nbsp;<\/p>\n<p>&nbsp;<\/p>\n<!--themify_builder_content-->\n<div id=\"themify_builder_content-3192\" data-postid=\"3192\" class=\"themify_builder_content themify_builder_content-3192 themify_builder tf_clear\">\n    <\/div>\n<!--\/themify_builder_content-->\n","protected":false},"excerpt":{"rendered":"<p>Aujourd\u2019hui, je vais partager avec vous une botte secr\u00e8te que j\u2019ai d\u00e9couverte il y a environ 5 ans et que j\u2019ai partag\u00e9 avec des milliers de personnes depuis, entre coachings, formations et conf\u00e9rences. Ce n\u2019est donc plus un secret me direz-vous&#8230; Ce \u00e0 quoi je r\u00e9pond : Vu le nombre de personnes qui s\u2019int\u00e9ressent r\u00e9ellement [&hellip;]<\/p>\n","protected":false},"author":1,"featured_media":0,"parent":0,"menu_order":0,"comment_status":"closed","ping_status":"closed","template":"","meta":[],"builder_content":"","_links":{"self":[{"href":"https:\/\/auto-coaching.fr\/index.php\/wp-json\/wp\/v2\/pages\/3192"}],"collection":[{"href":"https:\/\/auto-coaching.fr\/index.php\/wp-json\/wp\/v2\/pages"}],"about":[{"href":"https:\/\/auto-coaching.fr\/index.php\/wp-json\/wp\/v2\/types\/page"}],"author":[{"embeddable":true,"href":"https:\/\/auto-coaching.fr\/index.php\/wp-json\/wp\/v2\/users\/1"}],"replies":[{"embeddable":true,"href":"https:\/\/auto-coaching.fr\/index.php\/wp-json\/wp\/v2\/comments?post=3192"}],"version-history":[{"count":4,"href":"https:\/\/auto-coaching.fr\/index.php\/wp-json\/wp\/v2\/pages\/3192\/revisions"}],"predecessor-version":[{"id":3196,"href":"https:\/\/auto-coaching.fr\/index.php\/wp-json\/wp\/v2\/pages\/3192\/revisions\/3196"}],"wp:attachment":[{"href":"https:\/\/auto-coaching.fr\/index.php\/wp-json\/wp\/v2\/media?parent=3192"}],"curies":[{"name":"wp","href":"https:\/\/api.w.org\/{rel}","templated":true}]}}