{"id":330,"date":"2012-12-11T13:54:32","date_gmt":"2012-12-11T13:54:32","guid":{"rendered":"http:\/\/www.auto-coaching.fr\/?page_id=330"},"modified":"2012-12-11T14:08:53","modified_gmt":"2012-12-11T14:08:53","slug":"j-arrete","status":"publish","type":"page","link":"https:\/\/auto-coaching.fr\/index.php\/j-arrete\/","title":{"rendered":"J&rsquo;arr&ecirc;te !"},"content":{"rendered":"<p>Suite \u00e0 la s\u00e9rie de messages concernant mon sentiment d\u2019utilit\u00e9, j\u2019ai pris une grande d\u00e9cision : J\u2019arr\u00eate !<\/p>\n<p>J\u2019arr\u00eate d\u2019en parler&#8230;<\/p>\n<p>Ne me dites pas que vous avez cru que j\u2019arr\u00eatais TIME-COACH ! Au contraire, il y a plein de nouveaut\u00e9s qui vous attendent : gardez l\u2019\u0153il ouvert, je vais vous les r\u00e9v\u00e9ler ces prochaines semaines. Il y en aura pour tout le monde, ou presque&#8230;<\/p>\n<p>Depuis septembre, avec ma petite \u00e9quipe, nous pr\u00e9parons un nouveau site enti\u00e8rement consacr\u00e9 \u00e0 l\u2019auto-coaching. C\u2019est l\u2019une de nouveaut\u00e9s qui vous attend pour 2013. Comme nous savons que les d\u00e9buts difficiles sont&#8230; difficiles, nous avons d\u00e9cid\u00e9 de mettre toutes les chances de notre c\u00f4t\u00e9 en <b>s\u00e9lectionnant le public qui b\u00e9n\u00e9ficiera de cette nouveaut\u00e9<\/b>. Nous nous sommes donc pos\u00e9 des questions :<\/p>\n<ul>\n<li>Qui inviter \u00e0 la version z\u00e9ro ?\n<li>Qui garder ? Qui exclure ?\n<li>Pouvons-nous accueillir tous les lecteurs de TIME-COACH, y compris les \u00ab Jacquot \u00bb ?\n<li>Devrions-nous inscrire les abonn\u00e9s automatiquement ou leur poser la question ?\n<li>Faut-il fixer une date limite pour stimuler les procrastinateurs ? <\/li>\n<\/ul>\n<p>Connaissez-vous ce proverbe chinois ?<\/p>\n<blockquote>\n<p>Dans le probl\u00e8me se trouve la solution !<\/p>\n<\/blockquote>\n<p>J\u2019ai mis longtemps \u00e0 le comprendre&#8230; Mais une fois qu\u2019on le comprend, c\u2019est \u00e0 vie ! Si vous aspirez \u00e0 vivre encore 60 ans, 40 ans, 20 ans ou m\u00eame 3 ans, vous allez pouvoir vous en servir chaque jour. C\u2019est d\u2019ailleurs le but du D\u00e9veloppement Personnel : apprivoiser des techniques pour la vie&#8230; Des techniques qui se bonifient avec le temps ! Ca vaut de l\u2019or, et en p\u00e9riode de crise, c\u2019est inestimable&#8230;<\/p>\n<p>Alors voil\u00e0 ce que signifie ce proverbe :<\/p>\n<blockquote>\n<p>Autorisez-vous \u00e0 poser le probl\u00e8me, <b>\u00e0 l\u2019exprimer par \u00e9crit<\/b>, \u00e0 le rendre limpide, \u00e0 faire&nbsp; comme si une personne ext\u00e9rieure devait en prendre connaissance&#8230; Communiquez ! Et vous trouverez la solution <b>dans ce que vous avez exprim\u00e9<\/b> !<\/p>\n<\/blockquote>\n<p>Regardez quelques lignes plus haut, j\u2019ai exprime clairement ceci : \u00abNous devons s\u00e9lectionner le public qui <b>b\u00e9n\u00e9ficiera<\/b> de cette nouveaut\u00e9 !\u00bb<\/p>\n<h2>Les b\u00e9n\u00e9ficiaires<\/h2>\n<p>En travaillant sur mes propres mots, en cherchant \u00e0 leur donner <b>un sens plus profond<\/b>, j\u2019ai trouv\u00e9 ma solution : parmi tous les lecteurs de TIME-COACH, il faut chercher les <b>b\u00e9n\u00e9ficiaires<\/b> !<\/p>\n<p>C\u2019est parti :<\/p>\n<ul>\n<li>En premier lieu, il y a ceux qui ont adh\u00e9r\u00e9 aux programmes payants. Ce n\u2019est pas une attitude v\u00e9nale, c\u2019est de la logique pure : une personne qui teste un \u00e9chantillon de parfum et qui s\u2019ach\u00e8te un flacon se consid\u00e8re comme b\u00e9n\u00e9ficiaire.\n<li>Le coaching tient compte de la logique pure, mais il s\u2019int\u00e9resse aussi au facteur humain : y a-t-il d\u2019autres b\u00e9n\u00e9ficiaires ? Oui ! Des centaines ! Ils s\u2019expriment r\u00e9guli\u00e8rement, souvent par e-mail, parfois publiquement sur les pages d\u00e9di\u00e9es aux articles&#8230; <\/li>\n<\/ul>\n<p>Voil\u00e0 ! La s\u00e9lection est faite ! Les b\u00e9n\u00e9ficiaires sont <b>ceux qui estiment que je suis utile<\/b> ! C\u2019est mon cinqui\u00e8me d\u2019excellence. C\u2019est mon profil privil\u00e9gi\u00e9 : celui que je veux accueillir dans ma nouvelle version, c\u2019est lui que je veux \u00e9couter et chouchouter&#8230; Le voil\u00e0, mon public PREMIUM !<\/p>\n<p>Pr\u00eat \u00e0 utiliser ma souris pour cocher les bonnes cases, je suis interpel\u00e9, le jour m\u00eame, par un courrier qui me signale une faute d\u2019orthographe : en effet, dans l\u2019un de mes articles j\u2019ai \u00e9crit \u00abla chaire de ma chaire\u00bb, au lieu d\u2019\u00e9crire la \u00abchair de ma chair\u00bb&#8230;<\/p>\n<p>Mon correspondant me le signale gentiment, et ajoute quelques lignes plus bas :<\/p>\n<p><em>\u00ab J\u2019en profite pour vous remercier pour vos r\u00e9flexions. Elles sont remplies de suggestions pratiques, utiles, et vous \u00e9crivez dans une langue simple et agr\u00e9able \u00e0 lire. \u00bb <\/em><\/p>\n<p>Waouw ! Je regarde dans mon CRM (logiciel de suivi de client\u00e8le) : NADA ! RIEN ! C\u2019est la premi\u00e8re fois qu\u2019il m\u2019\u00e9crit depuis son inscription en f\u00e9vrier 2010 (2 ans et demie de silence). Il ne m\u2019a jamais dit que je lui \u00e9tais utile avant ce jour. Sa valeur motrice est l\u2019orthographe. C\u2019est <strong>la faute d\u2019orthographe<\/strong> qui l\u2019a pouss\u00e9 \u00e0 l\u2019action, et c\u2019est gr\u00e2ce \u00e0 la faute, qu\u2019il cr\u00e9e le contact&#8230; Je devrais faire des erreurs plus souvent ! Vive les erreurs !<\/p>\n<p>Comprenez-moi bien&#8230; Ce n\u2019est pas n\u2019importe quel contact, et <strong>la synchronicit\u00e9<\/strong> des \u00e9v\u00e8nements est troublante, car j\u2019\u00e9tais sur le point de valider une d\u00e9cision. Dans les semaines qui suivaient, son adresse \u00e9tait destin\u00e9e \u00e0 dispara\u00eetre de mon fichier, mais sa valeur motrice lui a permis de se surclasser PREMIUM&#8230; En suivant cette valeur, il a chang\u00e9 son destin de lecteur. Et le destin de bien d\u2019autres lecteurs, comme vous allez le d\u00e9couvrir.<\/p>\n<h2>Les b\u00e9n\u00e9ficiaires cach\u00e9s<\/h2>\n<p>J\u2019ai donc des b\u00e9n\u00e9ficiaires silencieux&#8230; Combien sont-ils ? Pourquoi ne s\u2019expriment-ils pas ? Quelles strat\u00e9gies puis-je utiliser pour toucher leurs valeurs motrices ? Quelles sont ces valeurs ? Comment \u00e9voquer des valeurs sans <b>\u00eatre<\/b> maladroit ? Autrement dit, sans <b>para\u00eetre<\/b> maladroit aux yeux de ceux que je veux garder avec moi ?<\/p>\n<p>Comme vous avez pu le lire ces derni\u00e8res semaines, j\u2019y ai travaill\u00e9&#8230;<\/p>\n<p>Depuis que j\u2019\u00e9voque mon <b>sentiment d\u2019utilit\u00e9<\/b>, entre les inscriptions aux programme payants, les commentaires sur les pages WEB, les e-mails en priv\u00e9, et les appels t\u00e9l\u00e9phoniques, j\u2019ai fait la connaissance de 74 nouveaux contacts, qui sont d\u00e9sormais consid\u00e9r\u00e9s comme PREMIUM.<\/p>\n<p>Tout \u00e7a gr\u00e2ce \u00e0 une faute d\u2019orthographe, et avec l\u2019aide d\u2019une personne dont l\u2019orthographe est une valeur motrice (c\u2019est un ancien professeur de fran\u00e7ais).<\/p>\n<p>Le fait que mes nouveaux lecteurs PREMIUM se soient manifest\u00e9s parce que je les y ai pouss\u00e9s ne change rien \u00e0 ma s\u00e9lection. Depuis le d\u00e9but de l\u2019aventure, j\u2019utilise diff\u00e9rents leviers pour vous encourager \u00e0 aller vers davantage de D\u00e9veloppement personnel. Certains lecteurs sont plus rapides que d\u2019autres et la vie propose aux retardataires de nouvelles occasions de s\u2019exprimer, r\u00e9guli\u00e8rement.<\/p>\n<p>Je fais ce que la vie me propose de faire.<\/p>\n<p>74 personnes que je ne connaissais pas se sont donc exprim\u00e9es, chacun \u00e0 sa fa\u00e7on pour me dire que j\u2019\u00e9tais utile. Est-ce que \u00e7a m\u2019a rassur\u00e9 ou \u00e9tais-ce juste une technique de recrutement ? Bien s\u00fbr que \u00e7a m\u2019a fait plaisir ! Vous me prenez pour Superman ? Si c\u2019est le cas, pensez que la <strong>gratitude<\/strong> est mon soleil, que la critique est mon Lex Luthor et que le silence est ma kryptonite&#8230;<\/p>\n<h2>Mes messages ont-ils g\u00ean\u00e9 ou f\u00e2ch\u00e9 des lecteurs ?<\/h2>\n<p>Oui ! 28 lecteurs (qui n\u2019ont jamais communiqu\u00e9 avec moi) se sont d\u00e9sinscrits d\u2019eux-m\u00eames. Ce doit \u00eatre ce que Darwin appelle la \u00abs\u00e9lection naturelle\u00bb.<\/p>\n<p>Parmi mes clients fid\u00e8les, 5 personnes m\u2019ont interrog\u00e9s, ne comprenant pas pourquoi ils recevaient ces messages alors qu\u2019ils ont largement contribu\u00e9 au syst\u00e8me depuis le d\u00e9but de l\u2019aventure. Mais ils ont fait comme d\u2019habitude : ils ont communiqu\u00e9, et je leur ai expliqu\u00e9 qu\u2019ils recevaient les m\u00eames messages que tout le monde.<\/p>\n<p>Pourquoi ? Parce que dans ces articles, se trouvent des clefs dont ils peuvent se servir pour trouver leurs propres b\u00e9n\u00e9ficiaires cach\u00e9s&#8230; Je ne suis pas une exception, nous en avons tous ! Il vous appartient de d\u00e9cider si vous voulez jouer \u00e0 leur jeu pr\u00e9f\u00e9r\u00e9. Un jeu enfantin appel\u00e9 \u00abcache-cache\u00bb : on se calfeutre, on se fond dans le d\u00e9cor, et on reste discret, car le loup affam\u00e9 erre dans les bois&#8230;<\/p>\n<p>TIME-COACH et ses d\u00e9riv\u00e9s ne sont pas faits pour jouer \u00e0 cache-cache, mais je veux bien faire une partie de temps en temps (quitte \u00e0 endosser le r\u00f4le du loup).<\/p>\n<p>Mon moment pr\u00e9f\u00e9r\u00e9 lorsque je joue avec mes enfants, c\u2019est lorsque la partie se termine et que tout le monde sort de son abri. Je suis heureux de retrouver mes petits, et je d\u00e9couvre des cachettes dont je ne soup\u00e7onnais pas l\u2019existence, dans ma propre maison&#8230; La partie est termin\u00e9e, mais le jeu continue.<\/p>\n<p>A++<\/p>\n<p><strong>St\u00e9phane SOLOMON<\/strong><\/p>\n<!--themify_builder_content-->\n<div id=\"themify_builder_content-330\" data-postid=\"330\" class=\"themify_builder_content themify_builder_content-330 themify_builder tf_clear\">\n    <\/div>\n<!--\/themify_builder_content-->\n","protected":false},"excerpt":{"rendered":"<p>Suite \u00e0 la s\u00e9rie de messages concernant mon sentiment d\u2019utilit\u00e9, j\u2019ai pris une grande d\u00e9cision : J\u2019arr\u00eate ! J\u2019arr\u00eate d\u2019en parler&#8230; Ne me dites pas que vous avez cru que j\u2019arr\u00eatais TIME-COACH ! Au contraire, il y a plein de nouveaut\u00e9s qui vous attendent : gardez l\u2019\u0153il ouvert, je vais vous les r\u00e9v\u00e9ler ces prochaines [&hellip;]<\/p>\n","protected":false},"author":1,"featured_media":0,"parent":0,"menu_order":0,"comment_status":"open","ping_status":"open","template":"","meta":[],"builder_content":"","_links":{"self":[{"href":"https:\/\/auto-coaching.fr\/index.php\/wp-json\/wp\/v2\/pages\/330"}],"collection":[{"href":"https:\/\/auto-coaching.fr\/index.php\/wp-json\/wp\/v2\/pages"}],"about":[{"href":"https:\/\/auto-coaching.fr\/index.php\/wp-json\/wp\/v2\/types\/page"}],"author":[{"embeddable":true,"href":"https:\/\/auto-coaching.fr\/index.php\/wp-json\/wp\/v2\/users\/1"}],"replies":[{"embeddable":true,"href":"https:\/\/auto-coaching.fr\/index.php\/wp-json\/wp\/v2\/comments?post=330"}],"version-history":[{"count":6,"href":"https:\/\/auto-coaching.fr\/index.php\/wp-json\/wp\/v2\/pages\/330\/revisions"}],"predecessor-version":[{"id":336,"href":"https:\/\/auto-coaching.fr\/index.php\/wp-json\/wp\/v2\/pages\/330\/revisions\/336"}],"wp:attachment":[{"href":"https:\/\/auto-coaching.fr\/index.php\/wp-json\/wp\/v2\/media?parent=330"}],"curies":[{"name":"wp","href":"https:\/\/api.w.org\/{rel}","templated":true}]}}