{"id":3376,"date":"2018-01-24T06:19:52","date_gmt":"2018-01-24T05:19:52","guid":{"rendered":"http:\/\/www.auto-coaching.fr\/?page_id=3376"},"modified":"2018-01-24T06:20:11","modified_gmt":"2018-01-24T05:20:11","slug":"pmt","status":"publish","type":"page","link":"https:\/\/auto-coaching.fr\/index.php\/pmt\/","title":{"rendered":"Merci pour votre paiement"},"content":{"rendered":"<p>Vous recevrez un courrier \u00e9lectronique d\u00e8s que votre r\u00e8glement sera re\u00e7u et enregistr\u00e9.<\/p>\n<p>Bienvenue dans\u00a0 \u00abAller Vers\u00bb<\/p>\n<p>A lundi<\/p>\n<p><strong>St\u00e9phane SOLOMON<\/strong><\/p>\n<p>&nbsp;<\/p>\n<!--themify_builder_content-->\n<div id=\"themify_builder_content-3376\" data-postid=\"3376\" class=\"themify_builder_content themify_builder_content-3376 themify_builder tf_clear\">\n    <\/div>\n<!--\/themify_builder_content-->\n","protected":false},"excerpt":{"rendered":"<p>Vous recevrez un courrier \u00e9lectronique d\u00e8s que votre r\u00e8glement sera re\u00e7u et enregistr\u00e9. Bienvenue dans\u00a0 \u00abAller Vers\u00bb A lundi St\u00e9phane SOLOMON &nbsp;<\/p>\n","protected":false},"author":1,"featured_media":0,"parent":0,"menu_order":0,"comment_status":"closed","ping_status":"closed","template":"","meta":[],"builder_content":"","_links":{"self":[{"href":"https:\/\/auto-coaching.fr\/index.php\/wp-json\/wp\/v2\/pages\/3376"}],"collection":[{"href":"https:\/\/auto-coaching.fr\/index.php\/wp-json\/wp\/v2\/pages"}],"about":[{"href":"https:\/\/auto-coaching.fr\/index.php\/wp-json\/wp\/v2\/types\/page"}],"author":[{"embeddable":true,"href":"https:\/\/auto-coaching.fr\/index.php\/wp-json\/wp\/v2\/users\/1"}],"replies":[{"embeddable":true,"href":"https:\/\/auto-coaching.fr\/index.php\/wp-json\/wp\/v2\/comments?post=3376"}],"version-history":[{"count":1,"href":"https:\/\/auto-coaching.fr\/index.php\/wp-json\/wp\/v2\/pages\/3376\/revisions"}],"predecessor-version":[{"id":3377,"href":"https:\/\/auto-coaching.fr\/index.php\/wp-json\/wp\/v2\/pages\/3376\/revisions\/3377"}],"wp:attachment":[{"href":"https:\/\/auto-coaching.fr\/index.php\/wp-json\/wp\/v2\/media?parent=3376"}],"curies":[{"name":"wp","href":"https:\/\/api.w.org\/{rel}","templated":true}]}}