{"id":3460,"date":"2018-04-27T18:00:25","date_gmt":"2018-04-27T17:00:25","guid":{"rendered":"http:\/\/www.auto-coaching.fr\/?page_id=3460"},"modified":"2018-04-27T18:01:34","modified_gmt":"2018-04-27T17:01:34","slug":"soiree-reservee","status":"publish","type":"page","link":"https:\/\/auto-coaching.fr\/index.php\/soiree-reservee\/","title":{"rendered":"Soir\u00e9e r\u00e9serv\u00e9e !"},"content":{"rendered":"<p style=\"text-align: center; margin: 10px; color: brown; font-size: 35px; font-weight: bold; line-height: 120%;\">Merci pour cette r\u00e9servation.<br \/>\nRendez-vous dimanche.<\/p>\n<!--themify_builder_content-->\n<div id=\"themify_builder_content-3460\" data-postid=\"3460\" class=\"themify_builder_content themify_builder_content-3460 themify_builder tf_clear\">\n    <\/div>\n<!--\/themify_builder_content-->\n","protected":false},"excerpt":{"rendered":"<p>Merci pour cette r\u00e9servation. Rendez-vous dimanche.<\/p>\n","protected":false},"author":1,"featured_media":0,"parent":0,"menu_order":0,"comment_status":"closed","ping_status":"closed","template":"","meta":[],"builder_content":"","_links":{"self":[{"href":"https:\/\/auto-coaching.fr\/index.php\/wp-json\/wp\/v2\/pages\/3460"}],"collection":[{"href":"https:\/\/auto-coaching.fr\/index.php\/wp-json\/wp\/v2\/pages"}],"about":[{"href":"https:\/\/auto-coaching.fr\/index.php\/wp-json\/wp\/v2\/types\/page"}],"author":[{"embeddable":true,"href":"https:\/\/auto-coaching.fr\/index.php\/wp-json\/wp\/v2\/users\/1"}],"replies":[{"embeddable":true,"href":"https:\/\/auto-coaching.fr\/index.php\/wp-json\/wp\/v2\/comments?post=3460"}],"version-history":[{"count":3,"href":"https:\/\/auto-coaching.fr\/index.php\/wp-json\/wp\/v2\/pages\/3460\/revisions"}],"predecessor-version":[{"id":3463,"href":"https:\/\/auto-coaching.fr\/index.php\/wp-json\/wp\/v2\/pages\/3460\/revisions\/3463"}],"wp:attachment":[{"href":"https:\/\/auto-coaching.fr\/index.php\/wp-json\/wp\/v2\/media?parent=3460"}],"curies":[{"name":"wp","href":"https:\/\/api.w.org\/{rel}","templated":true}]}}