{"id":349,"date":"2013-01-02T08:20:35","date_gmt":"2013-01-02T08:20:35","guid":{"rendered":"http:\/\/www.auto-coaching.fr\/?page_id=349"},"modified":"2013-01-02T08:43:04","modified_gmt":"2013-01-02T08:43:04","slug":"reussissez-2013","status":"publish","type":"page","link":"https:\/\/auto-coaching.fr\/index.php\/reussissez-2013\/","title":{"rendered":"R&eacute;ussissez 2013 !"},"content":{"rendered":"<p>L\u2019histoire que je vais vous raconter s\u2019est d\u00e9roul\u00e9e pendant la rentr\u00e9e scolaire de cette ann\u00e9e. Ma benjamine venait d\u2019entrer en maternelle. Comme beaucoup de mamans et de plus en plus de papas, nous l\u2019avons accompagn\u00e9e, et nous sommes rest\u00e9s une petite demi-heure pour l\u2019aider \u00e0 apprivoiser les lieux.<\/p>\n<p>Elle s\u2019est imm\u00e9diatement int\u00e9ress\u00e9e \u00e0 un jeu de r\u00e9flexion et d\u2019adresse. Le but \u00e9tait simple : il faut placer les personnages et les objets dans les bonnes cases. Voici une photo que j\u2019ai prise :<\/p>\n<p><a href=\"http:\/\/www.auto-coaching.fr\/wp-content\/uploads\/2013\/01\/simplexToys.jpg\"><img decoding=\"async\" loading=\"lazy\" style=\"border-right-width: 0px; display: inline; border-top-width: 0px; border-bottom-width: 0px; border-left-width: 0px\" title=\"simplexToys\" border=\"0\" alt=\"simplexToys\" src=\"http:\/\/www.auto-coaching.fr\/wp-content\/uploads\/2013\/01\/simplexToys_thumb.jpg\" width=\"644\" height=\"484\"><\/a><\/p>\n<p>Comme vous voyez, c\u2019est vraiment facile. C\u2019est un puzzle de 6 pi\u00e8ces, simplifi\u00e9&#8230; D\u2019ailleurs, ma fille a r\u00e9ussi sans aucun probl\u00e8me. Nous avons jou\u00e9 3 ou 4 fois, puis nous avons c\u00e9d\u00e9 le jeu \u00e0 un autre enfant. M\u00eame r\u00e9sultat: celui-ci a r\u00e9ussi \u00e0 caser les \u00e9l\u00e9ments en quelques secondes. Son p\u00e8re \u00e9tait \u00e0 la fois fier et dubitatif&#8230;<\/p>\n<p>Souriant, il m\u2019a pos\u00e9 cette question, assez fort pour que la ma\u00eetresse l\u2019entende :<\/p>\n<blockquote>\n<p>A quoi \u00e7a sert de faire des jeux comme \u00e7a \u00e0 l\u2019\u00e9cole ? Quel est l\u2019objectif p\u00e9dagogique, puisqu\u2019il n\u2019y a aucune difficult\u00e9, et pratiquement aucune m\u00e9thode \u00e0 enseigner ?!<\/p>\n<\/blockquote>\n<p>Quand on me parle \u00ab d\u2019objectifs p\u00e9dagogiques \u00bb, je suis comme \u00ab le ph\u00e9nix de h\u00f4tes de ces bois \u00bb, je ne me sens plus de joie ! J\u2019\u00e9tais donc sur le point de rassembler mes arguments pour lui r\u00e9pondre sous l\u2019angle de la \u00ab <a href=\"http:\/\/fr.wikipedia.org\/wiki\/Th%C3%A9orie_des_intelligences_multiples\" target=\"_blank\">th\u00e9orie des intelligences multiples<\/a> \u00bb. C\u2019est une approche p\u00e9dagogique et psychologique fascinante, qui fait partie de mes outils de coaching.<\/p>\n<p>L\u2019occasion d\u2019en parler le jour de la rentr\u00e9e scolaire me paraissait de bon augure : il y a tellement de parents convaincus qu\u2019il n\u2019y a qu\u2019une seule forme d\u2019intelligence&#8230; Qui pensent que l\u2019intelligence ne s\u2019apprend pas, que \u00e7a ne se perfectionne pas, que les intelligents sont le fruit du hasard ou de l\u2019h\u00e9r\u00e9dit\u00e9&#8230; La \u00ab th\u00e9orie des intelligences multiples \u00bb, qui met en \u00e9vidence plusieurs intelligences diff\u00e9rentes est lib\u00e9ratrice, et permet aux parents qui s\u2019investissent dans la scolarit\u00e9 de leurs enfants de participer pleinement \u00e0 leur parcours, et de percevoir leurs \u00ab erreurs \u00bb comme des occasions de r\u00e9v\u00e9ler leur talent, voire leur g\u00e9nie !<\/p>\n<p>Ce puzzle facile, auquel nous avons jou\u00e9 fait appel principalement \u00e0 \u00ab l\u2019intelligence spatiale \u00bb. La plupart des enfants en bas \u00e2ge utilisent intuitivement cette intelligence, mais il est important de diagnostiquer rapidement les \u00e9l\u00e8ves qui \u00e9prouvent des difficult\u00e9s dans ce domaine. J\u2019avais donc une r\u00e9ponse pour ce p\u00e8re en qu\u00eate de challenges intellectuels, et une bonne introduction pour engager une discussion sur les diff\u00e9rentes formes d\u2019intelligence&#8230;<\/p>\n<p>Mais la ma\u00eetresse de ma fille m\u2019a devanc\u00e9. Et la r\u00e9ponse qu\u2019elle donna fut tellement plus puissante, que je me suis senti honteux de ne pas y avoir pens\u00e9.<\/p>\n<p>Voici ce qu\u2019elle dit au p\u00e8re exigeant :<\/p>\n<blockquote>\n<p>Le but du jeu est de REUSSIR !<\/p>\n<\/blockquote>\n<p>Apr\u00e8s un instant de silence, j\u2019eu envie de me lever et de la serrer dans me bras ! Cette femme allait s\u2019occuper de ma fille pendant une ann\u00e9e enti\u00e8re, et elle \u00e9tait sensible \u00e0 une \u00e9nergie essentielle : REUSSIR ! Elle en parlait de fa\u00e7on si naturelle et d\u00e9complex\u00e9e, que sa salle de classe en \u00e9tait impr\u00e9gn\u00e9e :<\/p>\n<h2>REUSSIR !<\/h2>\n<p>Je me mis alors \u00e0 observer le lieu autrement : chaque petit objet, chaque dessin, chaque cr\u00e9ation&#8230; Tous ces petits ornements laiss\u00e9s par les \u00e9l\u00e8ves de l\u2019ann\u00e9e pr\u00e9c\u00e9dente, me souriaient&#8230; La peur de laisser ma fille \u00e0 une inconnue m\u2019a compl\u00e8tement abandonn\u00e9e : elle \u00e9tait entre de bonnes mains, j\u2019en avais la conviction ! Cette id\u00e9e me rassurait, et \u00e0 travers moi elle rassurait ma petite princesse.<\/p>\n<p>J\u2019ai donc pu partir sans ressentir la douloureuse s\u00e9paration, et sans subir les cris, les larmes, les supplications&#8230; auxquels je m\u2019\u00e9tais plus ou moins habitu\u00e9&#8230; Ma compagne m\u2019a gliss\u00e9 :<\/p>\n<p>\u00ab On voit qu\u2019on s\u2019am\u00e9liore avec le temps&#8230; C\u2019est la seule qui n\u2019a pas pleur\u00e9 ! \u00bb<br \/>(nous avons 4 enfants)<\/p>\n<p>Cette phrase de Karine m\u00e9riterait tout un article. Que dis-je ? Tout un livre&#8230; Voire une encyclop\u00e9die ! J\u2019y reviendrai.<\/p>\n<p>&#8212;&#8212;&#8212;&#8212;&#8211;<\/p>\n<p>A l\u2019aube de cette nouvelle ann\u00e9e, \u00e0 l\u2019heure o\u00f9 les meilleurs v\u0153ux circulent entre les \u00eatres sublimes que nous sommes, cette tranche de vie vient naturellement prendre sa place dans le flux des messages que je vous envoie :<\/p>\n<ul>\n<li><strong>R\u00e9ussissez<\/strong> votre Sant\u00e9 !\n<li><strong>R\u00e9ussissez<\/strong> votre Education !\n<li><strong>R\u00e9ussissez<\/strong> votre Bonheur !\n<li><strong>R\u00e9ussissez<\/strong> votre Prosp\u00e9rit\u00e9 !\n<li><strong>REUSSISSEZ<\/strong> 2013 ! <\/li>\n<\/ul>\n<p>Vous avez en vous et autour de vous tout ce qu\u2019il faut pour r\u00e9ussir. Des choses simples&#8230; Si simples, qu\u2019elles ne vous paraissent pas assez pertinentes pour \u00eatre utilis\u00e9es. Et pourtant, la vie n\u2019est pas faite que de d\u00e9fis compliqu\u00e9s. En vous autorisant \u00e0 REUSSIR avec simplicit\u00e9 vous capturerez les \u00e9nergies du succ\u00e8s : vous ressentirez le succ\u00e8s s\u2019exprimer \u00e0 l\u2019int\u00e9rieur de vous&#8230; Ces \u00e9nergies vous accompagneront ensuite dans tous vos projets, et vous aideront \u00e0 vous d\u00e9passer le moment venu.<\/p>\n<blockquote>\n<p>R\u00e9ussissez les d\u00e9fis simples du quotidien, ressentez ces r\u00e9ussites, et vous r\u00e9ussirez vos d\u00e9fis ambitieux dans la foul\u00e9e.<\/p>\n<\/blockquote>\n<p>Je vous remercie de m\u2019avoir permis de vous accompagner sur le chemin de la simplicit\u00e9. Je fais le v\u0153u que vous m\u2019y autoriserez encore, et que nous partagerons ensemble les miracles ordinaires que la vie nous offre chaque jour.<\/p>\n<p>De l\u2019ordinaire \u00e0 l\u2019extraordinaire, il n\u2019y a qu\u2019un frisson, un clignement d\u2019yeux, puis un nouveau regard.<\/p>\n<p>Je vous souhaite une excellente ann\u00e9e 2013 !<\/p>\n<p><strong>St\u00e9phane SOLOMON<\/strong><\/p>\n<p><a href=\"http:\/\/www.auto-coaching.fr\/index.php\/russissez-2013\/\" target=\"_blank\">Pour r\u00e9agir \u00e0 cet article, cliquez ici<\/a><\/p>\n<!--themify_builder_content-->\n<div id=\"themify_builder_content-349\" data-postid=\"349\" class=\"themify_builder_content themify_builder_content-349 themify_builder tf_clear\">\n    <\/div>\n<!--\/themify_builder_content-->\n","protected":false},"excerpt":{"rendered":"<p>L\u2019histoire que je vais vous raconter s\u2019est d\u00e9roul\u00e9e pendant la rentr\u00e9e scolaire de cette ann\u00e9e. Ma benjamine venait d\u2019entrer en maternelle. Comme beaucoup de mamans et de plus en plus de papas, nous l\u2019avons accompagn\u00e9e, et nous sommes rest\u00e9s une petite demi-heure pour l\u2019aider \u00e0 apprivoiser les lieux. Elle s\u2019est imm\u00e9diatement int\u00e9ress\u00e9e \u00e0 un jeu [&hellip;]<\/p>\n","protected":false},"author":1,"featured_media":0,"parent":0,"menu_order":0,"comment_status":"open","ping_status":"open","template":"","meta":[],"builder_content":"","_links":{"self":[{"href":"https:\/\/auto-coaching.fr\/index.php\/wp-json\/wp\/v2\/pages\/349"}],"collection":[{"href":"https:\/\/auto-coaching.fr\/index.php\/wp-json\/wp\/v2\/pages"}],"about":[{"href":"https:\/\/auto-coaching.fr\/index.php\/wp-json\/wp\/v2\/types\/page"}],"author":[{"embeddable":true,"href":"https:\/\/auto-coaching.fr\/index.php\/wp-json\/wp\/v2\/users\/1"}],"replies":[{"embeddable":true,"href":"https:\/\/auto-coaching.fr\/index.php\/wp-json\/wp\/v2\/comments?post=349"}],"version-history":[{"count":5,"href":"https:\/\/auto-coaching.fr\/index.php\/wp-json\/wp\/v2\/pages\/349\/revisions"}],"predecessor-version":[{"id":354,"href":"https:\/\/auto-coaching.fr\/index.php\/wp-json\/wp\/v2\/pages\/349\/revisions\/354"}],"wp:attachment":[{"href":"https:\/\/auto-coaching.fr\/index.php\/wp-json\/wp\/v2\/media?parent=349"}],"curies":[{"name":"wp","href":"https:\/\/api.w.org\/{rel}","templated":true}]}}