{"id":3641,"date":"2018-09-13T18:37:31","date_gmt":"2018-09-13T17:37:31","guid":{"rendered":"http:\/\/www.auto-coaching.fr\/?page_id=3641"},"modified":"2018-09-13T20:16:57","modified_gmt":"2018-09-13T19:16:57","slug":"concilier-pro-et-perso-ou-le-life-balance","status":"publish","type":"page","link":"https:\/\/auto-coaching.fr\/index.php\/concilier-pro-et-perso-ou-le-life-balance\/","title":{"rendered":"Concilier pro et perso<br \/> <span style=\"font-size:smaller;color:#606060\">(ou le \u00abWork-Life Balance\u00bb)<\/span>"},"content":{"rendered":"<p><strong>R\u00e9servez votre soir\u00e9e du 20 septembre, de 21h00 \u00e0 22h30<\/strong>. Je vous propose un webinaire sur le th\u00e8me \u00abComment concilier son activit\u00e9 professionnelle avec sa vie personnelle ?\u00bb.<\/p>\n<p>Ce webinaire sera co-anim\u00e9 avec Dani\u00e8le Guilhamet, une lectrice de cette newsletter, que j\u2019ai appris \u00e0 mieux conna\u00eetre \u00e0 travers mes programmes d\u2019Auto-coaching puis gr\u00e2ce \u00e0 des s\u00e9ances d\u2019accompagnement personnalis\u00e9 qu\u2019elle me commande r\u00e9guli\u00e8rement pour avancer dans ses multiples projets.<\/p>\n<p>Dani\u00e8le travaille dans l&#8217;un des services informatiques d&#8217;une banque de renom. Elle y est entr\u00e9e par la petite porte et a su gravir les \u00e9chelons \u00abhors-grille\u00bb, gr\u00e2ce \u00e0 son Attitude face aux d\u00e9fis qu&#8217;elle sait relever avec talent. Le talent est \u00e9galement ce qui caract\u00e9rise Dani\u00e8le \u00e0 bien d&#8217;autres domaines puisqu&#8217;en plus de son activit\u00e9 professionnelle, elle s&#8217;\u00e9panouit \u00e0 travers deux passions :<\/p>\n<ul>\n<li>Le cheval<\/li>\n<li>et le dessin<\/li>\n<\/ul>\n<p>Lorsqu&#8217;on \u00e9coute Dani\u00e8le \u00e9voquer une semaine de sa vie, tr\u00e8s vite, on a envie de lui poser cette question :<\/p>\n<p><em>&#8211; O\u00f9 trouves-tu le temps de faire tout \u00e7a ?<\/em><\/p>\n<p>Une question \u00e0 laquelle elle r\u00e9pondra jeudi prochain tout en partageant des pratiques de D\u00e9veloppement Personnel qu&#8217;elle a construit de fa\u00e7on plus ou moins inconsciente. En effet, ce qui est \u00e9tonnant (mais pas si rare), c\u2019est le fait que Dani\u00e8le n\u2019ait pas eu l\u2019impression que son attitude, ses techniques, sa fa\u00e7on de s\u2019organiser ou de prendre des d\u00e9cisions m\u00e9ritaient d\u2019\u00eatre soulign\u00e9es. Avant son coaching, tout ceci lui paraissait \u00abnormal\u00bb, et je ne suis toujours pas s\u00fbr qu\u2019elle ait pris conscience de la v\u00e9ritable dimension de sa capacit\u00e9 \u00e0 aider le monde au-del\u00e0 de son premier cercle. Elle est comme Monsieur Jourdain dans \u00abLe Bourgeois Gentilhomme\u00bb\u00a0: parfaitement align\u00e9e sur les pratiques du D\u00e9veloppement Personnel sans le savoir&#8230; Une Comp\u00e9tence Inconsciente qu\u2019elle d\u00e9couvre avec joie.<\/p>\n<p>Pour vous proposer un webinaire de 90 minutes, nous avons d\u00fb faire des choix douloureux, car chaque \u00e9v\u00e8nement de sa vie qu&#8217;elle interpr\u00e8te d\u00e9sormais avec une vision enthousiaste pourrait faire l\u2019objet d\u2019une \u00e9mission \u00e0 part enti\u00e8re.<\/p>\n<p style=\"text-align: center;\"><a href=\"https:\/\/events.genndi.com\/register\/169105139238438889\/40d0f01dc8\" class=\"buttonize green\">Inscrivez-vous !<\/a><br \/>\n(Ce webinaire est gratuit)<\/p>\n<p>A++<\/p>\n<p><strong>St\u00e9phane SOLOMON<\/strong><\/p>\n<!--themify_builder_content-->\n<div id=\"themify_builder_content-3641\" data-postid=\"3641\" class=\"themify_builder_content themify_builder_content-3641 themify_builder tf_clear\">\n    <\/div>\n<!--\/themify_builder_content-->\n","protected":false},"excerpt":{"rendered":"<p>R\u00e9servez votre soir\u00e9e du 20 septembre, de 21h00 \u00e0 22h30. Je vous propose un webinaire sur le th\u00e8me \u00abComment concilier son activit\u00e9 professionnelle avec sa vie personnelle ?\u00bb. Ce webinaire sera co-anim\u00e9 avec Dani\u00e8le Guilhamet, une lectrice de cette newsletter, que j\u2019ai appris \u00e0 mieux conna\u00eetre \u00e0 travers mes programmes d\u2019Auto-coaching puis gr\u00e2ce \u00e0 des [&hellip;]<\/p>\n","protected":false},"author":1,"featured_media":0,"parent":0,"menu_order":0,"comment_status":"closed","ping_status":"closed","template":"","meta":[],"builder_content":"","_links":{"self":[{"href":"https:\/\/auto-coaching.fr\/index.php\/wp-json\/wp\/v2\/pages\/3641"}],"collection":[{"href":"https:\/\/auto-coaching.fr\/index.php\/wp-json\/wp\/v2\/pages"}],"about":[{"href":"https:\/\/auto-coaching.fr\/index.php\/wp-json\/wp\/v2\/types\/page"}],"author":[{"embeddable":true,"href":"https:\/\/auto-coaching.fr\/index.php\/wp-json\/wp\/v2\/users\/1"}],"replies":[{"embeddable":true,"href":"https:\/\/auto-coaching.fr\/index.php\/wp-json\/wp\/v2\/comments?post=3641"}],"version-history":[{"count":11,"href":"https:\/\/auto-coaching.fr\/index.php\/wp-json\/wp\/v2\/pages\/3641\/revisions"}],"predecessor-version":[{"id":3652,"href":"https:\/\/auto-coaching.fr\/index.php\/wp-json\/wp\/v2\/pages\/3641\/revisions\/3652"}],"wp:attachment":[{"href":"https:\/\/auto-coaching.fr\/index.php\/wp-json\/wp\/v2\/media?parent=3641"}],"curies":[{"name":"wp","href":"https:\/\/api.w.org\/{rel}","templated":true}]}}