{"id":368,"date":"2013-01-31T11:32:53","date_gmt":"2013-01-31T11:32:53","guid":{"rendered":"http:\/\/www.auto-coaching.fr\/?page_id=368"},"modified":"2013-01-31T13:06:13","modified_gmt":"2013-01-31T13:06:13","slug":"je-ne-suis-pas","status":"publish","type":"page","link":"https:\/\/auto-coaching.fr\/index.php\/je-ne-suis-pas\/","title":{"rendered":"Je ne suis pas&#8230;"},"content":{"rendered":"<p>Vous arrive-t-il de r\u00e9p\u00e9ter des formules b\u00e2ties sous la forme :<\/p>\n<blockquote>\n<p>Je ne suis pas&#8230;<\/p>\n<\/blockquote>\n<p>ou encore<\/p>\n<blockquote>\n<p>Je n\u2019ai pas\u2026<\/p>\n<\/blockquote>\n<p>Par exemple :<\/p>\n<ul>\n<li>Je n\u2019ai pas le temps\n<li>Je n\u2019ai plus 20 ans\n<li>Je ne suis pas aid\u00e9(e)\n<li>Je n\u2019ai pas d\u2019argent\n<li>Je ne suis pas aim\u00e9(e)\n<li>Je n\u2019ai pas eu de bons parents\n<li>Je n\u2019ai pas assez de relations\n<li>Je n\u2019ai pas une assez bonne (ou belle) voix\n<li>Je ne suis pas assez intelligent\n<li>Je ne suis pas beau \/ belle\n<li>Je n\u2019ai pas l\u2019esprit de comp\u00e9tition\n<li>Je n\u2019ai pas assez d\u2019ambition\n<li>Je ne suis pas sportif \/ sportive\n<li>Etc. <\/li>\n<\/ul>\n<p>En coaching, on appelle ces formules des \u00abpr\u00e9textes pour ne pas avancer\u00bb. C\u2019est dur \u00e0 entendre pour une personne qui a l\u2019habitude d\u2019utiliser ces formules pensant qu\u2019il s\u2019agit de raisons l\u00e9gitimes&#8230;<\/p>\n<p>C&#8217;est une fa\u00e7on d\u00e9tourn\u00e9e de prononcer le paradigme redoutable : \u00abJe n&#8217;ai pas le choix !\u00bb.<\/p>\n<p>Si vous vous entendez dire ce genre de choses, je vous propose&nbsp; un exercice de pens\u00e9e : au lieu de valider vos propos (\u00e7a peut r\u00e9conforter sur l\u2019instant), essayez d\u2019y voir l\u2019arbre qui cache la for\u00eat. Ou devrais-je dire, l\u2019arbre qui vous chasse du Jardin d\u2019Eden&#8230;<\/p>\n<h2>Le ma\u00eetre de midi<\/h2>\n<p>A ce propos, j\u2019ai une petite anecdote v\u00e9cue \u00e0 vous raconter. Ca concerne un jeu t\u00e9l\u00e9vis\u00e9 : \u00ab les 12 coups de midi \u00bb (sur TF1 chaque jour \u2013 y compris le week-end \u2013 entre 12h00 et 13h00). Le principe est bas\u00e9 sur des quizz orient\u00e9s culture g\u00e9n\u00e9rale. La chance, le stress, le choix, les d\u00e9fis et la logique ont une belle place dans les questions qui sont propos\u00e9es. L\u2019animateur est jovial, le public bon-enfant. C\u2019est tr\u00e8s sympa !<\/p>\n<p>De novembre \u00e0 D\u00e9cembre 2012, un facteur nomm\u00e9 S\u00e9bastien a enchain\u00e9 les victoires de fa\u00e7on impressionnante. Ce qui le distinguait des autres champions, c\u2019est sa fa\u00e7on de livrer son raisonnement \u00e0 haute-voix : par comparaison, par \u00e9limination, par intuition&#8230; D\u2019une certaine mani\u00e8re, il livrait des cours de r\u00e9flexion.<\/p>\n<p>Il a enchain\u00e9 37 victoires (111 concurrents), avant de tirer sa r\u00e9v\u00e9rence \u00e0 quelques jours de No\u00ebl.<\/p>\n<p>J\u2019en ai parl\u00e9 \u00e0 un client lors d\u2019une s\u00e9ance de coaching. Ce Responsable Qualit\u00e9 devait perfectionner son anglais en rejoignant un atelier de suggestop\u00e9die organis\u00e9 par son entreprise. Il se montrait particuli\u00e8rement d\u00e9nigrant envers la m\u00e9thode, r\u00e9p\u00e9tant souvent :<\/p>\n<blockquote>\n<p>Je ne suis pas un rat de laboratoire<\/p>\n<\/blockquote>\n<p style=\"margin-bottom: 0px\">Sa Direction voulait d\u2019abord que je l\u2019aide \u00e0 <strong>prendre conscience de son incomp\u00e9tence<\/strong> dans le domaine du D\u00e9veloppement Personnel.<\/p>\n<p style=\"text-align: left; text-indent: -15px; margin: 4px 0px 12px 30px; color: #7070a0; font-size: 8pt\">&gt;&gt; L\u2019incomp\u00e9tence inconsciente ne permet pas d\u2019entamer un quelconque processus de formation ou de performance).<\/p>\n<p>Apr\u00e8s quelques phrases admiratives sur S\u00e9bastien, \u00ab le ma\u00eetre de midi \u00bb, mon client a l\u00e2ch\u00e9 ceci :<\/p>\n<p style=\"margin-bottom: 0px\">\u00ab Le type dont vous me parlez est facteur, il n\u2019a pas le droit de travailler plus de 35 heures par semaine&#8230; Le reste du temps, il bouquine. Il a le temps. Moi, je ne suis pas facteur ! \u00bb<\/p>\n<p style=\"text-align: left; text-indent: -15px; margin: 4px 0px 12px 30px; color: #7070a0; font-size: 8pt\">&gt;&gt; Le d\u00e9nigrement est le premier indicateur d\u2019une incomp\u00e9tence inconsciente).<\/p>\n<p>Il esp\u00e9rait terminer l\u00e0-dessus, convaincu que derri\u00e8re les victoires de S\u00e9bastien, il n\u2019y avait aucune m\u00e9thode et peu de volont\u00e9. Uniquement du bachotage d\u2019une personne qui ne savait pas quoi faire de son temps et de sa vie&#8230;<\/p>\n<p>J\u2019ai alors confront\u00e9 son pr\u00e9texte :<\/p>\n<p>\u00ab Dans ma belle-famille, il y a un facteur : il passe ses apr\u00e8s-midi au bistrot. Je ne pense pas que S\u00e9bastien, le ma\u00eetre de midi ait le temps de lire des encyclop\u00e9dies parce qu\u2019il est facteur. Je pense plut\u00f4t qu\u2019<strong>il a CHOISI un m\u00e9tier qui lui permet de lire des encyclop\u00e9dies<\/strong>. \u00bb<\/p>\n<h2>Le CHOIX<\/h2>\n<p>L\u2019id\u00e9e de cette analogie est d\u2019aider mes clients \u00e0 prendre conscience qu\u2019ils ont choisi leur m\u00e9tier, et qu\u2019ils ont la libert\u00e9 d\u2019en choisir un autre, \u00e0 tout moment. Il est possible d\u2019atteindre l\u2019excellence par contrainte (c\u2019est le cas de certains champions olympiques qu\u2019on canalise tr\u00e8s jeunes), mais en g\u00e9n\u00e9ral, on d\u00e9croche des m\u00e9dailles gr\u00e2ce \u00e0 une attitude volontaire.<\/p>\n<h4>Le SENS<\/h4>\n<p>Parfois, je parle \u00e0 mes clients de Charles AZNAVOUR :<\/p>\n<p>Saviez-vous qu\u2019il se l\u00e8ve t\u00f4t chaque matin pour faire 1h30 d\u2019exercices d\u2019assouplissement du dos ? Sinon, l\u2019ensemble de sa journ\u00e9e est tr\u00e8s douloureuse et \u00e7a peut \u00e9touffer sa voix, en soir\u00e9e. Souhaitant servir \u00e0 son public des spectacles de Qualit\u00e9, et se souvenant de la fois o\u00f9 il dut annuler une repr\u00e9sentation (la seule fois de sa vie), il s\u2019\u00e9vertue \u00e0 ex\u00e9cuter ces exercices avant toutes autre action. Il pourrait se faire op\u00e9rer, mais la chirurgie ayant donn\u00e9 peu de r\u00e9sultats concluants chez d\u2019autres patients, elle pourrait mettre fin \u00e0 sa carri\u00e8re. Il pr\u00e9f\u00e8re son rituel matinal, aussi contraignant soit-il.<\/p>\n<p>(vu dans l\u2019\u00e9mission \u00abTh\u00e9 ou Caf\u00e9\u00bb sur France 2. Une \u00e9mission que j\u2019aurais bien intitul\u00e9e : \u00abLe D\u00e9veloppement Personnel selon Charles AZNAVOUR\u00bb)<\/p>\n<p>lorsque j\u2019\u00e9voque cette attitude, certains clients me r\u00e9pondent quelque chose du genre : \u00ab avec le pognon qu\u2019il a et le m\u00e9tier qu\u2019il fait, il peut faire du sport toute la journ\u00e9e avec un le meilleur coach sportif ! Moi, j\u2019ai \u00e0 peine de quoi m\u2019inscrire \u00e0 une salle de sport, et la derni\u00e8re fois que je l\u2019ai fait, j\u2019y suis all\u00e9 3 fois, et j\u2019ai arr\u00eat\u00e9 parce que je n\u2019avais pas le temps&#8230; \u00bb<\/p>\n<p>Il est vrai que Charles Aznavour a de l\u2019argent et du temps. Mais alors, pourquoi chante-t-il toujours ? Il pourrait vivre de ses rentes, se payer le meilleur chirurgien du dos, et passer ses prochaines ann\u00e9es au bord de sa piscine, au lieu de se soucier de la Qualit\u00e9 de ses prochains spectacles&#8230; Tout \u00e7a doit \u00eatre tr\u00e8s fatiguant&#8230; M\u00e9nagez-vous Charles ! Et faites place aux jeunes !<\/p>\n<h4>Qui \u00eates-vous ?<\/h4>\n<p>S\u00e9bastien a su faire des CHOIX et Charles a su donner un SENS \u00e0 sa vie. Mon m\u00e9tier consiste \u00e0 proposer des solutions \u00e0 des personnes qui veulent donner un SENS \u00e0 leurs actions, et qui veulent multiplier leurs CHOIX. Je propose des processus qui permettent de d\u00e9bloquer des situations d\u00e9finitivement, d\u2019adopter la meilleure attitude face \u00e0 un objectif, de cr\u00e9er de bonnes habitudes en remplacement des anciennes, de lib\u00e9rer des Energies nouvelles, et ce faisant, de ressentir un b\u00e9n\u00e9fice \u00e0 vie&#8230;<\/p>\n<ul>\n<li>Je ne suis pas boulanger !\n<li>Je ne suis pas facteur !\n<li>Je ne suis pas chanteur !\n<li>Je ne suis pas banquier ! <\/li>\n<\/ul>\n<p>Et si vous vous focalisiez sur ce que vous \u00eates ?<\/p>\n<p>A force de croire que vous n\u2019avez pas le choix, que vous ne pouvez pas \u00eatre qui vous voulez \u00eatre, vous en arrivez \u00e0 croire que les \u00eatres d\u2019exception n\u2019ont pas eu le choix non plus. Vous finissez par croire qu\u2019ils n\u2019avaient qu\u2019un seul destin, inscrit \u00e0 la naissance, et qu\u2019ils ne peuvent rien y changer : Charles AZNAVOUR \u00e9tait donc condamn\u00e9 \u00e0 r\u00e9ussir dans la chanson !<\/p>\n<p>C\u2019est triste&#8230; Je suis s\u00fbr qu\u2019il aurait fait un excellent facteur&#8230;<\/p>\n<p>A++<\/p>\n<p><strong>St\u00e9phane SOLOMON<\/strong><\/p>\n<!--themify_builder_content-->\n<div id=\"themify_builder_content-368\" data-postid=\"368\" class=\"themify_builder_content themify_builder_content-368 themify_builder tf_clear\">\n    <\/div>\n<!--\/themify_builder_content-->\n","protected":false},"excerpt":{"rendered":"<p>Vous arrive-t-il de r\u00e9p\u00e9ter des formules b\u00e2ties sous la forme : Je ne suis pas&#8230; ou encore Je n\u2019ai pas\u2026 Par exemple : Je n\u2019ai pas le temps Je n\u2019ai plus 20 ans Je ne suis pas aid\u00e9(e) Je n\u2019ai pas d\u2019argent Je ne suis pas aim\u00e9(e) Je n\u2019ai pas eu de bons parents Je [&hellip;]<\/p>\n","protected":false},"author":1,"featured_media":0,"parent":0,"menu_order":0,"comment_status":"open","ping_status":"open","template":"","meta":[],"builder_content":"","_links":{"self":[{"href":"https:\/\/auto-coaching.fr\/index.php\/wp-json\/wp\/v2\/pages\/368"}],"collection":[{"href":"https:\/\/auto-coaching.fr\/index.php\/wp-json\/wp\/v2\/pages"}],"about":[{"href":"https:\/\/auto-coaching.fr\/index.php\/wp-json\/wp\/v2\/types\/page"}],"author":[{"embeddable":true,"href":"https:\/\/auto-coaching.fr\/index.php\/wp-json\/wp\/v2\/users\/1"}],"replies":[{"embeddable":true,"href":"https:\/\/auto-coaching.fr\/index.php\/wp-json\/wp\/v2\/comments?post=368"}],"version-history":[{"count":8,"href":"https:\/\/auto-coaching.fr\/index.php\/wp-json\/wp\/v2\/pages\/368\/revisions"}],"predecessor-version":[{"id":379,"href":"https:\/\/auto-coaching.fr\/index.php\/wp-json\/wp\/v2\/pages\/368\/revisions\/379"}],"wp:attachment":[{"href":"https:\/\/auto-coaching.fr\/index.php\/wp-json\/wp\/v2\/media?parent=368"}],"curies":[{"name":"wp","href":"https:\/\/api.w.org\/{rel}","templated":true}]}}