{"id":3747,"date":"2018-12-27T17:16:51","date_gmt":"2018-12-27T16:16:51","guid":{"rendered":"http:\/\/www.auto-coaching.fr\/?page_id=3747"},"modified":"2018-12-27T17:16:53","modified_gmt":"2018-12-27T16:16:53","slug":"cookies","status":"publish","type":"page","link":"https:\/\/auto-coaching.fr\/index.php\/cookies\/","title":{"rendered":"Utilisation des cookies de ce site"},"content":{"rendered":"\n<p>Ce site utilise des cookies principalement dans le but de simplifier votre utilisation. Si vous vous identifiez, vous pourrez revenir plusieurs fois en conservant vos \u00e9l\u00e9ments d&#8217;identification (tr\u00e8s pratique si vous laissez des commentaires).<\/p>\n\n\n\n<p>Sans identification de votre part, nous ne pouvons conna\u00eetre votre identit\u00e9. Vous pouvez donc visiter ce site anonymement, et vous identifier lorsque vous le souhaiterez.<\/p>\n\n\n\n<p>Les cookies nous permettent \u00e9galement de distinguer le nombre de visiteurs du nombre de visites. Par exemple, si vous visitez ce site 5 fois, m\u00eame anonymement, le compteur de visites comptabilisera 5 acc\u00e8s, alors que le compteur des visiteurs n&#8217;en comptabilisera qu&#8217;un.<\/p>\n\n\n\n<p>Pour le moment, aucun autre usage n&#8217;est fait des cookies.<\/p>\n<!--themify_builder_content-->\n<div id=\"themify_builder_content-3747\" data-postid=\"3747\" class=\"themify_builder_content themify_builder_content-3747 themify_builder tf_clear\">\n    <\/div>\n<!--\/themify_builder_content-->\n","protected":false},"excerpt":{"rendered":"<p>Ce site utilise des cookies principalement dans le but de simplifier votre utilisation. Si vous vous identifiez, vous pourrez revenir plusieurs fois en conservant vos \u00e9l\u00e9ments d&#8217;identification (tr\u00e8s pratique si vous laissez des commentaires). Sans identification de votre part, nous ne pouvons conna\u00eetre votre identit\u00e9. Vous pouvez donc visiter ce site anonymement, et vous identifier [&hellip;]<\/p>\n","protected":false},"author":1,"featured_media":0,"parent":0,"menu_order":0,"comment_status":"closed","ping_status":"closed","template":"","meta":[],"builder_content":"","_links":{"self":[{"href":"https:\/\/auto-coaching.fr\/index.php\/wp-json\/wp\/v2\/pages\/3747"}],"collection":[{"href":"https:\/\/auto-coaching.fr\/index.php\/wp-json\/wp\/v2\/pages"}],"about":[{"href":"https:\/\/auto-coaching.fr\/index.php\/wp-json\/wp\/v2\/types\/page"}],"author":[{"embeddable":true,"href":"https:\/\/auto-coaching.fr\/index.php\/wp-json\/wp\/v2\/users\/1"}],"replies":[{"embeddable":true,"href":"https:\/\/auto-coaching.fr\/index.php\/wp-json\/wp\/v2\/comments?post=3747"}],"version-history":[{"count":1,"href":"https:\/\/auto-coaching.fr\/index.php\/wp-json\/wp\/v2\/pages\/3747\/revisions"}],"predecessor-version":[{"id":3748,"href":"https:\/\/auto-coaching.fr\/index.php\/wp-json\/wp\/v2\/pages\/3747\/revisions\/3748"}],"wp:attachment":[{"href":"https:\/\/auto-coaching.fr\/index.php\/wp-json\/wp\/v2\/media?parent=3747"}],"curies":[{"name":"wp","href":"https:\/\/api.w.org\/{rel}","templated":true}]}}