{"id":380,"date":"2013-02-07T14:26:47","date_gmt":"2013-02-07T14:26:47","guid":{"rendered":"http:\/\/www.auto-coaching.fr\/?page_id=380"},"modified":"2013-02-07T14:55:46","modified_gmt":"2013-02-07T14:55:46","slug":"la-suggestopdie","status":"publish","type":"page","link":"https:\/\/auto-coaching.fr\/index.php\/la-suggestopdie\/","title":{"rendered":"La Suggestop&eacute;die"},"content":{"rendered":"<p>Avant de commencer, je voudrais remercier les lecteurs qui ont r\u00e9agi \u00e0 mon pr\u00e9c\u00e9dent article, tant par courrier \u00e9lectronique que sur le site. Je pense que le fameux \u00ab <a href=\"http:\/\/www.auto-coaching.fr\/index.php\/je-ne-suis-pas\/\">Je ne suis pas&#8230;<\/a> \u00bb est un sujet phare, qui donnera naissance \u00e0 beaucoup d\u2019autres articles, et peut-\u00eatre m\u00eame \u00e0 un programme complet.<\/p>\n<p>J\u2019ai re\u00e7u un e-mail, \u00e0 ce propos. Le message \u00e9tait tr\u00e8s court :<\/p>\n<blockquote>\n<p>C\u2019est quoi la Suggestop\u00e9die ?<\/p>\n<\/blockquote>\n<p>C\u2019est tout ! La phrase n\u2019est pas pr\u00e9c\u00e9d\u00e9 de \u00ab Bonjour St\u00e9phane \u00bb, ni de quelques mots d\u2019introduction. La question est pos\u00e9e, et je suppose que mon correspondant attendait une r\u00e9ponse rapide&#8230; C\u2019est presque un ordre ! Visiblement, ce lecteur est press\u00e9. Il n\u2019a pas le temps de dire bonjour, et encore moins de chercher.<\/p>\n<p>Je n\u2019\u00e9tais pas tr\u00e8s motiv\u00e9 pour r\u00e9pondre. J\u2019ai plein de chose \u00e0 faire moi aussi ! Mais finalement, en r\u00e9fl\u00e9chissant \u00e0 ce feedback, je me suis ravis\u00e9 et j\u2019ai d\u00e9cid\u00e9 d\u2019aller puiser dans mes ressources personnelles pour trouver l\u2019\u00e9nergie qui me manquait :<\/p>\n<p>Je vous ai dit que je ne vous parlerai plus de mon sentiment d\u2019utilit\u00e9, donc je ne m\u2019\u00e9talerai pas sur le sujet. Mais la cl\u00e9 est l\u00e0 : en \u00e9crivant \u00e0 tout mon lectorat, la r\u00e9ponse devient utile \u00e0 tout le monde. Je suis donc pass\u00e9 d\u2019une motivation z\u00e9ro \u00e0 une envie ardente d\u2019\u00e9crire.<\/p>\n<p>Allons-y :<\/p>\n<p>&#8212;&#8212;&#8212;-<\/p>\n<p>Cher Gonzales,<\/p>\n<p>C\u2019est amusant, car lorsque j\u2019ai \u00e9crit cet article, je me suis dit qu\u2019il fallait que j\u2019explique ce qu\u2019est la Suggestop\u00e9die. 97% de la population fran\u00e7aise n\u2019en a jamais entendu parler. Mais comme l\u2019explication \u00e9tait \u00ab hors-sujet \u00bb (je citais juste un exemple de d\u00e9nigrement qui emp\u00eache d\u2019aller vers une solution), j\u2019ai d\u00e9cid\u00e9 de laisser chaque personne faire ce qu\u2019elle voulait de ce mot. Ce qui importait le plus, c\u2019est la <b>r\u00e9action incomp\u00e9tente inconsciente<\/b> de mon client :<\/p>\n<blockquote>\n<p>Je ne suis pas un rat de laboratoire !<\/p>\n<\/blockquote>\n<p>La premi\u00e8re chose que vous pouvez faire si un mot vous intrigue, c\u2019est de rechercher par vous-m\u00eame de quoi il s\u2019agit : Google est votre ami ! Il y a aussi Youtube, Wikipedia, DailyMotion, Viad\u00e9o, Facebook&#8230; Vous pouvez aussi aller sur Amazon ou Alapage, car&nbsp; en lisant le r\u00e9sum\u00e9 d\u2019un livre, vous aurez une approche synth\u00e9tique et souvent passionn\u00e9e sur le sujet. Ca peut m\u00eame vous donner envie d\u2019acheter un livre !<\/p>\n<p>Mieux encore : si vous trouvez une ressource qui vous para\u00eet pertinente, partagez-la avec les autres lecteurs (en commentant mon article). Vous pourrez ainsi passer de l\u2019attitude :<\/p>\n<p><em>&#8211; M\u00e2chez-moi le travail, St\u00e9phane, je vous lis pour \u00e7a. Faites-moi gagner du temps, comme promis !<\/em><\/p>\n<p>A l\u2019attitude :<\/p>\n<p><em>&#8211; Je s\u00e9lectionne ce qui m\u2019int\u00e9resse, je choisis librement ce qui emplit ma vie, et je partage avec ceux qui ont fait le m\u00eame choix que moi. Ceci me permet de faire de belles rencontres et d\u2019attirer vers moi des gens qui peuvent m\u2019aider \u00e0 transformer 24 heures de temps press\u00e9 et stress\u00e9, en 24 heures de vie \u00e9panouie.<\/em><\/p>\n<p>A pr\u00e9sent que c\u2019est dit, je vais quand-m\u00eame r\u00e9pondre \u00e0 votre question, \u00e0 ma fa\u00e7on, car je suppose (m\u00eame si vous ne le dites pas) que vous appr\u00e9ciez ma fa\u00e7on d\u2019\u00e9crire, et que c\u2019est pour cette raison que vous m\u2019avez pos\u00e9 la question.<\/p>\n<h2>Qu\u2019est-ce que la Suggestop\u00e9die ?<\/h2>\n<p>La Suggestop\u00e9die (initi\u00e9e par le Dr Georgi Lozanov en 1966) est une m\u00e9thode d\u2019apprentissage qui utilise des techniques psychologiques pour stimuler le cerveau. Derri\u00e8re ce nom alambiqu\u00e9 se cache une m\u00e9thode agr\u00e9able, bas\u00e9e sur des jeux et des exp\u00e9riences. La musique tient une place importante, ce qui permet aux \u00e9l\u00e8ves qui ont cette sensibilit\u00e9, d\u2019apprendre le vocabulaire essentiel d\u2019une langue \u00e9trang\u00e8re 3 \u00e0 10 fois plus vite, que dans une ambiance scolaire.<\/p>\n<p>Cette technique, qui fonctionne \u00e0 merveille avec ceux qui y croient et qui jouent le jeu, a pourtant ses d\u00e9tracteurs et ses sceptiques, car l\u2019apprentissage ne se fait pas par le transfert d\u2019informations progressives (m\u00e9thode scolaire). Elle demande au formateur comme aux participants une implication physique et mentale qui stimule la motivation et l\u2019imagination, afin de surpasser les blocages et les peurs (peur de faire des erreurs, perfectionnisme, peur du ridicule \u00e0 l\u2019oral, appr\u00e9hension face aux verbes irr\u00e9guliers, rage face aux \u00ab faux-amis \u00bb, etc.)<\/p>\n<p>L\u2019argument des d\u00e9tracteurs est assez paradoxal, car ils disent vouloir apprendre plus vite que la normale, sans \u00ab manipulation \u00bb (sous entendu \u00ab ne forcez pas mon cerveau \u00e0 apprendre \u00e0 son insu ! \u00bb). Mais la Suggestop\u00e9die a justement comme fonction, de d\u00e9verrouiller les blocages inconscients qui vous ont \u00e9t\u00e9 inject\u00e9s <u>par manipulation<\/u> lors de vos premi\u00e8res initiatives.<\/p>\n<blockquote>\n<p>Il y a contre-manipulation, donc manipulation !<\/p>\n<\/blockquote>\n<h2>Manipuler, c\u2019est changer l\u2019\u00e9tat de quelque chose ou de quelqu\u2019un<\/h2>\n<p>Par exemple, si vous avez essay\u00e9 d\u2019apprendre l\u2019anglais et qu\u2019on s\u2019est moqu\u00e9 de vous \u00e0 cause de votre accent, on a manipul\u00e9 votre esprit : vous \u00eates pass\u00e9 de l\u2019\u00e9tat \u00ab J\u2019ai envie d\u2019apprendre \u00bb \u00e0 l\u2019\u00e9tat \u00ab je suis ridicule \u00bb. On a transform\u00e9 votre attitude gagnante en attitude perdante. Vous avez chang\u00e9 de sentiment suite \u00e0 une suggestion ! C\u2019est une manipulation mentale express&#8230; Nous en vivons tous les jours.<\/p>\n<p>La question n\u2019est pas de savoir si c\u2019est volontaire, ni \u00e0 qui vous devez en vouloir. Il y a une multitude de <b>gens biens<\/b>, qui font du mal sans le savoir. La question est d\u2019identifier ce que VOUS VOULEZ, puis d\u2019autoriser une m\u00e9thode manipulatoire \u00e0 vous emmener l\u00e0 o\u00f9 VOUS VOULEZ aller. Car vous savez que sans ces biais, vous n\u2019aurez pas l\u2019Energie n\u00e9cessaire pour avancer et pers\u00e9v\u00e9rer.<\/p>\n<p>La Suggestop\u00e9die est l\u2019\u0153uvre d\u2019une vie. Le Dr Lozanov n\u2019avait pas pour vocation de faire des exp\u00e9riences \u00e9tranges sur des cobayes humains. Il n\u2019avait pas pour objectif de s\u2019acheter une Ferrari en manipulant son monde&#8230; Comme beaucoup de passionn\u00e9s du genre humain, sa premi\u00e8re vocation \u00e9tait d\u2019aider les gens, malgr\u00e9 leur \u00e9tat mental d\u00e9l\u00e9t\u00e8re. Il savait que derri\u00e8re ces difficult\u00e9s d\u2019apprentissage, se cachent des suggestions mentales qui ont \u00e9t\u00e9 souffl\u00e9es dans le pass\u00e9, et que l\u2019\u00e9l\u00e8ve a retenu, valoris\u00e9 et maintenu ces suggestions comme des lois :<\/p>\n<ul>\n<li>Tu es incapable de faire un calcul sans te tromper !\n<li>Ta m\u00e9moire est une v\u00e9ritable passoire !\n<li>Tu parles anglais comme un vache espagnole !\n<li>Tu n\u2019as pas le sens de l\u2019orientation, tu n\u2019auras jamais ton permis !\n<li>Si tu ne veux pas changer les couches de ton b\u00e9b\u00e9, tu es un mauvais p\u00e8re !\n<li>Tu as une sant\u00e9 fragile !\n<li>Tu es trop nerveux pour faire ce genre de sport !\n<li>Tu es comme ton p\u00e8re et ta m\u00e8re : ob\u00e8se ! C\u2019est ta nature&#8230;\n<li>Tu danses comme un pied ! <\/li>\n<\/ul>\n<p>Subrepticement, le \u00ab Tu \u00bb deviens \u00ab Je \u00bb&#8230;<\/p>\n<p>Il existe diff\u00e9rents moyens de sortir de cette programmation, mais \u00e0 la base de toutes les techniques, il y a un processus \u00ab manipulatoire \u00bb : l\u2019appel aux \u00e9motions, aux valeurs, aux croyances&#8230; \u00e0 tout ce qui vous met dans la motricit\u00e9, le dynamisme, l\u2019enthousiasme&#8230;<\/p>\n<p>Comme la PNL, l\u2019Analyse Transactionnelle, la Pens\u00e9e Positive, la Logo-Th\u00e9rapie, La Loi de l\u2019Attraction, etc., la Suggestop\u00e9die propose un ensemble de d\u00e9clencheurs et d\u2019acc\u00e9l\u00e9rateurs, utilisant votre perception et vos Energies Int\u00e9rieures.<\/p>\n<p>Chacune de ces techniques a une raison principale d\u2019exister :<\/p>\n<ul>\n<li>Pour la PNL, c\u2019est la <b>Connaissance de Soi et des Autres<\/b>\n<li>Pour l\u2019Analyse transactionnelle, c\u2019est la <b>Communication<\/b>\n<li>Pour la Pens\u00e9e Positive, c\u2019est le <b>Bien-\u00eatre et l\u2019Enthousiasme<\/b>\n<li>Pour la Logo-Th\u00e9rapie, c\u2019est le <b>Sens de la Vie<\/b>\n<li>Pour la Loi de l\u2019Attraction, c\u2019est l\u2019<b>Aspiration au Succ\u00e8s<\/b>\n<li>Pour la Suggestop\u00e9die, c\u2019est l\u2019<b>Apprentissage<\/b>\n<li>Etc. <\/li>\n<\/ul>\n<p>Voici une vid\u00e9o qui illustre les 4 principes de la Suggestop\u00e9die :<\/p>\n<p><a href=\"http:\/\/www.youtube.com\/watch?v=JJBhpUPWr-o\">http:\/\/www.youtube.com\/watch?v=JJBhpUPWr-o<\/a><\/p>\n<p>Vous pourriez trouver que cette vid\u00e9o n\u2019est pas \u00e0 votre go\u00fbt, que l\u2019animateur est trop \u00ab fou-fou \u00bb, que la fa\u00e7on dont il parle de l\u2019\u00e9cole est irr\u00e9v\u00e9rencieuse, qu\u2019il essaye d\u2019\u00eatre dr\u00f4le mais qu\u2019il ne l\u2019est pas, etc. De ce fait vous pourriez vous \u00e9loigner de la Suggestop\u00e9die, au lieu de vous en rapprocher.<\/p>\n<p>C\u2019est la raison pour laquelle, je reviens vers le d\u00e9but de ce courrier :<\/p>\n<p>En cherchant par vous-m\u00eame, vous allez trouver des choses qui vous conviennent. Des ressources qui correspondent \u00e0 votre fa\u00e7on de progresser et d\u2019envisager un changement. Si vous comptez sur moi pour vous m\u00e2cher le travail, vous serez soumis \u00e0 mes choix. Et moi, j\u2019adore cette vid\u00e9o !<\/p>\n<p>C\u2019est pourquoi je vous remercie de m\u2019avoir pos\u00e9 cette question. En cherchant pour vous, j\u2019ai trouv\u00e9 des choses pour moi&#8230;<\/p>\n<blockquote>\n<p>Je donne, je re\u00e7ois&#8230; ET j\u2019appr\u00e9cie ce que je re\u00e7ois.<\/p>\n<\/blockquote>\n<p>Tout un paradigme&#8230;<\/p>\n<p>A++<\/p>\n<p><strong>St\u00e9phane SOLOMON<\/strong><\/p>\n<!--themify_builder_content-->\n<div id=\"themify_builder_content-380\" data-postid=\"380\" class=\"themify_builder_content themify_builder_content-380 themify_builder tf_clear\">\n    <\/div>\n<!--\/themify_builder_content-->\n","protected":false},"excerpt":{"rendered":"<p>Avant de commencer, je voudrais remercier les lecteurs qui ont r\u00e9agi \u00e0 mon pr\u00e9c\u00e9dent article, tant par courrier \u00e9lectronique que sur le site. Je pense que le fameux \u00ab Je ne suis pas&#8230; \u00bb est un sujet phare, qui donnera naissance \u00e0 beaucoup d\u2019autres articles, et peut-\u00eatre m\u00eame \u00e0 un programme complet. J\u2019ai re\u00e7u un [&hellip;]<\/p>\n","protected":false},"author":1,"featured_media":0,"parent":0,"menu_order":0,"comment_status":"open","ping_status":"open","template":"","meta":[],"builder_content":"","_links":{"self":[{"href":"https:\/\/auto-coaching.fr\/index.php\/wp-json\/wp\/v2\/pages\/380"}],"collection":[{"href":"https:\/\/auto-coaching.fr\/index.php\/wp-json\/wp\/v2\/pages"}],"about":[{"href":"https:\/\/auto-coaching.fr\/index.php\/wp-json\/wp\/v2\/types\/page"}],"author":[{"embeddable":true,"href":"https:\/\/auto-coaching.fr\/index.php\/wp-json\/wp\/v2\/users\/1"}],"replies":[{"embeddable":true,"href":"https:\/\/auto-coaching.fr\/index.php\/wp-json\/wp\/v2\/comments?post=380"}],"version-history":[{"count":5,"href":"https:\/\/auto-coaching.fr\/index.php\/wp-json\/wp\/v2\/pages\/380\/revisions"}],"predecessor-version":[{"id":385,"href":"https:\/\/auto-coaching.fr\/index.php\/wp-json\/wp\/v2\/pages\/380\/revisions\/385"}],"wp:attachment":[{"href":"https:\/\/auto-coaching.fr\/index.php\/wp-json\/wp\/v2\/media?parent=380"}],"curies":[{"name":"wp","href":"https:\/\/api.w.org\/{rel}","templated":true}]}}