{"id":389,"date":"2013-02-12T10:07:25","date_gmt":"2013-02-12T10:07:25","guid":{"rendered":"http:\/\/www.auto-coaching.fr\/?page_id=389"},"modified":"2020-04-13T13:34:39","modified_gmt":"2020-04-13T11:34:39","slug":"sanction-collective","status":"publish","type":"page","link":"https:\/\/auto-coaching.fr\/index.php\/sanction-collective\/","title":{"rendered":"Sanction collective"},"content":{"rendered":"<p>Hier matin j\u2019ai envoy\u00e9 un message (<a href=\"http:\/\/www.auto-coaching.fr\/index.php\/le-bonheur-de-neige\/\" target=\"_blank\" rel=\"noopener noreferrer\">le Bonheur de Neige<\/a>), posant une question et proposant aux 10 premiers intervenants un cadeau. Une heure plus tard, je me suis connect\u00e9 pour lire les r\u00e9actions : le nombre de 10 venait juste d\u2019\u00eatre d\u00e9pass\u00e9. Je me suis donc dit pari gagn\u00e9 !<\/p>\n<p>Comme je suis d\u2019un naturel curieux, je me suis reconnect\u00e9 apr\u00e8s ma pause : 48 r\u00e9actions&#8230; Mais enfin, ils n\u2019ont pas compris ? Les 10 premiers seulement ! Arr\u00eatez-vous, ce n\u2019est plus la peine !<\/p>\n<p>Je me reconnecte \u00e0 midi&#8230; et je d\u00e9couvre 33 participations de plus. Ce qui fait au total, 81 raisons de me lire ! Un record ! C\u2019est int\u00e9ressant : la majorit\u00e9 des lecteurs qui m\u2019ont laiss\u00e9s un message ne l\u2019ont pas fait pour le cadeau, mais uniquement pour me faire part de leur plaisir.<\/p>\n<blockquote>\n<p>Parce qu\u2019il est principalement question de plaisir dans les t\u00e9moignages.<\/p>\n<\/blockquote>\n<p>Une autre surprise : <strong>plus de 6 participants sur 10 m\u2019\u00e9crivent pour la premi\u00e8re fois !<\/strong> Ce n\u2019est pourtant pas la premi\u00e8re fois que je demande de participer&#8230; Il est fort ce message : il pousse \u00e0 l\u2019action !<\/p>\n<p>Ce matin, je comptabilise 115 r\u00e9ponses au total.<\/p>\n<h2>C\u00f4t\u00e9 TIME \/ C\u00f4t\u00e9 COACH<\/h2>\n<p>Ceci-dit, tr\u00e8s peu de gens ont donn\u00e9 la \u00abbonne r\u00e9ponse\u00bb \u00e0 la question pos\u00e9e, \u00e0 savoir :<\/p>\n<p><strong>C\u00f4t\u00e9 temps :<\/strong> j\u2019ai transform\u00e9 un temps monotone et relativement triste en temps actif, joyeux, cr\u00e9atif, innovant, en me servant de ce que j\u2019avais en moi et autour de moi. 5 minutes avant mon passage \u00e0 l\u2019action, ce qui se passait dehors \u00e9tait qualifi\u00e9 de sale temps !<\/p>\n<p><strong>C\u00f4t\u00e9 coach :<\/strong> Nous sommes tous comme Mamie&#8230;\u00a0 Nous avons les sens brouill\u00e9s par divers parasites, et nous nous connectons sur une fr\u00e9quence pour d\u00e9chiffrer ce que l\u2019environnement nous envoie&#8230; Il est possible de changer de longueur d\u2019onde, ce qui donnera aux m\u00eames \u00e9v\u00e8nements un sens diff\u00e9rent. Nous pouvons ainsi passer de \u00abradio-triste\u00bb \u00e0 \u00abradio-bonheur\u00bb en jouant avec nos interrupteurs internes&#8230; A l\u2019ext\u00e9rieur, la quantit\u00e9 de neige reste la m\u00eame et il fait toujours aussi froid. Ce qui change, c\u2019est la fa\u00e7on dont nous observons le choses. Tout un art&#8230; Lorsque nous ne pouvons pas ou ne voulons pas changer de fr\u00e9quence, une autre personne peut le faire pour que \u00e7a chante dans toute la maison.<\/p>\n<p>Ce matin de dimanche, j\u2019ai d\u00e9cid\u00e9 d\u2019\u00eatre cette personne-l\u00e0. C\u2019est un choix comme un autre de l\u2019usage de mon temps.<\/p>\n<p>C\u2019est s\u00fbrement \u00e7a qu\u2019on appelle le sixi\u00e8me SENS. C\u2019est celui qui donne une signification aux 5 autres&#8230; Et ma proposition dans l\u2019article d\u2019hier, toujours en filigrane, \u00e9tait de vous servir de ce sixi\u00e8me sens.<\/p>\n<h2>La l\u00e9gitimit\u00e9 de l\u2019action<\/h2>\n<p>A part quelques exceptions, peu de lecteurs ont \u00ab compris la technique \u00bb que je propose de pratiquer dans ce message. Par contre, vous \u00eates tous particuli\u00e8rement r\u00e9ceptifs : \u00e7a vous a touch\u00e9 ! Vous y \u00eates sensibles&#8230; Ca veut dire qu\u2019\u00e0 un moment (impossible de pr\u00e9dire quand), vous allez vous autoriser \u00e0 appliquer la technique du \u00ab Bonheur de Neige \u00bb, sans le savoir. Juste parce que votre subconscient a approuv\u00e9 sa valeur et sa faisabilit\u00e9.<\/p>\n<p>Ca me fait penser \u00e0 mon grand-p\u00e8re : il aimait les enfants, il y \u00e9tait sensible&#8230; Mais \u00e0 l\u2019\u00e9poque, on savait tr\u00e8s peu de choses sur la reproduction. Aucune \u00e9mission de t\u00e9l\u00e9vision ne pouvait montrer au peuple, un spermatozo\u00efde agrandi 200 fois p\u00e9n\u00e9trer un ovule&#8230; Pourtant, mon grand-p\u00e8re s\u2019est servi de sa sensibilit\u00e9 pour faire des enfants&#8230; Il a r\u00e9ussi \u00e0 appliquer le processus de reproduction avec peu de connaissances et sans intelligence scientifique.<\/p>\n<p>A en croire la science, c\u2019est pourtant un processus extr\u00eamement complexe, et si on devait observer ce qui se passe apr\u00e8s la f\u00e9condation, ma grand-m\u00e8re a fait un sacr\u00e9 boulot. Pourtant, elle n\u2019y connaissait rien&#8230;<\/p>\n<p>Mes grands-parents ont fait \u00e7a d\u2019instinct !<\/p>\n<p>Vous pouvez appliquer la technique du \u00ab Bonheur de Neige \u00bb d\u2019instinct, juste parce que vous y \u00eates sensible. Etre intelligent dans ce domaine, apprendre, potasser, bachoter, analyser, comparer&#8230; c\u2019est bien, mais \u00e7a ne garantit pas la mise en pratique r\u00e9elle, <strong>dans la vraie vie<\/strong>. C\u2019est m\u00eame parfois bloquant. Je pourrais vous citer des milliers d\u2019exemples o\u00f9 le l\u00e2cher-prise et la simplicit\u00e9 ont donn\u00e9 de meilleurs r\u00e9sultats que la volont\u00e9 de tout savoir sur tout&#8230;<\/p>\n<h2>Probl\u00e8me d\u00e9cisionnel<\/h2>\n<p>Revenons au cadeau : j\u2019ai un probl\u00e8me d\u00e9cisionnel grave ! J\u2019ai beaucoup de lecteurs, et pour des raisons techniques lorsque j\u2019envoie mon message \u00e0 8h00, les premiers de la liste le re\u00e7oivent tout de suite, alors que les derniers le re\u00e7oivent \u00e0 9h30&#8230; Cela signifie qu\u2019une personne qui me lit \u00e0 9h30 et qui me r\u00e9pond \u00e0 9h32 fait incontestablement partie des \u00ab 10 premiers \u00bb. Mais concr\u00e8tement, la loi voudrait que les 10 premiers soient ceux qui apparaissent vers 8h00. C\u2019est injuste pour ceux qui n\u2019ont pas encore re\u00e7u le message.<\/p>\n<p>Il faudrait annuler le jeu pour vice de forme !<\/p>\n<p>Deuxi\u00e8me dilemme : certaines personnes ont bien r\u00e9pondu \u00e0 la question concernant \u00ab la perception li\u00e9e \u00e0 l\u2019\u00e9tat d\u2019esprit \u00bb. Ce sont de bons \u00e9l\u00e8ves \u00e0 chaud&#8230; Ils m\u00e9ritent un TB++ et 3 bons points. Mais le but d\u2019un coaching n\u2019est pas l\u2019int\u00e9gration d\u2019une connaissance dans une case m\u00e9moire&#8230; Le but, c\u2019est la mise en pratique&#8230; Le passage \u00e0 l\u2019action ! Il est possible, voire tr\u00e8s probable, que d\u2019autres lecteurs qui n\u2019ont pas su exprimer leur r\u00e9ponse par \u00e9crit, aient \u00e9t\u00e9 les premiers \u00e0 appliquer la technique propos\u00e9, d\u2019instinct&#8230; Comme mes grands-parents, ils sont pass\u00e9s \u00e0 l\u2019action sans attendre leur \u00abdipl\u00f4me de reproducteur\u00bb ou leur \u00abpermis de reproduire\u00bb. Ils ont fait des petits, et je parierais (m\u00eame s\u2019ils \u00e9taient discrets sur ce sujet), qu\u2019ils y ont pris du plaisir.<\/p>\n<p>Pour un coach, le TB++ est beaucoup moins important que le RESULTAT. Vous pourriez me r\u00e9citer les 613 noms des muscles, os, visc\u00e8res, cartilages du corps humain en anglais, en fran\u00e7ais et en latin, \u00e7a ne m\u2019impressionnera pas ! Par contre, si vous posez vos mains sur une personne qui a mal \u00e0 l\u2019\u00e9paule et vous soulagez sa douleur en quelques caresses, pressions, tapotements et mots rassurants, vous gagnerez toute mon estime.<\/p>\n<p>Je suis bien emb\u00eat\u00e9 messieurs-dames&#8230; J\u2019ai du mal \u00e0 d\u00e9partager les 10 vrais gagnants.<\/p>\n<h2>Un exemple de mise en application d\u2019une technique<\/h2>\n<p>Heureusement, je suis all\u00e9 \u00e0 l\u2019\u00e9cole, moi ! J\u2019ai appris des choses, moi ! Lorsque mes professeurs ne savaient pas qui punir \u00e0 cause d\u2019un d\u00e9lit (un chewing-gum pos\u00e9 sur leur chaise, par exemple), ils appliquaient une technique incroyablement efficace : ils sanctionnaient toute la classe ! A moins que le v\u00e9ritable responsable ne passe aux aveux&#8230;<\/p>\n<p>Alors je vais appliquer ce que j\u2019ai appris \u00e0 l\u2019\u00e9cole : je vais sanctionner tout le monde ! A moins que les dix premiers \u00ab appliquants \u00bb ne se d\u00e9vouent, \u00e9pargnant ainsi leurs camarades&#8230;<\/p>\n<p>Vous avez 3 minutes pour me dire comment vous avez mis en pratique l\u2019id\u00e9e d\u2019hier matin ! Si dans 3 minutes je n\u2019ai pas les dix responsables, j\u2019offrirai mon cadeau \u00e0 tout le monde !<\/p>\n<p><a href=\"http:\/\/www.auto-coaching.fr\/index.php\/sanction-collective\/\" target=\"_blank\" rel=\"noopener noreferrer\">J\u2019attends vos aveux ici<\/a><\/p>\n<p><b>St\u00e9phane SOLOMON<\/b><\/p>\n<!--themify_builder_content-->\n<div id=\"themify_builder_content-389\" data-postid=\"389\" class=\"themify_builder_content themify_builder_content-389 themify_builder tf_clear\">\n    <\/div>\n<!--\/themify_builder_content-->","protected":false},"excerpt":{"rendered":"<p>Hier matin j\u2019ai envoy\u00e9 un message (le Bonheur de Neige), posant une question et proposant aux 10 premiers intervenants un cadeau. Une heure plus tard, je me suis connect\u00e9 pour lire les r\u00e9actions : le nombre de 10 venait juste d\u2019\u00eatre d\u00e9pass\u00e9. Je me suis donc dit pari gagn\u00e9 ! Comme je suis d\u2019un naturel [&hellip;]<\/p>\n","protected":false},"author":1,"featured_media":0,"parent":0,"menu_order":0,"comment_status":"open","ping_status":"open","template":"","meta":[],"builder_content":"","_links":{"self":[{"href":"https:\/\/auto-coaching.fr\/index.php\/wp-json\/wp\/v2\/pages\/389"}],"collection":[{"href":"https:\/\/auto-coaching.fr\/index.php\/wp-json\/wp\/v2\/pages"}],"about":[{"href":"https:\/\/auto-coaching.fr\/index.php\/wp-json\/wp\/v2\/types\/page"}],"author":[{"embeddable":true,"href":"https:\/\/auto-coaching.fr\/index.php\/wp-json\/wp\/v2\/users\/1"}],"replies":[{"embeddable":true,"href":"https:\/\/auto-coaching.fr\/index.php\/wp-json\/wp\/v2\/comments?post=389"}],"version-history":[{"count":7,"href":"https:\/\/auto-coaching.fr\/index.php\/wp-json\/wp\/v2\/pages\/389\/revisions"}],"predecessor-version":[{"id":6053,"href":"https:\/\/auto-coaching.fr\/index.php\/wp-json\/wp\/v2\/pages\/389\/revisions\/6053"}],"wp:attachment":[{"href":"https:\/\/auto-coaching.fr\/index.php\/wp-json\/wp\/v2\/media?parent=389"}],"curies":[{"name":"wp","href":"https:\/\/api.w.org\/{rel}","templated":true}]}}