{"id":39,"date":"2012-03-20T10:43:05","date_gmt":"2012-03-20T10:43:05","guid":{"rendered":"http:\/\/www.auto-coaching.fr\/index.php\/printemps-2012\/"},"modified":"2012-03-21T16:52:39","modified_gmt":"2012-03-21T16:52:39","slug":"printemps-2012","status":"publish","type":"page","link":"https:\/\/auto-coaching.fr\/index.php\/printemps-2012\/","title":{"rendered":"Printemps 2012"},"content":{"rendered":"<p>Elle devait porter une chemise claire<br \/>Pour c\u00e9l\u00e9brer ce jour, lui offrir une pri\u00e8re.<br \/>Elle porte d\u00e9sormais le sacre du Printemps.<br \/>Elle s\u2019appelait Myriam, elle n\u2019avait pas 8 ans&#8230;  <\/p>\n<p>Lui, devait porter son fils sur ses \u00e9paules<br \/>Et l\u2019autre par la main, pour aller \u00e0 l\u2019\u00e9cole.<br \/>Jonathan est tomb\u00e9, Gabriel et Arieh<br \/>L\u2019ont suivi dans sa chute, et la foule a cri\u00e9.  <\/p>\n<p>Le chasseur a tir\u00e9, il a surgi sans \u00e2me,<br \/>Poursuivant des enfants et semant le vacarme.<br \/>Puis il est reparti, le c\u0153ur froid, les yeux sombres,<br \/>Servir d\u2019autres desseins, v\u00e9n\u00e9rer d\u2019autres ombres.  <\/p>\n<p>Malgr\u00e9 ma peine immense, je pense \u00e0 nos progr\u00e8s :<br \/>A la traque du monstre, aux messages d\u00e9sol\u00e9s,<br \/>Aux enfants qui, debout, salueront en conscience<br \/>L\u2019\u00e2me de leurs camarades, dans les \u00e9coles de France.<\/p>\n<p>Je pense \u00e0 cette \u00e9poque o\u00f9 la m\u00eame volont\u00e9<br \/>Se servait de la loi pour tuer, et tuer&#8230;<br \/>Aujourd\u2019hui elle se cache, se d\u00e9guise&#8230; Ce crime l\u00e0<br \/>Il y a soixante-dix-ans, aurait donn\u00e9 le \u00ab la \u00bb.  <\/p>\n<p>Douze millions d\u2019enfants, une minute de silence,<br \/>Faite d\u2019indignations, de tristesses, d\u2019innocences&#8230;<br \/>Pour ces parents bris\u00e9s, cette m\u00e8re assise par terre<br \/>Ne sachant qui pleurer, priv\u00e9e de toute lumi\u00e8re.  <\/p>\n<p>Il y a un temps pour rire et un temps pour pleurer ;<br \/>Ce vingt mars pour beaucoup, ne sera c\u00e9l\u00e9br\u00e9.<br \/>Vous m\u2019attendiez peut-\u00eatre joyeux, c\u2019\u00e9tait pr\u00e9vu&#8230;<br \/>Mais ce jour de Printemps sera en garde-\u00e0-vue.  <\/p>\n<p>Je vous dis \u00ab \u00e0 demain \u00bb pour parler du soleil,<br \/>De la nature, du vent, des fleurs et des abeilles.<br \/>Ce jour est \u00e9carlate pour bien d\u2019autres raisons<br \/>Le c\u0153ur en berne, j\u2019ajourne ma saison&#8230;  <\/p>\n<p><strong>St\u00e9phane SOLOMON<\/strong><\/p>\n<!--themify_builder_content-->\n<div id=\"themify_builder_content-39\" data-postid=\"39\" class=\"themify_builder_content themify_builder_content-39 themify_builder tf_clear\">\n    <\/div>\n<!--\/themify_builder_content-->\n","protected":false},"excerpt":{"rendered":"<p>Elle devait porter une chemise clairePour c\u00e9l\u00e9brer ce jour, lui offrir une pri\u00e8re.Elle porte d\u00e9sormais le sacre du Printemps.Elle s\u2019appelait Myriam, elle n\u2019avait pas 8 ans&#8230; Lui, devait porter son fils sur ses \u00e9paulesEt l\u2019autre par la main, pour aller \u00e0 l\u2019\u00e9cole.Jonathan est tomb\u00e9, Gabriel et AriehL\u2019ont suivi dans sa chute, et la foule a [&hellip;]<\/p>\n","protected":false},"author":1,"featured_media":0,"parent":0,"menu_order":0,"comment_status":"open","ping_status":"open","template":"","meta":[],"builder_content":"","_links":{"self":[{"href":"https:\/\/auto-coaching.fr\/index.php\/wp-json\/wp\/v2\/pages\/39"}],"collection":[{"href":"https:\/\/auto-coaching.fr\/index.php\/wp-json\/wp\/v2\/pages"}],"about":[{"href":"https:\/\/auto-coaching.fr\/index.php\/wp-json\/wp\/v2\/types\/page"}],"author":[{"embeddable":true,"href":"https:\/\/auto-coaching.fr\/index.php\/wp-json\/wp\/v2\/users\/1"}],"replies":[{"embeddable":true,"href":"https:\/\/auto-coaching.fr\/index.php\/wp-json\/wp\/v2\/comments?post=39"}],"version-history":[{"count":9,"href":"https:\/\/auto-coaching.fr\/index.php\/wp-json\/wp\/v2\/pages\/39\/revisions"}],"predecessor-version":[{"id":51,"href":"https:\/\/auto-coaching.fr\/index.php\/wp-json\/wp\/v2\/pages\/39\/revisions\/51"}],"wp:attachment":[{"href":"https:\/\/auto-coaching.fr\/index.php\/wp-json\/wp\/v2\/media?parent=39"}],"curies":[{"name":"wp","href":"https:\/\/api.w.org\/{rel}","templated":true}]}}