{"id":4085,"date":"2019-01-17T20:42:26","date_gmt":"2019-01-17T19:42:26","guid":{"rendered":"http:\/\/www.auto-coaching.fr\/?page_id=4085"},"modified":"2019-01-20T18:49:04","modified_gmt":"2019-01-20T17:49:04","slug":"choisissez-votre-programme","status":"publish","type":"page","link":"https:\/\/auto-coaching.fr\/index.php\/choisissez-votre-programme\/","title":{"rendered":"Choisissez votre programme"},"content":{"rendered":"<p>Depuis plusieurs semaines, je co-\u00e9cris avec Isabelle Fribourg (ma co-coache) un programme intitul\u00e9 :<\/p>\n<p style=\"text-align: center;\">Les dix pi\u00e8ges<br \/>du D\u00e9veloppement Personnel<\/p>\n<p>C&#8217;est un programme gratuit que nous souhaitons faire d\u00e9couvrir au grand public. Voici le visuel qui sera utilis\u00e9 lors de nos campagnes publicitaires :<\/p>\n<p>\t\t\t\t\t\t\t\t\t\t<img decoding=\"async\" src=\"http:\/\/www.auto-coaching.fr\/wp-content\/uploads\/elementor\/thumbs\/10pieges-o260ix8m146q5zg3uf06q3sqv3seq1jvhpllljtjpc.jpg\" title=\"10pieges\" alt=\"10pieges\" \/>\t\t\t\t\t\t\t\t\t\t\t<\/p>\n<p>C\u00f4t\u00e9 support, nous proposerons plusieurs formats. Il pourrait s&#8217;agir d&#8217;un programme en ligne (10 articles), d&#8217;un fichier PDF, voire d&#8217;un petit livre imprim\u00e9. Pour l&#8217;instant, nous avons opt\u00e9 pour le programme en ligne (sur 2 semaines) + un PDF \u00e0 la fin.<\/p>\n<p>Je pensais vous faire la m\u00eame proposition, car ces articles sont tr\u00e8s int\u00e9ressants. J&#8217;adore ce qu&#8217;Isabelle a \u00e9crit, et je pense que cette collaboration vous sera profitable. Mais vous ne faites plus partie du \u00abgrand public\u00bb. Nous avons le privil\u00e8ge de nous conna\u00eetre, vous aimez ce que je produis, et c\u00f4t\u00e9 gratuit\u00e9, vous avez \u00e9t\u00e9 servi bien plus que n&#8217;importe quel inconnu. C&#8217;est pour cette raison qu&#8217;au lieu de vous proposer un programme d&#8217;approche, j&#8217;ai d\u00e9cid\u00e9, toujours en accord avec Isabelle, de vous proposer plut\u00f4t ce programme-l\u00e0 :<\/p>\n<p>\t\t\t\t\t\t\t\t\t\t<img decoding=\"async\" src=\"http:\/\/www.auto-coaching.fr\/wp-content\/uploads\/elementor\/thumbs\/10-pistes-o26s5rn7em1y4edonfz8q25oucbrhh0kxqg52gr668.jpg\" title=\"10 pistes\" alt=\"10 pistes\" \/>\t\t\t\t\t\t\t\t\t\t\t<\/p>\n<h2 style=\"font-weight: bold; font-size: 28px; margin-top: 28px;\">Choisissez votre programme<\/h2>\n<p>Je sens qu&#8217;un certain nombre de questions se profilent, et je pr\u00e9f\u00e8re anticiper celles que je devine ais\u00e9ment, en simulant un dialogue entre vous et moi :<\/p>\n<p><strong>Est-ce que je peux adh\u00e9rer aux deux programmes ?<\/strong><\/p>\n<p>Non. Soit c&#8217;est la premi\u00e8re approche qui vous attire, soit c&#8217;est la deuxi\u00e8me. Et entre nous, vu que ce sont exactement les m\u00eames articles, si vous adh\u00e9rez \u00e0 l&#8217;un vous n&#8217;aurez pas besoin de l&#8217;autre.<\/p>\n<p><strong>Les m\u00eames articles ?&#8230; Mais si je veux faire des \u00e9conomies, je peux prendre gratuitement le programme sur les pi\u00e8ges, et les lire comme des pistes !<\/strong><\/p>\n<p>Puisque vous \u00eates dans la confidence, oui ! Mais qu&#8217;auriez-vous fait si je n&#8217;avais pas d\u00e9voil\u00e9 le pot aux roses ? Quel programme auriez-vous choisi si vous n&#8217;aviez qu&#8217;un seul choix \u00e0 faire.<\/p>\n<p><strong>Oui mais je suis dans la confidence maintenant, et \u00e7a compte&#8230; Pourquoi je paierais quelque chose que je peux avoir gratuitement ?<\/strong><\/p>\n<p>Comme je l&#8217;ai \u00e9crit en intro, le premier programme est \u00e0 destination du grand public. Je vais le proposer \u00e0 un univers que je ne connais pas et qui ne me conna\u00eet pas. Un univers que j&#8217;aimerais approcher, car ma mission implique d&#8217;aller vers&#8230; Ce public est apriori intouchable par un coach. Au mieux, l&#8217;approche sera prudente, voire m\u00e9fiante&#8230; Pour baisser les boucliers, je propose un titre accrocheur (qui va dans le sens de la m\u00e9fiance), et j&#8217;ajoute la gratuit\u00e9 pour r\u00e9duire le sentiment de \u00abrisque\u00bb. C&#8217;est du Marketing pour aider les m\u00e9fiants ! Mais vous, avez-vous besoin d&#8217;une <i><b>d\u00e9marche Marketing<\/b> <\/i>pour adh\u00e9rer \u00e0 mes programmes ? On se conna\u00eet non ?<\/p>\n<p><strong>Justement ! Puisqu&#8217;on se conna\u00eet, vous pouvez me l&#8217;offrir en cadeau !<\/strong><\/p>\n<p>Ah&#8230; Si vous en \u00eates encore l\u00e0, je vous sugg\u00e8re plut\u00f4t d&#8217;adh\u00e9rer \u00e0 la premi\u00e8re proposition. Elle est faite pour celles et ceux qui ne sont pas encore pr\u00eats \u00e0 se faire des cadeaux de ce type, et qui estiment que c&#8217;est aux autres de les leur offrir. Je me suis tromp\u00e9 en vous proposant d&#8217;investir dans votre D\u00e9veloppement Personnel et je ne le ferai plus pendant au moins 3 mois. Je recommencerai ce printemps. Peut-\u00eatre allez-vous changer d&#8217;ici-l\u00e0. En attendant, je ne vous parlerai plus d&#8217;argent, conform\u00e9ment \u00e0 votre vision de notre relation.<\/p>\n<p><strong>Bon&#8230; Puisque vous aimez jouer, je vais jouer moi aussi : je veux le premier programme, parce que j&#8217;aime l&#8217;id\u00e9e d&#8217;\u00e9viter des pi\u00e8ges plut\u00f4t que de suivre des pistes. Et je pr\u00e9f\u00e8re le jaune-orang\u00e9 au vert-pomme-bio&#8230; Par contre, je veux le payer ! Est-il possible de s&#8217;inscrire au premier programme tout en le payant ?<\/strong><\/p>\n<p>Non&#8230;<\/p>\n<p><strong>Allez St\u00e9phane&#8230; Fais pas ton rat ! Qu&#8217;est-ce que \u00e7a te co\u00fbte de faire plaisir ?&#8230;<\/strong><\/p>\n<p>Actuellement, derri\u00e8re les boutons d&#8217;inscription, il y a des process automatiques. Il a fallu 3 heures pour mettre \u00e7a en place. C&#8217;est donc co\u00fbteux ! Cette charge de travail sera absorb\u00e9e gr\u00e2ce au volume d&#8217;inscriptions en mode automatique. Tout est d\u00e9j\u00e0 en place : vous n&#8217;avez qu&#8217;\u00e0 vous servir.\u00a0Mais puisque vous le demandez si gentiment, je suis pr\u00eat \u00e0 passer une heure de plus \u00e0 satisfaire votre demande particuli\u00e8re. Ca ne vous co\u00fbtera que 200\u20ac. A ce prix-l\u00e0, je vous garantis une personnalisation du tonnerre, et une satisfaction totale !\u00a0On pourra m\u00eame choisir la couleur ensemble apr\u00e8s en avoir test\u00e9 quelques unes. Contactez-moi en priv\u00e9 si \u00e7a vous int\u00e9resse.\u00a0<\/p>\n<p>Sinon, il y a les offres standards ci-dessous. Il suffit de cliquer sur celle qui vous inspire, pour recevoir ce que vous avez demand\u00e9 :<\/p>\n<p>\t\t\t\t\t\t\t\t\t\t\t<a href=\"https:\/\/stephane10pieges.gr8.com\/\" data-elementor-open-lightbox=\"\"><br \/>\n\t\t\t\t\t\t\t<img decoding=\"async\" src=\"http:\/\/www.auto-coaching.fr\/wp-content\/uploads\/elementor\/thumbs\/10pieges-o260ix8m145voglx32df7pt139wcivb0f7t86fw9og.jpg\" title=\"10pieges\" alt=\"10pieges\" \/>\t\t\t\t\t\t\t\t<\/a><br \/>\n\t\t\t\t\t\t\t\t\t\t\t<a href=\"https:\/\/stephanesolomon_e93b.gr8.com\/\" data-elementor-open-lightbox=\"\"><br \/>\n\t\t\t\t\t\t\t<img decoding=\"async\" src=\"http:\/\/www.auto-coaching.fr\/wp-content\/uploads\/elementor\/thumbs\/10-pistes-o26s5rn7em11dumtpq3b2oto86t1g1uos5nltqb8xs.jpg\" title=\"10 pistes\" alt=\"10 pistes\" \/>\t\t\t\t\t\t\t\t<\/a><\/p>\n<p>A++<\/p>\n<p>St\u00e9phane<\/p>\n<!--themify_builder_content-->\n<div id=\"themify_builder_content-4085\" data-postid=\"4085\" class=\"themify_builder_content themify_builder_content-4085 themify_builder tf_clear\">\n    <\/div>\n<!--\/themify_builder_content-->\n","protected":false},"excerpt":{"rendered":"<p>Depuis plusieurs semaines, je co-\u00e9cris avec Isabelle Fribourg (ma co-coache) un programme intitul\u00e9 : Les dix pi\u00e8gesdu D\u00e9veloppement Personnel C&#8217;est un programme gratuit que nous souhaitons faire d\u00e9couvrir au grand public. Voici le visuel qui sera utilis\u00e9 lors de nos campagnes publicitaires : C\u00f4t\u00e9 support, nous proposerons plusieurs formats. Il pourrait s&#8217;agir d&#8217;un programme en [&hellip;]<\/p>\n","protected":false},"author":1,"featured_media":0,"parent":0,"menu_order":0,"comment_status":"open","ping_status":"closed","template":"","meta":[],"builder_content":"","_links":{"self":[{"href":"https:\/\/auto-coaching.fr\/index.php\/wp-json\/wp\/v2\/pages\/4085"}],"collection":[{"href":"https:\/\/auto-coaching.fr\/index.php\/wp-json\/wp\/v2\/pages"}],"about":[{"href":"https:\/\/auto-coaching.fr\/index.php\/wp-json\/wp\/v2\/types\/page"}],"author":[{"embeddable":true,"href":"https:\/\/auto-coaching.fr\/index.php\/wp-json\/wp\/v2\/users\/1"}],"replies":[{"embeddable":true,"href":"https:\/\/auto-coaching.fr\/index.php\/wp-json\/wp\/v2\/comments?post=4085"}],"version-history":[{"count":22,"href":"https:\/\/auto-coaching.fr\/index.php\/wp-json\/wp\/v2\/pages\/4085\/revisions"}],"predecessor-version":[{"id":4125,"href":"https:\/\/auto-coaching.fr\/index.php\/wp-json\/wp\/v2\/pages\/4085\/revisions\/4125"}],"wp:attachment":[{"href":"https:\/\/auto-coaching.fr\/index.php\/wp-json\/wp\/v2\/media?parent=4085"}],"curies":[{"name":"wp","href":"https:\/\/api.w.org\/{rel}","templated":true}]}}