{"id":409,"date":"2013-02-18T14:08:42","date_gmt":"2013-02-18T14:08:42","guid":{"rendered":"http:\/\/www.auto-coaching.fr\/?page_id=409"},"modified":"2013-02-19T11:02:52","modified_gmt":"2013-02-19T11:02:52","slug":"lacher-prise","status":"publish","type":"page","link":"https:\/\/auto-coaching.fr\/index.php\/lacher-prise\/","title":{"rendered":"L&acirc;cher-prise"},"content":{"rendered":"<p>Sous l\u2019article \u00ab<a href=\"http:\/\/www.auto-coaching.fr\/index.php\/le-bonheur-de-neige\/\" target=\"_blank\">Le Bonheur de Neige<\/a>\u00bb, publi\u00e9 il y a une semaine, beaucoup de commentaires \u00e9voquaient le \u00ab l\u00e2cher-prise \u00bb. Ce n\u2019\u00e9tait pas vraiment l\u2019objet de ce texte, comme vous avez pu le d\u00e9couvrir <a href=\"http:\/\/www.auto-coaching.fr\/index.php\/bousculade\/\" target=\"_blank\">2 articles plus tard&#8230;<\/a> Mais l\u2019id\u00e9e du l\u00e2cher-prise m\u2019a beaucoup plu. J\u2019ai donc d\u00e9cid\u00e9 d\u2019\u00e9crire une histoire alternative consacr\u00e9e \u00e0 ce th\u00e8me. J\u2019ai imagin\u00e9 le m\u00eame dimanche, dans le m\u00eame contexte, avec un \u00abMoi\u00bb diff\u00e9rent&#8230;<\/p>\n<p>Ce \u00abMoi\u00bb imaginaire ne m\u2019est pas si \u00e9tranger. Je peux m\u00eame vous affirmer qu\u2019il y a quelques ann\u00e9es, je ressemblais beaucoup au personnage un peu paum\u00e9, que vous allez d\u00e9couvrir au d\u00e9but de l\u2019histoire. C\u2019est pour \u00e7a que j\u2019en parle si bien&#8230;  <\/p>\n<p>Bien que ce conte soit une fiction, il retrace de fa\u00e7on assez fid\u00e8le le changement que je me suis autoris\u00e9 \u00e0 vivre. Ce changement est juste un peu romanc\u00e9, donc condens\u00e9 (les choses prennent plus de temps dans la vraie vie).  <\/p>\n<p>&#8212;&#8211;<\/p>\n<p>C\u2019\u00e9tait un dimanche de Janvier. Plusieurs centim\u00e8tres de neige recouvraient les rues de mon quartier. Nous \u00e9tions contraints de rester \u00e0 la maison. Pour occuper mes enfants, je les ai plac\u00e9s autour de la table devant leur mat\u00e9riel de dessin et de coloriage, avec des d\u00e9fis artistiques \u00e0 relever. Le silence r\u00e9gnait, l\u2019ambiance \u00e9tait studieuse.<\/p>\n<p>A 10h30 pr\u00e9cises, comme chaque dimanche, ma belle-m\u00e8re vint frapper \u00e0 notre porte :<\/p>\n<div class=\"dialogue\">\n<p>&#8211; C\u2019est l\u2019heure du man\u00e8ge de mes ch\u00e9ris d\u2019Amour !<\/p>\n<p>Dit-elle en sifflotant \u00e0 travers son dentier.<\/p>\n<p>&#8211; Euh&#8230; Dominique, vous ne le savez peut-\u00eatre pas, mais le man\u00e8ge est ferm\u00e9 ! Alors pas de fausse-joie, s\u2019il vous plait&#8230; Pour aujourd\u2019hui, c\u2019est r\u00e2p\u00e9, et \u00e7a risque de durer. R\u00e9fl\u00e9chissez un peu ! Vous avez vu quelqu\u2019un dans la rue ?<\/p>\n<p>&#8211; Ah non&#8230; Vous avez raison. Je peux entrer quand-m\u00eame ? Il fait froid !<\/p>\n<p>&#8211; Ah oui pardon, entrez ! Les enfants font des dessins dans le salon. Vous tombez bien, j\u2019ai un livre \u00e0 finir avant d\u2019enchainer ma compta, et comme votre fille est en tourn\u00e9e jusqu\u2019\u00e0 demain soir, vous pourriez les occuper un peu, je serai mieux dans mon bureau.<\/p>\n<p>&#8211; Eh oui St\u00e9phane, si vous croyez que vous y serez mieux, vous y serez mieux, c\u2019est s\u00fbr&#8230;<\/p>\n<\/div>\n<p>Elle me surprend parfois, la vieille. C\u2019\u00e9tait exactement l\u2019un des sujets principaux de mon livre \u00ab Tout est dans l\u2019attitude \u00bb de Jeff KELLER. Est-ce que c\u2019est \u00e7a qu\u2019on appelle une \u00absynchronicit\u00e9\u00bb ? Mais non, c\u2019est ridicule ! Il me faudrait un sacr\u00e9 d\u00e9clin intellectuel pour me connecter \u00e0 ma belle-m\u00e8re !<\/p>\n<p>Elle prend place \u00e0 c\u00f4t\u00e9 des petits apr\u00e8s le rituel de \u00absautage au cou\u00bb. Normal qu\u2019ils l\u2019aiment : avec ses tours de man\u00e8ge du dimanche, elle leur fait tourner la t\u00eate&#8230; Mais aujourd\u2019hui \u00e7a va \u00eatre plus dur de les acheter !<\/p>\n<p>La petite se met \u00e0 pleurer, en apprenant qu\u2019il n\u2019y aura pas de man\u00e8ge. Il faut que je vous explique les vraies raisons de ses larmes : elle a toujours cru que \u00ab le man\u00e8ge de Mamie \u00bb \u00e9tait vraiment le man\u00e8ge de sa grand-m\u00e8re&#8230; Qu\u2019il lui appartenait ! Elle trouvait donc injuste qu\u2019on l\u2019oblige \u00e0 fermer son man\u00e8ge.<\/p>\n<p>Et sa mamie de surench\u00e9rir :<\/p>\n<div class=\"dialogue\">\n<p>&#8211; Tu sais ma ch\u00e9rie, si \u00e7a ne d\u00e9pendant que de moi, je l\u2019ouvrirai rien que pour toi !<\/p>\n<\/div>\n<p>Mais oui&#8230; Raconte-lui des histoires \u00e0 dormir debout ! Et vas-y, prends-la sur tes genoux maintenant&#8230; Et voil\u00e0 met sa t\u00eate dans ton cou frip\u00e9&#8230; C\u2019est \u00e7a, dandine d\u2019avant en arri\u00e8re&#8230; Je te connais par-c\u0153ur ! Et c\u2019est reparti pour 10 minutes de lamentations inutiles assaisonn\u00e9es de larmes et de bave&#8230;<\/p>\n<p>Le spectacle devenait insupportable ! Pour calmer ma fille, j\u2019ai d\u00e9cid\u00e9 de la ramener \u00e0 la r\u00e9alit\u00e9 en lui expliquant que le \u00abman\u00e8ge de Mamie\u00bb \u00e9tait une fa\u00e7on de parler, qu\u2019il ne lui appartenait pas, ne lui a jamais appartenu, et ne lui appartiendra jamais !<\/p>\n<p>Ca l\u2019a calm\u00e9e net&#8230;<\/p>\n<p>Comme quoi avec quelques techniques de PNL bien employ\u00e9es, on peut obtenir ce qu\u2019on veut. Et n\u2019allez pas me dire que c\u2019est de la manipulation : je lui ai dit la stricte v\u00e9rit\u00e9 ! C\u2019est sa m\u00e8re-grand qui lui racontait des carabistouilles !<\/p>\n<p>Je suis donc descendu dans mon bureau pour terminer mon livre. C\u2019est \u00e9trange, car la lecture devenait soudainement p\u00e9nible. Ce que je vais vous dire n\u2019est pas tr\u00e8s pragmatique, mais je crois que l\u2019ambiance studieuse de mes enfants diffusait une esp\u00e8ce \u00abd\u2019Energie collective\u00bb, un peu comme dans une biblioth\u00e8que o\u00f9 tout le monde lit en silence : on lit 2 fois plus vite, et on m\u00e9morise mieux. D\u2019ailleurs, je me demande pourquoi je ne vais pas plus souvent \u00e0 la biblioth\u00e8que, qui est \u00e0 5 minutes \u00e0 pieds&#8230;<\/p>\n<p>Les documents administratifs qui trainaient sur mon bureau, associ\u00e9s \u00e0 ma solitude me donnaient la naus\u00e9e. J\u2019avais envie de remonter, puis je me suis dit que ce n\u2019\u00e9tait pas le moment de devenir mystique. J\u2019ai donc fini mon livre dans mon bureau, au sous-sol. J\u2019ai appris quantit\u00e9 de choses. Une bonne partie me paraissait inapplicable concr\u00e8tement, parce que l\u2019auteur semblait \u00eatre entour\u00e9 de personnes tr\u00e8s attentionn\u00e9es. Aussi, me suis-je dit :<\/p>\n<blockquote>\n<p>Je veux bien changer, mais si mon entourage ne change pas, c\u2019est peine perdue ! Si seulement je pouvais obliger mes employ\u00e9s \u00e0 lire ce livre, ce serait plus simple&#8230; Mais bon, soyons honn\u00eates ! Il y a quand-m\u00eame quelques techniques int\u00e9ressantes, que je peux appliquer au bureau. Je commence demain !<\/p>\n<\/blockquote>\n<p>Je remonte les escaliers et j\u2019entends ma grande fille (7 ans) demander :<\/p>\n<div class=\"dialogue\">\n<p>&#8211; Mamie, comment on \u00e9crit \u00abpiste\u00bb ?<\/p>\n<p>&#8211; T&#8230;R&#8230;I&#8230;S&#8230;T&#8230;E&#8230;, lui r\u00e9pond-elle !<\/p>\n<p>J\u2019interviens :<\/p>\n<p>&#8211; Mais non Dominique, PISTE, pas TRISTE ! Je vous ai pourtant dit de mettre votre appareil quand vous communiquez avec les enfants. Vous entendez tout de travers ! J\u2019ai d\u00e9j\u00e0 assez de mal \u00e0 leur apprendre l\u2019orthographe comme \u00e7a.<\/p>\n<p>Ma fille me regarde, les yeux \u00e9carquill\u00e9s, le stylo suspendu au dessus de sa feuille. Je lui donne de quoi se remettre de sa stupeur :<\/p>\n<p>&#8211; P&#8230;I&#8230;S&#8230;T&#8230;E&#8230; ma ch\u00e9rie. Voil\u00e0 : \u00ab La piste infernale ! \u00bb. Ton dessin n\u2019est d\u00e9j\u00e0 pas tr\u00e8s r\u00e9aliste, alors si tu lui ajoutes un titre qui ne veut rien dire, ca va l\u2019achever ! \u00ab La triste infernale \u00bb&#8230; C\u2019est n\u2019importe quoi ! Quoique, \u00e0 bien y r\u00e9fl\u00e9chir&#8230; Hein Mamie ?<\/p>\n<p>&#8211; Oui, vous avez raison ! Je ne dois pas \u00eatre de bonne compagnie en ce moment.<\/p>\n<p>Pour poursuivre, j\u2019ai marmonn\u00e9 dans ma barbe :<\/p>\n<p>&#8211; C\u2019est s\u00fbr que pour l\u2019accompagnement, on peut trouver mieux&#8230;<\/p>\n<p>Manque de chance, ma belle-m\u00e8re me r\u00e9pond :<\/p>\n<p>&#8211; J\u2019ai entendu, vous savez !<\/p>\n<p>&#8211; Vous avez entendu quoi ?<\/p>\n<p>&#8211; Vous avez dit : \u00ab c\u2019est s\u00fbr que pour l\u2019accompagnement, on peut trouver mieux ! \u00bb<\/p>\n<\/div>\n<p>J\u2019observe son oreille : elle venait d\u2019y ins\u00e9rer son appareil. Ca c\u2019est bien elle : juste au moment o\u00f9 je deviens d\u00e9sagr\u00e9able, elle se connecte \u00e0 la r\u00e9alit\u00e9 ! Je fr\u00e9mis \u00e0 l\u2019id\u00e9e que ma femme puisse prendre le m\u00eame chemin. Je me rattrape comme je peux :<\/p>\n<div class=\"dialogue\">\n<p>&#8211; C\u2019est du comique de situation&#8230; Ne le prenez pas mal, c\u2019\u00e9tait plus fort que moi.<\/p>\n<p>&#8211; Oui un peu comme un rot ou un pet&#8230; Ca vous a \u00e9chapp\u00e9 !<\/p>\n<p>&#8211; Je vous sens vex\u00e9e&#8230; C\u2019est \u00e0 ce point ?<\/p>\n<p>&#8211; Mais je ne vous en veux pas du tout. Je faisais du comique de situation moi aussi, puisque vous aimez \u00e7a&#8230; Mais si vous voulez on peut arr\u00eater l\u00e0 : match nul !<\/p>\n<\/div>\n<p>Je d\u00e9cide de faire quelques carottes r\u00e2p\u00e9es, les enfants adorent \u00e7a. Au moment o\u00f9 j\u2019enclenche le robot, Ma belle-m\u00e8re me lance :<\/p>\n<div class=\"dialogue\">\n<p>&#8211; Encore une, et vous me raccompagnez ? Je ne suis pas tr\u00e8s en forme, et il neige !<\/p>\n<p>&#8211; Pas tout de suite, restez encore un peu. Vous pouvez manger avec nous&#8230;<\/p>\n<p>Elle me regarde bizarrement. J\u2019arr\u00eate le robot, et elle me demande :<\/p>\n<p>&#8211; Vous avez entendu quoi ?<\/p>\n<p>&#8211; Vous m\u2019avez demand\u00e9 de vous raccompagner, parce qu\u2019il neige !<\/p>\n<p>&#8211; Ah non, pas du tout&#8230;<\/p>\n<p>&#8211; Alors qu\u2019est-ce que vous avez dit ?<\/p>\n<p>&#8211; J\u2019ai dit : \u00ab J\u2019en prends une pour le nez, on va faire un bonhomme de neige ! \u00bb<\/p>\n<p>&#8211; Ah bon&#8230; Il faut dire que vous n\u2019avez pas parl\u00e9 au bon moment.<\/p>\n<p>&#8211; Ce n\u2019est pas tr\u00e8s grave St\u00e9phane, je sais ce que c\u2019est&#8230; Vous avez des \u0153ufs ? Je vais pr\u00e9parer une omelette aux pommes de terre.<\/p>\n<p>&#8211; Euh&#8230;Vous vous souvenez que les enfants n\u2019aiment pas \u00e7a. Ils n\u2019ont m\u00eame pas voulu y go\u00fbter la derni\u00e8re fois.<\/p>\n<p>&#8211; Ce n\u2019est pas pour eux, c\u2019est pour vous ! Si ma m\u00e9moire est bonne, c\u2019est votre plat pr\u00e9f\u00e9r\u00e9 ! Pour les enfants, je vais faire \u00abdes frites de Mamie\u00bb.<\/p>\n<\/div>\n<p>L\u2019omelette aux pommes de terre n\u2019est pas mon plat pr\u00e9f\u00e9r\u00e9, mais j\u2019ai d\u00e9cid\u00e9 de ne pas le lui dire&#8230; En fait c\u2019est une partie de la v\u00e9rit\u00e9 : l\u2019omelette aux pommes de terre devient mon plat pr\u00e9f\u00e9r\u00e9 lorsque c\u2019est elle qui la pr\u00e9pare ! Je ne sais pas ce qu\u2019elle met dedans, mais \u00e7a vous change un homme. Finalement je me demande pourquoi je ne le lui ai pas dit. Ca lui aurait fait plaisir, je crois.<\/p>\n<p>Puis je me suis mis \u00e0 penser \u00e0 l\u2019\u00e9cart entre ce qu\u2019elle m\u2019a dit, et ce que j\u2019ai entendu&#8230; Avec le bruit du robot mixeur, il y avait un tas de d\u00e9formations possibles. Pourquoi ai-je choisi celle-l\u00e0 ? Les id\u00e9es contenues dans le livre que je venais de terminer commen\u00e7aient \u00e0 tracer de nouveaux sillons dans mon petit cerveau. Aussi, me suis-je demand\u00e9 pourquoi je m\u2019\u00e9tais focalis\u00e9 uniquement sur les techniques utiles au travail. Il y avait tant de choses \u00e0 faire \u00e0 titre personnel, dans ma maison.<\/p>\n<p>&#8212;&#8211;<\/p>\n<p>Tout en mangeant mon omelette, je lance des regards de Gratitude \u00e0 ma belle-m\u00e8re. C\u2019est bon ! Je ne lui dis rien et \u00e7a me trouble, car 6 mois plus t\u00f4t j\u2019aurais trouv\u00e9 quelque chose \u00e0 dire&#8230; C\u2019est elle qui engage la conversation :<\/p>\n<div class=\"dialogue\">\n<p>&#8211; Vous vous oubliez un peu en ce moment, St\u00e9phane, j\u2019ai l\u2019impression que vous ne pensez qu\u2019au travail.<\/p>\n<p>&#8211; Vous savez, avec le redressement fiscal qui m\u2019est tomb\u00e9 dessus, je dois redoubler d\u2019efforts et de prudence. 18.000 euros pour 3 petites maladresses&#8230; Je n\u2019ai plus droit \u00e0 l\u2019erreur !<\/p>\n<p>&#8211; Mais vous ne croyez pas qu\u2019en vous \u00e9puisant le corps et l\u2019esprit de cette mani\u00e8re, vous leur donnez bien plus que 18.000 euros ?<\/p>\n<\/div>\n<p>Je r\u00e9fl\u00e9chis&#8230; C\u2019est vrai que je suis en train de vendre mon \u00e2me ! Que je la grille peu \u00e0 peu en ne pensant qu\u2019\u00e0 mes dettes&#8230; Que je me console en me disant que je pr\u00e9pare un avenir meilleur pour mes enfants, mais que mon quotidien, et le leur, est fait de contraintes.<\/p>\n<p>Apr\u00e8s le d\u00e9jeuner, je redescendis dans mon bureau, laissant Mamie et les enfants s\u2019occuper du bonhomme de neige. J\u2019ai pr\u00e9par\u00e9 7 piles pour les 7 types de documents : achats, ventes, fiscal, social, banque, contrats, correspondances, et une huiti\u00e8me pour les inclassables. Pris de vertiges apr\u00e8s 10 minutes de tri, j\u2019ai d\u00e9cid\u00e9 de remonter prendre un bol d\u2019air.<\/p>\n<p>Etrange, ces escaliers qui deviennent de plus en plus p\u00e9nibles. Il y a encore 6 mois, je les montais deux par deux. Les escaliers n\u2019ayant aucune volont\u00e9 de me nuire, \u00e7a vient forc\u00e9ment de moi !<\/p>\n<p>Mes filles couraient dans le jardin en remplissant des petits seaux. Mon fils, d\u00e9barrassait la neige qui s\u2019\u00e9tait accumul\u00e9e sur ma voiture, la d\u00e9versant dans un \u00e9norme sac poubelle :<\/p>\n<div class=\"dialogue\">\n<p>&#8211; Papa sera content, dit-il \u00e0 sa mamie, comme \u00e7a il ne dira pas \u00ab Oh merde ! il y a de la neige sur ma voiture, juste au moment o\u00f9 je suis en retard ! \u00bb<\/p>\n<\/div>\n<p>Ce qui m\u2019a d\u00e9rang\u00e9 le plus, ce n\u2019est pas ce qu\u2019il a dit, mais le ton qu\u2019il a utilis\u00e9, et la voix d\u00e9pressive qu\u2019il a prise. Ce petit-moi \u00e9tait en train de m\u2019imiter, et \u00e7a ne me convenait pas du tout !<\/p>\n<p>Il remonta le sac empli de neige tel un P\u00e8re-No\u00ebl portant une hotte pleine de cadeaux. Au milieu de la terrasse Mamie donnait les instructions pour constituer un tas de neige. Un nouveau monde m\u2019attendait \u00e0 3 m\u00e8tres : je n\u2019avais qu\u2019\u00e0 enjamber le rail de la baie vitr\u00e9e.<\/p>\n<p>C\u2019est ce qu\u2019on appelle \u00ab une invitation du monde ext\u00e9rieur \u00bb. Qu\u2019il est agr\u00e9able d\u2019avoir 2 choix ! Lorsqu\u2019il n\u2019y en a qu\u2019un ce n\u2019est plus un choix, et lorsqu\u2019il y en a beaucoup, c\u2019est tr\u00e8s embarrassant, voire paralysant. Mais envisager de suivre soit mon \u00ab monde int\u00e9rieur \u00bb, soit le \u00ab monde ext\u00e9rieur \u00bb \u00e9tait une fa\u00e7on de ramener tous les choix et toutes les options vers le haut de la pyramide d\u00e9cisionnelle : une d\u00e9cision ou son alternative&#8230; Deux destins possibles.<\/p>\n<p>Je commence \u00e0 fa\u00e7onner le bonhomme.<\/p>\n<div class=\"dialogue\">\n<p>&#8211; Ouf ! me dit Mamie. Je me demandais ce que j\u2019allais pouvoir faire avec mes genoux malades. Vous tombez bien !<\/p>\n<p>Elle me passe la carotte comme deux champions de relai se passent le t\u00e9moin.<\/p>\n<p>&#8211; Je vais faire une sieste, nous dit-elle, r\u00e9veillez-moi lorsque ce sera termin\u00e9. Et faites-moi une belle surprise !<\/p>\n<\/div>\n<p>Nous nous remettons au travail. Le fils du voisin vient nous aider. En une heure de temps, nous terminons l\u2019essentiel, il ne reste plus qu\u2019\u00e0 passer \u00e0 la d\u00e9co. Les id\u00e9es fusent. J\u2019observe ce beau monde op\u00e9rer. Tout est parfait !<\/p>\n<p>Nous d\u00e9cidons de laisser Mamie dormir encore un peu. Avec le froid qu\u2019il fait, le bonhomme ne fondra pas de si t\u00f4t. Je pr\u00e9pare un chocolat chaud pour tout le monde. J\u2019ins\u00e8re la capsule jaune dans l\u2019appareil, et je tourne le bouton. Tandis qu\u2019il vibre en \u00e9mettant un son grave, ma fille me crie du salon :<\/p>\n<div class=\"dialogue\">\n<p>&#8211; Papa, comment on \u00e9crit \u00ab Bonheur \u00bb ?<\/p>\n<p>Je r\u00e9ponds sans r\u00e9fl\u00e9chir:<\/p>\n<p>B&#8230;O&#8230;N&#8230;H&#8230;E&#8230;U&#8230;R&#8230;<\/p>\n<\/p><\/div>\n<p>C\u2019est \u00e0 ce moment que Mamie \u00e9merge et vient s\u2019asseoir. Je lui fais un caf\u00e9 : capsule noire.<\/p>\n<p>J\u2019arrive fi\u00e8rement avec mon plateau, fa\u00e7on gar\u00e7on de caf\u00e9. Le fils du voisin se moque de moi avec la complicit\u00e9 de mon gar\u00e7on. L&#8217;aurais-je support\u00e9 dans d&#8217;autres circonstances ? Mes deux grandes d\u00e9gustent avec d\u00e9licatesse, telle des princesses bien \u00e9lev\u00e9es. Ma toute petite fait ce qu\u2019elle peut&#8230; Tout le monde rit lorsqu\u2019elle repose sa tasse : le chocolat lui a dessin\u00e9 une jolie moustache. L&#8217;aurais-je encourag\u00e9e \u00e0 la garder, dans d&#8217;autres circonstances ? <\/p>\n<p>Nous sommes rest\u00e9s une bonne heure \u00e0 \u00e9voquer nos meilleurs souvenirs. Ma rencontre avec ma femme, sa fille, que j\u2019aimais toujours \u00e0 la folie&#8230; L\u2019appr\u00e9hension de la rencontre avec les beaux-parents. La premi\u00e8re impression que j\u2019ai laiss\u00e9e&#8230; Puis, Mamie me dit :<\/p>\n<div class=\"dialogue\">\n<p>&#8211; Pouvez-vous me raccompagner ? Je suis fatigu\u00e9e et j\u2019ai peur de glisser sur la neige.<\/p>\n<p>&#8211; Je crois que j\u2019ai bien entendu, mais est-ce que vous pouvez confirmer ?<\/p>\n<p>&#8211; Je suis fatigu\u00e9e&#8230; Pouvez-vous me raccompagner en voiture ?<\/p>\n<p>&#8211; Pas de probl\u00e8mes, la voiture est d\u00e9blay\u00e9e en plus !<\/p>\n<p>Mamie prend le dessin que ma grande fille avait fait pour elle. Elle le regarde, sourit, et me dit :<\/p>\n<p>&#8211; Je vais chercher mon manteau. Faites-chauffer la voiture, j\u2019arrive&#8230;<\/p>\n<\/p><\/div>\n<p>Je demande aux enfants de rester sages, et je m\u2019ex\u00e9cute. Ma belle-m\u00e8re me rejoint 3 minutes plus tard. Je l\u2019aide \u00e0 monter en voiture. Pour une femme qui a fait une bonne sieste, elle me paraissait bien fatigu\u00e9e. Je m\u2019inqui\u00e8te pour elle et \u00e7a me surprend&#8230; Je suis encore capable de m\u2019inqui\u00e9ter pour quelqu\u2019un !<\/p>\n<p>En rentrant, les enfants jouaient aux mille-bornes. La petite s\u2019amusait \u00e0 d\u00e9faire et refaire son puzzle de 6 pi\u00e8ces, pour la 1000\u00e8me fois, avec une habilet\u00e9 \u00e0 couper le souffle. C\u2019\u00e9tait le moment id\u00e9al pour redescendre dans mon bureau. Le classement restait \u00e0 faire, et j\u2019en avais pour des heures&#8230;<\/p>\n<p>Vraiment ?<\/p>\n<p>En mettant les pieds dans mon antre, un frisson me traverse : la pile de papiers que je devais \u00e9valuer pi\u00e8ce apr\u00e8s pi\u00e8ce a disparu. A la place, je trouve sept piles, class\u00e9es par th\u00e8me et par date. Il n\u2019y a plus qu\u2019\u00e0 transmettre au comptable&#8230;<\/p>\n<p>Mon \u0153il est attir\u00e9 par la huiti\u00e8me pile, celle des inclassables. Au sommet, j\u2019y trouve un dessin repr\u00e9sentant un bonhomme de neige. Tout en haut, le titre du dessin me fait cligner des yeux :<\/p>\n<blockquote>\n<p>Le Bonheur de Neige<\/p>\n<\/blockquote>\n<p>Un mini Post-It coll\u00e9 dans le coin inf\u00e9rieur droit m\u2019intrigue. Je reconnais l\u2019\u00e9criture de Mamie. Il y est \u00e9crit :<\/p>\n<div class=\"dialogue\">\n<p>&#8211; Ce dessin ne pouvait s\u2019appeler autrement !<\/p>\n<\/p><\/div>\n<p>Le livre de Jeff KELLER n\u2019avait pas chang\u00e9 de place. Je l\u2019ai repris en mains et je l\u2019ai ouvert au hasard. J\u2019aime bien faire \u00e7a avec les livres de D\u00e9veloppement Personnel. Surtout ceux que j\u2019ai d\u00e9j\u00e0 lus. Page 89, une citation de Rudyard KIPLING me fait sourire \u00e0 nouveau :<\/p>\n<p>\u00ab Les mots sont la plus puissante drogue utilis\u00e9e par l\u2019humanit\u00e9 \u00bb.<\/p>\n<p>Ca me pla\u00eet ! Je recommence&#8230; Page 64 :<\/p>\n<p>\u00ab L\u2019effort n\u2019est v\u00e9ritablement r\u00e9compens\u00e9 que lorsqu\u2019on refuse d\u2019abandonner. \u00bb<\/p>\n<p>Etrange cette citation de Napol\u00e9on HILL&#8230; Je l\u2019avais d\u00e9j\u00e0 lue le matin m\u00eame, mais je ne l\u2019avais pas comprise de la m\u00eame fa\u00e7on. Je vous assure que je croyais qu\u2019il me disait de ne pas abandonner la compta !<\/p>\n<p>Finalement, m\u00eame dans ce que nous ne devons pas abandonner, nous avons le choix ! Ce jour l\u00e0, j\u2019ai choisi ma famille, m\u2019offrant, comme le dit l\u2019auteur, \u00ab un passeport vers de lendemains meilleurs \u00bb.<\/p>\n<p>A++<\/p>\n<p><strong>St\u00e9phane SOLOMON<\/strong><\/p>\n<!--themify_builder_content-->\n<div id=\"themify_builder_content-409\" data-postid=\"409\" class=\"themify_builder_content themify_builder_content-409 themify_builder tf_clear\">\n    <\/div>\n<!--\/themify_builder_content-->\n","protected":false},"excerpt":{"rendered":"<p>Sous l\u2019article \u00abLe Bonheur de Neige\u00bb, publi\u00e9 il y a une semaine, beaucoup de commentaires \u00e9voquaient le \u00ab l\u00e2cher-prise \u00bb. Ce n\u2019\u00e9tait pas vraiment l\u2019objet de ce texte, comme vous avez pu le d\u00e9couvrir 2 articles plus tard&#8230; Mais l\u2019id\u00e9e du l\u00e2cher-prise m\u2019a beaucoup plu. J\u2019ai donc d\u00e9cid\u00e9 d\u2019\u00e9crire une histoire alternative consacr\u00e9e \u00e0 ce [&hellip;]<\/p>\n","protected":false},"author":1,"featured_media":0,"parent":0,"menu_order":0,"comment_status":"open","ping_status":"open","template":"","meta":[],"builder_content":"","_links":{"self":[{"href":"https:\/\/auto-coaching.fr\/index.php\/wp-json\/wp\/v2\/pages\/409"}],"collection":[{"href":"https:\/\/auto-coaching.fr\/index.php\/wp-json\/wp\/v2\/pages"}],"about":[{"href":"https:\/\/auto-coaching.fr\/index.php\/wp-json\/wp\/v2\/types\/page"}],"author":[{"embeddable":true,"href":"https:\/\/auto-coaching.fr\/index.php\/wp-json\/wp\/v2\/users\/1"}],"replies":[{"embeddable":true,"href":"https:\/\/auto-coaching.fr\/index.php\/wp-json\/wp\/v2\/comments?post=409"}],"version-history":[{"count":16,"href":"https:\/\/auto-coaching.fr\/index.php\/wp-json\/wp\/v2\/pages\/409\/revisions"}],"predecessor-version":[{"id":427,"href":"https:\/\/auto-coaching.fr\/index.php\/wp-json\/wp\/v2\/pages\/409\/revisions\/427"}],"wp:attachment":[{"href":"https:\/\/auto-coaching.fr\/index.php\/wp-json\/wp\/v2\/media?parent=409"}],"curies":[{"name":"wp","href":"https:\/\/api.w.org\/{rel}","templated":true}]}}