{"id":428,"date":"2013-02-26T07:22:26","date_gmt":"2013-02-26T07:22:26","guid":{"rendered":"http:\/\/www.auto-coaching.fr\/?page_id=428"},"modified":"2019-03-10T22:06:13","modified_gmt":"2019-03-10T21:06:13","slug":"une-technique-de-pointe-1-2","status":"publish","type":"page","link":"https:\/\/auto-coaching.fr\/index.php\/une-technique-de-pointe-1-2\/","title":{"rendered":"Une technique de pointe (1\/2)"},"content":{"rendered":"<p>Avez-vous d\u00e9j\u00e0 perdu votre portefeuille ?<\/p>\n<p>Si oui, vous l\u2019a-t-on restitu\u00e9 au bout de quelques jours ?<\/p>\n<p>Si vous avez perdu votre portefeuille et on ne vous l\u2019a pas restitu\u00e9, vous savez le temps que \u00e7a co\u00fbte de refaire vos pi\u00e8ces d\u2019identit\u00e9, sans oublier les choses pr\u00e9cieuses et uniques qui sont perdues \u00e0 jamais.<\/p>\n<p>Vais-je vous proposer une solution pour \u00e9viter de perdre votre portefeuille ?<\/p>\n<p>Non ! Je n\u2019ai pas le pouvoir de contr\u00f4ler les \u00e9v\u00e8nements qui pourraient vous rendre distraits. Quoique, je pense qu\u2019en suivant ZEN-COACH (ou tout autre programme antistress de votre choix), vous r\u00e9duirez le risque de perdre des objets importants.<\/p>\n<p>Mais si vous \u00eates pragmatique et avez besoin de chiffres sur le taux de portefeuilles perdus \/ non perdus gr\u00e2ce au D\u00e9veloppement Personnel, je n\u2019ai rien de concret \u00e0 vous proposer&#8230;<\/p>\n<ul>\n<li>Je peux juste vous dire que globalement, les personnes qui se disent stress\u00e9es reconnaissent qu\u2019elles ont souvent la t\u00eate ailleurs, et que \u00e7a leur co\u00fbte tr\u00e8s cher (ce qui ajoute \u00e0 leur stress).<\/li>\n<li>Je peux \u00e9galement vous affirmer que les personnes qui parviennent \u00e0 repousser le stress ou \u00e0 le transformer en Energie positive, affirment qu\u2019elles sont rarement sujettes \u00e0 des oublis ou des pertes d\u2019objets importants.<\/li>\n<li>Quant \u00e0 celles qui furent stress\u00e9es et qui parviennent d\u00e9sormais \u00e0 contr\u00f4ler leurs stress, elles vous diront qu\u2019\u00e0 ce niveau (perte et oublis), leur vie a compl\u00e8tement chang\u00e9. Elles sont m\u00eame capables (en cas d\u2019incident) de donner un sens \u00e0 l\u2019\u00e9v\u00e8nement. Un sens qui r\u00e9duit les mauvais sentiments, et l\u2019engrenage&#8230;<\/li>\n<\/ul>\n<p>Mais je n\u2019ai toujours pas de chiffres, et je sais \u00e0 quel point les chiffres c\u2019est important, pour beaucoup de gens.<\/p>\n<h2>La technique du jour<\/h2>\n<p>A d\u00e9faut de vous pr\u00e9senter une technique qui \u00e9vite de perdre son portefeuille, je vais vous en sugg\u00e9rer une qui va augmenter la probabilit\u00e9 de restitution de celui-ci, apr\u00e8s sa perte. Je vais vous donner des chiffres concrets et des explications logiques et psychologiques indiscutables. J\u2019esp\u00e8re que cette technique vous sera utile, surtout si un programme tel que ZEN-COACH ne vous tente pas. Vous allez pouvoir r\u00e9cup\u00e9rer un portefeuille perdu, tout en conservant votre niveau de stress intact. C\u2019est beau la science !<\/p>\n<p>Alors&#8230; Voici 3 pratiques essentielles pour voir votre portefeuille retourner au bercail :<\/p>\n<p><strong>En premier lieu<\/strong>, \u00e9vitez de mettre de l\u2019argent dans votre portefeuille. Eh oui&#8230; En supposant que la personne qui retrouve l\u2019objet, ait envie (ou besoin) de garder les billets, elle aura du mal \u00e0 justifier le retour du portefeuille all\u00e9g\u00e9 de quelques grammes&#8230; Sans oublier que dans l\u2019inconscient collectif, le propri\u00e9taire d\u2019un portefeuille vide est beaucoup plus sympathique que le propri\u00e9taire d\u2019un portefeuille plein. Le premier a besoin d\u2019aide, le second peut se d\u00e9brouiller tout seul&#8230; En mettant votre argent dans votre poche, vous augmenterez votre taux de restitution de 17% ! Et vous ferez une \u00e9conomie financi\u00e8re de 100%.<\/p>\n<p><strong>Deuxi\u00e8me pratique<\/strong> : collez dans votre portefeuille, une \u00e9tiquette avec votre num\u00e9ro de t\u00e9l\u00e9phone et votre nom. Faites en sorte qu\u2019en ouvrant le portefeuille cette \u00e9tiquette soit visible. Vous pensez peut-\u00eatre que m\u00eame sans num\u00e9ro, une personne bien intentionn\u00e9e regardera l\u2019adresse sur votre carte d\u2019identit\u00e9 et vous enverra l\u2019objet par La Poste (ou trouvera votre num\u00e9ro dans l\u2019annuaire). Vous avez raison, mais un num\u00e9ro de t\u00e9l\u00e9phone augmente le nombre de personnes bien intentionn\u00e9es de 23% ! Ca m\u00e9rite r\u00e9flexion. D\u00e9cid\u00e9ment le pouvoir des chiffres m\u2019\u00e9tonnera toujours !<\/p>\n<p><strong>Troisi\u00e8me pratique<\/strong> : c\u2019est le taux de restitution le plus \u00e9loquent : 35% de retours ! Glissez dans votre portefeuille la photo d\u2019un b\u00e9b\u00e9 souriant qui exprime la joie de vivre. Ne la d\u00e9coupez pas dans un magazine, la photo doit \u00eatre naturelle, authentique&#8230; Vous devez attirer la sympathie de la personne qui retrouve l\u2019objet perdu. Elle va se dire \u00ab Oh, mais c\u2019est un jeune papa ou une jeune maman qui a perdu son portefeuille. Je vais me faire un devoir de le lui renvoyer&#8230; \u00bb.<\/p>\n<p>Vous pourriez me r\u00e9pondre que m\u00eame sans cette photo, votre bienfaiteur pourrait <b>imaginer<\/b> que vous avez des enfants, et que son geste vous permettra d\u2019\u00e9conomiser des heures de d\u00e9marches. Vous pourrez ainsi rester aux c\u00f4t\u00e9s de votre famille au lieu de faire la queue dans les administrations&#8230;<\/p>\n<p>C\u2019est vrai ! Il y a des gens qui ont beaucoup d\u2019imagination, et \u00e7a les rend intelligents, gentils et responsables. Mais la photo d\u2019un b\u00e9b\u00e9 est un stimulus. Un d\u00e9clencheur qui sollicite l\u2019imagination, l\u2019intelligence, la gentillesse&#8230; Aidez les gens \u00e0 <b>imaginer<\/b> ! Ils vous le rendront bien.<\/p>\n<p>La photo d\u2019un couple \u00e2g\u00e9 donne 11% de retours, celle d\u2019un animal 19%, celle d\u2019une famille souriante 21%. Mais rien ne remplace le b\u00e9b\u00e9, qui culmine \u00e0 35% ! Vous pouvez cumuler (b\u00e9b\u00e9 + couple \u00e2g\u00e9 + animal + famille souriante) et vous toucherez 39% de la population.<\/p>\n<p>Et voil\u00e0 ! En conjuguant les 3 pratiques (pas de billets, un num\u00e9ro de t\u00e9l\u00e9phone et la photo d\u2019un b\u00e9b\u00e9 heureux), on obtient un taux de 52% de retours, soit plus d\u2019une chance sur deux de retrouver votre portefeuille. Il s\u2019agit de r\u00e9sultats statistiques bas\u00e9s sur 240 portefeuilles volontairement perdus dans des lieux publics vari\u00e9s. Une \u00e9tude scientifique qui d\u00e9montre qu\u2019une attitude active, une attention particuli\u00e8re port\u00e9e \u00e0 un objet important pour vous, peut stimuler des inconnus, au point qu\u2019ils reconna\u00eetront son importance, automatiquement.<\/p>\n<p>Mais, je sens qu\u2019il y a un truc qui vous d\u00e9range&#8230; Lorsque j\u2019ai d\u00e9couvert cette \u00e9tude et la technique propos\u00e9e, \u00e7a m\u2019a m\u00eame emp\u00each\u00e9 de dormir !<\/p>\n<p>J\u2019ai pr\u00e9vu de vous en parler dans mon prochain article, mais vous pouvez d\u00e9j\u00e0 vous exprimer, en laissant un commentaire.<\/p>\n<p>A++<\/p>\n<p><strong>St\u00e9phane SOLOMON<\/strong><\/p>\n<!--themify_builder_content-->\n<div id=\"themify_builder_content-428\" data-postid=\"428\" class=\"themify_builder_content themify_builder_content-428 themify_builder tf_clear\">\n    <\/div>\n<!--\/themify_builder_content-->\n","protected":false},"excerpt":{"rendered":"<p>Avez-vous d\u00e9j\u00e0 perdu votre portefeuille ? Si oui, vous l\u2019a-t-on restitu\u00e9 au bout de quelques jours ? Si vous avez perdu votre portefeuille et on ne vous l\u2019a pas restitu\u00e9, vous savez le temps que \u00e7a co\u00fbte de refaire vos pi\u00e8ces d\u2019identit\u00e9, sans oublier les choses pr\u00e9cieuses et uniques qui sont perdues \u00e0 jamais. Vais-je [&hellip;]<\/p>\n","protected":false},"author":1,"featured_media":0,"parent":0,"menu_order":0,"comment_status":"open","ping_status":"open","template":"","meta":[],"builder_content":"","_links":{"self":[{"href":"https:\/\/auto-coaching.fr\/index.php\/wp-json\/wp\/v2\/pages\/428"}],"collection":[{"href":"https:\/\/auto-coaching.fr\/index.php\/wp-json\/wp\/v2\/pages"}],"about":[{"href":"https:\/\/auto-coaching.fr\/index.php\/wp-json\/wp\/v2\/types\/page"}],"author":[{"embeddable":true,"href":"https:\/\/auto-coaching.fr\/index.php\/wp-json\/wp\/v2\/users\/1"}],"replies":[{"embeddable":true,"href":"https:\/\/auto-coaching.fr\/index.php\/wp-json\/wp\/v2\/comments?post=428"}],"version-history":[{"count":6,"href":"https:\/\/auto-coaching.fr\/index.php\/wp-json\/wp\/v2\/pages\/428\/revisions"}],"predecessor-version":[{"id":4478,"href":"https:\/\/auto-coaching.fr\/index.php\/wp-json\/wp\/v2\/pages\/428\/revisions\/4478"}],"wp:attachment":[{"href":"https:\/\/auto-coaching.fr\/index.php\/wp-json\/wp\/v2\/media?parent=428"}],"curies":[{"name":"wp","href":"https:\/\/api.w.org\/{rel}","templated":true}]}}