{"id":4338,"date":"2019-02-21T16:18:44","date_gmt":"2019-02-21T15:18:44","guid":{"rendered":"http:\/\/www.auto-coaching.fr\/?page_id=4338"},"modified":"2019-02-21T16:18:49","modified_gmt":"2019-02-21T15:18:49","slug":"pas-sujet","status":"publish","type":"page","link":"https:\/\/auto-coaching.fr\/index.php\/pas-sujet\/","title":{"rendered":"Merci"},"content":{"rendered":"\n<p>Vous ne recevrez plus de courriers sur ce sujet. Votre prochain courrier vous parviendra au d\u00e9but du mois prochain, lorsque j&#8217;aborderai une nouvelle th\u00e9matique.<\/p>\n\n\n\n<p>A++<\/p>\n\n\n\n<p>St\u00e9phane SOLOMON<\/p>\n<!--themify_builder_content-->\n<div id=\"themify_builder_content-4338\" data-postid=\"4338\" class=\"themify_builder_content themify_builder_content-4338 themify_builder tf_clear\">\n    <\/div>\n<!--\/themify_builder_content-->\n","protected":false},"excerpt":{"rendered":"<p>Vous ne recevrez plus de courriers sur ce sujet. Votre prochain courrier vous parviendra au d\u00e9but du mois prochain, lorsque j&#8217;aborderai une nouvelle th\u00e9matique. A++ St\u00e9phane SOLOMON<\/p>\n","protected":false},"author":1,"featured_media":0,"parent":0,"menu_order":0,"comment_status":"closed","ping_status":"closed","template":"","meta":[],"builder_content":"","_links":{"self":[{"href":"https:\/\/auto-coaching.fr\/index.php\/wp-json\/wp\/v2\/pages\/4338"}],"collection":[{"href":"https:\/\/auto-coaching.fr\/index.php\/wp-json\/wp\/v2\/pages"}],"about":[{"href":"https:\/\/auto-coaching.fr\/index.php\/wp-json\/wp\/v2\/types\/page"}],"author":[{"embeddable":true,"href":"https:\/\/auto-coaching.fr\/index.php\/wp-json\/wp\/v2\/users\/1"}],"replies":[{"embeddable":true,"href":"https:\/\/auto-coaching.fr\/index.php\/wp-json\/wp\/v2\/comments?post=4338"}],"version-history":[{"count":1,"href":"https:\/\/auto-coaching.fr\/index.php\/wp-json\/wp\/v2\/pages\/4338\/revisions"}],"predecessor-version":[{"id":4339,"href":"https:\/\/auto-coaching.fr\/index.php\/wp-json\/wp\/v2\/pages\/4338\/revisions\/4339"}],"wp:attachment":[{"href":"https:\/\/auto-coaching.fr\/index.php\/wp-json\/wp\/v2\/media?parent=4338"}],"curies":[{"name":"wp","href":"https:\/\/api.w.org\/{rel}","templated":true}]}}