{"id":434,"date":"2013-02-28T14:20:30","date_gmt":"2013-02-28T14:20:30","guid":{"rendered":"http:\/\/www.auto-coaching.fr\/?page_id=434"},"modified":"2013-02-28T15:23:21","modified_gmt":"2013-02-28T15:23:21","slug":"une-technique-de-pointe-2-2","status":"publish","type":"page","link":"https:\/\/auto-coaching.fr\/index.php\/une-technique-de-pointe-2-2\/","title":{"rendered":"Une technique de pointe 2\/2"},"content":{"rendered":"<p>Pour commencer, un grand merci aux commentateurs de <a href=\"http:\/\/www.auto-coaching.fr\/index.php\/une-technique-de-pointe-1-2\/\" target=\"_blank\">la premi\u00e8re partie de ce message<\/a> : une dizaine de personnes dont 3 qui ne s\u2019\u00e9taient jamais manifest\u00e9es auparavant, c\u2019est tr\u00e8s bien pour ce genre de sujet. Et surtout, \u00e7a m\u2019a permis de r\u00e9pondre \u00e0 chacun (chose impossible, pour moi, lorsqu\u2019il y a 150 commentaires).<\/p>\n<p>Tout ce que vous avez dit est int\u00e9ressant. Mais c\u2019est la remarque d\u2019Elsa et de Lo qui se rapprochent le plus de la conclusion de mon article, qui se terminait ainsi :<\/p>\n<p><em>\u00ab Mais, je sens qu\u2019il y a un truc qui vous d\u00e9range&#8230; Lorsque j\u2019ai d\u00e9couvert cette \u00e9tude et la technique propos\u00e9e, \u00e7a m\u2019a m\u00eame emp\u00each\u00e9 de dormir ! \u00bb<\/em><\/p>\n<p>Et je vous ai promis d\u2019en parler aujourd\u2019hui.<\/p>\n<h2>Alors de quoi s\u2019agit-il ?<\/h2>\n<p>Elsa l\u2019exprime parfaitement bien : utiliser la photo d\u2019un b\u00e9b\u00e9 dans un portefeuille, juste pour toucher le c\u0153ur des gens, mais sans y associer la moindre \u00e9motion, c\u2019est d\u00e9rangeant ! Une \u00e9tude rationnelle prouve que \u00e7a marche, mais c\u2019est immoral ! Ca instrumentalise l\u2019enfant&#8230; Et, comme le dit Lo (sans en \u00eatre s\u00fbre \u00e0 100%), \u00e7a ressemble \u00e0 une manipulation.<\/p>\n<p>C\u2019est effectivement le cas. Et ce qui est int\u00e9ressant c\u2019est que les 2 autres pratiques n\u2019apparaissent pas comme des manipulations. Pourtant, cette technique est un SYSTEME manipulatoire compos\u00e9 de 3 pratiques indissociables si vous voulez obtenir un bon r\u00e9sultat. On pourrait l\u2019appeler \u00abla technique du chic-type\u00bb. Elle permet d\u2019obtenir 52% de suffrages.<\/p>\n<p>Le chic-type a plus de chances de retrouver son portefeuille que le salaud ! M\u00eame si la sagesse nous invite \u00e0 rendre les objets \u00e0 leurs propri\u00e9taires sans porter un jugement sur leur style de vie, ce n\u2019est pas automatique chez beaucoup de gens. Dans certains commentaires, on parle de \u00ab miracle \u00bb lorsqu\u2019un objet de valeur est restitu\u00e9 ! Certaines personnes \u00e9voquent m\u00eame \u00ab le droit de r\u00eaver \u00bb !<\/p>\n<p>Ce qui prouve que la technique est pertinente : elle fait des miracles et prolonge le r\u00eave&#8230; Dans 52% des cas.<\/p>\n<p>Seulement voil\u00e0 : nos paradigmes qui influencent notre capacit\u00e9 de raisonnement vont vouloir s\u2019en m\u00ealer : utiliser une image d\u2019Epinal comme celle-l\u00e0, \u00e7a ne se fait pas !<\/p>\n<blockquote>\n<p>Science sans conscience n\u2019est que ruine de l\u2019\u00e2me, disait Rabelais&#8230;<\/p>\n<\/blockquote>\n<p>Dans le livre que je suis en train de lire, il n\u2019y a que science&#8230; C\u2019est truff\u00e9 de COMMENT, sans aucun POURQUOI. Pour les lecteurs qui ont une sensibilit\u00e9 existentielle, chaque page est un coup de crosse dans l\u2019abdomen. C\u2019est criant de v\u00e9rit\u00e9s scientifiques, mais qu\u2019en est-il de l\u2019autre versant humain ? C\u2019est ce que d\u00e9nonce Elsa dans son commentaire :<\/p>\n<blockquote>\n<p>Et l\u2019Amour dans tout \u00e7a ?<\/p>\n<\/blockquote>\n<p>Si vous ne comprenez pas le probl\u00e8me, je vais exag\u00e9rer un peu : supposons qu\u2019avec le mode-d\u2019emploi de cette technique, je vous livre en compl\u00e9ment la photo d\u2019un b\u00e9b\u00e9 compl\u00e8tement craquant ! Vous n\u2019aurez plus qu\u2019\u00e0 l\u2019imprimer, la d\u00e9couper et la placer dans votre portefeuille&#8230; Comme \u00e7a, si vous n\u2019avez pas de b\u00e9b\u00e9 \u00e0 la maison, vous pouvez quand-m\u00eame acc\u00e9der \u00e0 la technique. D\u2019ailleurs, m\u00eame si vous avez un enfant en bas \u00e2ge, je vous recommanderai plut\u00f4t la photo envoy\u00e9e, car elle a fait ses preuves !<\/p>\n<p>A votre avis, si j\u2019allais aussi loin, quelle serait la teneur des commentaires que m\u2019enverraient mes lecteurs ?<\/p>\n<p>Des insultes ! Evidemment&#8230; En bien plus qu\u2019une dizaine ! On atteint les hauts sommets de la tromperie. Vouloir se faire passer pour un chic-type \u00e0 tout prix, c\u2019est vraiment un comportement de salaud !<\/p>\n<p>Pourtant, vous ne pouvez faire l\u2019impasse sur le fait que \u00e7a donne de bons r\u00e9sultats. C\u2019est prouv\u00e9 !<\/p>\n<p>En conclusion du chapitre (faussement intitul\u00e9 \u00ab comment \u00e9viter de perdre son portefeuille \u00bb), apr\u00e8s description de l\u2019exp\u00e9rience et des r\u00e9sultats, l\u2019auteur \u00e9crit ceci :<\/p>\n<p>\u00ab Si vous voulez mettre toutes les chances de votre c\u00f4t\u00e9, procurez-vous une photo du b\u00e9b\u00e9 le plus craquant, et placez-la bien en \u00e9vidence dans votre portefeuille. \u00bb<\/p>\n<p>Dans les paragraphes qui pr\u00e9c\u00e8dent, il d\u00e9crit rapidement l\u2019impact de la photo du bambin sur le cortex orbitofrontal, et affirme que le reflexe de \u00ab pouponnage \u00bb est d\u00fb \u00e0 un m\u00e9canisme darwinien qui a \u00e9volu\u00e9 au cours des si\u00e8cles afin d\u2019assurer la survie de la race humaine. Il ajoute qu\u2019aujourd\u2019hui, gr\u00e2ce \u00e0 l\u2019imagerie c\u00e9r\u00e9brale, on peut constater que les cobayes qui regardent une photo de b\u00e9b\u00e9, d\u00e9clenchent un processus mental \u00e9quivalent \u00e0 l\u2019obtention d\u2019une r\u00e9compense, comme une barre de chocolat !<\/p>\n<p>Je vais vomir et je reviens !&#8230;<\/p>\n<h2>Que faire ?<\/h2>\n<p>Lorsqu\u2019on est confront\u00e9 \u00e0 des choses que nos valeurs morales trouvent choquantes, la propension naturelle est de tout rejeter en bloc ! C\u2019est dommage, car il y a des p\u00e9pites d\u2019or dans les choses que nous d\u00e9nigrons.<\/p>\n<p>L\u2019autre r\u00e9action (toujours inconsciente), c\u2019est la distorsion : Patrick qui s\u2019est empress\u00e9 de mettre la technique en application a pris la photo de son petit-fils. Il n\u2019a pas pris la photo d\u2019un b\u00e9b\u00e9, mais la photo de son p\u2019tit bout d\u2019chou. Et comme il l\u2019a \u00e9crit, il n\u2019a pas r\u00e9fl\u00e9chi une seule seconde.<\/p>\n<p>Patrick est comp\u00e9tent inconscient dans ce domaine, parce que les circonstances de sa vie le lui permettent.<\/p>\n<p>La solution que je vous propose se situe entre les deux comportements : adaptez la technique, <strong>en Conscience<\/strong> ! La Science nous livre sa lumi\u00e8re chaque jour. Elle a une fonction pr\u00e9cise, mais vous avez le pouvoir d\u2019y ajouter votre Energie personnelle.<\/p>\n<p>Procurez-vous la photo du b\u00e9b\u00e9 que vous aimez, ch\u00e9rissez, g\u00e2tez, choyez, pouponnez avec Amour ! Si votre enfant a grandi, reprenez une vieille photo de ce b\u00e9b\u00e9, que vous avez ch\u00e9ri, g\u00e2t\u00e9, choy\u00e9, pouponn\u00e9&#8230; et que vous aimez pour toujours, inconditionnellement, et atemporellement.<\/p>\n<p>Ensuite, placez cette photo bien en \u00e9vidence dans votre portefeuille, de fa\u00e7on \u00e0 ressentir une vive \u00e9motion \u00e0 chaque fois que vous vous en servirez. Respirez profond\u00e9ment en pensant \u00e0 l\u2019Amour indescriptible que vous ressentez, et laissez une pens\u00e9e subtile traverser tout votre corps :<\/p>\n<blockquote>\n<p>Cette photo est un document identitaire plus puissant, plus vrai, plus grand, plus fort, plus haut que toutes les autres pi\u00e8ces d\u2019identit\u00e9 qui se trouvent dans mon portefeuille.<\/p>\n<\/blockquote>\n<p>Comme je vous l\u2019ai \u00e9crit au d\u00e9but de l\u2019article pr\u00e9c\u00e9dent, je n\u2019ai aucun chiffre \u00e0 vous donner concernant les r\u00e9sultats de cette pratique. Mais je suis s\u00fbr que vous r\u00e9duirez consid\u00e9rablement le risque de perdre cette photo, et par cons\u00e9quent le portefeuille qui la prot\u00e8ge.<\/p>\n<p>Quant \u00e0 la chance de le voir revenir en cas d\u2019incident, je CROIS qu\u2019elle d\u00e9passera largement les 52% !<\/p>\n<p>Je le CROIS, mais je n\u2019ai aucun moyen de le prouver. Car m\u00eame si j\u2019\u00e9parpillais 10.000 portefeuilles contenant la photo d\u2019un \u00ab b\u00e9b\u00e9 craquant \u00bb, cette simulation ne fait pas appel \u00e0 l\u2019essentiel : l\u2019Energie Sacr\u00e9e qui fait vibrer nos \u00e2mes.<\/p>\n<p>Ne refusez pas la science parce qu\u2019elle vous semble froide. Utilisez-la, et mettez-y du c\u0153ur !<\/p>\n<p>SCIENCE ET CONSCIENCE&#8230; C\u2019est une technique de pointe !<\/p>\n<p>A++<\/p>\n<p><strong>St\u00e9phane SOLOMON<\/strong><\/p>\n<!--themify_builder_content-->\n<div id=\"themify_builder_content-434\" data-postid=\"434\" class=\"themify_builder_content themify_builder_content-434 themify_builder tf_clear\">\n    <\/div>\n<!--\/themify_builder_content-->\n","protected":false},"excerpt":{"rendered":"<p>Pour commencer, un grand merci aux commentateurs de la premi\u00e8re partie de ce message : une dizaine de personnes dont 3 qui ne s\u2019\u00e9taient jamais manifest\u00e9es auparavant, c\u2019est tr\u00e8s bien pour ce genre de sujet. Et surtout, \u00e7a m\u2019a permis de r\u00e9pondre \u00e0 chacun (chose impossible, pour moi, lorsqu\u2019il y a 150 commentaires). Tout ce [&hellip;]<\/p>\n","protected":false},"author":1,"featured_media":0,"parent":0,"menu_order":0,"comment_status":"open","ping_status":"open","template":"","meta":[],"builder_content":"","_links":{"self":[{"href":"https:\/\/auto-coaching.fr\/index.php\/wp-json\/wp\/v2\/pages\/434"}],"collection":[{"href":"https:\/\/auto-coaching.fr\/index.php\/wp-json\/wp\/v2\/pages"}],"about":[{"href":"https:\/\/auto-coaching.fr\/index.php\/wp-json\/wp\/v2\/types\/page"}],"author":[{"embeddable":true,"href":"https:\/\/auto-coaching.fr\/index.php\/wp-json\/wp\/v2\/users\/1"}],"replies":[{"embeddable":true,"href":"https:\/\/auto-coaching.fr\/index.php\/wp-json\/wp\/v2\/comments?post=434"}],"version-history":[{"count":3,"href":"https:\/\/auto-coaching.fr\/index.php\/wp-json\/wp\/v2\/pages\/434\/revisions"}],"predecessor-version":[{"id":437,"href":"https:\/\/auto-coaching.fr\/index.php\/wp-json\/wp\/v2\/pages\/434\/revisions\/437"}],"wp:attachment":[{"href":"https:\/\/auto-coaching.fr\/index.php\/wp-json\/wp\/v2\/media?parent=434"}],"curies":[{"name":"wp","href":"https:\/\/api.w.org\/{rel}","templated":true}]}}