{"id":461,"date":"2013-03-18T15:13:07","date_gmt":"2013-03-18T15:13:07","guid":{"rendered":"http:\/\/www.auto-coaching.fr\/?page_id=461"},"modified":"2013-03-18T15:47:09","modified_gmt":"2013-03-18T15:47:09","slug":"jetez-ce-que-vous-voulez","status":"publish","type":"page","link":"https:\/\/auto-coaching.fr\/index.php\/jetez-ce-que-vous-voulez\/","title":{"rendered":"Jetez ce que vous voulez"},"content":{"rendered":"<p>En lisant mon article de la semaine derni\u00e8re sur le pr\u00e9-lancement du PWYW, Didier (un lecteur), m\u2019a demand\u00e9 gentiment ceci :<\/p>\n<p style=\"line-height: 120%; font-style: italic; margin: 10px 0px 0px; font-size: 12pt\">\u00abTr\u00e8s int\u00e9ressant. Est-il possible d\u2019avoir les deux pr\u00e9c\u00e9dents articles ?<\/p>\n<p>Merci d\u2019avance.\u00bb<\/p>\n<p>Je vous ai promis de faire le tour de quelques comportements contreproductifs, dus \u00e0 la gratuit\u00e9 de TIME-COACH. Didier m\u2019apporte sur un plateau le premier argument :<\/p>\n<p><strong>Question :<\/strong> comment se fait-il que Didier ne retrouve pas ces articles dans sa boite de messagerie ? Il les a re\u00e7us, comme tout le monde. Pourquoi ont-ils disparu ?<\/p>\n<p><strong>R\u00e9ponse :<\/strong> parce qu\u2019au moment de la premi\u00e8re lecture, Didier ne les a pas trouv\u00e9s int\u00e9ressants au point de les garder, et encore moins pour personnaliser leur contenu. Si Didier avait pay\u00e9 ces messages 1 euro chacun, il les aurait peut-\u00eatre gard\u00e9s. S\u2019il les avait pay\u00e9s 3 euros chacun, il les aurait probablement relus r\u00e9guli\u00e8rement. S\u2019il les avait pay\u00e9s 250 euros, il aurait certainement trouv\u00e9 un moyen d\u2019exp\u00e9rimenter ce qui est propos\u00e9.<\/p>\n<p>Didier a appliqu\u00e9 le mod\u00e8le : \u00abJetez ce que vous voulez\u00bb. C&#8217;est ce qu&#8217;on fait avec les choses inutiles qui nous encombrent. Et quand elles n&#8217;ont aucune valeur, quel plaisir de s&#8217;en d\u00e9barrasser ! A l&#8217;aube du grand nettoyage de Printemps, je vous recommande cette technique.<\/p>\n<p>Didier n&#8217;est pas en faute. Le paradigme \u00abplus c&#8217;est cher, plus \u00e7a a de la valeur\u00bb est ancr\u00e9 dans nos r\u00e9seaux neuronaux. En maintenant aussi longtemps un mod\u00e8le \u00e9conomique qui encourage la gratuit\u00e9 et le non-engagement, je suis responsable (en partie) de la d\u00e9valorisation de mon travail.<\/p>\n<p>D\u00e9sormais, je vous confie cette responsabilit\u00e9. C&#8217;est vous qui voyez&#8230;<\/p>\n<p><span style=\"line-height: 12pt; font-size: 10pt\">Le mod\u00e8le \u00abPayez Ce Que Vous Voulez\u00bb vous permet de donner de la valeur aux articles de TIME-COACH. Mon but n\u2019a jamais \u00e9t\u00e9 de vous donner des \u00abconseils gratuits\u00bb, mais des id\u00e9es payantes !<\/span><\/p>\n<p><span style=\"line-height: 12pt; font-size: 10pt\">Je suppose que Didier n&#8217;est pas le seul. J&#8217;ai donc fait une r\u00e9ponse collective. <\/span><span style=\"line-height: 12pt; font-size: 10pt\">Voici les deux articles demand\u00e9s. Ils sont accessibles gratuitement, mais je les ai retravaill\u00e9s ce week-end pour qu\u2019ils soient encore plus payants :<\/span><\/p>\n<ul>\n<li><a href=\"http:\/\/www.auto-coaching.fr\/index.php\/l-embarras-du-choix\/\" target=\"_blank\">L\u2019embarras du choix<\/a>\n<li><a href=\"http:\/\/www.auto-coaching.fr\/index.php\/la-paralysie-decisionnelle\/\" target=\"_blank\">La paralysie d\u00e9cisionnelle<\/a> <\/li>\n<\/ul>\n<p style=\"text-align: center; margin: 10px 0px 0px\"><a href=\"http:\/\/www.inscription-minute.fr\/solution.aspx?code=PWYW1376\"><img decoding=\"async\" loading=\"lazy\" style=\"border-bottom-color: white; border-right-width: 0px; border-top-color: white; border-top-width: 0px; border-bottom-width: 0px; border-right-color: white; border-left-color: white; border-left-width: 0px\" border=\"0\" alt=\"Payez ce que vous voulez\" src=\"http:\/\/www.inscription-minute.fr\/adherents\/logoPwyw.jpg\" width=\"230\" longdesc=\"Payez ce que vous voulez\" height=\"115\"><br \/>Payez ce que vous voulez<\/a><\/p>\n<p>Bonne re-d\u00e9couverte,<\/p>\n<p><strong>St\u00e9phane SOLOMON<\/strong><\/p>\n<p><a href=\"http:\/\/www.auto-coaching.fr\/index.php\/jetez-ce-que-vous-voulez\/\">Vous pouvez commenter cette br\u00e8ve ici<\/a><\/p>\n<!--themify_builder_content-->\n<div id=\"themify_builder_content-461\" data-postid=\"461\" class=\"themify_builder_content themify_builder_content-461 themify_builder tf_clear\">\n    <\/div>\n<!--\/themify_builder_content-->\n","protected":false},"excerpt":{"rendered":"<p>En lisant mon article de la semaine derni\u00e8re sur le pr\u00e9-lancement du PWYW, Didier (un lecteur), m\u2019a demand\u00e9 gentiment ceci : \u00abTr\u00e8s int\u00e9ressant. Est-il possible d\u2019avoir les deux pr\u00e9c\u00e9dents articles ? Merci d\u2019avance.\u00bb Je vous ai promis de faire le tour de quelques comportements contreproductifs, dus \u00e0 la gratuit\u00e9 de TIME-COACH. Didier m\u2019apporte sur un [&hellip;]<\/p>\n","protected":false},"author":1,"featured_media":0,"parent":0,"menu_order":0,"comment_status":"open","ping_status":"open","template":"","meta":[],"builder_content":"","_links":{"self":[{"href":"https:\/\/auto-coaching.fr\/index.php\/wp-json\/wp\/v2\/pages\/461"}],"collection":[{"href":"https:\/\/auto-coaching.fr\/index.php\/wp-json\/wp\/v2\/pages"}],"about":[{"href":"https:\/\/auto-coaching.fr\/index.php\/wp-json\/wp\/v2\/types\/page"}],"author":[{"embeddable":true,"href":"https:\/\/auto-coaching.fr\/index.php\/wp-json\/wp\/v2\/users\/1"}],"replies":[{"embeddable":true,"href":"https:\/\/auto-coaching.fr\/index.php\/wp-json\/wp\/v2\/comments?post=461"}],"version-history":[{"count":5,"href":"https:\/\/auto-coaching.fr\/index.php\/wp-json\/wp\/v2\/pages\/461\/revisions"}],"predecessor-version":[{"id":467,"href":"https:\/\/auto-coaching.fr\/index.php\/wp-json\/wp\/v2\/pages\/461\/revisions\/467"}],"wp:attachment":[{"href":"https:\/\/auto-coaching.fr\/index.php\/wp-json\/wp\/v2\/media?parent=461"}],"curies":[{"name":"wp","href":"https:\/\/api.w.org\/{rel}","templated":true}]}}