{"id":474,"date":"2013-03-20T00:48:17","date_gmt":"2013-03-20T00:48:17","guid":{"rendered":"http:\/\/www.auto-coaching.fr\/?page_id=474"},"modified":"2019-04-16T11:53:44","modified_gmt":"2019-04-16T09:53:44","slug":"bon-printemps-2013","status":"publish","type":"page","link":"https:\/\/auto-coaching.fr\/index.php\/bon-printemps-2013\/","title":{"rendered":"Bon Printemps 2013 !"},"content":{"rendered":"<p>L\u2019histoire se passe \u00e0 Londres dans les ann\u00e9es 30, un matin de Printemps.<\/p>\n<p>Une petite fille appel\u00e9e Gillian est assise sur les genoux de sa m\u00e8re, attendant d\u2019\u00eatre re\u00e7ue par un psychiatre de renom. Elle n\u2019est pas vraiment angoiss\u00e9e, mais son c\u0153ur bat vite. Certainement en synchronisme avec celui de sa m\u00e8re, qui elle, se mord les l\u00e8vres r\u00e9guli\u00e8rement. La douleur physique l\u2019emp\u00eache de pleurer&#8230;<\/p>\n<p>&#8211; Le Docteur va vous recevoir<\/p>\n<p>La secr\u00e9taire leur fait signe d\u2019entrer dans le bureau. Gillian saute \u00e0 pieds joints pour atterrir avec pr\u00e9cision au milieu d\u2019une dalle, sa maman se l\u00e8ve, l\u2019esprit trop embrum\u00e9 pour admirer l\u2019exploit. Elles entrent dans cette pi\u00e8ce peu \u00e9clair\u00e9e, o\u00f9 chaque chose semble fig\u00e9e depuis 1.500 ans. Gillian s\u2019assied sur une chaise dans un coin, sa maman se place face au psychiatre, et explique le probl\u00e8me :<\/p>\n<p>&#8211; Ma fille n\u2019est plus accept\u00e9e \u00e0 l\u2019\u00e9cole. Elle ne parvient pas \u00e0 suivre le rythme. Elle est turbulente, et ne sait pas se concentrer plus de 3 minutes. Tous les professeurs disent qu\u2019elle est inapte \u00e0 l\u2019apprentissage, et surtout, qu\u2019elle distrait le reste de la classe. Aucune mati\u00e8re ne l\u2019int\u00e9resse, elle ne parvient pas \u00e0 lire couramment, et son niveau en orthographe et en calcul est pr\u00e9occupant&#8230;<\/p>\n<p>Tandis qu\u2019elle continue l\u2019\u00e9num\u00e9ration des inaptitudes de Gillian, le docteur se penche sur le c\u00f4t\u00e9 pour observer la petite fille. Elle est assise, les mains coinc\u00e9es sous ses fesses, ses jambes se balancent d\u2019avant en arri\u00e8re \u00e0 un rythme pr\u00e9cis et r\u00e9gulier&#8230; Elle ne semble pas troubl\u00e9e par les paroles de sa m\u00e8re. Elle est ailleurs&#8230; Il sourit et laisse sa maman finir son expos\u00e9.<\/p>\n<p>&#8211; Vous \u00eates mon dernier espoir, Docteur. On m\u2019a dit beaucoup de bien de vous et de vos m\u00e9thodes. Je n\u2019ai pas vraiment les moyens de payer vos honoraires, mais je trouverai&#8230; Pour elle je trouverai ! Dites-moi que vous acceptez de vous occuper d\u2019elle, et qu\u2019elle pourra vivre une vie normale, contrairement \u00e0 ce que disent ses professeurs.<\/p>\n<p>Le psychiatre se l\u00e8ve, et va vers la petite fille. Il se met \u00e0 sa hauteur, la regarde, et avec un sourire paternel, lui dit :<\/p>\n<p>&#8211; Gillian, j\u2019ai \u00e9cout\u00e9 tout ce que ta maman avait \u00e0 me dire. J\u2019ai besoin de lui parler en priv\u00e9. Peux-tu nous attendre ici ? Ce ne sera pas long.<\/p>\n<p>Gillian acquiesce poliment sans parler, tout en sautillant l\u00e9g\u00e8rement sur sa chaise.<\/p>\n<p>Le Docteur fait signe \u00e0 la maman. Elle le suit. Juste avant de quitter la pi\u00e8ce, il augmente le son du transistor qui diffusait discr\u00e8tement une musique d\u2019ambiance. La musique envahit le lieu. Il quitte son bureau.<\/p>\n<p>Puis il reste debout devant la porte, et s\u2019adresse \u00e0 la m\u00e8re de Gillian :<\/p>\n<p>&#8211; Nous allons attendre 30 secondes. Dans 30 secondes, je vais vous demander d\u2019observer votre fille \u00e0 travers les lamelles du rideau.<\/p>\n<p>Apr\u00e8s 30 secondes interminables, le docteur invite la jeune maman \u00e0 se rapprocher. Ils observent tous les deux Gillian :<\/p>\n<p>La petite danse ! Elle semble anim\u00e9e d\u2019une Energie venue d\u2019ailleurs, car elle danse prodigieusement&#8230; Tout son corps s\u2019exprime. Ses mains, enfin lib\u00e9r\u00e9es, d\u00e9crivent des formes douces et harmonieuses. La musique ne peut \u00eatre entendue de l\u00e0 o\u00f9 ils sont, mais elle se lit \u00e0 travers chaque mouvement. Un musicien qui se tiendrait l\u00e0, pourrait composer une musique juste en observant ce petit prodige \u00e9voluer ! Le docteur, sans \u00eatre surpris par le comportement de Gillian, est \u00e9bloui par la performance. Les verrous \u00e9motionnels qu\u2019il \u00e0 appris \u00e0 contr\u00f4ler durant sa formation, sont sur le point de l\u00e2cher. Il lui faut remplacer l\u2019\u00e9motion qui le transporte par d\u2019autres, plus verbales&#8230; Il s\u2019adresse \u00e0 la m\u00e8re Gillian, encore sous le choc !<\/p>\n<p>&#8211; Madame PYRKE, je ne suis pas comp\u00e9tent pour m\u2019occuper de votre fille. Gillian n\u2019est pas malade&#8230; C\u2019est une danseuse ! Si vous voulez mettre les bouch\u00e9es doubles pour l\u2019aider \u00e0 vivre dans notre monde, inscrivez-la dans une \u00e9cole de danse. Ne laissez personne vous dire que votre fille est malade. Il n\u2019y a qu\u2019une seule chose vraie dans ce que vous ont dit ses professeurs : elle n&#8217;aura pas une vie normale. Croyez-moi ! Si vous lui donnez les moyens d\u2019exploiter son talent, elle aura une vie tr\u00e8s au dessus de la normale.<\/p>\n<p>Dans les semaines qui suivirent, Gillian fut inscrite \u00e0 une \u00e9cole de danse. Elle y rencontra d\u2019autres enfants comme elle : des personnes incapables de s\u2019asseoir sans honorer leur si\u00e8ge de quelques gesticulations gratifiantes avant de poser leur post\u00e9rieur. Des personnes qui, pour pouvoir penser, calculer, apprendre&#8230;avaient besoin de bouger ! Avec ses nouveaux camarades, Gillian apprenait l\u2019essentiel des mati\u00e8res scolaires en faisant des claquettes, du ballet, du jazz-root&#8230;<\/p>\n<p>Quelques ann\u00e9es plus tard, cette jeune fille belle et rebelle s\u2019inscrivit \u00e0 la s\u00e9lection du \u00abRoyal Ballet School\u00bb. L\u2019\u00e9cole de danse la plus prestigieuse d\u2019Angleterre. Elle fut admise. Sa carri\u00e8re de soliste est une l\u00e9gende pour les connaisseurs, mais ce qui a fait sa popularit\u00e9, ce sont les spectacles de sa troupe : la \u00abGillian Lynne Dance Company\u00bb.<\/p>\n<p>Avec Andrew Lloyd Weber, elle mit en sc\u00e8ne des com\u00e9dies musicales prestigieuses. Elle est multimillionnaire, et sa vie est effectivement loin d\u2019\u00eatre ordinaire.<\/p>\n<p>Vous avez certainement entendu parler de \u00ab Cats \u00bb ou encore de l\u2019adaptation \u00ab The Phantom of the Opera \u00bb qui a la plus grande long\u00e9vit\u00e9 \u00e0 Broadway&#8230; C\u2019est elle ! C\u2019est cette petite fille de 8 ans, rejet\u00e9e par le syst\u00e8me \u00e9ducatif commun, qui a donn\u00e9 et donne encore du plaisir \u00e0 des millions de personnes \u00e0 travers le monde. Elle est \u00e2g\u00e9e de 87 ans aujourd\u2019hui.<\/p>\n<p>Mais ce n\u2019est pas \u00e0 elle que je veux rendre hommage dans cet article. Ni m\u00eame \u00e0 ce psychiatre exceptionnel, qui a su d\u00e9l\u00e9guer le suivi de la petite hyperactive \u00e0 une \u00e9cole de danse au lieu de la mettre sous Ritalin, ou un \u00e9quivalent de l\u2019\u00e9poque, histoire de lui calmer les nerfs&#8230;<\/p>\n<p>Non&#8230; Je voudrais rendre hommage \u00e0 Madame PYRKE, sa maman, qui a su aller au bon endroit, au bon moment, et communiquer \u00e0 la fa\u00e7on d\u2019une m\u00e8re pr\u00eate \u00e0 tout pour sauver sa fille&#8230;<\/p>\n<p>Elle a eu de la chance, diraient certains : elle a rencontr\u00e9 la bonne personne !<\/p>\n<p>Oui ! C\u2019est bien ce que je viens de dire : la chance, est la co-incidence de 3 choses : \u00eatre au bon endroit, au bon moment, et savoir communiquer ! C\u2019est donc, si on le souhaite, et si on s\u2019autorise quelques erreurs et balbutiements, quelque chose de naturel, et de tout \u00e0 fait contr\u00f4lable&#8230;<\/p>\n<p>Tout le reste est Cadeau !<\/p>\n<h2>C\u2019est le Printemps, la saison des co-incidences&#8230;<\/h2>\n<p>Le Printemps, c\u2019est la saison de la chance naturelle ! Si vous plantez une fleur, m\u00eame dans une terre capricieuse, elle aura plus de chances de pousser, tout simplement parce que vous participez aux incidences naturelles qui permettent cette floraison.<\/p>\n<p>En ce qui concerne les \u00eatres humains, vous pouvez expliquer le regain d\u2019Energie, juste par le retour du soleil. Que ce soit au niveau du sport, du commerce, de l\u2019\u00e9ducation, de l\u2019art, etc. Mais vous pouvez aussi m\u00e9diter \u00e0 propos des co-incidences naturelles \u00e0 profusion, dans lesquelles nous \u00e9voluons. L\u2019Energie circule ! Je ne parle pas de mysticisme, mais de sciences naturelles.<\/p>\n<p>Profitez de cette abondance pour vous stimuler. Et quels que soient vos projets, faites comme Madame PYRKE : rendez-vous au bon endroit, au bon moment et communiquez ! La Nature accompagnera vos Energies, car tout est d\u00e9j\u00e0 en place.<\/p>\n<p>Je vous souhaite un merveilleux Printemps. Provoquez votre chance, et appr\u00e9ciez les cadeaux qui en d\u00e9coulent.<\/p>\n<p><strong>St\u00e9phane SOLOMON<br \/>\n<\/strong>&#8212;&#8212;-<br \/>\nL&#8217;histoire cont\u00e9e est une libre adaptation d&#8217;une partie de la conf\u00e9rence de Sir Ken ROBINSON :<br \/>\n<a href=\"http:\/\/www.ted.com\/talks\/ken_robinson_says_schools_kill_creativity?language=fr\">http:\/\/www.ted.com\/talks\/ken_robinson_says_schools_kill_creativity?language=fr<\/a><\/p>\n<!--themify_builder_content-->\n<div id=\"themify_builder_content-474\" data-postid=\"474\" class=\"themify_builder_content themify_builder_content-474 themify_builder tf_clear\">\n    <\/div>\n<!--\/themify_builder_content-->","protected":false},"excerpt":{"rendered":"<p>L\u2019histoire se passe \u00e0 Londres dans les ann\u00e9es 30, un matin de Printemps. Une petite fille appel\u00e9e Gillian est assise sur les genoux de sa m\u00e8re, attendant d\u2019\u00eatre re\u00e7ue par un psychiatre de renom. Elle n\u2019est pas vraiment angoiss\u00e9e, mais son c\u0153ur bat vite. Certainement en synchronisme avec celui de sa m\u00e8re, qui elle, se [&hellip;]<\/p>\n","protected":false},"author":1,"featured_media":5047,"parent":0,"menu_order":0,"comment_status":"open","ping_status":"open","template":"","meta":[],"builder_content":"","_links":{"self":[{"href":"https:\/\/auto-coaching.fr\/index.php\/wp-json\/wp\/v2\/pages\/474"}],"collection":[{"href":"https:\/\/auto-coaching.fr\/index.php\/wp-json\/wp\/v2\/pages"}],"about":[{"href":"https:\/\/auto-coaching.fr\/index.php\/wp-json\/wp\/v2\/types\/page"}],"author":[{"embeddable":true,"href":"https:\/\/auto-coaching.fr\/index.php\/wp-json\/wp\/v2\/users\/1"}],"replies":[{"embeddable":true,"href":"https:\/\/auto-coaching.fr\/index.php\/wp-json\/wp\/v2\/comments?post=474"}],"version-history":[{"count":9,"href":"https:\/\/auto-coaching.fr\/index.php\/wp-json\/wp\/v2\/pages\/474\/revisions"}],"predecessor-version":[{"id":5049,"href":"https:\/\/auto-coaching.fr\/index.php\/wp-json\/wp\/v2\/pages\/474\/revisions\/5049"}],"wp:featuredmedia":[{"embeddable":true,"href":"https:\/\/auto-coaching.fr\/index.php\/wp-json\/wp\/v2\/media\/5047"}],"wp:attachment":[{"href":"https:\/\/auto-coaching.fr\/index.php\/wp-json\/wp\/v2\/media?parent=474"}],"curies":[{"name":"wp","href":"https:\/\/api.w.org\/{rel}","templated":true}]}}