{"id":489,"date":"2013-04-03T19:06:13","date_gmt":"2013-04-03T19:06:13","guid":{"rendered":"http:\/\/www.auto-coaching.fr\/?page_id=489"},"modified":"2013-04-04T10:34:18","modified_gmt":"2013-04-04T10:34:18","slug":"resultats-du-pwyw","status":"publish","type":"page","link":"https:\/\/auto-coaching.fr\/index.php\/resultats-du-pwyw\/","title":{"rendered":"R&eacute;sultats du PWYW"},"content":{"rendered":"<p>Ca y est, j&#8217;ai fini l\u2019analyse des r\u00e9sultats du syst\u00e8me PWYW. C&#8217;est une cata ! J\u2019ai d\u00e9j\u00e0 \u00e9t\u00e9 mal suivi ou peu suivi, mais jamais \u00e0 ce point. J&#8217;ose \u00e0 peine vous donner les chiffres. Je suis s\u00fbr que m\u00eame ceux qui ont beaucoup des difficult\u00e9s \u00e0 parler d&#8217;argent vont se moquer&nbsp;!<\/p>\n<p>Bon&#8230; Je ravale ma fiert\u00e9, je respire \u00e0 fond et je vous annonce le r\u00e9sultat net. Accrochez-vous !<\/p>\n<ul>\n<li>Nb de personnes sollicit\u00e9es : 4795 inscrits\n<li>Nb de participants \u00e0 l\u2019op\u00e9ration : 12 lecteurs\n<li>Chiffre d\u2019Affaires total : 167 euros <\/li>\n<\/ul>\n<p>C\u2019est \u00e9trange, m\u00eame en tapant ces chiffres sur mon clavier, j\u2019ai l\u2019impression que je me suis tromp\u00e9 ! C\u2019est un r\u00e9sultat quasi-nul. En tout cas, comparativement \u00e0 l\u2019\u00e9nergie d\u00e9ploy\u00e9e, c\u2019est infinit\u00e9simal.<\/p>\n<p><strong>Et comme pour m\u2019achever :<\/strong> cette op\u00e9ration concernait principalement les personnes qui n\u2019ont jamais particip\u00e9 \u00e0 un programme payant auparavant (ce qui exclut 1.107 personnes).<\/p>\n<ul>\n<li>Nb de participants correspondant \u00e0 cette cible : 2 ! <\/li>\n<\/ul>\n<p>J\u2019ai donc r\u00e9ussi \u00e0 toucher 2 personnes sur les 3.688 candidats sp\u00e9cifiquement vis\u00e9s&#8230;<\/p>\n<p>Par contre, qu\u2019est-ce que j\u2019ai re\u00e7u comme pr\u00e9textes, plaintes et critiques !!!<\/p>\n<p>Je ne ne vous raconte pas le coup de Blues&#8230; J\u2019avais l\u2019impression d\u2019\u00eatre un vieil-aigri qui, dans un moment de folie, a os\u00e9 proposer \u00e0 sa femme un petit week-end loin des sentiers battus, et qui s\u2019est vu r\u00e9pondre :<\/p>\n<p>M\u2019enfin mon vieux ben\u00eat, tu n\u2019y penses po ! C\u2019est qu\u2019on a nos vieilles manies nous aut\u2019. Allez, remballe tes id\u00e9es, moi j\u2019garde mes sous pour les jours difficiles&#8230;<\/p>\n<h2>Qu\u2019est-ce que je vais faire de \u00e7a ?<\/h2>\n<p>Vous savez, parfois le coaching consiste \u00e0 entendre des choses d\u00e9sagr\u00e9ables. Ce n\u2019est pas mon style pr\u00e9f\u00e9r\u00e9, mais je sais qu\u2019il y a une client\u00e8le pour \u00e7a\u2026 Alors on va toucher le fond ! Et apr\u00e8s \u00e7a, j\u2019irai avec ceux qui le souhaitent, chercher les moyens de remonter :<\/p>\n<div style=\"padding-bottom: 0px; margin: 0px; padding-left: 0px; padding-right: 0px; display: inline; float: none; padding-top: 0px\" id=\"scid:5737277B-5D6D-4f48-ABFC-DD9C333F4C5D:87ff7704-7bc2-47b9-9fd6-6cc5825a4be7\" class=\"wlWriterEditableSmartContent\">\n<div><object width=\"425\" height=\"355\"><param name=\"movie\" value=\"http:\/\/www.youtube.com\/v\/H5cvjaEUqGY&amp;hl=en\"><\/param><\/object><\/div>\n<\/div>\n<h2>Ce que je pense vraiment de cette chanson<\/h2>\n<p>D\u2019abord, je voudrais remercier Charles AZNAVOUR de savoir exprimer ce que d\u2019autres osent \u00e0 peine penser. C\u2019est un vrai talent, et lorsqu\u2019on connait le principe de <a href=\"http:\/\/fr.wikipedia.org\/wiki\/Catharsis\" target=\"_blank\">l\u2019effet catharsis<\/a>, c\u2019est m\u00eame du G\u00e9nie. Chapeau bas l\u2019artiste&#8230; Je suis d\u00e9finitivement fan !<\/p>\n<p>Toutefois, apr\u00e8s cette immersion terrible, on peut reconna\u00eetre que quelque chose n\u2019est pas tr\u00e8s int\u00e8gre dans cette chanson&#8230; Je n\u2019ai pas besoin de le dire \u00e0 Charles, parce qu\u2019il le sait tr\u00e8s bien, il la chante pour \u00e7a. Mais qu\u2019en est-il pour ceux n\u2019ont rien compris \u00e0 la profondeur du message, et qui en ont fait leur hymne ?<\/p>\n<p>Puis-je leur sugg\u00e9rer quelques r\u00e9flexions :<\/p>\n<ul>\n<li>Dans cette relation de \u00abvieux couple d\u00e9sabus\u00e9\u00bb, celui qui chante est-il vraiment la seule victime de la situation. N\u2019aurait-il pas sa part de responsabilit\u00e9s dans le laisser-aller de celle qui accompagne sa vie ?\n<li>Ce qui est s\u00fbr, c\u2019est qu\u2019il est 100% responsable de sa perception lorsqu\u2019il observe un peignoir ou des bigoudis !\n<li>Pourquoi fait-il comme s\u2019il n\u2019avait pas choisi sa compagne ? Il a l\u2019air d\u2019un grand gar\u00e7ons, propre sur lui et cultiv\u00e9, voire \u00e9rudit&#8230; Serait-il possible qu\u2019on l\u2019ait forc\u00e9 \u00e0 \u00e9pouser cette vieille m\u00e9g\u00e8re ?\n<li>Est-ce d\u00e9magogique de penser que sa femme a envie de lui chanter la m\u00eame rengaine, et m\u00eame d\u2019y ajouter quelques mots en retour* ? <\/li>\n<\/ul>\n<p>Je suis donc constern\u00e9 par le r\u00e9sultat du PWYW&#8230; J&#8217;attendais bien plus (mais alors vraiment beaucoup plus) de ce bon vieux fichier TIME-COACH : ce compagnon que je traine depuis 4 ans et qui se laisse-aller !<\/p>\n<p>Mais apr\u00e8s avoir observ\u00e9 mon nombril pendant de longues minutes, je l\u00e8ve les yeux au ciel et je me dis :<\/p>\n<blockquote>\n<p>Si je n\u2019\u00e9tais pas responsable de cette situation, j\u2019en serais profond\u00e9ment affect\u00e9 ! A en \u00e9crire une chanson&#8230;<\/p>\n<\/blockquote>\n<p>Mais il y a 2 personnes qui comptent prendre exemple sur ma capacit\u00e9 \u00e0 rebondir. Elles ont m\u00eame pay\u00e9 pour \u00e7a !<\/p>\n<p>Alors je ne vais pas me laisser-aller\u2026<\/p>\n<p>A++<\/p>\n<p><strong>St\u00e9phane SOLOMON<\/strong><\/p>\n<p><strong>____________________________<br \/><\/strong>* Une version qui illustre bien ce point de vue :<\/p>\n<div style=\"padding-bottom: 0px; margin: 0px; padding-left: 0px; padding-right: 0px; display: inline; float: none; padding-top: 0px\" id=\"scid:5737277B-5D6D-4f48-ABFC-DD9C333F4C5D:76cb7362-9005-4c22-9cf1-c9d7cc490ed2\" class=\"wlWriterEditableSmartContent\">\n<div><object width=\"425\" height=\"355\"><param name=\"movie\" value=\"http:\/\/www.youtube.com\/v\/Wt0xIYhMr2s&amp;hl=en\"><\/param><\/object><\/div>\n<\/div>\n<!--themify_builder_content-->\n<div id=\"themify_builder_content-489\" data-postid=\"489\" class=\"themify_builder_content themify_builder_content-489 themify_builder tf_clear\">\n    <\/div>\n<!--\/themify_builder_content-->\n","protected":false},"excerpt":{"rendered":"<p>Ca y est, j&#8217;ai fini l\u2019analyse des r\u00e9sultats du syst\u00e8me PWYW. C&#8217;est une cata ! J\u2019ai d\u00e9j\u00e0 \u00e9t\u00e9 mal suivi ou peu suivi, mais jamais \u00e0 ce point. J&#8217;ose \u00e0 peine vous donner les chiffres. Je suis s\u00fbr que m\u00eame ceux qui ont beaucoup des difficult\u00e9s \u00e0 parler d&#8217;argent vont se moquer&nbsp;! Bon&#8230; Je ravale [&hellip;]<\/p>\n","protected":false},"author":1,"featured_media":0,"parent":0,"menu_order":0,"comment_status":"open","ping_status":"open","template":"","meta":[],"builder_content":"","_links":{"self":[{"href":"https:\/\/auto-coaching.fr\/index.php\/wp-json\/wp\/v2\/pages\/489"}],"collection":[{"href":"https:\/\/auto-coaching.fr\/index.php\/wp-json\/wp\/v2\/pages"}],"about":[{"href":"https:\/\/auto-coaching.fr\/index.php\/wp-json\/wp\/v2\/types\/page"}],"author":[{"embeddable":true,"href":"https:\/\/auto-coaching.fr\/index.php\/wp-json\/wp\/v2\/users\/1"}],"replies":[{"embeddable":true,"href":"https:\/\/auto-coaching.fr\/index.php\/wp-json\/wp\/v2\/comments?post=489"}],"version-history":[{"count":29,"href":"https:\/\/auto-coaching.fr\/index.php\/wp-json\/wp\/v2\/pages\/489\/revisions"}],"predecessor-version":[{"id":518,"href":"https:\/\/auto-coaching.fr\/index.php\/wp-json\/wp\/v2\/pages\/489\/revisions\/518"}],"wp:attachment":[{"href":"https:\/\/auto-coaching.fr\/index.php\/wp-json\/wp\/v2\/media?parent=489"}],"curies":[{"name":"wp","href":"https:\/\/api.w.org\/{rel}","templated":true}]}}