{"id":4994,"date":"2019-04-08T14:17:41","date_gmt":"2019-04-08T12:17:41","guid":{"rendered":"http:\/\/www.auto-coaching.fr\/?page_id=4994"},"modified":"2019-07-10T22:14:00","modified_gmt":"2019-07-10T20:14:00","slug":"webinaires","status":"publish","type":"page","link":"https:\/\/auto-coaching.fr\/index.php\/webinaires\/","title":{"rendered":"Nos prochains webinaires"},"content":{"rendered":"<!--themify_builder_content-->\n<div id=\"themify_builder_content-4994\" data-postid=\"4994\" class=\"themify_builder_content themify_builder_content-4994 themify_builder tf_clear\">\n    \t\t\t\t<!-- module_row -->\n\t\t<div  data-lazy=\"1\" class=\"module_row themify_builder_row tb_fde4195 tb_first tf_w tf_clearfix\">\n\t\t\t\t\t<div class=\"row_inner col_align_top tb_col_count_1 tf_box tf_rel\">\n\t\t\t\t\t<div  data-lazy=\"1\" class=\"module_column tb-column col-full tb_9aa2001 first\">\n\t\t\t\t\t\t\t\t\t<div class=\"tb-column-inner tf_box tf_w\">\n\t\t\t\t<!-- module fancy heading -->\n<div  class=\"module module-fancy-heading tb_dd1375a \" data-lazy=\"1\">\n\t    <h1 class=\"fancy-heading tf_textc\">\n    <span class=\"main-head tf_block\">\n\t\t\t\t\tNotre prochain webinaire\t\t    <\/span>\n\n\t\n    <span class=\"sub-head tf_block tf_rel\">\n\t\t\t\t\tLa Prise de D\u00e9cision\t\t    <\/span>\n    <\/h1>\n<\/div>\n<!-- \/module fancy heading -->\n<!-- module buttons -->\n<div  class=\"module module-buttons tb_r6k8491 buttons-horizontal solid  xlarge squared\" data-lazy=\"1\">\n\t\t<div class=\"module-buttons-item tf_inline_b\">\n\t\t\t\t\t\t<a href=\"https:\/\/www.auto-coaching.fr\/index.php\/webinaire-prise-decision\/\" class=\"ui builder_button purple\" >\n\t\t\t\t\t\t\t\t<em class=\"tf_inline_b tf_vmiddle\"><svg  class=\"tf_fa tf-ti-pencil-alt\" aria-hidden=\"true\"><use href=\"#tf-ti-pencil-alt\"><\/use><\/svg><\/em>\t\t\t\t\t\t\t<span class=\"tf_inline_b tf_vmiddle\">Inscrivez-vous !<\/span>\n\t\t\t\t\t\t\t\t\t\t\t\t<\/a>\n\t\t\t\t\t\t<\/div>\n\t\t\t<\/div>\n<!-- \/module buttons -->\n\t\t\t\t<\/div><!-- .tb-column-inner -->\n\t\t\t\t\t\t<\/div><!-- .module_column -->\n\t\t\t\t\t\t<\/div><!-- .row_inner -->\n\t\t<\/div><!-- .module_row -->\n\t\t\t\t\t\t\t\t<!-- module_row -->\n\t\t<div  data-lazy=\"1\" class=\"module_row themify_builder_row tb_451f760 tf_w tf_clearfix\">\n\t\t\t\t\t<div class=\"row_inner col_align_top tb_col_count_1 tf_box tf_rel\">\n\t\t\t\t\t<div  data-lazy=\"1\" class=\"module_column tb-column col-full tb_4284cf8 first\">\n\t\t\t\t\t\t\t\t\t<div class=\"tb-column-inner tf_box tf_w\">\n\t\t\t\t<!-- module text -->\n<div  class=\"module module-text tb_c0f40dd  repeat \" data-lazy=\"1\" id=\"invisible\">\n        <div  class=\"tb_text_wrap\">\n    <p>Vous pouvez s\u00e9lectionner vos dates de disponibilit\u00e9, nous choisirons les celle o\u00f9 il y a un maximum de participants<\/p>\n<p>\u00a0<\/p>\n<p style=\\\"text-align: center;\\\"><a href=\\\"https:\/\/doodle.com\/poll\/bvq9ez9yfcemr4qz#table\\\" target=\\\"_blank\\\" rel=\\\"noopener\\\"><span style=\\\"font-size: 18pt;\\\">S\u00e9lectionnez vos dates ici<\/span><\/a><\/p>    <\/div>\n<\/div>\n<!-- \/module text -->\t\t\t\t<\/div><!-- .tb-column-inner -->\n\t\t\t\t\t\t<\/div><!-- .module_column -->\n\t\t\t\t\t\t<\/div><!-- .row_inner -->\n\t\t<\/div><!-- .module_row -->\n\t\t\t\t<\/div>\n<!--\/themify_builder_content-->","protected":false},"excerpt":{"rendered":"<p>Notre prochain webinaireLa Prise de D\u00e9cision Inscrivez-vous ! Vous pouvez s\u00e9lectionner vos dates de disponibilit\u00e9, nous choisirons les celle o\u00f9 il y a un maximum de participants \u00a0 S\u00e9lectionnez vos dates ici<\/p>\n","protected":false},"author":1,"featured_media":0,"parent":0,"menu_order":0,"comment_status":"closed","ping_status":"closed","template":"","meta":[],"builder_content":"<h1>Notre prochain webinaire<br\/>La Prise de D\u00e9cision<\/h1>\n<a href=\"https:\/\/www.auto-coaching.fr\/index.php\/webinaire-prise-decision\/\" > <em><svg aria-hidden=\"true\"><use href=\"#tf-ti-pencil-alt\"><\/use><\/svg><\/em> Inscrivez-vous ! <\/a>\n<p>Vous pouvez s\u00e9lectionner vos dates de disponibilit\u00e9, nous choisirons les celle o\u00f9 il y a un maximum de participants<\/p> <p>\u00a0<\/p> <p style=\\\"text-align: center;\\\"><a href=\\\"https:\/\/doodle.com\/poll\/bvq9ez9yfcemr4qz#table\\\" target=\\\"_blank\\\" rel=\\\"noopener\\\">S\u00e9lectionnez vos dates ici<\/a><\/p>","_links":{"self":[{"href":"https:\/\/auto-coaching.fr\/index.php\/wp-json\/wp\/v2\/pages\/4994"}],"collection":[{"href":"https:\/\/auto-coaching.fr\/index.php\/wp-json\/wp\/v2\/pages"}],"about":[{"href":"https:\/\/auto-coaching.fr\/index.php\/wp-json\/wp\/v2\/types\/page"}],"author":[{"embeddable":true,"href":"https:\/\/auto-coaching.fr\/index.php\/wp-json\/wp\/v2\/users\/1"}],"replies":[{"embeddable":true,"href":"https:\/\/auto-coaching.fr\/index.php\/wp-json\/wp\/v2\/comments?post=4994"}],"version-history":[{"count":30,"href":"https:\/\/auto-coaching.fr\/index.php\/wp-json\/wp\/v2\/pages\/4994\/revisions"}],"predecessor-version":[{"id":5706,"href":"https:\/\/auto-coaching.fr\/index.php\/wp-json\/wp\/v2\/pages\/4994\/revisions\/5706"}],"wp:attachment":[{"href":"https:\/\/auto-coaching.fr\/index.php\/wp-json\/wp\/v2\/media?parent=4994"}],"curies":[{"name":"wp","href":"https:\/\/api.w.org\/{rel}","templated":true}]}}