{"id":519,"date":"2013-04-05T14:26:58","date_gmt":"2013-04-05T14:26:58","guid":{"rendered":"http:\/\/www.auto-coaching.fr\/?page_id=519"},"modified":"2013-04-05T14:56:04","modified_gmt":"2013-04-05T14:56:04","slug":"la-technique-edison","status":"publish","type":"page","link":"https:\/\/auto-coaching.fr\/index.php\/la-technique-edison\/","title":{"rendered":"La technique EDISON"},"content":{"rendered":"<p>Le PWYW est une exp\u00e9rience.<\/p>\n<p>Je ne sais pas si on peut attribuer le mot \u00ab\u00e9chec\u00bb \u00e0 une exp\u00e9rience&#8230; S\u00fbrement&#8230; On parle bien d&#8217;exp\u00e9riences rat\u00e9es ou de mauvaises exp\u00e9riences. Mais je suis all\u00e9 plus loin dans ce genre de r\u00e9flexions. Je n&#8217;ai certainement pas atteint le mod\u00e8le de pens\u00e9e de Thomas EDISON, mais j&#8217;aime sa citation :<\/p>\n<blockquote>\n<p>Avant d&#8217;inventer la lampe \u00e9lectrique, je n&#8217;ai pas \u00e9chou\u00e9 10.000 fois. J&#8217;ai trouv\u00e9 10.000 fa\u00e7ons de ne pas inventer une lampe \u00e9lectrique.<\/p>\n<\/blockquote>\n<p>Si vous ancrez cette citation dans votre esprit, et si elle provoque une vive \u00e9motion \u00e0 chaque fois que vous la prononcez, ce sera votre meilleur outil d&#8217;auto-coaching. J&#8217;ai le souffle coup\u00e9 rien que de l&#8217;\u00e9crire. J&#8217;en reste b\u00e9at. Je ne ferai pas l\u2019insulte \u00e0 Thomas EDISON de dire \u00ab Bravo ! C\u2019est comme \u00e7a que je pense aussi&#8230; \u00bb, d\u2019une part parce que j\u2019ai mis des ann\u00e9es \u00e0 comprendre la v\u00e9ritable dimension de cette pens\u00e9e, et d\u2019autre part, parce que c\u2019est en lisant ses mots que j\u2019ai commenc\u00e9 \u00e0 graver le premier sillon de ce qui allait devenir un paradigme sublime.<\/p>\n<p>Je pourrais vous dire que ce paradigme est une \u00ab technique anti-procrastination \u00bb, mais ce serait tr\u00e8s r\u00e9ducteur. Il faut le vivre pour le comprendre&#8230; Autorisez-vous \u00e0 le vivre pour le comprendre !<\/p>\n<p>J\u2019ai re\u00e7u quelques messages de personnes d\u00e9\u00e7ues par mon aventure, car elles \u00e9taient sur le point d\u2019appliquer le PWYW. Elles me remercient de les avoir pr\u00e9venues \u00e0 temps&#8230;<\/p>\n<p><strong>Je n\u2019ai que deux mots \u00e0 vous dire : FAITES-LE !<\/strong><\/p>\n<p>Le fait que \u00e7a ne fonctionne pas avec moi n\u2019a rien \u00e0 voir avec vous. Autorisez-vous \u00e0 vivre votre propre exp\u00e9rience avec vos propres produits et vos propres Energies. On ne vend pas du D\u00e9veloppement Personnel comme on vend des voyages, des bijoux fantaisie, ou une fin de s\u00e9rie de produits technologiques. Si vous \u00e9tiez dans la dynamique de l\u2019action, suivez vos Energies ! Faites-le ! Ne vous mettez pas en danger, ne placez pas toute vos billes dans cette exp\u00e9rience, mais faites-le !<\/p>\n<p>Il y a une autre raison pour laquelle je vous encourage \u00e0 passer \u00e0 l&#8217;action : <\/p>\n<h2>La S\u00e9rendipit\u00e9<\/h2>\n<p>En multipliant ses exp\u00e9riences pour faire briller une lampe \u00e9lectrique, Thomas Edison a d\u00e9couvert de multiples ph\u00e9nom\u00e8nes \u00e9tranges qu\u2019il a consign\u00e9s dans ses notes. Une fois l\u2019objectif atteint, il est retourn\u00e9 vers ces \u00abmyst\u00e8res\u00bb pour les \u00e9tudier. Il a d\u00e9pos\u00e9 plus de 400 brevets issus de ces \u00abexp\u00e9riences rat\u00e9es\u00bb. Certaines de ces inventions sont encore dans les composants de l\u2019\u00e9cran que vous \u00eates en train de regarder (m\u00eame si vous avez un \u00e9cran plat derni\u00e8re-g\u00e9n\u00e9ration).<\/p>\n<p>La d\u00e9couverte fortuite est un ph\u00e9nom\u00e8ne connu de tous les chercheurs. On l\u2019appelle \u00abS\u00e9rendipit\u00e9\u00bb. L\u2019aspirine a \u00e9t\u00e9 d\u00e9couverte par S\u00e9rendipit\u00e9 et c\u2019est aussi le cas de bien d\u2019autres produits. Il y en a un tr\u00e8s populaire dont je ne peux \u00e9crire le nom, de peur que ce message arrive dans vos courriers ind\u00e9sirables. Tout ce que je peux vous dire, c\u2019est que c\u2019est un petit produit bleu qui devait soigner l\u2019hypertension art\u00e9rielle pulmonaire. Pendant les \u00e9tudes cliniques, les patients ont remarqu\u00e9 que certaines choses se d\u00e9tendaient et d\u2019autres se tendaient&#8230; C\u2019est une des lois de la nature : rien ne se perd, tout se transforme.<\/p>\n<p>La S\u00e9rendipit\u00e9 est reconnue et mise \u00e0 profit dans tous les milieux scientifiques. Mais elle reste soumise \u00e0 la perception. La souhaiter, c\u2019est y croire&#8230; La S\u00e9rendipit\u00e9 est l\u2019une des rares choses qui permet \u00e0 des gens qui ne croient que ce qu\u2019ils voient, de voir ce qu\u2019ils croient. Ce qui signifie qu\u2019une personne ouverte \u00e0 la S\u00e9rendipit\u00e9, assiste \u00e0 davantage de ph\u00e9nom\u00e8nes remarquables \u00e0 consigner et \u00e0 \u00e9tudier, qu\u2019une personne qui est obs\u00e9d\u00e9e par son seul objectif.<\/p>\n<h2>La technique EDISON appliqu\u00e9e&#8230;<\/h2>\n<p>A ce jour, je peux tirer cette conclusion :<\/p>\n<blockquote>\n<p>En pratiquant le PWYW, j\u2019ai d\u00e9couvert un moyen qui NE PERMET PAS d\u2019aider les lecteurs inactifs (financi\u00e8rement) \u00e0 investir dans leur D\u00e9veloppement Personnel.<\/p>\n<\/blockquote>\n<p>Je pourrais m\u2019arr\u00eater \u00e0 cette simple observation, qui est d\u00e9j\u00e0 digne d\u2019int\u00e9r\u00eat : sans cette exp\u00e9rience, je me serais dit chaque matin \u00ab Tu n\u2019as pas encore essay\u00e9 \u00e7a&#8230; \u00bb, et je me serais r\u00e9pondu inlassablement \u00ab Je commence demain ! \u00bb.<\/p>\n<p>Mais je suis en qu\u00eate de S\u00e9rendipit\u00e9&#8230; Elle fait partie de mes croyances et de mes motivations. Lorsque j\u2019ai un projet, je suis \u00e9bloui d\u2019avance par toutes les d\u00e9couvertes inattendues qui m\u2019attendent. De ce fait, pendant cette exp\u00e9rience, j\u2019ai obtenu tellement de r\u00e9ponses \u00e0 des objectifs plus importants que celui que j\u2019ai fix\u00e9, que je me sens d\u00e9bord\u00e9&#8230; D\u00e9pass\u00e9 par les \u00e9v\u00e8nements ! Ca vaut le coup d\u2019\u00eatre v\u00e9cu !<\/p>\n<blockquote>\n<p>Le PWYW est d\u00e9sormais une lampe que je peux \u00e9teindre, pour mieux observer les \u00e9toiles.<\/p>\n<\/blockquote>\n<h2>La fin de l\u2019exp\u00e9rience<\/h2>\n<p>L\u2019op\u00e9ration que j\u2019ai lanc\u00e9e concernant le PWYW devait s\u2019arr\u00eater lundi prochain \u00e0 23h59. Je maintiens cette date butoir. Si vous voulez y participer in-extr\u00e9mis, <strong><font color=\"#d90000\">il vous reste 3 jours<\/font><\/strong>. Mardi matin, je vous donnerai les nouveaux r\u00e9sultats, ainsi que quelques r\u00e9v\u00e9lations.<\/p>\n<h2>Rappels importants, et recadrages :<\/h2>\n<p>Il y a visiblement, plus de 3.500 personnes concern\u00e9es par le PWYW.<\/p>\n<p>Mon objectif formul\u00e9 est de vous AIDER, vous INCITER, vous ENCOURAGER \u00e0 investir dans votre D\u00e9veloppement Personnel. J\u2019ai la certitude (parce qu\u2019il est impossible de parler de preuves), que m\u00eame si les choses \u00abtombent du ciel\u00bb et semblent intarissables, le fait de participer au mouvement, de les demander, de leur donner de la valeur, de les c\u00e9l\u00e9brer, de les gratifier de diff\u00e9rentes fa\u00e7ons&#8230; permet de faire en sorte que <strong>les choses qui nous profitent tombent plus facilement et plus abondamment au seuil de notre porte<\/strong>.<\/p>\n<p>Donnez un SENS aux choses qui vous r\u00e9ussissent !<\/p>\n<p>Si vous faites partie des 1.107 personnes qui ont d\u00e9j\u00e0 particip\u00e9 \u00e0 un programme payant, cette action ne vous concerne pas directement (mon objectif n\u2019est pas de vous faire payer encore). Vous recevez cette s\u00e9rie d\u2019articles non pas pour vous inciter \u00e0 payer, mais parce que vous le m\u00e9ritez ! Il aurait \u00e9t\u00e9 ingrat de ma part, de vous priver de cette exp\u00e9rience, que vous pouvez observer, commenter, et surtout mod\u00e9liser.<\/p>\n<p>Je vous renouvelle toute ma gratitude pour ce que vous avez apport\u00e9 \u00e0 ce syst\u00e8me, en me donnant les moyens financiers d\u2019avancer pendant 4 ans. Votre action a permis \u00e0 d\u2019autres lecteurs de b\u00e9n\u00e9ficier gratuitement d\u2019une profusion d\u2019articles. Je suis s\u00fbr que c\u2019est, en partie, ce que vous vouliez, car c\u2019est cette gratuit\u00e9 qui vous a permis d\u2019obtenir vos premiers r\u00e9sultats, avant de vous engager.<\/p>\n<p>En payant, vous avez amplifi\u00e9 la force de la gratuit\u00e9. Il est temps de passer le relai \u00e0 ceux qui veulent suivre votre exemple.<\/p>\n<p>Quelle que soit la fa\u00e7on dont on l\u2019exprime, on y revient&#8230;<\/p>\n<p>Je m\u2019adresse \u00e0 nouveau aux inconditionnels de la gratuit\u00e9 :<\/p>\n<p>Si vous VOULEZ permettre \u00e0 la gratuit\u00e9 d\u2019exister encore, si vous VOULEZ que les nouveaux arrivants puissent en profiter comme vous, si vous VOULEZ gratifier ceux qui vous ont pr\u00e9c\u00e9d\u00e9s en perp\u00e9tuant leurs actes, alors :<\/p>\n<p>PAYEZ CE QUE VOUS VOULEZ !<\/p>\n<p>Je vous souhaite un tr\u00e8s bon week-end,<\/p>\n<p><strong>St\u00e9phane SOLOMON<\/strong><\/p>\n<!--themify_builder_content-->\n<div id=\"themify_builder_content-519\" data-postid=\"519\" class=\"themify_builder_content themify_builder_content-519 themify_builder tf_clear\">\n    <\/div>\n<!--\/themify_builder_content-->\n","protected":false},"excerpt":{"rendered":"<p>Le PWYW est une exp\u00e9rience. Je ne sais pas si on peut attribuer le mot \u00ab\u00e9chec\u00bb \u00e0 une exp\u00e9rience&#8230; S\u00fbrement&#8230; On parle bien d&#8217;exp\u00e9riences rat\u00e9es ou de mauvaises exp\u00e9riences. Mais je suis all\u00e9 plus loin dans ce genre de r\u00e9flexions. Je n&#8217;ai certainement pas atteint le mod\u00e8le de pens\u00e9e de Thomas EDISON, mais j&#8217;aime sa [&hellip;]<\/p>\n","protected":false},"author":1,"featured_media":0,"parent":0,"menu_order":0,"comment_status":"open","ping_status":"open","template":"","meta":[],"builder_content":"","_links":{"self":[{"href":"https:\/\/auto-coaching.fr\/index.php\/wp-json\/wp\/v2\/pages\/519"}],"collection":[{"href":"https:\/\/auto-coaching.fr\/index.php\/wp-json\/wp\/v2\/pages"}],"about":[{"href":"https:\/\/auto-coaching.fr\/index.php\/wp-json\/wp\/v2\/types\/page"}],"author":[{"embeddable":true,"href":"https:\/\/auto-coaching.fr\/index.php\/wp-json\/wp\/v2\/users\/1"}],"replies":[{"embeddable":true,"href":"https:\/\/auto-coaching.fr\/index.php\/wp-json\/wp\/v2\/comments?post=519"}],"version-history":[{"count":3,"href":"https:\/\/auto-coaching.fr\/index.php\/wp-json\/wp\/v2\/pages\/519\/revisions"}],"predecessor-version":[{"id":522,"href":"https:\/\/auto-coaching.fr\/index.php\/wp-json\/wp\/v2\/pages\/519\/revisions\/522"}],"wp:attachment":[{"href":"https:\/\/auto-coaching.fr\/index.php\/wp-json\/wp\/v2\/media?parent=519"}],"curies":[{"name":"wp","href":"https:\/\/api.w.org\/{rel}","templated":true}]}}