{"id":535,"date":"2013-04-10T12:31:08","date_gmt":"2013-04-10T12:31:08","guid":{"rendered":"http:\/\/www.auto-coaching.fr\/?page_id=535"},"modified":"2013-07-24T10:26:47","modified_gmt":"2013-07-24T08:26:47","slug":"il-est-encore-temps","status":"publish","type":"page","link":"https:\/\/auto-coaching.fr\/index.php\/il-est-encore-temps\/","title":{"rendered":"Il est encore temps"},"content":{"rendered":"<p>Connaissez-vous le paradigme \u00abIl est encore temps ?\u00bb&#8230;<\/p>\n<p>Il est tr\u00e8s diff\u00e9rent de celui de la \u00abderni\u00e8re chance\u00bb, parce qu&#8217;il s&#8217;adresse \u00e0 un public diff\u00e9rent. C&#8217;est une pratique commerciale facultative, qui s&#8217;apparente soit \u00e0 la cl\u00e9mence, soit \u00e0 la faiblesse. Je vais vous expliquer pourquoi on l&#8217;utilise si souvent, mais avant tout, j&#8217;ai le plaisir de vous annoncer qu&#8217;il est encore temps de participer \u00e0 l&#8217;op\u00e9ration \u00abpayez ce que vous voulez\u00bb.<\/p>\n<p style=\"text-align: center; line-height: 14pt; margin: 10px 0px 24px; color: #cc0000; font-size: 12pt; font-weight: bold\">Jusqu&#8217;\u00e0 ce soir 23h59<br \/>(mercredi 10 avril 2013)<\/p>\n<h2>Cl\u00e9mence ou faiblesse ?<\/h2>\n<p>Suite \u00e0 mon message d&#8217;hier, il y a eu du mouvement. La pression que j&#8217;ai exerc\u00e9e, m\u00eame si j&#8217;en ai d\u00e9crit tous les principes a donn\u00e9 des r\u00e9sultats. C&#8217;est toujours tr\u00e8s en dessous des attentes initiales, mais c&#8217;est bien au dessus des premiers chiffres. Cependant, parmi les personnes qui veulent participer, il y en a beaucoup qui n&#8217;ont pas les moyens de le faire. Je veux les aider !<\/p>\n<p>Attention ! Je ne parle pas de moyens financiers. J&#8217;ai d\u00e9j\u00e0 \u00e9t\u00e9 fauch\u00e9 dans ma vie, endett\u00e9 jusqu&#8217;\u00e0 la moelle, menac\u00e9 de toutes parts, visit\u00e9 par des huissiers, fich\u00e9 Banque de France, jug\u00e9 dans des tribunaux commerciaux et administratifs&#8230; mais j&#8217;ai toujours trouv\u00e9 3 euros pour les choses qui me tenaient \u00e0 c\u0153ur. Au pire des cas, je les demandais \u00e0 un proche. Lorsqu&#8217;on ne peut pas payer 3 euros pour une chose IMPORTANTE qui a de la VALEUR, c&#8217;est que d&#8217;autres moyens manquent&#8230; Alors parlons-en.<\/p>\n<h2>Avez-vous les moyens ?<\/h2>\n<p>Sophie m&#8217;a \u00e9crit : <strong>Je n&#8217;ai pas de CB pour payer en ligne<\/strong>. Il s&#8217;agit donc d&#8217;un <strong>moyen de paiement<\/strong>, et non d&#8217;un probl\u00e8me d&#8217;argent. C&#8217;est une belle approche de la question de MOYENS. Merci Sophie pour cette S\u00e9rendipit\u00e9. Votre message est le meilleur exemple que je puisse donner en introduction.<\/p>\n<p>Je vous rassure ++prenom++, apr\u00e8s m&#8217;avoir \u00e9crit Sylvie a quand-m\u00eame cliqu\u00e9 sur le bouton PWYW. Elle est all\u00e9e jusqu&#8217;au bout de la man\u0153uvre, constatant que le paiement par ch\u00e8que \u00e9tait possible. J&#8217;ai enregistr\u00e9 sa commande, et je recevrai probablement son ch\u00e8que avant la fin de la semaine. Toutefois, je me demande combien de personnes CROIENT encore qu&#8217;il est impossible de payer par ch\u00e8que. Ca m\u00e9rite un peu de cl\u00e9mence.<\/p>\n<p>Continuons :<\/p>\n<p>Jean-Fran\u00e7ois a d\u00e9couvert le message de la derni\u00e8re chance \u00e0 2h00 du matin, apr\u00e8s son travail ! Il est d\u00e9sol\u00e9 (et aussi l\u00e9g\u00e8rement f\u00e2ch\u00e9), parce que je l&#8217;ai pr\u00e9venu trop tard. Ici nous sommes face \u00e0 un manque de <strong>moyens temporels<\/strong>. Je ne lui ai pas laiss\u00e9 le temps de r\u00e9agir, car son mode de vie est \u00abd\u00e9cal\u00e9\u00bb par rapport aux autres. Je vous rassure, j&#8217;ai \u00e9galement accept\u00e9 son paiement, tout en lui rappelant que l&#8217;op\u00e9ration a commenc\u00e9 il y a un mois. Jean-Fran\u00e7ois a admis qu&#8217;il n&#8217;en a saisi l&#8217;importance qu&#8217;au pied du mur&#8230; CQFD.<\/p>\n<h2>Le champ des possibles<\/h2>\n<p>Un autre exemple, plus dr\u00f4le, mais j&#8217;affectionne particuli\u00e8rement ce type de comportement, parce qu&#8217;il nourrit le syst\u00e8me. C&#8217;est li\u00e9 au champ des possibles et \u00e9galement aux faits de soci\u00e9t\u00e9. Herv\u00e9 voulait payer le juste prix. Ni plus ni moins ! Il m&#8217;a \u00e9crit ceci :<\/p>\n<p>\u00abJe voulais payer 9 euros, mais c&#8217;est impossible. Dans le formulaire vous proposez 3, 4, 5, 7 puis 10 euros !\u00bb<\/p>\n<p>Remarquez l&#8217;usage de l&#8217;imparfait : il <strong>voulait<\/strong> payer, mais il n&#8217;a pas pu&#8230; Et c&#8217;est visiblement \u00e0 cause de mon manque d&#8217;ouverture&#8230; Je lui ai r\u00e9pondu : \u00ab4+5=9\u00bb. C&#8217;est le mail le plus court de ma vie ! Et c&#8217;est efficace : il m&#8217;a bien pay\u00e9 en 2 fois !<\/p>\n<p>Bertrand voulait payer 30 euros en 3 fois sans frais. Je n&#8217;ai pas pr\u00e9vu cette option dans le paiement en ligne. Je lui ai r\u00e9pondu qu&#8217;il pouvait passer sa commande dans les d\u00e9lais, puis m&#8217;envoyer 3 ch\u00e8ques de 10 euros. Il suffit d&#8217;\u00e9crire la date d&#8217;encaissement souhait\u00e9e au dos de chaque ch\u00e8que, et ABRACADABRA !<\/p>\n<p>Patrick m&#8217;\u00e9crit : \u00abAlors-l\u00e0, vous me d\u00e9cevez, on dirait que vous \u00eates en train de faire la manche dans les rues pi\u00e9tonnes\u2026\u00bb<\/p>\n<p>Je vais vous expliquer quelque chose : il y a une diff\u00e9rence de s\u00e9mantique (de sens) entre PAYEZ et DONNEZ. Dans votre critique, vous m&#8217;observez comme quelqu&#8217;un qui veut des r\u00e9sultats financiers uniquement. Mais c&#8217;est votre perception de l&#8217;op\u00e9ration, malgr\u00e9 tout ce que j&#8217;\u00e9cris&#8230;<\/p>\n<p>J&#8217;ai bien d&#8217;autres objectifs. Je pense que vous \u00eates quelqu&#8217;un de g\u00e9n\u00e9reux et d&#8217;altruiste. C&#8217;est pourquoi vous voulez DONNER au lieu de PAYER, faisant abstraction de ma v\u00e9ritable demande. Mais je ne veux pas de DONS. Je d\u00e9livre des factures, pas de re\u00e7us CERFA. Si vous voulez faire des dons, appelez le 110 (il est encore temps), ou n&#8217;importe quelle association qui d\u00e9fend vos valeurs. Je n&#8217;ironise pas, je vous encourage \u00e0 le faire. Ce n&#8217;est pas du tout le m\u00eame argent. Cet argent l\u00e0 est dans vos moyens.<\/p>\n<p>Maurice m&#8217;a \u00e9crit : \u00abSi je paye en CB, vous pourriez garder le num\u00e9ro pour me d\u00e9biter \u00e0 mon insu&#8230; Qu&#8217;est-ce qui me garantit que je paierai seulement CE que je veux ?\u00bb<\/p>\n<p>Maurice est intelligent : il utilise mes propres mots pour en jouer. malheureusement, il manque d&#8217;un moyen essentiel pour devenir client : LA CONFIANCE !<\/p>\n<p>J&#8217;ai r\u00e9pondu ceci :<\/p>\n<p>PAYPAL ne me communique pas votre num\u00e9ro de CB, l&#8217;arnaque que vous \u00e9voquez est impossible parce qu&#8217;il y a un TIERS DE CONFIANCE entre l&#8217;acheteur et le vendeur (vous payez ce que PAYPAL affiche \u00e0 l&#8217;\u00e9cran)&#8230; Est-ce suffisant pour vous rassurer ? A votre place, je r\u00e9pondrai NON, parce que finalement, je pourrais vous raconter n&#8217;importe quoi ! A ce stade de notre relation, je ne peux rien faire pour vous. C&#8217;est uniquement une question de CONFIANCE, et \u00e7a vous regarde !<\/p>\n<h2>CONFIANCE et \u00abbiais cognitif\u00bb<\/h2>\n<p>Ce n&#8217;est pas la premi\u00e8re intervention de Maurice, qui me lit depuis plus de 3 ans. J&#8217;ai pu remarquer qu&#8217;\u00e0 chaque fois qu&#8217;il intervenait, c&#8217;\u00e9tait autour du manque de confiance&#8230; Ce qui lui donne le m\u00e9rite d&#8217;\u00eatre franc, car la plupart des gens qui manquent de confiance ne le montrent pas. Ils utilisent ce qu&#8217;on appelle un \u00abbiais cognitif\u00bb pour argumenter autour d&#8217;autres sujets.<\/p>\n<p>Lorsqu&#8217;une personne vous dit qu&#8217;elle n&#8217;a pas les moyens, et vous sentez que le probl\u00e8me n&#8217;est pas li\u00e9 \u00e0 l&#8217;argent, pensez \u00e0 \u00e0 la CONFIANCE et tout ce qui pourrait vous permettre d&#8217;augmenter ce Capital. Le but n&#8217;est pas forc\u00e9ment de changer la perception de cette personne, mais en \u00e9coutant attentivement ses dol\u00e9ances sous le prisme de la Confiance, vous pourrez pr\u00e9parer un argumentaire qui vous permettra de vous adresser \u00e0 d&#8217;autres personnes. Des interlocuteurs qui ont juste besoin de plus de confiance en vous, en votre produit, en votre m\u00e9thode, et en eux-m\u00eames. M\u00eame s&#8217;ils parlent d&#8217;argent, une r\u00e9duction des tarifs ne servirait \u00e0 rien. Ni aucune autre contorsion tarifaire&#8230;<\/p>\n<p>D&#8217;autres fois, on utilisera des pr\u00e9textes li\u00e9s au TEMPS. Mais si vous observez bien vos comportements et ceux de vos proches, vous verrez que le MOYEN le plus efficace, et malheureusement le moins facile \u00e0 mettre en valeur, c&#8217;est la CONFIANCE.<\/p>\n<blockquote>\n<p>La CONFIANCE lib\u00e8re du TEMPS !<\/p>\n<\/blockquote>\n<p>Lorsque je me dis \u00abc&#8217;est trop cher !\u00bb ou \u00abje n&#8217;ai pas le temps !\u00bb, je pense au biais cognitif, et ensuite, je cr\u00e9e des liens avec la Confiance int\u00e9rieure et ext\u00e9rieure. Cette Confiance, qui porte diff\u00e9rents noms, selon le contexte (Foi, sentiment de S\u00e9curit\u00e9, Instinct de survie, Courage, Enthousiasme, Etayage, Confiance en soi&#8230;).<\/p>\n<blockquote>\n<p>La CONFIANCE est votre meilleur moyen. Elle donne acc\u00e8s \u00e0 une multitude de possibles.<\/p>\n<\/blockquote>\n<p>Si vous pensez que vous avez acquis un nouveau moyen depuis le d\u00e9but de cette lecture, je vous invite \u00e0 participer \u00e0 l&#8217;op\u00e9ration \u00abpayez ce que vous voulez\u00bb. Mais apr\u00e8s cette extension temporelle d&#8217;une journ\u00e9e, comprenez que si je poursuis l&#8217;op\u00e9ration, je ne serai plus cr\u00e9dible&#8230; Auriez-vous confiance en une personne qui n&#8217;est pas cr\u00e9dible ?<\/p>\n<p>Il est encore temps d&#8217;avoir Confiance :<\/p>\n<p><a href=\"http:\/\/www.inscription-minute.fr\/solution.aspx?code=PWYW1376&amp;origine=EncoreTemps&amp;source=++champs_1++&amp;guid=++champs_8++&amp;newId=oui\">PAYEZ CE QUE VOUS VOULEZ ! <br \/><img decoding=\"async\" loading=\"lazy\" style=\"border-bottom-color: white; border-right-width: 0px; border-top-color: white; border-top-width: 0px; border-bottom-width: 0px; border-right-color: white; border-left-color: white; border-left-width: 0px\" border=\"0\" alt=\"Payez ce que vous voulez\" src=\"http:\/\/www.inscription-minute.fr\/adherents\/logoPwyw.jpg\" width=\"230\" longdesc=\"Payez ce que vous voulez\" height=\"115\"><\/a><\/p>\n<p>A++<\/p>\n<p><strong>St\u00e9phane SOLOMON<\/strong><\/p>\n<p>Vous pouvez commenter cet article en cliquant ici<\/p>\n<!--themify_builder_content-->\n<div id=\"themify_builder_content-535\" data-postid=\"535\" class=\"themify_builder_content themify_builder_content-535 themify_builder tf_clear\">\n    <\/div>\n<!--\/themify_builder_content-->\n","protected":false},"excerpt":{"rendered":"<p>Connaissez-vous le paradigme \u00abIl est encore temps ?\u00bb&#8230; Il est tr\u00e8s diff\u00e9rent de celui de la \u00abderni\u00e8re chance\u00bb, parce qu&#8217;il s&#8217;adresse \u00e0 un public diff\u00e9rent. C&#8217;est une pratique commerciale facultative, qui s&#8217;apparente soit \u00e0 la cl\u00e9mence, soit \u00e0 la faiblesse. Je vais vous expliquer pourquoi on l&#8217;utilise si souvent, mais avant tout, j&#8217;ai le plaisir [&hellip;]<\/p>\n","protected":false},"author":1,"featured_media":0,"parent":0,"menu_order":0,"comment_status":"open","ping_status":"open","template":"","meta":[],"builder_content":"","_links":{"self":[{"href":"https:\/\/auto-coaching.fr\/index.php\/wp-json\/wp\/v2\/pages\/535"}],"collection":[{"href":"https:\/\/auto-coaching.fr\/index.php\/wp-json\/wp\/v2\/pages"}],"about":[{"href":"https:\/\/auto-coaching.fr\/index.php\/wp-json\/wp\/v2\/types\/page"}],"author":[{"embeddable":true,"href":"https:\/\/auto-coaching.fr\/index.php\/wp-json\/wp\/v2\/users\/1"}],"replies":[{"embeddable":true,"href":"https:\/\/auto-coaching.fr\/index.php\/wp-json\/wp\/v2\/comments?post=535"}],"version-history":[{"count":8,"href":"https:\/\/auto-coaching.fr\/index.php\/wp-json\/wp\/v2\/pages\/535\/revisions"}],"predecessor-version":[{"id":776,"href":"https:\/\/auto-coaching.fr\/index.php\/wp-json\/wp\/v2\/pages\/535\/revisions\/776"}],"wp:attachment":[{"href":"https:\/\/auto-coaching.fr\/index.php\/wp-json\/wp\/v2\/media?parent=535"}],"curies":[{"name":"wp","href":"https:\/\/api.w.org\/{rel}","templated":true}]}}