{"id":548,"date":"2013-04-18T09:38:28","date_gmt":"2013-04-18T09:38:28","guid":{"rendered":"http:\/\/www.auto-coaching.fr\/?page_id=548"},"modified":"2013-04-18T12:18:13","modified_gmt":"2013-04-18T12:18:13","slug":"vous-l-avez-cherche","status":"publish","type":"page","link":"https:\/\/auto-coaching.fr\/index.php\/vous-l-avez-cherche\/","title":{"rendered":"Vous l&rsquo;avez cherch&eacute; !"},"content":{"rendered":"<p>Je vais vous raconter une petite histoire personnelle. C\u2019\u00e9tait en 1998. Internet faisait tranquillement son entr\u00e9e dans les entreprise et les foyers de France. Je venais de traverser une p\u00e9riode tr\u00e8s difficile et je retournais doucement dans le monde des vivants. Marie-Paule, une amie formatrice de longue date, \u00e0 qui j\u2019ai mis les pieds \u00e0 l\u2019\u00e9trier quelques ann\u00e9es auparavant, m\u2019a demand\u00e9 pourquoi j\u2019\u00e9tais si fascin\u00e9 par Internet. Selon elle, c\u2019\u00e9tait un effet de mode qui allait dispara\u00eetre comme il est apparu.<\/p>\n<p>Je lui ai demand\u00e9 pourquoi elle pensait une chose pareille, et elle m\u2019a r\u00e9pondu :<\/p>\n<p><strong>&#8211; A chaque fois que je cherche quelque chose sur Internet, je ne trouve rien !<\/strong><\/p>\n<p>J\u2019\u00e9tais tr\u00e8s \u00e9tonn\u00e9 de cette affirmation, car je trouvais syst\u00e9matiquement ce que je cherchais. Il y avait beaucoup moins de r\u00e9ponses qu\u2019aujourd\u2019hui et il fallait parfois multiplier les modes de recherche, mais je trouvais toujours.<\/p>\n<p>(J\u2019ajoute que personne ne m\u2019avait form\u00e9 et que je n\u2019y \u00e9tais pas plus contraint que Marie-Paule. C\u2019\u00e9tait une option de carri\u00e8re, que j\u2019ai valid\u00e9e et je me suis auto-form\u00e9, comme beaucoup de gens).<\/p>\n<p>Vous me connaissez, j\u2019aime partager, j\u2019aime les d\u00e9fis, j\u2019aime surprendre&#8230; Il \u00e9tait 18h00, et nous avions quelques minutes \u00e0 prendre pour discuter un peu. J\u2019ai donc lanc\u00e9 un challenge \u00e0 Marie-Paule :<\/p>\n<p>&#8211; Dis-moi ce que tu as cherch\u00e9 la derni\u00e8re fois, et nous allons le trouver ensemble. Je sais que ce n\u2019est pas facile quand on ne sait pas comment faire, mais j\u2019ai quelques centaines d\u2019heures d\u2019avance sur toi. Je vais t\u2019aider \u00e0 chercher ! Te montrer COMMENT on cherche. Ca va te faire gagner du temps. Qu\u2019est-ce que tu as cherch\u00e9 et que tu n\u2019as pas trouv\u00e9 ?<\/p>\n<p>Voyant que Marie-Paule ne bougeait pas, j\u2019ai install\u00e9 deux chaises, je me suis assis devant l\u2019\u00e9cran, et je l\u2019ai invit\u00e9e \u00e0 s\u2019asseoir \u00e0 c\u00f4t\u00e9 de moi. Je lui ai r\u00e9p\u00e9t\u00e9 ma demande, insistant sur le fait que mon but \u00e9tait de lui expliquer des choses, pas de lui d\u00e9montrer que je suis plus fort qu\u2019elle&#8230; Je lui ai \u00e9galement promis que je ne bougerais pas avant d\u2019avoir trouv\u00e9 ce qu\u2019elle cherchait, et que j\u2019allais imprimer toutes les pages qui correspondaient \u00e0 sa demande pour qu\u2019elle les consulte hors-ligne et qu\u2019elle les garde en souvenir.<\/p>\n<h2>La r\u00e9ponse<\/h2>\n<p>A ce moment, Marie-Paule me donna une r\u00e9ponse, que je consid\u00e8re comme un \u00abmod\u00e8le du genre\u00bb. Comment dire ? Allez, je me lance : ma vie a bascul\u00e9 \u00e0 cet instant pr\u00e9cis&#8230; Je ne lui serai jamais assez reconnaissant, car ce fut un instant d\u2019\u00e9veil pr\u00e9cieux, divin ! Elle l\u2019a fait en toute innocence, avec son air hagard que j\u2019aimais observer, car lorsqu\u2019elle apprenait des choses avec moi, son visage se transformait. Elle devenait belle, lumineuse ! A chaque fois que je la formais, j\u2019avais l\u2019impression de pratiquer une chirurgie esth\u00e9tique&#8230;<\/p>\n<p>Voici la r\u00e9ponse riche d\u2019enseignement, que cette pauvre Marie-Paule me donna :<\/p>\n<p>&#8211; Bof ! Rien de sp\u00e9cial&#8230;<\/p>\n<p>Je vous refais le dialogue avec fluidit\u00e9, car je me suis perdu dans l\u2019\u00e9motion de ce souvenir, ce qui pourrait rendre cette r\u00e9ponse insipide, alors qu\u2019elle a chang\u00e9 deux vies, et plus encore :<\/p>\n<p>&#8211; Qu\u2019est-ce que tu as cherch\u00e9 et que tu n\u2019as pas trouv\u00e9 ?<\/p>\n<p>&#8211; Bof ! Rien de sp\u00e9cial&#8230;<\/p>\n<p>Je suis rest\u00e9 muet pendant 20 secondes, peut-\u00eatre davantage. Des centaines de questions ont travers\u00e9 ma t\u00eate. J\u2019\u00e9tais face \u00e0 une recherche que je ne savais pas faire. La Marie venait de me scotcher sur place ! <strong>Elle venait de prouver l\u2019inutilit\u00e9 d\u2019Internet<\/strong>.<\/p>\n<blockquote>\n<p>Il n\u2019y avait pas de <strong>QUOI<\/strong>, donc pas de <strong>COMMENT<\/strong><\/p>\n<\/blockquote>\n<p>Durant ce temps en suspends, je me suis souvenu des longues discussions que j\u2019avais avec mon p\u00e8re et mon grand-p\u00e8re, des histoires pleines de symboles qu\u2019ils me racontaient, et dont j\u2019appr\u00e9ciais la substantifique moelle. Parce que derri\u00e8re chaque symbole, il y a la chose symbolis\u00e9e, bien plus pr\u00e9cieuse que le symbole.<\/p>\n<p>Mais le symbole nous y m\u00e8ne&#8230;<\/p>\n<h2>La puissance de la symbolique<\/h2>\n<p>Sur ma droite, il y avait une imprimante avec un bouton que j\u2019aimais utiliser (qui a disparu depuis) : PAGE FEED. J\u2019ai appuy\u00e9 dessus, et une page blanche se d\u00e9roula devant nos yeux. Je lui ai tendu la feuille, et je lui ai dit :<\/p>\n<p>&#8211; Garde le r\u00e9sultat de ta recherche en souvenir !<\/p>\n<p>J\u2019ai pris mes affaires, et je suis parti.<\/p>\n<p>Marie-Paule me rappela le soir m\u00eame. Elle m\u2019a dit qu\u2019elle venait de vivre la plus brillante formation de sa vie. Qu\u2019elle m\u2019a d\u2019abord trouv\u00e9 hautin, puis mystique, puis coh\u00e9rent, puis g\u00e9nial ! Et qu\u2019elle a v\u00e9cu de longues minutes de solitude avant de comprendre le message plein de sens que je lui ai adress\u00e9 :<\/p>\n<blockquote>\n<p>On obtient toujours ce qu\u2019on cherche&#8230; M\u00eame quand on ne cherche rien.<\/p>\n<\/blockquote>\n<p>J\u2019ai \u00e9galement exprim\u00e9 ma gratitude \u00e0 Marie-Paule pour cet instant d\u2019incomp\u00e9tence inconsciente, et pour sa transition rapide vers l\u2019incomp\u00e9tence consciente. D\u00e9sormais, elle \u00e9tait enseignable.<\/p>\n<p>Puis, nous avons jou\u00e9 avec les mots pour trouver des citations qu\u2019elle nota sur sa feuille&#8230; L\u2019angoisse de la page blanche, sans doute.<\/p>\n<p>J\u2019ai retenu cette citation :<\/p>\n<blockquote>\n<p>Quand on cherche, on trouve ! M\u00eame quand on cherche \u00abrien\u00bb, on trouve \u00abrien\u00bb ! C\u2019est juste plus rapide.<\/p>\n<\/blockquote>\n<p>Je vous laisse broder autour du sujet, sachant que si vous citez textuellement d\u2019autres auteurs, il convient d\u2019associer leur nom \u00e0 la citation.<\/p>\n<p>A++<\/p>\n<p><strong>St\u00e9phane SOLOMON<\/strong><\/p>\n<!--themify_builder_content-->\n<div id=\"themify_builder_content-548\" data-postid=\"548\" class=\"themify_builder_content themify_builder_content-548 themify_builder tf_clear\">\n    <\/div>\n<!--\/themify_builder_content-->\n","protected":false},"excerpt":{"rendered":"<p>Je vais vous raconter une petite histoire personnelle. C\u2019\u00e9tait en 1998. Internet faisait tranquillement son entr\u00e9e dans les entreprise et les foyers de France. Je venais de traverser une p\u00e9riode tr\u00e8s difficile et je retournais doucement dans le monde des vivants. Marie-Paule, une amie formatrice de longue date, \u00e0 qui j\u2019ai mis les pieds \u00e0 [&hellip;]<\/p>\n","protected":false},"author":1,"featured_media":0,"parent":0,"menu_order":0,"comment_status":"open","ping_status":"open","template":"","meta":[],"builder_content":"","_links":{"self":[{"href":"https:\/\/auto-coaching.fr\/index.php\/wp-json\/wp\/v2\/pages\/548"}],"collection":[{"href":"https:\/\/auto-coaching.fr\/index.php\/wp-json\/wp\/v2\/pages"}],"about":[{"href":"https:\/\/auto-coaching.fr\/index.php\/wp-json\/wp\/v2\/types\/page"}],"author":[{"embeddable":true,"href":"https:\/\/auto-coaching.fr\/index.php\/wp-json\/wp\/v2\/users\/1"}],"replies":[{"embeddable":true,"href":"https:\/\/auto-coaching.fr\/index.php\/wp-json\/wp\/v2\/comments?post=548"}],"version-history":[{"count":4,"href":"https:\/\/auto-coaching.fr\/index.php\/wp-json\/wp\/v2\/pages\/548\/revisions"}],"predecessor-version":[{"id":552,"href":"https:\/\/auto-coaching.fr\/index.php\/wp-json\/wp\/v2\/pages\/548\/revisions\/552"}],"wp:attachment":[{"href":"https:\/\/auto-coaching.fr\/index.php\/wp-json\/wp\/v2\/media?parent=548"}],"curies":[{"name":"wp","href":"https:\/\/api.w.org\/{rel}","templated":true}]}}