{"id":554,"date":"2013-04-19T10:39:39","date_gmt":"2013-04-19T10:39:39","guid":{"rendered":"http:\/\/www.auto-coaching.fr\/?page_id=554"},"modified":"2013-04-19T11:40:45","modified_gmt":"2013-04-19T11:40:45","slug":"vous-l-avez-cherche-suite","status":"publish","type":"page","link":"https:\/\/auto-coaching.fr\/index.php\/vous-l-avez-cherche-suite\/","title":{"rendered":"Vous l&rsquo;avez cherch&eacute;&#8230; Suite&#8230;"},"content":{"rendered":"<p>Dans un commentaire concernant mon <a href=\"http:\/\/www.auto-coaching.fr\/index.php\/vous-l-avez-cherche\/\" target=\"_blank\">pr\u00e9c\u00e9dent article<\/a>, Lalou m\u2019interroge \u00e0 propos d\u2019un sujet qui me tient beaucoup \u00e0 c\u0153ur : la Confiance en sa Conscience \u00e9veill\u00e9e.<\/p>\n<p>Lalou affirme que quand on ne cherche pas, on trouve quand-m\u00eame ! Et elle me pose cette question : <em>Ne vous est-il jamais arriv\u00e9 de \u00ab r\u00eaver \u00bb en ne cherchant \u00ab rien \u00bb ?? et paf, vous \u00eates \u00e9veill\u00e9 par qqchose que vous ne cherchiez m\u00eame pas, et qui vous sublime !!<\/em><\/p>\n<p>Alors l\u00e0, je suis scotch\u00e9 ! Je ne peux pas r\u00e9pondre non&#8230; Vous avez raison Lalou. Je vais vous raconter une petite histoire \u00e0 ce propos :<\/p>\n<p><em>C\u2019\u00e9tait en 1998. Internet faisait tranquillement son entr\u00e9e dans les entreprises et les foyers de France depuis 3 ans&#8230;<\/em><\/p>\n<p>Ah&#8230; mais il me semble que je vous l\u2019ai racont\u00e9e la derni\u00e8re fois. Excusez-moi, je radote&#8230;<\/p>\n<h2>Une autre grille de lecture<\/h2>\n<p>Faites-moi une faveur. Lisez la m\u00eame histoire, mais autrement : faites comme si j\u2019\u00e9tais intelligent&#8230; Je ne parle pas de n\u2019importe quelle intelligence, mais de l\u2019intelligence existentielle. Celle que vous \u00e9voquez dans votre question. Allez faites un effort, et imaginez que je suis un auteur intelligent et que derri\u00e8re le message qui dit \u00ab tu cherches, tu trouves ! Point barre ! \u00bb, il y a un autre message, plus profond, plus Spirituel&#8230;<\/p>\n<p>Je vais vous aider :<\/p>\n<p>Avais-je besoin d\u2019\u00e9crire une centaine de lignes pour vous raconter cette histoire ? Si j\u2019enl\u00e8ve \u00e0 mon article la sensiblerie, l\u2019humour, la mise en sc\u00e8ne, les \u00e9vocations bizarres sur le symbole et la chose symbolis\u00e9e, etc. Je peux la raconter en 6 ou 7 lignes. Quel int\u00e9r\u00eat d\u2019exhiber mes \u00e9motions oiseuses ? Pourquoi je parle de mon p\u00e8re, de mon grand-p\u00e8re, de partage, de transmission, de Gratitude&#8230; Dans un message aussi terre-\u00e0-terre ? C\u2019est du bavardage !<\/p>\n<p>En vous autorisant un autre niveau de lecture, vous d\u00e9couvrirez que les acteurs de cette histoire ont obtenu quelque chose qu\u2019ils ne cherchaient pas, et qui les a sublim\u00e9s&#8230; Eh oui Lalou, nous somme synchro !<\/p>\n<ul>\n<li>J\u2019ai install\u00e9 2 chaises dans le but de faire une formation express \u00e0 Marie-Paule. J\u2019avais l\u2019intention de lui consacrer une demi-heure pragmatique sur les annuaires et les moteurs de recherche&#8230; Ensuite, en toute innocence, et sans m\u00eame chercher \u00e0 me r\u00e9v\u00e9ler quoi que ce soit, elle me livre ce que je consid\u00e8re comme l\u2019un des secrets de l\u2019Univers&#8230; Sublime !\n<li>Marie-Paule me lance une \u00e2nerie monumentale. Apparemment, elle cherchait \u00e0 diminuer la Valeur de mon travail pour r\u00e9sister au changement qui se pr\u00e9parait dans le sien. Et qu\u2019a-t-elle trouv\u00e9 ? Une autre vision du monde qui lui a permis de devenir enseignable&#8230; Sublime ! <\/li>\n<\/ul>\n<blockquote>\n<p>Pas de COMMENT sans QUOI !<\/p>\n<\/blockquote>\n<p>Ce paradigme devrait accompagner, pr\u00e9c\u00e9der, sublimer chacune de nos actions.<\/p>\n<p>Si on prend ce que Marie-Paule me dit au pied de la lettre, elle n\u2019a pas cherch\u00e9 \u00e0 recevoir un \u00e9veil&#8230; Elle voulait juste ralentir le syst\u00e8me pour qu\u2019il aille \u00e0 sa vitesse. Elle \u00e9tait en train de \u00abr\u00eaver\u00bb. Mais elle s\u2019est retrouv\u00e9e face \u00e0 un homme, \u00e0 la fois <strong>obstin\u00e9 et bienveillant<\/strong>. Elle a eu de la CHANCE !<\/p>\n<p>Rappelez-vous de la d\u00e9finition de la CHANCE que je vous ai propos\u00e9 d\u2019adopter au d\u00e9but de ce Printemps : <em>\u00eatre au bon endroit, au bon moment, et savoir Communiquer avec les forces en pr\u00e9sence<\/em>.<\/p>\n<p>Sacr\u00e9e Marie-Paule ! Chanceuse, jusqu\u2019au bout des ongles&#8230; Manipulatrice inconsciente&#8230; Quelle femme !<\/p>\n<p>Comme je l\u2019ai \u00e9crit au d\u00e9but de l\u2019article pr\u00e9c\u00e9dent : <em>\u00ab Marie-Paule est une amie de longue date \u00e0 qui j\u2019ai mis les pieds \u00e0 l\u2019\u00e9trier quelques ann\u00e9es auparavant \u00bb<\/em>. Est-ce du bavardage d\u2019un gar\u00e7on qui s\u2019ennuie ou qui veut se mettre en valeur, ou est-ce une information d\u2019\u00e9veil importante pour <strong>un billet d\u2019auto-coaching<\/strong> ?<\/p>\n<p>Est-il possible que Marie-Paule s\u2019adresse \u00e0 moi POUR que je lui mette le pied \u00e0 l\u2019\u00e9trier une deuxi\u00e8me fois ? Elle sait que j\u2019en suis capable, je l\u2019ai d\u00e9j\u00e0 fait ! Et j\u2019\u00e9tais une nouvelle fois en possession des cl\u00e9s du coffre qu\u2019elle tentait d\u2019ouvrir sans succ\u00e8s&#8230; Au moment o\u00f9 elle s\u2019adresse \u00e0 moi, son subconscient ne serait-il pas en train de lui dire : provoque ta CHANCE ! ENCORE !<\/p>\n<p>Je ne veux pas verser dans la subconscient psychanalytique et remonter \u00e0 l\u2019enfance de Marie-Paule. Restons accessibles, et reconnaissons simplement la <strong>Confiance<\/strong> que Marie-Paule avait en moi (et en elle). Une Confiance qui ne s\u2019exprime pas d\u2019une fa\u00e7on si maladroite que \u00e7a&#8230; C\u2019est de la provoc ! Elle me conna\u00eet la Marie&#8230; Elle sait que quand on me CHERCHE, on me TROUVE !<\/p>\n<p>Joseph JOUBERT disait \u00ab Enseigner, c\u2019est apprendre deux fois. \u00bb. Je le rejoins, mais j\u2019y ajoute mon grain de sel : ce que le ma\u00eetre apprend lors de cette transmission, d\u00e9passe le cadre de la mati\u00e8re enseign\u00e9e. C\u2019est un ph\u00e9nom\u00e8ne souvent imperceptible, discret&#8230; Mais ce soir l\u00e0, c\u2019\u00e9tait une \u00e9vidence : nous n\u2019avons m\u00eame pas touch\u00e9 le clavier, et nous avons appris tous les deux quelque chose qui n\u2019avait rien \u00e0 voir avec les moteurs de recherche, mais avec la qu\u00eate du SENS DE LA VIE :<\/p>\n<p>Sans objectif, aucune r\u00e9sultat ! RIEN ! C\u2019est logique&#8230; Comment voulez-vous qualifier de \u00abr\u00e9sultat\u00bb, quelque chose qui n\u2019est pas li\u00e9 \u00e0 une qu\u00eate quelconque ? Comment voulez-vous le mesurer ?<\/p>\n<ul>\n<li>Lorsque vous r\u00eavassez et que vous obtenez quelque chose quand-m\u00eame, croyez-vous vraiment que vous n\u2019avez rien cherch\u00e9 ?\n<li>Et lorsque la r\u00e9ponse appara\u00eet, sublime&#8230; croyez-vous que vous n\u2019\u00eates pour rien dans la perception de cette lumi\u00e8re ? <\/li>\n<\/ul>\n<p>Vous le savez : lorsque la lumi\u00e8re appara\u00eet, il suffit de fermer les yeux pour ne pas \u00eatre \u00e9bloui ! Tout d\u00e9pend de votre grille de lecture : de l\u2019interpr\u00e9tation que vous donnez aux \u00e9v\u00e8nements.<\/p>\n<p>Lorsque Marie-Paule m\u2019a jet\u00e9 son \u00abrien de sp\u00e9cial\u00bb, j\u2019aurais pu baisser la lumi\u00e8re et lui demander de faire un effort pour trouver un sujet de recherche. J\u2019aurais pu aussi lui imposer le mien. Les gens qui n\u2019ont pas d\u2019objectifs ob\u00e9issent facilement aux objectifs des autres (ou bien ils s\u2019y opposent, sans rien proposer en \u00e9change, faisant de l\u2019opposition un objectif st\u00e9rile).<\/p>\n<p>Comme vous avez pu le lire dans la fin de l\u2019article, Marie-Paule et moi avons une qu\u00eate importante. Une qu\u00eate existentielle. Le D\u00e9veloppement Personnel est un outil capital dans cette qu\u00eate. Le \u00abrien\u00bb est apparu soudainement dans notre parcours, et nous avons trouv\u00e9 des r\u00e9ponses qui se situent au-dessus l\u2019objectif initial. La recherche sur Internet n\u2019\u00e9tait qu\u2019un sous-objectif. Nous avions tant \u00e0 d\u00e9couvrir sur la p\u00e9dagogie&#8230; C\u2019\u00e9tait le moment, car de grands changements se pr\u00e9paraient.<\/p>\n<p>Ainsi, cet \u00e9pisode n\u2019\u00e9tait qu\u2019un pr\u00e9texte pour nous porter plus haut dans bien des domaines. J\u2019ai \u00e9voqu\u00e9 la S\u00e9rendipit\u00e9 il y a quelques jours (dans <a href=\"http:\/\/www.auto-coaching.fr\/index.php\/la-technique-edison\/\" target=\"_blank\">la technique EDISON<\/a>). Est-il possible que vous ayez d\u00e9cid\u00e9 de fermer les yeux en recevant cet article ? Que vous n\u2019en ayez pas per\u00e7u la lumi\u00e8re ? Qu\u2019est-ce qui vous en emp\u00eacher \u00e0 ce moment l\u00e0, et qui pourrait se r\u00e9v\u00e9ler pr\u00e9cieux aujourd&#8217;hui, gr\u00e2ce \u00e0 une nouvelle grille de lecture ?<\/p>\n<p>Nous naissons avec une \u00abt\u00eate chercheuse\u00bb. Lorsque nous nous abandonnons aux forces invisibles, ce n\u2019est pas \u00abrien\u00bb. C\u2019est une Confiance en nous et en ce qui se trouve autour de nous. Cette Confiance Absolue qui exclue le \u00abrien\u00bb, parce qu\u2019il y a toujours quelque chose \u00abau dessus\u00bb.<\/p>\n<p>A++<\/p>\n<p><strong>St\u00e9phane SOLOMON<\/strong><\/p>\n<!--themify_builder_content-->\n<div id=\"themify_builder_content-554\" data-postid=\"554\" class=\"themify_builder_content themify_builder_content-554 themify_builder tf_clear\">\n    <\/div>\n<!--\/themify_builder_content-->\n","protected":false},"excerpt":{"rendered":"<p>Dans un commentaire concernant mon pr\u00e9c\u00e9dent article, Lalou m\u2019interroge \u00e0 propos d\u2019un sujet qui me tient beaucoup \u00e0 c\u0153ur : la Confiance en sa Conscience \u00e9veill\u00e9e. Lalou affirme que quand on ne cherche pas, on trouve quand-m\u00eame ! Et elle me pose cette question : Ne vous est-il jamais arriv\u00e9 de \u00ab r\u00eaver \u00bb en [&hellip;]<\/p>\n","protected":false},"author":1,"featured_media":0,"parent":0,"menu_order":0,"comment_status":"open","ping_status":"open","template":"","meta":[],"builder_content":"","_links":{"self":[{"href":"https:\/\/auto-coaching.fr\/index.php\/wp-json\/wp\/v2\/pages\/554"}],"collection":[{"href":"https:\/\/auto-coaching.fr\/index.php\/wp-json\/wp\/v2\/pages"}],"about":[{"href":"https:\/\/auto-coaching.fr\/index.php\/wp-json\/wp\/v2\/types\/page"}],"author":[{"embeddable":true,"href":"https:\/\/auto-coaching.fr\/index.php\/wp-json\/wp\/v2\/users\/1"}],"replies":[{"embeddable":true,"href":"https:\/\/auto-coaching.fr\/index.php\/wp-json\/wp\/v2\/comments?post=554"}],"version-history":[{"count":7,"href":"https:\/\/auto-coaching.fr\/index.php\/wp-json\/wp\/v2\/pages\/554\/revisions"}],"predecessor-version":[{"id":561,"href":"https:\/\/auto-coaching.fr\/index.php\/wp-json\/wp\/v2\/pages\/554\/revisions\/561"}],"wp:attachment":[{"href":"https:\/\/auto-coaching.fr\/index.php\/wp-json\/wp\/v2\/media?parent=554"}],"curies":[{"name":"wp","href":"https:\/\/api.w.org\/{rel}","templated":true}]}}