{"id":5560,"date":"2019-06-17T10:14:17","date_gmt":"2019-06-17T08:14:17","guid":{"rendered":"http:\/\/auto-coaching.fr\/?page_id=5560"},"modified":"2019-06-17T10:33:11","modified_gmt":"2019-06-17T08:33:11","slug":"notifications-oui","status":"publish","type":"page","link":"https:\/\/auto-coaching.fr\/index.php\/notifications-oui\/","title":{"rendered":"Activation des notifications"},"content":{"rendered":"<!--themify_builder_content-->\n<div id=\"themify_builder_content-5560\" data-postid=\"5560\" class=\"themify_builder_content themify_builder_content-5560 themify_builder tf_clear\">\n    <\/div>\n<!--\/themify_builder_content-->\n\n\n<p>Vous venez d&#8217;activer les notifications d&#8217;envoi par courrier \u00e9lectronique apr\u00e8s chaque publication. Ceci vous permettra de d\u00e9couvrir ces articles ou ces vid\u00e9os aussit\u00f4t publi\u00e9es. Nous vous invitons \u00e0 les commenter afin de participer \u00e0 l&#8217;animation. Vous pourrez \u00e9galement activer un suivi des commentaires et des sous-commentaires afin de participer \u00e0 une discussion qui vous para\u00eet plus pertinente que les autres.<\/p>\n\n\n\n<p>Toutes ces options sont r\u00e9versibles.<\/p>\n\n\n\n<p>Merci pour cette action, et A++<\/p>\n\n\n\n<p><strong>St\u00e9phane SOLOMON<\/strong><\/p>","protected":false},"excerpt":{"rendered":"<p>Vous venez d&#8217;activer les notifications d&#8217;envoi par courrier \u00e9lectronique apr\u00e8s chaque publication. Ceci vous permettra de d\u00e9couvrir ces articles ou ces vid\u00e9os aussit\u00f4t publi\u00e9es. Nous vous invitons \u00e0 les commenter afin de participer \u00e0 l&#8217;animation. Vous pourrez \u00e9galement activer un suivi des commentaires et des sous-commentaires afin de participer \u00e0 une discussion qui vous para\u00eet [&hellip;]<\/p>\n","protected":false},"author":1,"featured_media":0,"parent":0,"menu_order":0,"comment_status":"closed","ping_status":"closed","template":"","meta":[],"builder_content":"","_links":{"self":[{"href":"https:\/\/auto-coaching.fr\/index.php\/wp-json\/wp\/v2\/pages\/5560"}],"collection":[{"href":"https:\/\/auto-coaching.fr\/index.php\/wp-json\/wp\/v2\/pages"}],"about":[{"href":"https:\/\/auto-coaching.fr\/index.php\/wp-json\/wp\/v2\/types\/page"}],"author":[{"embeddable":true,"href":"https:\/\/auto-coaching.fr\/index.php\/wp-json\/wp\/v2\/users\/1"}],"replies":[{"embeddable":true,"href":"https:\/\/auto-coaching.fr\/index.php\/wp-json\/wp\/v2\/comments?post=5560"}],"version-history":[{"count":6,"href":"https:\/\/auto-coaching.fr\/index.php\/wp-json\/wp\/v2\/pages\/5560\/revisions"}],"predecessor-version":[{"id":5581,"href":"https:\/\/auto-coaching.fr\/index.php\/wp-json\/wp\/v2\/pages\/5560\/revisions\/5581"}],"wp:attachment":[{"href":"https:\/\/auto-coaching.fr\/index.php\/wp-json\/wp\/v2\/media?parent=5560"}],"curies":[{"name":"wp","href":"https:\/\/api.w.org\/{rel}","templated":true}]}}