{"id":5565,"date":"2019-06-17T10:20:40","date_gmt":"2019-06-17T08:20:40","guid":{"rendered":"http:\/\/auto-coaching.fr\/?page_id=5565"},"modified":"2019-06-17T10:34:54","modified_gmt":"2019-06-17T08:34:54","slug":"notifications-non","status":"publish","type":"page","link":"https:\/\/auto-coaching.fr\/index.php\/notifications-non\/","title":{"rendered":"D\u00e9sactivation des notifications"},"content":{"rendered":"<!--themify_builder_content-->\n<div id=\"themify_builder_content-5565\" data-postid=\"5565\" class=\"themify_builder_content themify_builder_content-5565 themify_builder tf_clear\">\n    <\/div>\n<!--\/themify_builder_content-->\n\n\n<p>Vous venez de d\u00e9sactiver les notifications envoy\u00e9e apr\u00e8s chaque publication. <strong>Ceci active automatiquement l&#8217;envoi du courrier hebdomadaire<\/strong> qui r\u00e9capitule les publications r\u00e9centes. Vous allez donc d\u00e9couvrir nos articles ou nos vid\u00e9os en l\u00e9ger diff\u00e9r\u00e9. Vous aurez l&#8217;avantage de d\u00e9couvrir par la m\u00eame occasion les commentaires laiss\u00e9es par les premiers lecteurs. Pensez \u00e0 participer aux d\u00e9bats qui vous paraissent pertinents. Votre auto-coaching passe aussi par la participation active.<\/p>\n\n\n\n<p>Merci pour votre action, et A++<\/p>\n\n\n\n<p><strong>St\u00e9phane SOLOMON<\/strong><\/p>","protected":false},"excerpt":{"rendered":"<p>Vous venez de d\u00e9sactiver les notifications envoy\u00e9e apr\u00e8s chaque publication. Ceci active automatiquement l&#8217;envoi du courrier hebdomadaire qui r\u00e9capitule les publications r\u00e9centes. Vous allez donc d\u00e9couvrir nos articles ou nos vid\u00e9os en l\u00e9ger diff\u00e9r\u00e9. Vous aurez l&#8217;avantage de d\u00e9couvrir par la m\u00eame occasion les commentaires laiss\u00e9es par les premiers lecteurs. Pensez \u00e0 participer aux d\u00e9bats [&hellip;]<\/p>\n","protected":false},"author":1,"featured_media":0,"parent":0,"menu_order":0,"comment_status":"closed","ping_status":"closed","template":"","meta":[],"builder_content":"","_links":{"self":[{"href":"https:\/\/auto-coaching.fr\/index.php\/wp-json\/wp\/v2\/pages\/5565"}],"collection":[{"href":"https:\/\/auto-coaching.fr\/index.php\/wp-json\/wp\/v2\/pages"}],"about":[{"href":"https:\/\/auto-coaching.fr\/index.php\/wp-json\/wp\/v2\/types\/page"}],"author":[{"embeddable":true,"href":"https:\/\/auto-coaching.fr\/index.php\/wp-json\/wp\/v2\/users\/1"}],"replies":[{"embeddable":true,"href":"https:\/\/auto-coaching.fr\/index.php\/wp-json\/wp\/v2\/comments?post=5565"}],"version-history":[{"count":6,"href":"https:\/\/auto-coaching.fr\/index.php\/wp-json\/wp\/v2\/pages\/5565\/revisions"}],"predecessor-version":[{"id":5583,"href":"https:\/\/auto-coaching.fr\/index.php\/wp-json\/wp\/v2\/pages\/5565\/revisions\/5583"}],"wp:attachment":[{"href":"https:\/\/auto-coaching.fr\/index.php\/wp-json\/wp\/v2\/media?parent=5565"}],"curies":[{"name":"wp","href":"https:\/\/api.w.org\/{rel}","templated":true}]}}