{"id":5570,"date":"2019-06-17T10:26:26","date_gmt":"2019-06-17T08:26:26","guid":{"rendered":"http:\/\/auto-coaching.fr\/?page_id=5570"},"modified":"2019-06-17T10:35:35","modified_gmt":"2019-06-17T08:35:35","slug":"recapitulatif-oui","status":"publish","type":"page","link":"https:\/\/auto-coaching.fr\/index.php\/recapitulatif-oui\/","title":{"rendered":"Activation du r\u00e9capitulatif hebdomadaire"},"content":{"rendered":"<!--themify_builder_content-->\n<div id=\"themify_builder_content-5570\" data-postid=\"5570\" class=\"themify_builder_content themify_builder_content-5570 themify_builder tf_clear\">\n    <\/div>\n<!--\/themify_builder_content-->\n\n\n<p>Vous venez d&#8217;activer l&#8217;option du r\u00e9capitulatif hebdomadaire. Ceci vous permettra de recevoir un e-mail qui contient la liste des derni\u00e8res publications mises en ligne (en g\u00e9n\u00e9ral, le vendredi). M\u00eame si vous d\u00e9couvrez certains articles avec un l\u00e9ger diff\u00e9r\u00e9, pensez \u00e0 participer aux commentaires qui vous paraissent pertinents. Votre auto-coaching passe \u00e9galement par cette participation active.<\/p>\n\n\n\n<p>Merci pour votre action, et A++<\/p>\n\n\n\n<p><strong>St\u00e9phane SOLOMON<\/strong><\/p>","protected":false},"excerpt":{"rendered":"<p>Vous venez d&#8217;activer l&#8217;option du r\u00e9capitulatif hebdomadaire. Ceci vous permettra de recevoir un e-mail qui contient la liste des derni\u00e8res publications mises en ligne (en g\u00e9n\u00e9ral, le vendredi). M\u00eame si vous d\u00e9couvrez certains articles avec un l\u00e9ger diff\u00e9r\u00e9, pensez \u00e0 participer aux commentaires qui vous paraissent pertinents. Votre auto-coaching passe \u00e9galement par cette participation active. [&hellip;]<\/p>\n","protected":false},"author":1,"featured_media":0,"parent":0,"menu_order":0,"comment_status":"closed","ping_status":"closed","template":"","meta":[],"builder_content":"","_links":{"self":[{"href":"https:\/\/auto-coaching.fr\/index.php\/wp-json\/wp\/v2\/pages\/5570"}],"collection":[{"href":"https:\/\/auto-coaching.fr\/index.php\/wp-json\/wp\/v2\/pages"}],"about":[{"href":"https:\/\/auto-coaching.fr\/index.php\/wp-json\/wp\/v2\/types\/page"}],"author":[{"embeddable":true,"href":"https:\/\/auto-coaching.fr\/index.php\/wp-json\/wp\/v2\/users\/1"}],"replies":[{"embeddable":true,"href":"https:\/\/auto-coaching.fr\/index.php\/wp-json\/wp\/v2\/comments?post=5570"}],"version-history":[{"count":6,"href":"https:\/\/auto-coaching.fr\/index.php\/wp-json\/wp\/v2\/pages\/5570\/revisions"}],"predecessor-version":[{"id":5585,"href":"https:\/\/auto-coaching.fr\/index.php\/wp-json\/wp\/v2\/pages\/5570\/revisions\/5585"}],"wp:attachment":[{"href":"https:\/\/auto-coaching.fr\/index.php\/wp-json\/wp\/v2\/media?parent=5570"}],"curies":[{"name":"wp","href":"https:\/\/api.w.org\/{rel}","templated":true}]}}