{"id":5678,"date":"2019-07-07T17:47:59","date_gmt":"2019-07-07T15:47:59","guid":{"rendered":"http:\/\/auto-coaching.fr\/?page_id=5678"},"modified":"2019-07-09T10:43:39","modified_gmt":"2019-07-09T08:43:39","slug":"webinaire-prise-decision","status":"publish","type":"page","link":"https:\/\/auto-coaching.fr\/index.php\/webinaire-prise-decision\/","title":{"rendered":"Prochain webinaire"},"content":{"rendered":"<!--themify_builder_content-->\n<div id=\"themify_builder_content-5678\" data-postid=\"5678\" class=\"themify_builder_content themify_builder_content-5678 themify_builder tf_clear\">\n    \t\t\t\t<!-- module_row -->\n\t\t<div  data-lazy=\"1\" class=\"module_row themify_builder_row tb_vamm431 tb_first tf_w tf_clearfix\">\n\t\t\t\t\t<div class=\"row_inner col_align_top tb_col_count_1 tf_box tf_rel\">\n\t\t\t\t\t<div  data-lazy=\"1\" class=\"module_column tb-column col-full tb_4wv6432 first\">\n\t\t\t\t\t\t\t\t\t<div class=\"tb-column-inner tf_box tf_w\">\n\t\t\t\t<!-- module text -->\n<div  class=\"module module-text tb_ia1i378   \" data-lazy=\"1\">\n        <div  class=\"tb_text_wrap\">\n    <div>\u00c7a y est ! Isabelle et moi, nous sommes ENFIN tomb\u00e9s d\u2019accord sur la date du prochain webinaire qui portera sur :<\/div><div><br \/><div style=\\\"text-align: center;\\\"><span style=\\\"color: #ff0000;\\\"><strong>La Prise de D\u00e9cision<\/strong><\/span><\/div><div style=\\\"text-align: center;\\\">(Oh surprise !).<\/div><\/div><div><br \/><ul><li>L\u2019\u00e9v\u00e8nement se d\u00e9roulera le <span style=\\\"color: #ff0000;\\\"><strong>Mardi 16 juillet 2019 \u00e0 21h00<\/strong><\/span><\/li><li>Le prix est de <strong><span style=\\\"color: #ff0000;\\\">18\u20ac<\/span><\/strong><\/li><\/ul><\/div><div style=\\\"text-align: center;\\\"><span style=\\\"font-size: 14pt;\\\"><strong><span style=\\\"color: #339966;\\\"><a style=\\\"color: #339966;\\\" title=\\\"Inscrivez-vous !\\\" href=\\\"https:\/\/auto-coaching.fr\/PriseDecision.html\\\" target=\\\"_blank\\\" rel=\\\"noopener\\\">&gt;&gt; Inscrivez-vous ! &lt;&lt;<\/a><\/span><\/strong><\/span><\/div><div>\u00a0<\/div><div>Avant d\u2019entrer dans une d\u00e9marche qui consiste \u00e0 expliquer \u00e0 quoi sert un atelier sur la prise de d\u00e9cision, quels b\u00e9n\u00e9fices vous en retirerez, pourquoi il n\u2019est pas gratuit, quel est le contenu exact, ce que je ferai des 18\u20ac une fois que l\u2019\u00e9tat m\u2019aura pris 40%, si Isabelle portera le m\u00eame chemisier que la derni\u00e8re fois ou si j\u2019irai chez le coiffeur la veille&#8230; j\u2019aimerais que les personnes qui ont <strong>JUSTE ENVIE<\/strong> de s\u2019inscrire \u00e0 ce webinaire, s\u2019inscrivent, tout simplement.<\/div><div><br \/>Oui oui&#8230; Une inscription simple \u00ab<strong>\u00e0 la Confiance<\/strong>\u00bb comme on dit, et vous aurez toutes vos r\u00e9ponses le jour du webinaire puisque vous y serez !<\/div><div><br \/>&#8211; Mais St\u00e9phane, me direz-vous, pour prendre une d\u00e9cision il faut des crit\u00e8res d\u00e9cisionnels, et l\u00e0, je n\u2019ai que la date, l\u2019heure et le prix&#8230;<\/div><div><br \/>Je vais vous dire le fond de ma pens\u00e9e :<\/div><div><br \/><strong>Vous avez raison !<\/strong> Attendez l\u2019argumentaire d\u00e9taill\u00e9, et vous pourrez justifier la raison pour laquelle vous vous inscrirez (ou pas).<\/div><div><br \/><strong>Mais les autres aussi ont raison !<\/strong> Ceux qui peuvent s\u2019inscrire sans argumentaire, juste parce qu\u2019ils ont <strong>ENVIE<\/strong> d\u2019y \u00eatre ce soir-l\u00e0 ! Alors je commence par ceux qui me donnent le moins de travail, et puis c\u2019est tout&#8230;<\/div><div><br \/><div style=\\\"text-align: center;\\\"><span style=\\\"font-size: 14pt;\\\"><strong><span style=\\\"color: #339966;\\\"><a style=\\\"color: #339966;\\\" title=\\\"Inscrivez-vous !\\\" href=\\\"https:\/\/auto-coaching.fr\/PriseDecision.html\\\" target=\\\"_blank\\\" rel=\\\"noopener\\\">&gt;&gt; Inscrivez-vous ! &lt;&lt;<\/a><\/span><\/strong><\/span><\/div><\/div><div>A++<br \/><strong>St\u00e9phane SOLOMON<\/strong><br \/><br \/><\/div><div>\u00a0<\/div>    <\/div>\n<\/div>\n<!-- \/module text -->\t\t\t\t<\/div><!-- .tb-column-inner -->\n\t\t\t\t\t\t<\/div><!-- .module_column -->\n\t\t\t\t\t\t<\/div><!-- .row_inner -->\n\t\t<\/div><!-- .module_row -->\n\t\t\t\t<\/div>\n<!--\/themify_builder_content-->","protected":false},"excerpt":{"rendered":"<p>\u00c7a y est ! Isabelle et moi, nous sommes ENFIN tomb\u00e9s d\u2019accord sur la date du prochain webinaire qui portera sur :La Prise de D\u00e9cision(Oh surprise !). L\u2019\u00e9v\u00e8nement se d\u00e9roulera le Mardi 16 juillet 2019 \u00e0 21h00 Le prix est de 18\u20ac &gt;&gt; Inscrivez-vous ! &lt;&lt;\u00a0Avant d\u2019entrer dans une d\u00e9marche qui consiste \u00e0 expliquer \u00e0 [&hellip;]<\/p>\n","protected":false},"author":1,"featured_media":0,"parent":0,"menu_order":0,"comment_status":"closed","ping_status":"closed","template":"","meta":[],"builder_content":"\u00c7a y est ! Isabelle et moi, nous sommes ENFIN tomb\u00e9s d\u2019accord sur la date du prochain webinaire qui portera sur :<br \/><strong>La Prise de D\u00e9cision<\/strong>(Oh surprise !).<br \/><ul><li>L\u2019\u00e9v\u00e8nement se d\u00e9roulera le <strong>Mardi 16 juillet 2019 \u00e0 21h00<\/strong><\/li><li>Le prix est de <strong>18\u20ac<\/strong><\/li><\/ul><strong><a style=\\\"color: #339966;\\\" title=\\\"Inscrivez-vous !\\\" href=\\\"https:\/\/auto-coaching.fr\/PriseDecision.html\\\" target=\\\"_blank\\\" rel=\\\"noopener\\\">&gt;&gt; Inscrivez-vous ! &lt;&lt;<\/a><\/strong>\u00a0Avant d\u2019entrer dans une d\u00e9marche qui consiste \u00e0 expliquer \u00e0 quoi sert un atelier sur la prise de d\u00e9cision, quels b\u00e9n\u00e9fices vous en retirerez, pourquoi il n\u2019est pas gratuit, quel est le contenu exact, ce que je ferai des 18\u20ac une fois que l\u2019\u00e9tat m\u2019aura pris 40%, si Isabelle portera le m\u00eame chemisier que la derni\u00e8re fois ou si j\u2019irai chez le coiffeur la veille... j\u2019aimerais que les personnes qui ont <strong>JUSTE ENVIE<\/strong> de s\u2019inscrire \u00e0 ce webinaire, s\u2019inscrivent, tout simplement.<br \/>Oui oui... Une inscription simple \u00ab<strong>\u00e0 la Confiance<\/strong>\u00bb comme on dit, et vous aurez toutes vos r\u00e9ponses le jour du webinaire puisque vous y serez !<br \/>- Mais St\u00e9phane, me direz-vous, pour prendre une d\u00e9cision il faut des crit\u00e8res d\u00e9cisionnels, et l\u00e0, je n\u2019ai que la date, l\u2019heure et le prix...<br \/>Je vais vous dire le fond de ma pens\u00e9e :<br \/><strong>Vous avez raison !<\/strong> Attendez l\u2019argumentaire d\u00e9taill\u00e9, et vous pourrez justifier la raison pour laquelle vous vous inscrirez (ou pas).<br \/><strong>Mais les autres aussi ont raison !<\/strong> Ceux qui peuvent s\u2019inscrire sans argumentaire, juste parce qu\u2019ils ont <strong>ENVIE<\/strong> d\u2019y \u00eatre ce soir-l\u00e0 ! Alors je commence par ceux qui me donnent le moins de travail, et puis c\u2019est tout...<br \/><strong><a style=\\\"color: #339966;\\\" title=\\\"Inscrivez-vous !\\\" href=\\\"https:\/\/auto-coaching.fr\/PriseDecision.html\\\" target=\\\"_blank\\\" rel=\\\"noopener\\\">&gt;&gt; Inscrivez-vous ! &lt;&lt;<\/a><\/strong>A++<br \/><strong>St\u00e9phane SOLOMON<\/strong><br \/><br \/>\u00a0","_links":{"self":[{"href":"https:\/\/auto-coaching.fr\/index.php\/wp-json\/wp\/v2\/pages\/5678"}],"collection":[{"href":"https:\/\/auto-coaching.fr\/index.php\/wp-json\/wp\/v2\/pages"}],"about":[{"href":"https:\/\/auto-coaching.fr\/index.php\/wp-json\/wp\/v2\/types\/page"}],"author":[{"embeddable":true,"href":"https:\/\/auto-coaching.fr\/index.php\/wp-json\/wp\/v2\/users\/1"}],"replies":[{"embeddable":true,"href":"https:\/\/auto-coaching.fr\/index.php\/wp-json\/wp\/v2\/comments?post=5678"}],"version-history":[{"count":2,"href":"https:\/\/auto-coaching.fr\/index.php\/wp-json\/wp\/v2\/pages\/5678\/revisions"}],"predecessor-version":[{"id":5694,"href":"https:\/\/auto-coaching.fr\/index.php\/wp-json\/wp\/v2\/pages\/5678\/revisions\/5694"}],"wp:attachment":[{"href":"https:\/\/auto-coaching.fr\/index.php\/wp-json\/wp\/v2\/media?parent=5678"}],"curies":[{"name":"wp","href":"https:\/\/api.w.org\/{rel}","templated":true}]}}