{"id":5710,"date":"2019-07-12T18:00:00","date_gmt":"2019-07-12T16:00:00","guid":{"rendered":"http:\/\/auto-coaching.fr\/?page_id=5710"},"modified":"2019-07-12T18:07:23","modified_gmt":"2019-07-12T16:07:23","slug":"teaser-non","status":"publish","type":"page","link":"https:\/\/auto-coaching.fr\/index.php\/teaser-non\/","title":{"rendered":"D\u00e9sactivation de la r\u00e9ception du teaser"},"content":{"rendered":"<!--themify_builder_content-->\n<div id=\"themify_builder_content-5710\" data-postid=\"5710\" class=\"themify_builder_content themify_builder_content-5710 themify_builder tf_clear\">\n    <\/div>\n<!--\/themify_builder_content-->\n\n\n<p>Vous venez de d\u00e9sactiver l\u2019envoi du teaser. Vous ne recevrez donc pas la vid\u00e9o que nous avons pr\u00e9par\u00e9e pour notre prochain webinaire.<\/p>\n\n\n\n<p>Nous partons du principe que cette action ne concerne que ce webinaire et nous vous en remercions. Toutefois si ce refus concerne l&#8217;ensemble de nos activit\u00e9s payantes, nous vous serions reconnaissants de vous d\u00e9sinscrire de cette newsletter, afin de c\u00e9der votre place \u00e0 une personne qui aime investir en elle ou qui envisage de le faire un jour.<\/p>\n\n\n\n<p>Chaque abonn\u00e9 g\u00e9n\u00e8re des frais d&#8217;environ 18\u20ac par an. Nous sommes pr\u00eats investir cette somme en vous en attendant que vous preniez le relais, mais nous sommes d\u00e9sormais convaincus qu&#8217;en vous servant gratuitement sans fin, nous ancrons en vous des habitudes qui vous nuisent. Ce n&#8217;est pas notre mission.<\/p>\n\n\n\n<p>Merci pour votre compr\u00e9hension et vos actions.<\/p>\n\n\n\n<p><strong>St\u00e9phane SOLOMON et Isabelle FRIBOURG<\/strong><\/p>","protected":false},"excerpt":{"rendered":"<p>Vous venez de d\u00e9sactiver l\u2019envoi du teaser. Vous ne recevrez donc pas la vid\u00e9o que nous avons pr\u00e9par\u00e9e pour notre prochain webinaire. Nous partons du principe que cette action ne concerne que ce webinaire et nous vous en remercions. Toutefois si ce refus concerne l&#8217;ensemble de nos activit\u00e9s payantes, nous vous serions reconnaissants de vous [&hellip;]<\/p>\n","protected":false},"author":1,"featured_media":0,"parent":0,"menu_order":0,"comment_status":"closed","ping_status":"closed","template":"","meta":[],"builder_content":"","_links":{"self":[{"href":"https:\/\/auto-coaching.fr\/index.php\/wp-json\/wp\/v2\/pages\/5710"}],"collection":[{"href":"https:\/\/auto-coaching.fr\/index.php\/wp-json\/wp\/v2\/pages"}],"about":[{"href":"https:\/\/auto-coaching.fr\/index.php\/wp-json\/wp\/v2\/types\/page"}],"author":[{"embeddable":true,"href":"https:\/\/auto-coaching.fr\/index.php\/wp-json\/wp\/v2\/users\/1"}],"replies":[{"embeddable":true,"href":"https:\/\/auto-coaching.fr\/index.php\/wp-json\/wp\/v2\/comments?post=5710"}],"version-history":[{"count":10,"href":"https:\/\/auto-coaching.fr\/index.php\/wp-json\/wp\/v2\/pages\/5710\/revisions"}],"predecessor-version":[{"id":5721,"href":"https:\/\/auto-coaching.fr\/index.php\/wp-json\/wp\/v2\/pages\/5710\/revisions\/5721"}],"wp:attachment":[{"href":"https:\/\/auto-coaching.fr\/index.php\/wp-json\/wp\/v2\/media?parent=5710"}],"curies":[{"name":"wp","href":"https:\/\/api.w.org\/{rel}","templated":true}]}}