{"id":573,"date":"2013-04-25T08:54:25","date_gmt":"2013-04-25T08:54:25","guid":{"rendered":"http:\/\/www.auto-coaching.fr\/?page_id=573"},"modified":"2013-04-25T12:45:04","modified_gmt":"2013-04-25T12:45:04","slug":"la-photo-de-classe","status":"publish","type":"page","link":"https:\/\/auto-coaching.fr\/index.php\/la-photo-de-classe\/","title":{"rendered":"La photo de classe"},"content":{"rendered":"<p>Juste une petite br\u00e8ve amusante et d\u2019actualit\u00e9. Ca m\u2019est arriv\u00e9 ce matin en d\u00e9posant ma fille \u00e0 la maternelle. La photo de classe \u00e9tait affich\u00e9e \u00e0 l\u2019entr\u00e9e de la salle. Il y avait une photo \u00e0 hauteur des parents, et une autre \u00e0 hauteur des enfants. En aidant ma fille \u00e0 enlever son manteau, j\u2019ai scrut\u00e9 la photo, et j\u2019ai trouv\u00e9 ma petite princesse en moins d\u2019une seconde.<\/p>\n<p>Etrange : elle fait une grimace en s\u2019\u00e9tirant la bouche ! Je trouve \u00e7a dommage&#8230; Dr\u00f4le, mais dommage&#8230; Je lui demande pourquoi elle a d\u00e9cid\u00e9 de faire une grimace, juste pendant la photo, et elle me r\u00e9pond du haut de ses 3 ans et 10 mois :<\/p>\n<p>&#8211; Mais papa regarde ! tout le monde fait une grimace : c\u2019est le monsieur qui nous a demand\u00e9 !<\/p>\n<p>Je regarde mieux : en effet, tous les enfants de la classe gonflent leurs joues, se tirent la bouche ouvrent grand les yeux, etc. Chacun son style&#8230; Ca m\u2019interpelle : c\u2019est la premi\u00e8re fois que je vois \u00e7a. De mon temps, il \u00e9tait interdit de faire des grimaces, m\u00eame lorsqu\u2019on ne prenait pas de photo&#8230; Quelle id\u00e9e de prendre cette pose au moment d\u2019\u00e9terniser l\u2019instant !<\/p>\n<p>Je me redresse, et me retrouve face \u00e0 la photo qui est \u00e0 hauteur des adultes. Et l\u00e0, je remarque que tout le monde sourit.<\/p>\n<p>Ouf ! Il y a donc deux photos au choix : le photographe a probablement une pr\u00e9f\u00e9rence, mais il a pens\u00e9 \u00e0 ceux qui n\u2019ont pas \u00e9t\u00e9 \u00e9duqu\u00e9s comme moi, et probablement comme lui&#8230; Bein oui : si je fais abstraction de mes paradigmes, la photo grima\u00e7ante est une id\u00e9e tr\u00e8s sympa. M\u00eame si \u00e7a me g\u00eane, il y a un public pour \u00e7a.<\/p>\n<p>Ma fille entre en classe, et une maman arrive avec son fils. Il veut la photo grima\u00e7ante ! Sa maman n\u2019est pas d\u2019accord : on ne va pas montrer \u00e7a \u00e0 Mamie&#8230; Et que va dire Papy&#8230; etc. Elle passe commande de la photo classique.<\/p>\n<p>Je m\u2019interroge&#8230; Est-ce le revers d\u2019une \u00e9ducation contraignante ? En supposant que Papy et Mamie aient envie d\u2019\u00e9largir leur esprit avec le temps, ce sont leurs enfants qui vont les en emp\u00eacher. C\u2019est l\u2019un des probl\u00e8mes que l\u2019on rencontre lorsqu\u2019on impose ses propres choix \u00e0 ses enfants syst\u00e9matiquement. Il y a un retour&#8230;<\/p>\n<p>J\u2019interpelle la ma\u00eetresse :<\/p>\n<p>&#8211; C\u2019est amusant ce qu\u2019ils ont fait cette ann\u00e9e avec la photo grima\u00e7ante en bonus !<\/p>\n<p>&#8211; Mais \u00e7a fait plusieurs ann\u00e9es qu\u2019ils font \u00e7a&#8230; C\u2019est la premi\u00e8re fois que vous le remarquez ?<\/p>\n<p>Waouw ! Je reste bloqu\u00e9&#8230; Je dois avouer que oui. Ce n\u2019est pas la premi\u00e8re photo de classe que j\u2019ach\u00e8te, et pourtant, je n\u2019ai jamais remarqu\u00e9 qu\u2019il y en avait deux diff\u00e9rentes. Pour garder une certaine posture, je r\u00e9ponds :<\/p>\n<p>&#8211; D\u2019habitude, c\u2019est ma femme qui commande les photos. Donc je n\u2019ai vu que celles qui sont \u00e0 la maison&#8230;<\/p>\n<p>Je sais que ce n\u2019est pas vrai ! M\u00eame si c\u2019est Karine s\u2019occupe de ce genre de choses, j\u2019emm\u00e8ne souvent mes enfants \u00e0 l\u2019\u00e9cole, et j\u2019aurais pu le remarquer avant. Mais l\u2019humain est ainsi fait : hors contemplation int\u00e9rieure, il se cherche des excuses ext\u00e9rieures, et il en trouve toujours. C\u2019est encore plus facile quand on est mari\u00e9&#8230;<\/p>\n<p>Je poursuis ma discussion :<\/p>\n<p>&#8211; Quelle est la photo la plus command\u00e9e ?<\/p>\n<p>&#8211; La classique ! 9 fois sur 10 !<\/p>\n<p>&#8211; Humm&#8230; C\u2019est la pr\u00e9f\u00e9r\u00e9e des parents ou des enfants ?<\/p>\n<p>&#8211; Ah&#8230; Ca c\u2019est int\u00e9ressant comme question. Je vais la poser en classe, \u00e7a pourrait surprendre. Mais vous pouvez d\u00e9j\u00e0 poser la question \u00e0 votre fille&#8230;<\/p>\n<p>Je rappelle la petite et lui demande laquelle des deux photos elle pr\u00e9f\u00e8re. Elle me regarde avec ses grands yeux de poup\u00e9e, et me dit sans h\u00e9siter :<\/p>\n<p>&#8211; LES DEUX !<\/p>\n<p>&#8230;<\/p>\n<p>Si j\u2019\u00e9tais parano, je dirais que ma fille a adh\u00e9r\u00e9 \u00e0 TIME-COACH \u00e0 mon insu, et qu\u2019elle me lit r\u00e9guli\u00e8rement pour me prendre \u00e0 mon propre pi\u00e8ge : apr\u00e8s <a href=\"http:\/\/www.auto-coaching.fr\/index.php\/large-d-esprit\/\" target=\"_blank\">l\u2019article que je vous ai \u00e9crit la derni\u00e8re fois<\/a> sur l\u2019ouverture d\u2019esprit, j\u2019ai d\u00fb faire un effort pour \u00eatre <strong>Congruent<\/strong>. C&#8217;est-\u00e0-dire, <strong>faire correspondre l\u2019exp\u00e9rience \u00e0 la prise de Conscience<\/strong> :<\/p>\n<blockquote>\n<p>j\u2019ai donc command\u00e9 LES DEUX photos&#8230;<\/p>\n<\/blockquote>\n<p>Laissons la parano\u00efa de c\u00f4t\u00e9 et soyons pragmatiques : ma fille ne sait pas encore lire. Par contre, elle m\u2019a entendu dire \u00abLES DEUX\u00bb des centaines de fois. Elle conna\u00eet son p\u00e8re et elle \u00e9value \u00ables possibles\u00bb en fonction de ce discernement. Son imagination, sa cr\u00e9ativit\u00e9, son enthousiasme, son intuition&#8230; d\u00e9pendent de la lecture qu\u2019elle a du <strong>monde des adultes<\/strong> qui l\u2019entourent.<\/p>\n<p>Finalement, parano ou pragmatique, le r\u00e9sultat est le m\u00eame : elle me lit !<\/p>\n<blockquote>\n<p>Nos enfants nous lisent&#8230; Veillons \u00e0 leurs lectures.<\/p>\n<\/blockquote>\n<p>Bonne journ\u00e9e,<\/p>\n<p><strong>St\u00e9phane SOLOMON<\/strong><\/p>\n<!--themify_builder_content-->\n<div id=\"themify_builder_content-573\" data-postid=\"573\" class=\"themify_builder_content themify_builder_content-573 themify_builder tf_clear\">\n    <\/div>\n<!--\/themify_builder_content-->\n","protected":false},"excerpt":{"rendered":"<p>Juste une petite br\u00e8ve amusante et d\u2019actualit\u00e9. Ca m\u2019est arriv\u00e9 ce matin en d\u00e9posant ma fille \u00e0 la maternelle. La photo de classe \u00e9tait affich\u00e9e \u00e0 l\u2019entr\u00e9e de la salle. Il y avait une photo \u00e0 hauteur des parents, et une autre \u00e0 hauteur des enfants. En aidant ma fille \u00e0 enlever son manteau, j\u2019ai [&hellip;]<\/p>\n","protected":false},"author":1,"featured_media":0,"parent":0,"menu_order":0,"comment_status":"open","ping_status":"open","template":"","meta":[],"builder_content":"","_links":{"self":[{"href":"https:\/\/auto-coaching.fr\/index.php\/wp-json\/wp\/v2\/pages\/573"}],"collection":[{"href":"https:\/\/auto-coaching.fr\/index.php\/wp-json\/wp\/v2\/pages"}],"about":[{"href":"https:\/\/auto-coaching.fr\/index.php\/wp-json\/wp\/v2\/types\/page"}],"author":[{"embeddable":true,"href":"https:\/\/auto-coaching.fr\/index.php\/wp-json\/wp\/v2\/users\/1"}],"replies":[{"embeddable":true,"href":"https:\/\/auto-coaching.fr\/index.php\/wp-json\/wp\/v2\/comments?post=573"}],"version-history":[{"count":1,"href":"https:\/\/auto-coaching.fr\/index.php\/wp-json\/wp\/v2\/pages\/573\/revisions"}],"predecessor-version":[{"id":574,"href":"https:\/\/auto-coaching.fr\/index.php\/wp-json\/wp\/v2\/pages\/573\/revisions\/574"}],"wp:attachment":[{"href":"https:\/\/auto-coaching.fr\/index.php\/wp-json\/wp\/v2\/media?parent=573"}],"curies":[{"name":"wp","href":"https:\/\/api.w.org\/{rel}","templated":true}]}}