{"id":575,"date":"2013-04-25T13:29:35","date_gmt":"2013-04-25T13:29:35","guid":{"rendered":"http:\/\/www.auto-coaching.fr\/?page_id=575"},"modified":"2013-04-25T13:41:52","modified_gmt":"2013-04-25T13:41:52","slug":"la-fonction-du-poete","status":"publish","type":"page","link":"https:\/\/auto-coaching.fr\/index.php\/la-fonction-du-poete\/","title":{"rendered":"La fonction du po&egrave;te"},"content":{"rendered":"<p>Dieu le veut, dans les temps contraires,<br \/>Chacun travaille et chacun sert.<br \/>Malheur \u00e0 qui dit \u00e0 ses fr\u00e8res :<br \/>Je retourne dans le d\u00e9sert !<br \/>Malheur \u00e0 qui prend ses sandales<br \/>Quand les haines et les scandales<br \/>Tourmentent le peuple agit\u00e9 !<br \/>Honte au penseur qui se mutile<br \/>Et s&#8217;en va, chanteur inutile,<br \/>Par la porte de la cit\u00e9 !<\/p>\n<p>Le po\u00e8te en des jours impies<br \/>Vient pr\u00e9parer des jours meilleurs.<br \/>ll est l&#8217;homme des utopies,<br \/>Les pieds ici, les yeux ailleurs.<br \/>C&#8217;est lui qui sur toutes les t\u00eates,<br \/>En tout temps, pareil aux proph\u00e8tes,<br \/>Dans sa main, o\u00f9 tout peut tenir,<br \/>Doit, qu&#8217;on l&#8217;insulte ou qu&#8217;on le loue,<br \/>Comme une torche qu&#8217;il secoue,<br \/>Faire flamboyer l&#8217;avenir !<\/p>\n<p>Il voit, quand les peuples v\u00e9g\u00e8tent !<br \/>Ses r\u00eaves, toujours pleins d&#8217;amour,<br \/>Sont faits des ombres que lui jettent<br \/>Les choses qui seront un jour.<br \/>On le raille. Qu&#8217;importe ! il pense.<br \/>Plus d&#8217;une \u00e2me inscrit en silence<br \/>Ce que la foule n&#8217;entend pas.<br \/>Il plaint ses contempteurs frivoles ;<br \/>Et maint faux sage \u00e0 ses paroles<br \/>Rit tout haut et songe tout bas !<\/p>\n<p>Peuples! \u00e9coutez le po\u00e8te !<br \/>Ecoutez le r\u00eaveur sacr\u00e9 !<br \/>Dans votre nuit, sans lui compl\u00e8te,<br \/>Lui seul a le front \u00e9clair\u00e9.<br \/>Des temps futurs per\u00e7ant les ombres,<br \/>Lui seul distingue en leurs flancs sombres<br \/>Le germe qui n&#8217;est pas \u00e9clos.<br \/>Homme, il est doux comme une femme.<br \/>Dieu parle \u00e0 voix basse \u00e0 son \u00e2me<br \/>Comme aux for\u00eats et comme aux flots.<\/p>\n<p>C&#8217;est lui qui, malgr\u00e9 les \u00e9pines,<br \/>L&#8217;envie et la d\u00e9rision,<br \/>Marche, courb\u00e9 dans vos ruines,<br \/>Ramassant la tradition.<br \/>De la tradition f\u00e9conde<br \/>Sort tout ce qui couvre le monde,<br \/>Tout ce que le ciel peut b\u00e9nir.<br \/>Toute id\u00e9e, humaine ou divine,<br \/>Qui prend le pass\u00e9 pour racine,<br \/>A pour feuillage l&#8217;avenir.<\/p>\n<p>Il rayonne! il jette sa flamme<br \/>Sur l&#8217;\u00e9ternelle v\u00e9rit\u00e9 !<br \/>Il la fait resplendir pour l&#8217;\u00e2me<br \/>D&#8217;une merveilleuse clart\u00e9.<br \/>Il inonde de sa lumi\u00e8re<br \/>Ville et d\u00e9sert, Louvre et chaumi\u00e8re,<br \/>Et les plaines et les hauteurs ;<br \/>A tous d&#8217;en haut il la d\u00e9voile;<br \/>Car la po\u00e9sie est l&#8217;\u00e9toile<br \/>Qui m\u00e8ne \u00e0 Dieu rois et pasteurs !<\/p>\n<p><em>(Victor Hugo, Les rayons et les ombres)<\/em><\/p>\n<!--themify_builder_content-->\n<div id=\"themify_builder_content-575\" data-postid=\"575\" class=\"themify_builder_content themify_builder_content-575 themify_builder tf_clear\">\n    <\/div>\n<!--\/themify_builder_content-->\n","protected":false},"excerpt":{"rendered":"<p>Dieu le veut, dans les temps contraires,Chacun travaille et chacun sert.Malheur \u00e0 qui dit \u00e0 ses fr\u00e8res :Je retourne dans le d\u00e9sert !Malheur \u00e0 qui prend ses sandalesQuand les haines et les scandalesTourmentent le peuple agit\u00e9 !Honte au penseur qui se mutileEt s&#8217;en va, chanteur inutile,Par la porte de la cit\u00e9 ! Le po\u00e8te en [&hellip;]<\/p>\n","protected":false},"author":1,"featured_media":0,"parent":0,"menu_order":0,"comment_status":"open","ping_status":"open","template":"","meta":[],"builder_content":"","_links":{"self":[{"href":"https:\/\/auto-coaching.fr\/index.php\/wp-json\/wp\/v2\/pages\/575"}],"collection":[{"href":"https:\/\/auto-coaching.fr\/index.php\/wp-json\/wp\/v2\/pages"}],"about":[{"href":"https:\/\/auto-coaching.fr\/index.php\/wp-json\/wp\/v2\/types\/page"}],"author":[{"embeddable":true,"href":"https:\/\/auto-coaching.fr\/index.php\/wp-json\/wp\/v2\/users\/1"}],"replies":[{"embeddable":true,"href":"https:\/\/auto-coaching.fr\/index.php\/wp-json\/wp\/v2\/comments?post=575"}],"version-history":[{"count":1,"href":"https:\/\/auto-coaching.fr\/index.php\/wp-json\/wp\/v2\/pages\/575\/revisions"}],"predecessor-version":[{"id":576,"href":"https:\/\/auto-coaching.fr\/index.php\/wp-json\/wp\/v2\/pages\/575\/revisions\/576"}],"wp:attachment":[{"href":"https:\/\/auto-coaching.fr\/index.php\/wp-json\/wp\/v2\/media?parent=575"}],"curies":[{"name":"wp","href":"https:\/\/api.w.org\/{rel}","templated":true}]}}