{"id":577,"date":"2013-05-02T08:50:59","date_gmt":"2013-05-02T08:50:59","guid":{"rendered":"http:\/\/www.auto-coaching.fr\/?page_id=577"},"modified":"2013-05-02T16:05:10","modified_gmt":"2013-05-02T16:05:10","slug":"nouveau-programme-motivation","status":"publish","type":"page","link":"https:\/\/auto-coaching.fr\/index.php\/nouveau-programme-motivation\/","title":{"rendered":"Nouveau programme : MOTIVATION++"},"content":{"rendered":"<p>J\u2019ai le plaisir de vous annoncer la diffusion d\u2019un nouveau programme \u00e0 partir du 13 mai 2013 :<\/p>\n<p><span style=\"font-size: 12pt; font-weight: bold\">MOTIVATION++<\/span><br \/>Un programme d\u2019auto-coaching enti\u00e8rement consacr\u00e9 \u00e0 la motivation<\/p>\n<p>Cet atelier fera plaisir \u00e0 mes fans qui attendent un nouveau programme depuis 6 mois. Aussi, avant d\u2019argumenter sur le contenu de ce programme (comme je le fais \u00e0 chaque lancement), je vais attendre quelques jours, pour laisser une seule forme de motivation agir :<\/p>\n<p style=\"text-align: center; line-height: 18pt; font-size: 14pt\"><strong>C\u2019est un programme sur la motivation<br \/>que j\u2019ai \u00e9crit sp\u00e9cialement pour vous ! <\/strong><\/p>\n<p style=\"text-align: center;\"><a style=\"font-size: 10pt\" href=\"http:\/\/www.inscription-minute.fr\/solution.aspx?code=MA29IN07&amp;origine=Motivation1\"><img decoding=\"async\" style=\"border-right-width: 0px; border-top-width: 0px; border-bottom-width: 0px; border-left-width: 0px\" alt=\"Inscrivez-vous !\" src=\"http:\/\/www.inscription-minute.fr\/adherents\/inscrivez-vous.gif\"><br \/>Inscrivez-vous !<\/a><\/p>\n<p style=\"text-indent: -8px; margin: 10px 0px 0px 8px\">&#8211; C\u2019est tout ?( Me questionneront certains lecteurs)<\/p>\n<p style=\"text-indent: -8px; margin: 10px 0px 0px 8px\">&#8211; Oui, c\u2019est tout !<\/p>\n<p style=\"text-indent: -8px; margin: 10px 0px 0px 8px\">&#8211; Vous n\u2019allez pas donner d\u2019autres arguments pour susciter l\u2019envie ?<\/p>\n<p style=\"text-indent: -8px; margin: 10px 0px 0px 8px\">&#8211; Seulement si c\u2019est n\u00e9cessaire.<\/p>\n<p style=\"text-indent: -8px; margin: 10px 0px 0px 8px\">&#8211; Mais \u00e9videmment que c\u2019est n\u00e9cessaire ! Vous croyez que les gens vont s\u2019inscrire pour vos beaux yeux ?<\/p>\n<p style=\"text-indent: -8px; margin: 10px 0px 0px 8px\">&#8211; Je ne le crois pas, je le sais ! J\u2019ai des fans, des lecteurs assidus qui s\u2019inscriront parce qu\u2019ils aiment me lire. Le sujet correspond \u00e0 leurs attentes, et ils savent que j\u2019ai pens\u00e9 \u00e0 eux en \u00e9crivant mes articles. Leur envie de d\u00e9couvrir ce programme est plus puissante qu\u2019un quelconque argumentaire de vente.<\/p>\n<p style=\"text-indent: -8px; margin: 10px 0px 0px 8px\">&#8211; Donnez le prix quand-m\u00eame&#8230; C\u2019est un crit\u00e8re important !<\/p>\n<p style=\"text-indent: -8px; margin: 10px 0px 0px 8px\">&#8211; Mes fans savent que mes prix sont \u00e0 leur port\u00e9e et ils savent aussi qu\u2019il suffit de cliquer sur le lien d\u2019inscription pour tout savoir avant de payer.<\/p>\n<p style=\"text-indent: -8px; margin: 10px 0px 0px 8px\">&#8211; Vous devez rassurer les autres. Ca rassure toujours un petit discours commercial et juridique. C\u2019est la dure loi du commerce.<\/p>\n<p style=\"text-indent: -8px; margin: 10px 0px 0px 8px\">&#8211; Pour le moment, je me fie \u00e0 la douce loi de la Confiance.<\/p>\n<p style=\"text-indent: -8px; margin: 10px 0px 0px 8px\">&#8211; Donc, votre seul argument est \u00abqui m\u2019aime me suive !\u00bb<\/p>\n<p style=\"text-indent: -8px; margin: 10px 0px 0px 8px\">&#8211; C\u2019est \u00e7a !<\/p>\n<p style=\"text-indent: -8px; margin: 10px 0px 0px 8px\">&#8211; C\u2019est tr\u00e8s pr\u00e9tentieux&#8230; C\u2019est m\u00eame m\u00e9galo !<\/p>\n<p style=\"text-indent: -8px; margin: 10px 0px 0px 8px\">&#8211; Ca d\u00e9pend des points de vue. Je comprends que \u00e7a puisse choquer. J\u2019esp\u00e8re juste que ceux qui sont herm\u00e9tiques \u00e0 ce genre de discours ne s\u2019inscriront pas.<\/p>\n<p style=\"text-indent: -8px; margin: 10px 0px 0px 8px\">&#8211; Alors vous faites \u00e7a pour \u00e9viter des inscriptions. C\u2019est une technique d\u2019exclusion ?<\/p>\n<p style=\"text-indent: -8px; margin: 10px 0px 0px 8px\">&#8211; Ou une forme d\u2019attraction&#8230; Au choix.<\/p>\n<p style=\"text-indent: -8px; margin: 10px 0px 0px 8px\">&#8211; Ceux qui n\u2019ont jamais adh\u00e9r\u00e9 \u00e0 vos programmes n\u2019ont aucune chance. M\u00eame s\u2019ils sont int\u00e9ress\u00e9s, votre argument n\u2019est pas viable !<\/p>\n<p style=\"text-indent: -8px; margin: 10px 0px 0px 8px\">&#8211; Ils me connaissent aussi, ils lisent TIME-COACH depuis longtemps. S\u2019ils ont envie de s\u2019auto-coacher sur la motivation, ils peuvent cliquer.<\/p>\n<p style=\"text-indent: -8px; margin: 10px 0px 0px 8px\">&#8211; Bon&#8230; Il ne me reste plus qu\u2019\u00e0 vous souhaiter une bonne r\u00e9ussite !<\/p>\n<p style=\"text-indent: -8px; margin: 10px 0px 0px 8px\">&#8211; Merci beaucoup ! Ca c\u2019est bon&#8230; D\u2019autant que j\u2019ai conscience, que cette r\u00e9ussite d\u00e9pend aussi de vous.<\/p>\n<p style=\"text-indent: -8px; margin: 10px 0px 0px 8px\">A++<\/p>\n<p style=\"text-indent: -8px; margin: 10px 0px 0px 8px\">St\u00e9phane SOLOMON<\/p>\n<!--themify_builder_content-->\n<div id=\"themify_builder_content-577\" data-postid=\"577\" class=\"themify_builder_content themify_builder_content-577 themify_builder tf_clear\">\n    <\/div>\n<!--\/themify_builder_content-->\n","protected":false},"excerpt":{"rendered":"<p>J\u2019ai le plaisir de vous annoncer la diffusion d\u2019un nouveau programme \u00e0 partir du 13 mai 2013 : MOTIVATION++Un programme d\u2019auto-coaching enti\u00e8rement consacr\u00e9 \u00e0 la motivation Cet atelier fera plaisir \u00e0 mes fans qui attendent un nouveau programme depuis 6 mois. Aussi, avant d\u2019argumenter sur le contenu de ce programme (comme je le fais \u00e0 [&hellip;]<\/p>\n","protected":false},"author":1,"featured_media":0,"parent":0,"menu_order":0,"comment_status":"open","ping_status":"open","template":"","meta":[],"builder_content":"","_links":{"self":[{"href":"https:\/\/auto-coaching.fr\/index.php\/wp-json\/wp\/v2\/pages\/577"}],"collection":[{"href":"https:\/\/auto-coaching.fr\/index.php\/wp-json\/wp\/v2\/pages"}],"about":[{"href":"https:\/\/auto-coaching.fr\/index.php\/wp-json\/wp\/v2\/types\/page"}],"author":[{"embeddable":true,"href":"https:\/\/auto-coaching.fr\/index.php\/wp-json\/wp\/v2\/users\/1"}],"replies":[{"embeddable":true,"href":"https:\/\/auto-coaching.fr\/index.php\/wp-json\/wp\/v2\/comments?post=577"}],"version-history":[{"count":19,"href":"https:\/\/auto-coaching.fr\/index.php\/wp-json\/wp\/v2\/pages\/577\/revisions"}],"predecessor-version":[{"id":600,"href":"https:\/\/auto-coaching.fr\/index.php\/wp-json\/wp\/v2\/pages\/577\/revisions\/600"}],"wp:attachment":[{"href":"https:\/\/auto-coaching.fr\/index.php\/wp-json\/wp\/v2\/media?parent=577"}],"curies":[{"name":"wp","href":"https:\/\/api.w.org\/{rel}","templated":true}]}}