{"id":609,"date":"2013-05-07T17:33:32","date_gmt":"2013-05-07T15:33:32","guid":{"rendered":"http:\/\/www.auto-coaching.fr\/?page_id=609"},"modified":"2013-05-07T23:33:13","modified_gmt":"2013-05-07T21:33:13","slug":"le-secret-de-marie","status":"publish","type":"page","link":"https:\/\/auto-coaching.fr\/index.php\/le-secret-de-marie\/","title":{"rendered":"Le secret de Marie"},"content":{"rendered":"<p>Je vais vous livrer le secret de Marie. L&#8217;\u00e9nigme de ce matin qui contient un comportement que j&#8217;\u00e9rige en exemple. Marie m&#8217;a \u00e9crit :<\/p>\n<p>Je ne me suis pas arr\u00eat\u00e9e \u00e0 \u00e7a !<\/p>\n<p>Elle fait r\u00e9f\u00e9rence au terme FAN, qui ne lui correspond pas du tout, car elle l&#8217;associe au fanatisme. Et pourtant, elle s&#8217;est inscrite. Vous n&#8217;avez pas id\u00e9e du POUVOIR du paradigme :<\/p>\n<p>&#8211; Je ne m&#8217;arr\u00eate pas \u00e0 \u00e7a !<\/p>\n<p>En fait si, vous savez que c&#8217;est important, mais \u00e0 chaque fois que l&#8217;occasion de \u00abne pas vous arr\u00eater \u00e0 \u00e7a\u00bb se pr\u00e9sente, vous avez, comme moi et comme tout le monde, tendance \u00e0 oublier ce que vous savez : un peu comme une personne qui suit un r\u00e9gime amincissant, et qui oublie que boire de l&#8217;eau fait partie de son programme&#8230;<\/p>\n<p>Lorsque j&#8217;ai lanc\u00e9 la pub TIME-COACH aupr\u00e8s de 5 millions de personnes, environ 14.000 personnes se sont inscrites au fil des mois. Vous en faites partie.<\/p>\n<p>Comment expliquer qu&#8217;il y ait eu un taux d&#8217;inscriptions si faible ? C&#8217;est gratuit et sans engagement, la pub est s\u00e9rieuse et bien orthographi\u00e9e, VIRTUA existe depuis plus de 10 ans (15 ans aujourd&#8217;hui), le processus d&#8217;inscription est rapide, simple, gratuit et sans engagement&#8230; Que demande le peuple ?<\/p>\n<p>La confiance, me diront certains. OK, vous savez \u00e0 quel point cette valeur est importante pour moi aussi. Je ne vais pas vous contredire sur ce point. Mais j&#8217;ai re\u00e7u ce type d&#8217;objections :<\/p>\n<p><em>Ce que vous proposez a l&#8217;air s\u00e9rieux et votre pub est bien men\u00e9e. Mais pourquoi avez-vous appel\u00e9 votre offre TIME-COACH ? Vous contribuez \u00e0 l&#8217;anglicisation de notre belle langue ! Malgr\u00e9 mon envie, je ne cautionnerai pas votre action par mon inscription&#8230; A bon entendeur !<\/em><\/p>\n<p>J&#8217;ai re\u00e7u ce type de message des dizaines de fois ! Vu la quantit\u00e9 de publicit\u00e9s envoy\u00e9es, je peux multiplier au moins par 200, le nombre de personnes qui pensent la m\u00eame chose, mais qui ne l&#8217;ont pas exprim\u00e9. Si je m&#8217;en tenais \u00e0 ce t\u00e9moignage, le m\u00eame programme avec un nom franco-fran\u00e7ais aurait s\u00e9duit des milliers de personnes qui se sont arr\u00eat\u00e9es \u00e0 \u00c7A !<\/p>\n<p>Vous avez franchi ce cap. Peut-\u00eatre avez-vous eu du mal, et je le comprends. Mais vous l&#8217;avez fait&#8230; Bravo ! Finalement, le nom TIME-COACH op\u00e8re comme une porte ouverte ou ferm\u00e9e selon la perception de chacun. Comme la suite des \u00e9v\u00e8nements n\u00e9cessite une certaine ouverture d&#8217;esprit, les gens qui s&#8217;arr\u00eatent \u00e0 \u00e7a ont bien fait ! Vous imaginez leur d\u00e9sarroi en d\u00e9couvrant MEMORY-COACH ? Vous imaginez la somme des d\u00e9nis en d\u00e9couvrant ZEN-COACH ?<\/p>\n<p>Et le PWYW ? Ca les aurait achev\u00e9s ! Je ne suis pas l\u00e0 pour faire du mal aux gens. Ceux pour qui \u00ab\u00e7a sent mauvais\u00bb d\u00e8s le d\u00e9but ont eu raison de rebrousser chemin. Pour moi, pour vous et surtout pour eux.<\/p>\n<p>Comme vous pouvez le voir, il n&#8217;y a pas que la langue qui fait la diff\u00e9rence. Tous les mots peuvent poser un probl\u00e8me :<\/p>\n<ul>\n<li>Lorsqu&#8217;Ana\u00eblle a parl\u00e9 de <strong>croyances<\/strong> pour la premi\u00e8re fois, il y a eu des d\u00e9parts pour cause de religiosit\u00e9 !\n<li>Lorsqu&#8217;elle a expliqu\u00e9 le mot \u00ab<strong>recadrage<\/strong>\u00bb sous l&#8217;angle du coaching, certaines lecteurs lui ont demand\u00e9 de changer de ton : \u00abQui \u00eates-vous pour me recadrer ?\u00bb&#8230;\n<li>Et lorsque j&#8217;ai expliqu\u00e9 \u00e0 certains lecteurs qu&#8217;ils \u00e9taient dans \u00abl&#8217;incomp\u00e9tence inconsciente\u00bb, j&#8217;ai failli prendre un garde du corps (\u00e7a a l&#8217;air dr\u00f4le, mais \u00e7a ne l&#8217;est pas, c&#8217;est l&#8217;une des raisons pour lesquelles Ana\u00eblle a arr\u00eat\u00e9). <\/li>\n<\/ul>\n<p>Le jour o\u00f9 j&#8217;ai rendu hommage \u00e0 Steve JOBS, j&#8217;ai cru que j&#8217;allais fermer ! J&#8217;ai \u00e9t\u00e9 pirat\u00e9 ! Accus\u00e9 de spam, j&#8217;ai pass\u00e9 2 heures au commissariat pour expliquer mon activit\u00e9.<\/p>\n<p>Le PWYW, c&#8217;est petit \u00e0 c\u00f4t\u00e9&#8230; C&#8217;\u00e9tait un jeu ! Vous pensez peut-\u00eatre que j&#8217;ai \u00e9t\u00e9 but\u00e9, que j&#8217;ai mal dig\u00e9r\u00e9 l&#8217;\u00e9chec, que je suis devenu avide, pr\u00e9tentieux, que j&#8217;avais besoin de cash, que je suis all\u00e9 trop loin&#8230; Mais en r\u00e9alit\u00e9, tout ceci se r\u00e9sume \u00e0 un paradigme :<\/p>\n<p>Bien que j\u2019aie \u00e9t\u00e9 humili\u00e9 par le r\u00e9sultat, je ne me suis pas arr\u00eat\u00e9 \u00e0 \u00e7a !<\/p>\n<p>Quelques lecteurs m&#8217;ont \u00e9crit qu&#8217;ils attendaient une offre plus \u00e9toff\u00e9e pour s&#8217;inscrire \u00e0 MOTIVATION++. Un argumentaire commercial bien ficel\u00e9&#8230; Un plan costaud \u00e0 \u00e9tudier point par point.<\/p>\n<p>Pourquoi ? Je vais vous poser 3 questions, arr\u00eatez-vous apr\u00e8s chacune d&#8217;entre elles, et r\u00e9pondez par OUI ou par NON :<\/p>\n<ul>\n<li>Mes articles gratuits vous donnent-t-il souvent satisfaction ?\n<li>Depuis la date de votre inscription, ai-je \u00e9t\u00e9 plus g\u00e9n\u00e9reux et prolifique que la promesse de d\u00e9part ?\n<li>Est-il l\u00e9gitime de croire que le fait que vous soyez toujours l\u00e0 \u00e0 me lire, signifie que ce parcours vous r\u00e9ussit ? <\/li>\n<\/ul>\n<p>Que voulez-vous de plus ? Pourquoi voulez-vous que je vous pr\u00e9sente mon programme sur la MOTIVATION comme si je m&#8217;adressais \u00e0 des inconnus ? Si vous imprimez ce que vous avez re\u00e7u depuis le d\u00e9but de TIME-COACH, vous disposerez de 450 pages d&#8217;argumentaire ! Bonne lecture !<\/p>\n<p>Je pense que beaucoup, beaucoup trop de lecteurs ont d\u00e9cid\u00e9 de s&#8217;arr\u00eater \u00e0 \u00ab\u00e7a\u00bb ! C&#8217;est pour cette raison que Marie me fait tant plaisir. Elle a compris que pour avancer, il ne faut pas s&#8217;arr\u00eater !<\/p>\n<p>Le t\u00e9moignage de Marie est mon meilleur argument : elle s&#8217;est inscrite parce qu&#8217;\u00e0 chaque fois et \u00e0 des degr\u00e9s divers, je lui ai donn\u00e9 satisfaction. J&#8217;ai rempli ma mission&#8230;<\/p>\n<h4>Et vous, vous avez un \u00c7A ?<\/h4>\n<ul>\n<li>C&#8217;est peut-\u00eatre le mot FAN, comme le d\u00e9crit Marie\n<li>C&#8217;est peut-\u00eatre l&#8217;\u00e9pisode PWYW qui vous agac\u00e9\n<li>C&#8217;est peut-\u00eatre le fait que je parle souvent de valeurs morales, sources de nos choix et de nos actions quotidiennes, et que \u00e7a ne vous pla\u00eet pas, parce que la plupart des gens qui vous parlent de valeurs morales, sont des moralisateurs, et vous m&#8217;avez class\u00e9 dedans&#8230;\n<li>C&#8217;est peut-\u00eatre le fait que vous ayez pass\u00e9 des semaines, voire des mois, \u00e0 \u00e9toffer votre offre, votre identit\u00e9 visuelle, vos modalit\u00e9s&#8230; et que j&#8217;arrive, en vous disant simplement \u00abcoucou c&#8217;est moi, j&#8217;ai un nouveau produit : le nom MOTIVATION++ devrait suffire, inscrivez-vous !\u00bb. C&#8217;est insolent ! Ca ne se fait pas !\n<li>C&#8217;est peut-\u00eatre le fait que vous soyez graphiste, informaticien, \u00e9crivain&#8230; et que mes graphismes, mes processus informatique ou ma fa\u00e7on d&#8217;\u00e9crire&#8230; sont hors de votre zone de confort. <\/li>\n<\/ul>\n<p>Je vais vous dire quelque chose d&#8217;important : Le \u00c7A qui vous arr\u00eate aujourd&#8217;hui face \u00e0 ma proposition est tout petit, compar\u00e9 \u00e0 tous les \u00c7A qui vous arr\u00eatent \u00e0 chaque fois que vous devez prendre une d\u00e9cision pour AVANCER dans votre vie.<\/p>\n<p>Alors le voil\u00e0 mon argumentaire :<\/p>\n<p>Ne vous arr\u00eatez pas \u00e0 \u00e7a me concernant. Inscrivez-vous malgr\u00e9 \u00e7a, et je vous promets que je ferai tout ce qui est en mon pouvoir pour que les autres \u00c7A de votre vie ne vous freinent plus. Que vous puissiez avancer malgr\u00e9 \u00c7A !<\/p>\n<p>C&#8217;est le SENS du programme <a href=\"http:\/\/www.inscription-minute.fr\/solution.aspx?code=MA29IN07&amp;origine=secretMarie\" target=\"_blank\">MOTIVATION++<\/a><\/p>\n<p>A++<\/p>\n<p>St\u00e9phane SOLOMON<\/p>\n<!--themify_builder_content-->\n<div id=\"themify_builder_content-609\" data-postid=\"609\" class=\"themify_builder_content themify_builder_content-609 themify_builder tf_clear\">\n    <\/div>\n<!--\/themify_builder_content-->\n","protected":false},"excerpt":{"rendered":"<p>Je vais vous livrer le secret de Marie. L&#8217;\u00e9nigme de ce matin qui contient un comportement que j&#8217;\u00e9rige en exemple. Marie m&#8217;a \u00e9crit : Je ne me suis pas arr\u00eat\u00e9e \u00e0 \u00e7a ! Elle fait r\u00e9f\u00e9rence au terme FAN, qui ne lui correspond pas du tout, car elle l&#8217;associe au fanatisme. Et pourtant, elle s&#8217;est [&hellip;]<\/p>\n","protected":false},"author":1,"featured_media":0,"parent":0,"menu_order":0,"comment_status":"open","ping_status":"open","template":"","meta":[],"builder_content":"","_links":{"self":[{"href":"https:\/\/auto-coaching.fr\/index.php\/wp-json\/wp\/v2\/pages\/609"}],"collection":[{"href":"https:\/\/auto-coaching.fr\/index.php\/wp-json\/wp\/v2\/pages"}],"about":[{"href":"https:\/\/auto-coaching.fr\/index.php\/wp-json\/wp\/v2\/types\/page"}],"author":[{"embeddable":true,"href":"https:\/\/auto-coaching.fr\/index.php\/wp-json\/wp\/v2\/users\/1"}],"replies":[{"embeddable":true,"href":"https:\/\/auto-coaching.fr\/index.php\/wp-json\/wp\/v2\/comments?post=609"}],"version-history":[{"count":2,"href":"https:\/\/auto-coaching.fr\/index.php\/wp-json\/wp\/v2\/pages\/609\/revisions"}],"predecessor-version":[{"id":611,"href":"https:\/\/auto-coaching.fr\/index.php\/wp-json\/wp\/v2\/pages\/609\/revisions\/611"}],"wp:attachment":[{"href":"https:\/\/auto-coaching.fr\/index.php\/wp-json\/wp\/v2\/media?parent=609"}],"curies":[{"name":"wp","href":"https:\/\/api.w.org\/{rel}","templated":true}]}}