{"id":612,"date":"2013-05-10T13:50:35","date_gmt":"2013-05-10T11:50:35","guid":{"rendered":"http:\/\/www.auto-coaching.fr\/?page_id=612"},"modified":"2013-05-10T16:17:36","modified_gmt":"2013-05-10T14:17:36","slug":"suis-je-toujours-utile","status":"publish","type":"page","link":"https:\/\/auto-coaching.fr\/index.php\/suis-je-toujours-utile\/","title":{"rendered":"Suis-je toujours utile ?"},"content":{"rendered":"<p>Voil\u00e0 une dizaine de critiques que je re\u00e7ois concernant le fait que les articles de TIME-COACH ne sont plus aussi utiles qu&#8217;avant. Avant quoi ? Ce n&#8217;est pas pr\u00e9cis\u00e9. Auriez-vous une id\u00e9e ? J&#8217;ai quelques soup\u00e7ons. Mais avant d&#8217;y revenir j&#8217;aimerais vous pr\u00e9senter un cas d&#8217;\u00e9cole de Communication : <\/p>\n<h2>La fr\u00e9quence<\/h2>\n<p>Vous avez certainement d\u00e9j\u00e0 entendu, et peut-\u00eatre m\u00eame utilis\u00e9, l&#8217;expression \u00abnous n&#8217;\u00e9tions pas sur la m\u00eame longueur d&#8217;ondes\u00bb. Illustrons-la gr\u00e2ce \u00e0 un exemple :  <\/p>\n<p>Adam est p\u00e8re de famille. Il traverse une \u00e9preuve professionnelle difficile. Lui qui aspire \u00e0 \u00eatre tr\u00e8s pr\u00e9sent pour les siens, n&#8217;a pas pu participer aux activit\u00e9s familiales depuis 2 semaines parce qu&#8217;il a pris un retard consid\u00e9rable qui risque de porter un coup fatal \u00e0 sa petite entreprise. Il traverse ses journ\u00e9es de contrainte en contrainte&#8230; Ne voyant pas le bout du tunnel.  <\/p>\n<p>Apr\u00e8s le d\u00eener, il se remet tout de suite au travail. Et alors qu&#8217;il termine une analyse complexe sur son tableur, sa femme lui lance :  <\/p>\n<p>&#8211; Tu te souviens de la derni\u00e8re fois que tu as pr\u00e9par\u00e9 \u00e0 manger ?  <\/p>\n<p>Adam est boulevers\u00e9. Voil\u00e0 15 jours qu&#8217;il part aux aurores et qu&#8217;il rentre tard&#8230; Trop tard pour profiter de ses enfants. Trop tard pour faire quoi que ce soit avec ceux qu&#8217;il aime. Il craque ! Rien que ce matin, il a failli pleurer, parce qu&#8217;un client lui a demand\u00e9 d&#8217;ajouter une option \u00e0 son devis. Le reproche de sa femme est la goutte d&#8217;eau. Il lui r\u00e9pond :  <\/p>\n<p>&#8211; Oui ! Je m&#8217;en souviens ! Ne fais pas comme si c&#8217;\u00e9tait il y a une \u00e9ternit\u00e9, tu vois bien que je lutte jour et nuit pour nous sortir de la gal\u00e8re&#8230; Si tu vivais le dixi\u00e8me de ce que je traverse, tu serais d\u00e9j\u00e0 chez ta psy ! Je dors \u00e0 peine 5 heures par nuit depuis 10 jours ! Je suis \u00e9puis\u00e9 ! Je ne vois plus les enfants ! Je repousse toute proposition de loisirs d&#8217;o\u00f9 qu&#8217;elle vienne, et toi, au lieu de me soutenir, tu me reproches de ne plus t&#8217;aider ? Je me suis mis l\u00e0 pour sentir ta pr\u00e9sence, ton parfum, ta douceur&#8230; Mais si c&#8217;est pour \u00e9couter tes bl\u00e2mes, je pr\u00e9f\u00e8re \u00eatre seul !  <\/p>\n<p>Sur ces mots, en larmes, il prend son ordinateur portable, arrache la prise avec une violence qui ne lui ressemble pas, et va s&#8217;isoler dans son bureau, laissant sa femme m\u00e9dus\u00e9e.  <\/p>\n<p>Parce que sa petite femme (nous l&#8217;appellerons Eve) n&#8217;\u00e9mettait pas sur la \u00abfr\u00e9quence reproches\u00bb, mais sur la \u00abfr\u00e9quence Amour\u00bb. Si son mari avait \u00e9t\u00e9 sur la m\u00eame fr\u00e9quence, voici \u00e0 quoi aurait ressembl\u00e9 ce dialogue :  <\/p>\n<p>&#8211; Tu te souviens de la derni\u00e8re fois que tu as pr\u00e9par\u00e9 \u00e0 manger ?  <\/p>\n<p>&#8211; Oui, j&#8217;y pensais encore toute \u00e0 l&#8217;heure&#8230; Ca me manque !  <\/p>\n<p>&#8211; C&#8217;\u00e9tait d\u00e9licieux ! J&#8217;aimerais bien que tu me donnes ta recette  <\/p>\n<p>&#8211; La polenta aux courgettes ?  <\/p>\n<p>&#8211; Oui&#8230; Je vais la pr\u00e9parer pendant que tu termines ton dossier. Demain je prendrai une pause un peu plus longue pour te rejoindre au bureau. Nous pourrons d\u00e9jeuner ensemble, juste toi et moi. Chaque matin je te vois faire ton sandwich pour manger sur le pouce&#8230; J&#8217;aimerais t&#8217;aider du mieux que je peux. Nous allons traverser cette \u00e9preuve ensemble&#8230;  <\/p>\n<p>&#8212;&#8211;  <\/p>\n<h2>Un simple quiproquo ?<\/h2>\n<p>Ce n&#8217;est qu&#8217;un petit quiproquo n&#8217;est-ce pas ? Mais certains quiproquos qui devaient se terminer par des galipettes, finissent au tribunal, tout simplement parce que l&#8217;\u00e9metteur et le r\u00e9cepteur ne sont plus sur la m\u00eame fr\u00e9quence, temporairement. Vous pourriez me r\u00e9pondre qu&#8217;Eve s&#8217;exprime mal ! Qu&#8217;il y a une fa\u00e7on plus adroite d&#8217;entamer la conversation&#8230; Elle aurait pu dire directement :  <\/p>\n<p>&#8211; Mon Amour, peux-tu me donner la recette de ce d\u00e9licieux plat aux courgettes que tu nous as pr\u00e9par\u00e9s il y a 15 jours ?  <\/p>\n<p>C&#8217;est s\u00fbr ! Il y a toujours une meilleure fa\u00e7on de communiquer. Seulement voil\u00e0 : Eve n&#8217;a pas chang\u00e9 de mode de communication, et sa fa\u00e7on de s&#8217;exprimer n&#8217;a jamais pos\u00e9 de probl\u00e8mes \u00e0 son mari. Mieux encore : il y a de fortes chances qu&#8217;il aime sa fa\u00e7on candide d&#8217;entrer en mati\u00e8re, et que c&#8217;est ce qui les a mis en contact quelques ann\u00e9es auparavant&#8230;  <\/p>\n<p>C&#8217;est l&#8217;\u00e9tat mental d&#8217;Adam, associ\u00e9 au sujet de la discussion qui cr\u00e9e une distorsion dans un message qui, dans ce couple, n&#8217;a aucune raison de cr\u00e9er du stress, habituellement&#8230; Eve n&#8217;\u00e9tait pas malintentionn\u00e9e. Pour pouvoir entendre l&#8217;intention amoureuse qui se trouve dans sa question, Adam doit s&#8217;autoriser \u00e0 penser que sa femme est toujours amoureuse. <\/p>\n<h2>Revenons \u00e0 nos moutons<\/h2>\n<p>Pour que vous puissiez me trouver utile, autorisez-vous \u00e0 penser que j&#8217;\u00e9cris toujours par sentiment d&#8217;utilit\u00e9. <\/p>\n<p>J&#8217;\u00e9mets toujours sur la m\u00eame fr\u00e9quence. Je travaille et je peaufine mes articles des heures durant pour qu&#8217;ils soient accessibles. Si je communique plus librement qu&#8217;au d\u00e9but (humour, attitude d\u00e9complex\u00e9e, histoires personnelles, etc.), c&#8217;est parce que nous nous connaissons mieux. Mais l&#8217;Energie est la m\u00eame : chacun de mes articles est \u00e9crit dans un sentiment d&#8217;utilit\u00e9. <\/p>\n<h2>Retrouvez la bonne fr\u00e9quence :<\/h2>\n<p>Relisez ma <a href=\"http:\/\/www.auto-coaching.fr\/index.php\/nouveau-programme-motivation\/\" target=\"_blank\">premi\u00e8re \u00abpub\u00bb sur le programme MOTIVATION++<\/a>, et dites-moi si vous y trouvez quelque chose d&#8217;utile. Attention, je parle d&#8217;utilit\u00e9 dans votre gestion du temps : d&#8217;une astuce ou une technique qui se trouve \u00e0 l&#8217;int\u00e9rieur de ce court dialogue, dont vous pourriez vous inspirer pour l&#8217;appliquer dans votre quotidien, que ce soit au bureau ou \u00e0 la maison.  <\/p>\n<p>Idem pour les messages qui ont suivis : <\/p>\n<ul>\n<li><a href=\"http:\/\/www.auto-coaching.fr\/index.php\/breve-j-ai-la-peche\/\" target=\"_blank\">J\u2019ai la p\u00eache !<\/a><\/li>\n<li><a href=\"http:\/\/www.auto-coaching.fr\/index.php\/le-secret-de-marie\/\" target=\"_blank\">Le secret de Marie<\/a><\/li>\n<\/ul>\n<p>Votre nouvelle perception vous permet-elle d&#8217;accepter l&#8217;id\u00e9e qu&#8217;int\u00e9ress\u00e9 ou pas par le programme MOTIVATION++, inscrit ou pas, tout lecteur peut, s&#8217;il le souhaite vraiment, b\u00e9n\u00e9ficier de la lecture de ces articles qui contiennent bien plus que des arguments publicitaires ? <\/p>\n<p>J&#8217;attends vos nombreux commentaires, ainsi que de nombreuses inscriptions. Ca commence lundi ! <\/p>\n<p>&nbsp; <\/p>\n<p>A++  <\/p>\n<p><strong>St\u00e9phane SOLOMON<\/strong><\/p>\n<!--themify_builder_content-->\n<div id=\"themify_builder_content-612\" data-postid=\"612\" class=\"themify_builder_content themify_builder_content-612 themify_builder tf_clear\">\n    <\/div>\n<!--\/themify_builder_content-->\n","protected":false},"excerpt":{"rendered":"<p>Voil\u00e0 une dizaine de critiques que je re\u00e7ois concernant le fait que les articles de TIME-COACH ne sont plus aussi utiles qu&#8217;avant. Avant quoi ? Ce n&#8217;est pas pr\u00e9cis\u00e9. Auriez-vous une id\u00e9e ? J&#8217;ai quelques soup\u00e7ons. Mais avant d&#8217;y revenir j&#8217;aimerais vous pr\u00e9senter un cas d&#8217;\u00e9cole de Communication : La fr\u00e9quence Vous avez certainement d\u00e9j\u00e0 [&hellip;]<\/p>\n","protected":false},"author":1,"featured_media":0,"parent":0,"menu_order":0,"comment_status":"open","ping_status":"open","template":"","meta":[],"builder_content":"","_links":{"self":[{"href":"https:\/\/auto-coaching.fr\/index.php\/wp-json\/wp\/v2\/pages\/612"}],"collection":[{"href":"https:\/\/auto-coaching.fr\/index.php\/wp-json\/wp\/v2\/pages"}],"about":[{"href":"https:\/\/auto-coaching.fr\/index.php\/wp-json\/wp\/v2\/types\/page"}],"author":[{"embeddable":true,"href":"https:\/\/auto-coaching.fr\/index.php\/wp-json\/wp\/v2\/users\/1"}],"replies":[{"embeddable":true,"href":"https:\/\/auto-coaching.fr\/index.php\/wp-json\/wp\/v2\/comments?post=612"}],"version-history":[{"count":3,"href":"https:\/\/auto-coaching.fr\/index.php\/wp-json\/wp\/v2\/pages\/612\/revisions"}],"predecessor-version":[{"id":615,"href":"https:\/\/auto-coaching.fr\/index.php\/wp-json\/wp\/v2\/pages\/612\/revisions\/615"}],"wp:attachment":[{"href":"https:\/\/auto-coaching.fr\/index.php\/wp-json\/wp\/v2\/media?parent=612"}],"curies":[{"name":"wp","href":"https:\/\/api.w.org\/{rel}","templated":true}]}}